{"id":1466,"date":"2025-06-07T22:30:36","date_gmt":"2025-06-07T20:30:36","guid":{"rendered":"https:\/\/beevolutionx.com\/?post_type=product&#038;p=1466"},"modified":"2026-04-23T08:06:54","modified_gmt":"2026-04-23T06:06:54","slug":"warmereflektierende-folie-beevolutionx-37cm-pro-meter","status":"publish","type":"product","link":"https:\/\/beevolutionx.com\/de\/boutique\/film-thermo-reflecteur-rbc\/film-thermo-reflecteur-beevolutionx-37cm-au-metre\/","title":{"rendered":"BeevolutionX 37,5 cm Thermoreflektorfolie (pro Meter)"},"content":{"rendered":"<h2 data-start=\"276\" data-end=\"346\">\ud83d\udc1d W\u00e4rmereflektierende Folie BeevolutionX - Breite 37,5 cm (pro Meter)<\/h2>\n<p data-start=\"348\" data-end=\"836\">Die <strong data-start=\"351\" data-end=\"409\">BeevolutionX 37,5 cm Thermoreflektorfolie (pro Meter)<\/strong> erm\u00f6glicht <strong data-start=\"420\" data-end=\"481\">einfach Niedrigenergie-Bienenst\u00f6cke (RBC\u00ae) herstellen<\/strong> und die innere Isolierung Ihrer Bienenst\u00f6cke zu optimieren.<br data-start=\"531\" data-end=\"534\" \/>Mit einem <strong data-start=\"542\" data-end=\"593\">W\u00e4rmereflexionsverm\u00f6gen \u00fcber 85 %<\/strong>, Diese Folie leitet die W\u00e4rme an die Brut zur\u00fcck und verbessert die <strong data-start=\"653\" data-end=\"674\">W\u00e4rmekomfort<\/strong> der Kolonien.<br data-start=\"688\" data-end=\"691\" \/>D\u00fcnn, weich und stark bietet <strong data-start=\"727\" data-end=\"782\">effektive L\u00f6sung zur Begrenzung von Energieverlusten<\/strong> und die Vitalit\u00e4t der Bienen das ganze Jahr \u00fcber unterst\u00fctzen.<\/p>\n<hr data-start=\"838\" data-end=\"841\" \/>\n<h3 data-start=\"843\" data-end=\"907\">\u2699\ufe0f Eigenschaften der w\u00e4rmereflektierenden Folie BeevolutionX<\/h3>\n<ul data-start=\"909\" data-end=\"1155\">\n<li data-start=\"909\" data-end=\"934\">\n<p data-start=\"911\" data-end=\"934\"><strong data-start=\"911\" data-end=\"924\">Breite :<\/strong> 37,5 cm<\/p>\n<\/li>\n<li data-start=\"935\" data-end=\"968\">\n<p data-start=\"937\" data-end=\"968\"><strong data-start=\"937\" data-end=\"948\">Verkauft :<\/strong> pro laufendem Meter<\/p>\n<\/li>\n<li data-start=\"969\" data-end=\"1027\">\n<p data-start=\"971\" data-end=\"1027\"><strong data-start=\"971\" data-end=\"985\">Material :<\/strong> PE aluminisiert (Polyethylen + Aluminium)<\/p>\n<\/li>\n<li data-start=\"1028\" data-end=\"1070\">\n<p data-start=\"1030\" data-end=\"1070\"><strong data-start=\"1030\" data-end=\"1061\">W\u00e4rmereflektierendes Verm\u00f6gen :<\/strong> &gt; 85 %<\/p>\n<\/li>\n<li data-start=\"1071\" data-end=\"1105\">\n<p data-start=\"1073\" data-end=\"1105\"><strong data-start=\"1073\" data-end=\"1088\">Dicke :<\/strong> ca. 0,2 mm<\/p>\n<\/li>\n<li data-start=\"1106\" data-end=\"1155\">\n<p data-start=\"1108\" data-end=\"1155\"><strong data-start=\"1108\" data-end=\"1121\">Ausschnitt :<\/strong> einfach mit Cutter oder Schere<\/p>\n<\/li>\n<\/ul>\n<hr data-start=\"1157\" data-end=\"1160\" \/>\n<h3 data-start=\"1162\" data-end=\"1198\">\ud83d\udca1 Vorteile f\u00fcr den Imker<\/h3>\n<ul data-start=\"1200\" data-end=\"1591\">\n<li data-start=\"1200\" data-end=\"1293\">\n<p data-start=\"1202\" data-end=\"1293\"><strong data-start=\"1202\" data-end=\"1227\">Leistungsstarke Isolierung<\/strong> f\u00fcr Bienenst\u00f6cke <strong data-start=\"1244\" data-end=\"1253\">Warr\u00e9<\/strong>, <strong data-start=\"1255\" data-end=\"1268\">Bienenk\u00f6rbe<\/strong> oder <strong data-start=\"1272\" data-end=\"1291\">Kleinformate<\/strong><\/p>\n<\/li>\n<li data-start=\"1294\" data-end=\"1362\">\n<p data-start=\"1296\" data-end=\"1362\"><strong data-start=\"1296\" data-end=\"1324\">Praktisches Format als Meterware<\/strong> : passt sich Ihren Schneideanforderungen an<\/p>\n<\/li>\n<li data-start=\"1363\" data-end=\"1425\">\n<p data-start=\"1365\" data-end=\"1425\"><strong data-start=\"1365\" data-end=\"1385\">Hohe Flexibilit\u00e4t<\/strong> : einfach zu handhaben und zu positionieren<\/p>\n<\/li>\n<li data-start=\"1426\" data-end=\"1504\">\n<p data-start=\"1428\" data-end=\"1504\"><strong data-start=\"1428\" data-end=\"1449\">Hohe Widerstandsf\u00e4higkeit<\/strong> zu den Schl\u00e4gen der Rahmenheber, zu Propolis und Wachs<\/p>\n<\/li>\n<li data-start=\"1505\" data-end=\"1591\">\n<p data-start=\"1507\" data-end=\"1591\"><strong data-start=\"1507\" data-end=\"1525\">D\u00fcnne Dicke<\/strong> : st\u00f6rt die Bienen nicht und bewahrt die nat\u00fcrliche Bel\u00fcftung<\/p>\n<\/li>\n<\/ul>\n<hr data-start=\"1593\" data-end=\"1596\" \/>\n<h3 data-start=\"1598\" data-end=\"1629\">\ud83e\udded Empfohlene Verwendung<\/h3>\n<p data-start=\"1631\" data-end=\"1981\">Schneiden Sie die gew\u00fcnschte L\u00e4nge des <strong data-start=\"1665\" data-end=\"1712\">BeevolutionX-Thermo-Reflexionsfolie 37,5 cm<\/strong> nach Ihren Bed\u00fcrfnissen.<br data-start=\"1731\" data-end=\"1734\" \/>Verwenden Sie es, um <strong data-start=\"1761\" data-end=\"1773\">Schals<\/strong>, Die <strong data-start=\"1779\" data-end=\"1803\">isolierende Partitionen<\/strong> oder der <strong data-start=\"1811\" data-end=\"1846\">interne W\u00e4rmeschutzma\u00dfnahmen<\/strong>.<br data-start=\"1847\" data-end=\"1850\" \/>F\u00fcr eine optimale Wirkung kombinieren Sie es mit anderen Elementen <strong data-start=\"1908\" data-end=\"1928\">RBC BeevolutionX<\/strong> : <strong data-start=\"1931\" data-end=\"1943\">Taschentuch<\/strong>, <strong data-start=\"1945\" data-end=\"1955\">PIHPgm<\/strong> oder <strong data-start=\"1959\" data-end=\"1978\">Isolierkissen<\/strong>.<\/p>\n<hr data-start=\"1983\" data-end=\"1986\" \/>\n<h3 data-start=\"1988\" data-end=\"2038\">\ud83d\udc1d Eine nachhaltige und sichere BeevolutionX-L\u00f6sung<\/h3>\n<p data-start=\"2040\" data-end=\"2375\">Die <strong data-start=\"2043\" data-end=\"2090\">BeevolutionX-Thermo-Reflexionsfolie 37,5 cm<\/strong> ist eine <strong data-start=\"2099\" data-end=\"2138\">professionelle und nachhaltige L\u00f6sung<\/strong>, zertifiziert f\u00fcr das <strong data-start=\"2158\" data-end=\"2181\">Lebensmittelkontakt<\/strong> und f\u00fcr die Anforderungen der modernen Imkerei konzipiert.<br data-start=\"2235\" data-end=\"2238\" \/>Er garantiert eine <strong data-start=\"2254\" data-end=\"2276\">gleichm\u00e4\u00dfige Isolierung<\/strong> und eine <strong data-start=\"2284\" data-end=\"2320\">bessere Energieeffizienz<\/strong>, Die Bienen und die Umwelt werden respektiert.<\/p>\n<p data-start=\"2377\" data-end=\"2551\">\ud83d\udcc4 <a class=\"decorated-link\" href=\"https:\/\/beevolutionx.com\/wp-content\/uploads\/2025\/10\/Declaration_Conformite_Alimentaire_BeevolutionX-1.pdf\" target=\"_new\" rel=\"noopener\" data-start=\"2380\" data-end=\"2549\"><strong data-start=\"2381\" data-end=\"2441\">BeevolutionX-Lebensmittelzertifikat herunterladen (PDF)<\/strong><\/a><\/p>\n<h3 data-start=\"391\" data-end=\"448\">\ud83d\uded1 <strong data-start=\"398\" data-end=\"446\">Hinweis zur Benutzung mit Behandlungen<\/strong><\/h3>\n<blockquote data-start=\"450\" data-end=\"854\">\n<p data-start=\"452\" data-end=\"707\">\u26a0\ufe0f <strong data-start=\"455\" data-end=\"470\">Achtung:<\/strong> bei der Anwendung der Behandlung <strong data-start=\"506\" data-end=\"520\">Formic Pro<\/strong>, <strong data-start=\"522\" data-end=\"593\">entfernen Sie unbedingt die thermoreflektierenden Elemente BeevolutionX<\/strong> Filme, Cousins, Schals, PIHPgm\u2026.<br data-start=\"631\" data-end=\"634\" \/>Ameisens\u00e4ured\u00e4mpfe k\u00f6nnen aluminisierte Folien besch\u00e4digen.<\/p>\n<p data-start=\"714\" data-end=\"854\">\u2705 <strong data-start=\"716\" data-end=\"732\">Kein Risiko<\/strong> mit Behandlungen <strong data-start=\"754\" data-end=\"766\">Varomed<\/strong> oder <strong data-start=\"770\" data-end=\"792\">mit Oxals\u00e4ure<\/strong>, vorausgesetzt <strong data-start=\"809\" data-end=\"851\">Anwendungsprotokolle befolgen<\/strong><\/p>\n<\/blockquote>","protected":false},"excerpt":{"rendered":"<p data-pm-slice=\"1 1 []\">37,5 cm breite w\u00e4rmereflektierende Folie. Ideal f\u00fcr Bienenst\u00f6cke und Warr\u00e9. Leicht, widerstandsf\u00e4hig, reflektierende Wirkung.<\/p>\n<p class=\"reapprovisionnement\">","protected":false},"featured_media":68,"template":"","meta":{"_et_pb_use_builder":"","_et_pb_old_content":"","_et_gb_content_width":""},"product_brand":[32],"product_cat":[20],"product_tag":[],"class_list":{"0":"post-1466","1":"product","2":"type-product","3":"status-publish","4":"has-post-thumbnail","6":"product_brand-beevolutionx","7":"product_cat-film-thermo-reflecteur-rbc","9":"first","10":"instock","11":"taxable","12":"shipping-taxable","13":"purchasable","14":"product-type-simple"},"yoast_head":"<!-- This site is optimized with the Yoast SEO plugin v27.5 - https:\/\/yoast.com\/product\/yoast-seo-wordpress\/ -->\n<title>Film thermo-r\u00e9flecteur BeevolutionX 37,5 cm (au m\u00e8tre) - BeevolutionX<\/title>\n<meta name=\"description\" content=\"Film thermo-r\u00e9flecteur BeevolutionX 37,5 cm au m\u00e8tre. Isolation fine et durable pour ruches Warr\u00e9 et ruchettes. Haute efficacit\u00e9 thermique.\" \/>\n<meta name=\"robots\" content=\"index, follow, max-snippet:-1, max-image-preview:large, max-video-preview:-1\" \/>\n<link rel=\"canonical\" href=\"https:\/\/beevolutionx.com\/de\/shop\/thermo-reflexionsfolie-rbc\/warmereflektierende-folie-beevolutionx-37cm-pro-meter\/\" \/>\n<meta property=\"og:locale\" content=\"de_DE\" \/>\n<meta property=\"og:type\" content=\"article\" \/>\n<meta property=\"og:title\" content=\"Film thermo-r\u00e9flecteur BeevolutionX 37,5 cm (au m\u00e8tre) - BeevolutionX\" \/>\n<meta property=\"og:description\" content=\"Film thermo-r\u00e9flecteur BeevolutionX 37,5 cm au m\u00e8tre. Isolation fine et durable pour ruches Warr\u00e9 et ruchettes. Haute efficacit\u00e9 thermique.\" \/>\n<meta property=\"og:url\" content=\"https:\/\/beevolutionx.com\/de\/shop\/thermo-reflexionsfolie-rbc\/warmereflektierende-folie-beevolutionx-37cm-pro-meter\/\" \/>\n<meta property=\"og:site_name\" content=\"BeevolutionX\" \/>\n<meta property=\"article:publisher\" content=\"https:\/\/www.facebook.com\/profile.php?id=61556152756378\" \/>\n<meta property=\"article:modified_time\" content=\"2026-04-23T06:06:54+00:00\" \/>\n<meta property=\"og:image\" content=\"https:\/\/beevolutionx.com\/wp-content\/uploads\/2025\/01\/film-beevolutionx-modif.jpg\" \/>\n\t<meta property=\"og:image:width\" content=\"1427\" \/>\n\t<meta property=\"og:image:height\" content=\"887\" \/>\n\t<meta property=\"og:image:type\" content=\"image\/jpeg\" \/>\n<meta name=\"twitter:card\" content=\"summary_large_image\" \/>\n<meta name=\"twitter:label1\" content=\"Gesch\u00e4tzte Lesezeit\" \/>\n\t<meta name=\"twitter:data1\" content=\"2\u00a0Minuten\" \/>\n<script type=\"application\/ld+json\" class=\"yoast-schema-graph\">{\"@context\":\"https:\\\/\\\/schema.org\",\"@graph\":[{\"@type\":\"WebPage\",\"@id\":\"https:\\\/\\\/beevolutionx.com\\\/boutique\\\/film-thermo-reflecteur-rbc\\\/film-thermo-reflecteur-beevolutionx-37cm-au-metre\\\/\",\"url\":\"https:\\\/\\\/beevolutionx.com\\\/boutique\\\/film-thermo-reflecteur-rbc\\\/film-thermo-reflecteur-beevolutionx-37cm-au-metre\\\/\",\"name\":\"Film thermo-r\u00e9flecteur BeevolutionX 37,5 cm (au m\u00e8tre) - BeevolutionX\",\"isPartOf\":{\"@id\":\"https:\\\/\\\/beevolutionx.com\\\/#website\"},\"primaryImageOfPage\":{\"@id\":\"https:\\\/\\\/beevolutionx.com\\\/boutique\\\/film-thermo-reflecteur-rbc\\\/film-thermo-reflecteur-beevolutionx-37cm-au-metre\\\/#primaryimage\"},\"image\":{\"@id\":\"https:\\\/\\\/beevolutionx.com\\\/boutique\\\/film-thermo-reflecteur-rbc\\\/film-thermo-reflecteur-beevolutionx-37cm-au-metre\\\/#primaryimage\"},\"thumbnailUrl\":\"https:\\\/\\\/i0.wp.com\\\/beevolutionx.com\\\/wp-content\\\/uploads\\\/2025\\\/01\\\/film-beevolutionx-modif.jpg?fit=1427%2C887&ssl=1\",\"datePublished\":\"2025-06-07T20:30:36+00:00\",\"dateModified\":\"2026-04-23T06:06:54+00:00\",\"description\":\"Film thermo-r\u00e9flecteur BeevolutionX 37,5 cm au m\u00e8tre. Isolation fine et durable pour ruches Warr\u00e9 et ruchettes. Haute efficacit\u00e9 thermique.\",\"breadcrumb\":{\"@id\":\"https:\\\/\\\/beevolutionx.com\\\/boutique\\\/film-thermo-reflecteur-rbc\\\/film-thermo-reflecteur-beevolutionx-37cm-au-metre\\\/#breadcrumb\"},\"inLanguage\":\"de\",\"potentialAction\":[{\"@type\":\"ReadAction\",\"target\":[\"https:\\\/\\\/beevolutionx.com\\\/boutique\\\/film-thermo-reflecteur-rbc\\\/film-thermo-reflecteur-beevolutionx-37cm-au-metre\\\/\"]}]},{\"@type\":\"ImageObject\",\"inLanguage\":\"de\",\"@id\":\"https:\\\/\\\/beevolutionx.com\\\/boutique\\\/film-thermo-reflecteur-rbc\\\/film-thermo-reflecteur-beevolutionx-37cm-au-metre\\\/#primaryimage\",\"url\":\"https:\\\/\\\/i0.wp.com\\\/beevolutionx.com\\\/wp-content\\\/uploads\\\/2025\\\/01\\\/film-beevolutionx-modif.jpg?fit=1427%2C887&ssl=1\",\"contentUrl\":\"https:\\\/\\\/i0.wp.com\\\/beevolutionx.com\\\/wp-content\\\/uploads\\\/2025\\\/01\\\/film-beevolutionx-modif.jpg?fit=1427%2C887&ssl=1\",\"width\":1427,\"height\":887,\"caption\":\"Film thermo-r\u00e9flecteur pour ruche basse consommation BeevolutionX\"},{\"@type\":\"BreadcrumbList\",\"@id\":\"https:\\\/\\\/beevolutionx.com\\\/boutique\\\/film-thermo-reflecteur-rbc\\\/film-thermo-reflecteur-beevolutionx-37cm-au-metre\\\/#breadcrumb\",\"itemListElement\":[{\"@type\":\"ListItem\",\"position\":1,\"name\":\"Accueil\",\"item\":\"https:\\\/\\\/beevolutionx.com\\\/\"},{\"@type\":\"ListItem\",\"position\":2,\"name\":\"Boutique\",\"item\":\"https:\\\/\\\/beevolutionx.com\\\/boutique\\\/\"},{\"@type\":\"ListItem\",\"position\":3,\"name\":\"Film thermo-r\u00e9flecteur BeevolutionX 37,5 cm (au m\u00e8tre)\"}]},{\"@type\":\"WebSite\",\"@id\":\"https:\\\/\\\/beevolutionx.com\\\/#website\",\"url\":\"https:\\\/\\\/beevolutionx.com\\\/\",\"name\":\"BeevolutionX\",\"description\":\"Le site officiel de la Ruche Basse Consommation\u00ae (RBC\u00ae)\",\"publisher\":{\"@id\":\"https:\\\/\\\/beevolutionx.com\\\/#organization\"},\"potentialAction\":[{\"@type\":\"SearchAction\",\"target\":{\"@type\":\"EntryPoint\",\"urlTemplate\":\"https:\\\/\\\/beevolutionx.com\\\/?s={search_term_string}\"},\"query-input\":{\"@type\":\"PropertyValueSpecification\",\"valueRequired\":true,\"valueName\":\"search_term_string\"}}],\"inLanguage\":\"de\"},{\"@type\":\"Organization\",\"@id\":\"https:\\\/\\\/beevolutionx.com\\\/#organization\",\"name\":\"BeevolutionX\",\"url\":\"https:\\\/\\\/beevolutionx.com\\\/\",\"logo\":{\"@type\":\"ImageObject\",\"inLanguage\":\"de\",\"@id\":\"https:\\\/\\\/beevolutionx.com\\\/#\\\/schema\\\/logo\\\/image\\\/\",\"url\":\"https:\\\/\\\/beevolutionx.com\\\/wp-content\\\/uploads\\\/2025\\\/01\\\/BEEVOLUTION-X-LOGO-FINAL-tech-bleu.png\",\"contentUrl\":\"https:\\\/\\\/beevolutionx.com\\\/wp-content\\\/uploads\\\/2025\\\/01\\\/BEEVOLUTION-X-LOGO-FINAL-tech-bleu.png\",\"width\":1114,\"height\":1080,\"caption\":\"BeevolutionX\"},\"image\":{\"@id\":\"https:\\\/\\\/beevolutionx.com\\\/#\\\/schema\\\/logo\\\/image\\\/\"},\"sameAs\":[\"https:\\\/\\\/www.facebook.com\\\/profile.php?id=61556152756378\",\"https:\\\/\\\/www.youtube.com\\\/results?search_query=beevolutionx\",\"https:\\\/\\\/www.instagram.com\\\/beevolutionx\\\/\",\"https:\\\/\\\/www.tiktok.com\\\/@beevolutionx\"]}]}<\/script>\n<!-- \/ Yoast SEO plugin. -->","yoast_head_json":{"title":"BeevolutionX 37,5 cm Thermoreflektorfolie (Meterware) - BeevolutionX","description":"BeevolutionX 37,5 cm w\u00e4rmereflektierende Folie pro Meter. D\u00fcnne, dauerhafte Isolierung f\u00fcr Warr\u00e9-Bienenst\u00f6cke und Bienenst\u00f6cke. Hohe thermische Effizienz.","robots":{"index":"index","follow":"follow","max-snippet":"max-snippet:-1","max-image-preview":"max-image-preview:large","max-video-preview":"max-video-preview:-1"},"canonical":"https:\/\/beevolutionx.com\/de\/shop\/thermo-reflexionsfolie-rbc\/warmereflektierende-folie-beevolutionx-37cm-pro-meter\/","og_locale":"de_DE","og_type":"article","og_title":"Film thermo-r\u00e9flecteur BeevolutionX 37,5 cm (au m\u00e8tre) - BeevolutionX","og_description":"Film thermo-r\u00e9flecteur BeevolutionX 37,5 cm au m\u00e8tre. Isolation fine et durable pour ruches Warr\u00e9 et ruchettes. Haute efficacit\u00e9 thermique.","og_url":"https:\/\/beevolutionx.com\/de\/shop\/thermo-reflexionsfolie-rbc\/warmereflektierende-folie-beevolutionx-37cm-pro-meter\/","og_site_name":"BeevolutionX","article_publisher":"https:\/\/www.facebook.com\/profile.php?id=61556152756378","article_modified_time":"2026-04-23T06:06:54+00:00","og_image":[{"width":1427,"height":887,"url":"https:\/\/beevolutionx.com\/wp-content\/uploads\/2025\/01\/film-beevolutionx-modif.jpg","type":"image\/jpeg"}],"twitter_card":"summary_large_image","twitter_misc":{"Gesch\u00e4tzte Lesezeit":"2\u00a0Minuten"},"schema":{"@context":"https:\/\/schema.org","@graph":[{"@type":"WebPage","@id":"https:\/\/beevolutionx.com\/boutique\/film-thermo-reflecteur-rbc\/film-thermo-reflecteur-beevolutionx-37cm-au-metre\/","url":"https:\/\/beevolutionx.com\/boutique\/film-thermo-reflecteur-rbc\/film-thermo-reflecteur-beevolutionx-37cm-au-metre\/","name":"BeevolutionX 37,5 cm Thermoreflektorfolie (Meterware) - BeevolutionX","isPartOf":{"@id":"https:\/\/beevolutionx.com\/#website"},"primaryImageOfPage":{"@id":"https:\/\/beevolutionx.com\/boutique\/film-thermo-reflecteur-rbc\/film-thermo-reflecteur-beevolutionx-37cm-au-metre\/#primaryimage"},"image":{"@id":"https:\/\/beevolutionx.com\/boutique\/film-thermo-reflecteur-rbc\/film-thermo-reflecteur-beevolutionx-37cm-au-metre\/#primaryimage"},"thumbnailUrl":"https:\/\/i0.wp.com\/beevolutionx.com\/wp-content\/uploads\/2025\/01\/film-beevolutionx-modif.jpg?fit=1427%2C887&ssl=1","datePublished":"2025-06-07T20:30:36+00:00","dateModified":"2026-04-23T06:06:54+00:00","description":"BeevolutionX 37,5 cm w\u00e4rmereflektierende Folie pro Meter. D\u00fcnne, dauerhafte Isolierung f\u00fcr Warr\u00e9-Bienenst\u00f6cke und Bienenst\u00f6cke. Hohe thermische Effizienz.","breadcrumb":{"@id":"https:\/\/beevolutionx.com\/boutique\/film-thermo-reflecteur-rbc\/film-thermo-reflecteur-beevolutionx-37cm-au-metre\/#breadcrumb"},"inLanguage":"de","potentialAction":[{"@type":"ReadAction","target":["https:\/\/beevolutionx.com\/boutique\/film-thermo-reflecteur-rbc\/film-thermo-reflecteur-beevolutionx-37cm-au-metre\/"]}]},{"@type":"ImageObject","inLanguage":"de","@id":"https:\/\/beevolutionx.com\/boutique\/film-thermo-reflecteur-rbc\/film-thermo-reflecteur-beevolutionx-37cm-au-metre\/#primaryimage","url":"https:\/\/i0.wp.com\/beevolutionx.com\/wp-content\/uploads\/2025\/01\/film-beevolutionx-modif.jpg?fit=1427%2C887&ssl=1","contentUrl":"https:\/\/i0.wp.com\/beevolutionx.com\/wp-content\/uploads\/2025\/01\/film-beevolutionx-modif.jpg?fit=1427%2C887&ssl=1","width":1427,"height":887,"caption":"Film thermo-r\u00e9flecteur pour ruche basse consommation BeevolutionX"},{"@type":"BreadcrumbList","@id":"https:\/\/beevolutionx.com\/boutique\/film-thermo-reflecteur-rbc\/film-thermo-reflecteur-beevolutionx-37cm-au-metre\/#breadcrumb","itemListElement":[{"@type":"ListItem","position":1,"name":"Accueil","item":"https:\/\/beevolutionx.com\/"},{"@type":"ListItem","position":2,"name":"Boutique","item":"https:\/\/beevolutionx.com\/boutique\/"},{"@type":"ListItem","position":3,"name":"Film thermo-r\u00e9flecteur BeevolutionX 37,5 cm (au m\u00e8tre)"}]},{"@type":"WebSite","@id":"https:\/\/beevolutionx.com\/#website","url":"https:\/\/beevolutionx.com\/","name":"BeevolutionX","description":"Die offizielle Website von Ruche Basse Consommation\u00ae (RBC\u00ae)","publisher":{"@id":"https:\/\/beevolutionx.com\/#organization"},"potentialAction":[{"@type":"SearchAction","target":{"@type":"EntryPoint","urlTemplate":"https:\/\/beevolutionx.com\/?s={search_term_string}"},"query-input":{"@type":"PropertyValueSpecification","valueRequired":true,"valueName":"search_term_string"}}],"inLanguage":"de"},{"@type":"Organization","@id":"https:\/\/beevolutionx.com\/#organization","name":"BeevolutionX","url":"https:\/\/beevolutionx.com\/","logo":{"@type":"ImageObject","inLanguage":"de","@id":"https:\/\/beevolutionx.com\/#\/schema\/logo\/image\/","url":"https:\/\/beevolutionx.com\/wp-content\/uploads\/2025\/01\/BEEVOLUTION-X-LOGO-FINAL-tech-bleu.png","contentUrl":"https:\/\/beevolutionx.com\/wp-content\/uploads\/2025\/01\/BEEVOLUTION-X-LOGO-FINAL-tech-bleu.png","width":1114,"height":1080,"caption":"BeevolutionX"},"image":{"@id":"https:\/\/beevolutionx.com\/#\/schema\/logo\/image\/"},"sameAs":["https:\/\/www.facebook.com\/profile.php?id=61556152756378","https:\/\/www.youtube.com\/results?search_query=beevolutionx","https:\/\/www.instagram.com\/beevolutionx\/","https:\/\/www.tiktok.com\/@beevolutionx"]}]}},"jetpack_sharing_enabled":true,"_links":{"self":[{"href":"https:\/\/beevolutionx.com\/de\/wp-json\/wp\/v2\/product\/1466","targetHints":{"allow":["GET"]}}],"collection":[{"href":"https:\/\/beevolutionx.com\/de\/wp-json\/wp\/v2\/product"}],"about":[{"href":"https:\/\/beevolutionx.com\/de\/wp-json\/wp\/v2\/types\/product"}],"wp:featuredmedia":[{"embeddable":true,"href":"https:\/\/beevolutionx.com\/de\/wp-json\/wp\/v2\/media\/68"}],"wp:attachment":[{"href":"https:\/\/beevolutionx.com\/de\/wp-json\/wp\/v2\/media?parent=1466"}],"wp:term":[{"taxonomy":"product_brand","embeddable":true,"href":"https:\/\/beevolutionx.com\/de\/wp-json\/wp\/v2\/product_brand?post=1466"},{"taxonomy":"product_cat","embeddable":true,"href":"https:\/\/beevolutionx.com\/de\/wp-json\/wp\/v2\/product_cat?post=1466"},{"taxonomy":"product_tag","embeddable":true,"href":"https:\/\/beevolutionx.com\/de\/wp-json\/wp\/v2\/product_tag?post=1466"}],"curies":[{"name":"wp","href":"https:\/\/api.w.org\/{rel}","templated":true}]}}