{"id":1990,"date":"2025-11-13T19:48:34","date_gmt":"2025-11-13T18:48:34","guid":{"rendered":"https:\/\/beevolutionx.com\/?post_type=product&#038;p=1990"},"modified":"2026-04-24T08:30:54","modified_gmt":"2026-04-24T06:30:54","slug":"carres-liege-ruche-rbc","status":"publish","type":"product","link":"https:\/\/beevolutionx.com\/de\/boutique\/isolation-rbc\/carres-liege-ruche-rbc\/","title":{"rendered":"Waben-Korkplatten RBC\u00ae \u2013 Platte mit 120 Abstandshaltern"},"content":{"rendered":"<h2 data-start=\"527\" data-end=\"600\">\ud83d\udc1d Carr\u00e9s de li\u00e8ge ruche RBC\u00ae \u2013 Plaque de 120 entretoises d\u2019a\u00e9ration<\/h2>\n<p data-start=\"602\" data-end=\"943\">Les <strong data-start=\"606\" data-end=\"636\">carr\u00e9s de li\u00e8ge ruche RBC\u00ae<\/strong> sont sp\u00e9cialement con\u00e7us pour cr\u00e9er une <strong data-start=\"677\" data-end=\"701\">lame d\u2019air laminaire<\/strong> entre la chaussure et le plancher de la ruche.<br data-start=\"748\" data-end=\"751\" \/>Cet \u00e9l\u00e9ment discret mais essentiel du syst\u00e8me <strong data-start=\"797\" data-end=\"832\">Niedrigenergie-Bienenstock (RBC\u00ae)<\/strong> favorise une <strong data-start=\"846\" data-end=\"868\">a\u00e9ration naturelle<\/strong> tout en maintenant la stabilit\u00e9 et la performance thermique de la ruche.<\/p>\n<p data-start=\"945\" data-end=\"1188\">Chaque plaque contient <strong data-start=\"968\" data-end=\"1007\">100 carr\u00e9s de li\u00e8ge expans\u00e9 naturel<\/strong>. Utilis\u00e9s \u00e0 raison de <strong data-start=\"1030\" data-end=\"1074\">six carr\u00e9s de li\u00e8ge ruche RBC\u00ae par ruche<\/strong>, ils permettent d\u2019obtenir un flux d\u2019air doux et r\u00e9gulier, id\u00e9al pour les ruches \u00e9quip\u00e9es de chaussures isol\u00e9es.<\/p>\n<p data-start=\"1190\" data-end=\"1395\">Le li\u00e8ge, mat\u00e9riau noble et \u00e9cologique, offre l\u00e9g\u00e8ret\u00e9, souplesse et r\u00e9sistance \u00e0 la compression.<br data-start=\"1287\" data-end=\"1290\" \/>Ces entretoises assurent une base stable et r\u00e9duisent les vibrations, notamment lors des transhumances.<\/p>\n<hr data-start=\"1397\" data-end=\"1400\" \/>\n<h3 data-start=\"1402\" data-end=\"1438\">\u2699\ufe0f Caract\u00e9ristiques techniques<\/h3>\n<ul data-start=\"1440\" data-end=\"1744\">\n<li data-start=\"1440\" data-end=\"1486\">\n<p data-start=\"1442\" data-end=\"1486\"><strong data-start=\"1442\" data-end=\"1469\">Dimensions d\u2019un carr\u00e9 :<\/strong> 20 \u00d7 20 \u00d7 3 mm<\/p>\n<\/li>\n<li data-start=\"1487\" data-end=\"1545\">\n<p data-start=\"1489\" data-end=\"1545\"><strong data-start=\"1489\" data-end=\"1510\">Verpackung :<\/strong> plaque de 120 carr\u00e9s pr\u00e9d\u00e9coup\u00e9s<\/p>\n<\/li>\n<li data-start=\"1546\" data-end=\"1586\">\n<p data-start=\"1548\" data-end=\"1586\"><strong data-start=\"1548\" data-end=\"1565\">Verwendung :<\/strong> 6 carr\u00e9s par ruche<\/p>\n<\/li>\n<li data-start=\"1587\" data-end=\"1627\">\n<p data-start=\"1589\" data-end=\"1627\"><strong data-start=\"1589\" data-end=\"1603\">Material :<\/strong> li\u00e8ge expans\u00e9 naturel<\/p>\n<\/li>\n<li data-start=\"1628\" data-end=\"1686\">\n<p data-start=\"1630\" data-end=\"1686\"><strong data-start=\"1630\" data-end=\"1650\">Positionierung<\/strong> entre la chaussure et le plancher<\/p>\n<\/li>\n<li data-start=\"1687\" data-end=\"1744\">\n<p data-start=\"1689\" data-end=\"1744\"><strong data-start=\"1689\" data-end=\"1708\">Kompatibilit\u00e4t<\/strong> toutes les ruches du syst\u00e8me RBC\u00ae<\/p>\n<\/li>\n<\/ul>\n<hr data-start=\"1746\" data-end=\"1749\" \/>\n<h3 data-start=\"1751\" data-end=\"1800\">\ud83d\udca1 Avantages des carr\u00e9s de li\u00e8ge ruche RBC\u00ae<\/h3>\n<ul data-start=\"1802\" data-end=\"2146\">\n<li data-start=\"1802\" data-end=\"1866\">\n<p data-start=\"1804\" data-end=\"1866\">Cr\u00e9ent une <strong data-start=\"1815\" data-end=\"1846\">lame d\u2019air laminaire stable<\/strong> sous la chaussure<\/p>\n<\/li>\n<li data-start=\"1867\" data-end=\"1915\">\n<p data-start=\"1869\" data-end=\"1915\">Favorisent <strong data-start=\"1880\" data-end=\"1913\">l\u2019\u00e9vacuation naturelle du CO\u2082<\/strong><\/p>\n<\/li>\n<li data-start=\"1916\" data-end=\"1983\">\n<p data-start=\"1918\" data-end=\"1983\">Maintiennent un <strong data-start=\"1934\" data-end=\"1981\">flux d\u2019air constant sans refroidir la ruche<\/strong><\/p>\n<\/li>\n<li data-start=\"1984\" data-end=\"2055\">\n<p data-start=\"1986\" data-end=\"2055\">Absorbent les <strong data-start=\"2000\" data-end=\"2027\">vibrations et les chocs<\/strong> pendant les transhumances<\/p>\n<\/li>\n<li data-start=\"2056\" data-end=\"2103\">\n<p data-start=\"2058\" data-end=\"2103\">Material <strong data-start=\"2067\" data-end=\"2101\">naturel, recyclable et durable<\/strong><\/p>\n<\/li>\n<li data-start=\"2104\" data-end=\"2146\">\n<p data-start=\"2106\" data-end=\"2146\">Pose <strong data-start=\"2111\" data-end=\"2132\">rapide et pr\u00e9cise<\/strong>, sans outil<\/p>\n<\/li>\n<\/ul>\n<hr data-start=\"2148\" data-end=\"2151\" \/>\n<h3 data-start=\"2153\" data-end=\"2173\">\ud83e\udded Nutzung<\/h3>\n<p data-start=\"2175\" data-end=\"2396\">Stellen Sie <strong data-start=\"2182\" data-end=\"2205\">six carr\u00e9s de li\u00e8ge<\/strong> sous la chaussure : quatre aux coins et deux au centre des c\u00f4t\u00e9s longs.<br data-start=\"2277\" data-end=\"2280\" \/>Cette configuration cr\u00e9e une <strong data-start=\"2309\" data-end=\"2334\">ventilation laminaire<\/strong> ma\u00eetris\u00e9e, assurant une bonne respiration du plancher RBC\u00ae.<\/p>\n<p data-start=\"2398\" data-end=\"2465\">Remplacez les carr\u00e9s s\u2019ils deviennent trop \u00e9cras\u00e9s avec le temps.<\/p>\n<p data-start=\"2300\" data-end=\"2595\">\ud83d\udcd8 Entdecken Sie auch:<br data-start=\"2320\" data-end=\"2323\" \/>\ud83d\udc49 <a href=\"https:\/\/beevolutionx.com\/de\/shop\/isolierung-von-rbc\/dadant-beute-10-waben\/\"><strong data-start=\"2327\" data-end=\"2384\">Isolierhaube Dadant 10 Waben RBC\u00ae \u2013 BeevolutionX<\/strong><\/a><\/p>\n<hr data-start=\"2148\" data-end=\"2151\" \/>\n<h3 data-start=\"2733\" data-end=\"2810\">\ud83d\udc1d Un accessoire indispensable du syst\u00e8me Ruche Basse Consommation RBC\u00ae<\/h3>\n<p data-start=\"2812\" data-end=\"3067\">Les <strong data-start=\"2816\" data-end=\"2851\">entretoises de li\u00e8ge ruche RBC\u00ae<\/strong> participent \u00e0 la stabilit\u00e9 du plancher et \u00e0 la gestion du flux d\u2019air.<br data-start=\"2921\" data-end=\"2924\" \/>Elles optimisent le comportement global de la ruche, notamment en p\u00e9riode de transhumance, tout en respectant la philosophie du concept RBC\u00ae.<\/p>","protected":false},"excerpt":{"rendered":"<p><strong data-start=\"3117\" data-end=\"3164\">Carr\u00e9s de li\u00e8ge ruche RBC\u00ae \u2013 Plaque de 120.<\/strong><br data-start=\"3164\" data-end=\"3167\" \/>Cr\u00e9ez une lame d\u2019air laminaire entre la chaussure et le plancher.<br data-start=\"3234\" data-end=\"3237\" \/>6 carr\u00e9s par ruche suffisent pour une a\u00e9ration douce et r\u00e9guli\u00e8re.<\/p>","protected":false},"featured_media":1991,"template":"","meta":{"_et_pb_use_builder":"","_et_pb_old_content":"","_et_gb_content_width":""},"product_brand":[32],"product_cat":[34],"product_tag":[],"class_list":{"0":"post-1990","1":"product","2":"type-product","3":"status-publish","4":"has-post-thumbnail","6":"product_brand-beevolutionx","7":"product_cat-isolation-rbc","9":"first","10":"instock","11":"taxable","12":"shipping-taxable","13":"purchasable","14":"product-type-simple"},"yoast_head":"<!-- This site is optimized with the Yoast SEO plugin v27.4 - https:\/\/yoast.com\/product\/yoast-seo-wordpress\/ -->\n<title>Carr\u00e9s de li\u00e8ge ruche RBC\u00ae \u2013 Plaque de 120 entretoises - BeevolutionX<\/title>\n<meta name=\"description\" content=\"Carr\u00e9s de li\u00e8ge ruche RBC\u00ae. Plaque de 100 entretoises. Cr\u00e9ez une lame d\u2019air laminaire entre plancher et chaussure. Li\u00e8ge naturel, durable et stable.\" \/>\n<meta name=\"robots\" content=\"index, follow, max-snippet:-1, max-image-preview:large, max-video-preview:-1\" \/>\n<link rel=\"canonical\" href=\"https:\/\/beevolutionx.com\/de\/shop\/isolierung-von-rbc\/carres-liege-ruche-rbc\/\" \/>\n<meta property=\"og:locale\" content=\"de_DE\" \/>\n<meta property=\"og:type\" content=\"article\" \/>\n<meta property=\"og:title\" content=\"Carr\u00e9s de li\u00e8ge ruche RBC\u00ae \u2013 Plaque de 120 entretoises - BeevolutionX\" \/>\n<meta property=\"og:description\" content=\"Carr\u00e9s de li\u00e8ge ruche RBC\u00ae. Plaque de 100 entretoises. Cr\u00e9ez une lame d\u2019air laminaire entre plancher et chaussure. Li\u00e8ge naturel, durable et stable.\" \/>\n<meta property=\"og:url\" content=\"https:\/\/beevolutionx.com\/de\/shop\/isolierung-von-rbc\/carres-liege-ruche-rbc\/\" \/>\n<meta property=\"og:site_name\" content=\"BeevolutionX\" \/>\n<meta property=\"article:publisher\" content=\"https:\/\/www.facebook.com\/profile.php?id=61556152756378\" \/>\n<meta property=\"article:modified_time\" content=\"2026-04-24T06:30:54+00:00\" \/>\n<meta property=\"og:image\" content=\"https:\/\/beevolutionx.com\/wp-content\/uploads\/2025\/11\/liege-care-de-10x10x3.jpg\" \/>\n\t<meta property=\"og:image:width\" content=\"1200\" \/>\n\t<meta property=\"og:image:height\" content=\"1600\" \/>\n\t<meta property=\"og:image:type\" content=\"image\/jpeg\" \/>\n<meta name=\"twitter:card\" content=\"summary_large_image\" \/>\n<meta name=\"twitter:label1\" content=\"Gesch\u00e4tzte Lesezeit\" \/>\n\t<meta name=\"twitter:data1\" content=\"2\u00a0Minuten\" \/>\n<script type=\"application\/ld+json\" class=\"yoast-schema-graph\">{\"@context\":\"https:\\\/\\\/schema.org\",\"@graph\":[{\"@type\":\"WebPage\",\"@id\":\"https:\\\/\\\/beevolutionx.com\\\/boutique\\\/isolation-rbc\\\/carres-liege-ruche-rbc\\\/\",\"url\":\"https:\\\/\\\/beevolutionx.com\\\/boutique\\\/isolation-rbc\\\/carres-liege-ruche-rbc\\\/\",\"name\":\"Carr\u00e9s de li\u00e8ge ruche RBC\u00ae \u2013 Plaque de 120 entretoises - BeevolutionX\",\"isPartOf\":{\"@id\":\"https:\\\/\\\/beevolutionx.com\\\/#website\"},\"primaryImageOfPage\":{\"@id\":\"https:\\\/\\\/beevolutionx.com\\\/boutique\\\/isolation-rbc\\\/carres-liege-ruche-rbc\\\/#primaryimage\"},\"image\":{\"@id\":\"https:\\\/\\\/beevolutionx.com\\\/boutique\\\/isolation-rbc\\\/carres-liege-ruche-rbc\\\/#primaryimage\"},\"thumbnailUrl\":\"https:\\\/\\\/i0.wp.com\\\/beevolutionx.com\\\/wp-content\\\/uploads\\\/2025\\\/11\\\/liege-care-de-10x10x3.jpg?fit=1200%2C1600&ssl=1\",\"datePublished\":\"2025-11-13T18:48:34+00:00\",\"dateModified\":\"2026-04-24T06:30:54+00:00\",\"description\":\"Carr\u00e9s de li\u00e8ge ruche RBC\u00ae. Plaque de 100 entretoises. Cr\u00e9ez une lame d\u2019air laminaire entre plancher et chaussure. Li\u00e8ge naturel, durable et stable.\",\"breadcrumb\":{\"@id\":\"https:\\\/\\\/beevolutionx.com\\\/boutique\\\/isolation-rbc\\\/carres-liege-ruche-rbc\\\/#breadcrumb\"},\"inLanguage\":\"de\",\"potentialAction\":[{\"@type\":\"ReadAction\",\"target\":[\"https:\\\/\\\/beevolutionx.com\\\/boutique\\\/isolation-rbc\\\/carres-liege-ruche-rbc\\\/\"]}]},{\"@type\":\"ImageObject\",\"inLanguage\":\"de\",\"@id\":\"https:\\\/\\\/beevolutionx.com\\\/boutique\\\/isolation-rbc\\\/carres-liege-ruche-rbc\\\/#primaryimage\",\"url\":\"https:\\\/\\\/i0.wp.com\\\/beevolutionx.com\\\/wp-content\\\/uploads\\\/2025\\\/11\\\/liege-care-de-10x10x3.jpg?fit=1200%2C1600&ssl=1\",\"contentUrl\":\"https:\\\/\\\/i0.wp.com\\\/beevolutionx.com\\\/wp-content\\\/uploads\\\/2025\\\/11\\\/liege-care-de-10x10x3.jpg?fit=1200%2C1600&ssl=1\",\"width\":1200,\"height\":1600},{\"@type\":\"BreadcrumbList\",\"@id\":\"https:\\\/\\\/beevolutionx.com\\\/boutique\\\/isolation-rbc\\\/carres-liege-ruche-rbc\\\/#breadcrumb\",\"itemListElement\":[{\"@type\":\"ListItem\",\"position\":1,\"name\":\"Accueil\",\"item\":\"https:\\\/\\\/beevolutionx.com\\\/\"},{\"@type\":\"ListItem\",\"position\":2,\"name\":\"Boutique\",\"item\":\"https:\\\/\\\/beevolutionx.com\\\/boutique\\\/\"},{\"@type\":\"ListItem\",\"position\":3,\"name\":\"Carr\u00e9s de li\u00e8ge ruche RBC\u00ae \u2013 Plaque de 120 entretoises\"}]},{\"@type\":\"WebSite\",\"@id\":\"https:\\\/\\\/beevolutionx.com\\\/#website\",\"url\":\"https:\\\/\\\/beevolutionx.com\\\/\",\"name\":\"BeevolutionX\",\"description\":\"Le site officiel de la Ruche Basse Consommation\u00ae (RBC\u00ae)\",\"publisher\":{\"@id\":\"https:\\\/\\\/beevolutionx.com\\\/#organization\"},\"potentialAction\":[{\"@type\":\"SearchAction\",\"target\":{\"@type\":\"EntryPoint\",\"urlTemplate\":\"https:\\\/\\\/beevolutionx.com\\\/?s={search_term_string}\"},\"query-input\":{\"@type\":\"PropertyValueSpecification\",\"valueRequired\":true,\"valueName\":\"search_term_string\"}}],\"inLanguage\":\"de\"},{\"@type\":\"Organization\",\"@id\":\"https:\\\/\\\/beevolutionx.com\\\/#organization\",\"name\":\"BeevolutionX\",\"url\":\"https:\\\/\\\/beevolutionx.com\\\/\",\"logo\":{\"@type\":\"ImageObject\",\"inLanguage\":\"de\",\"@id\":\"https:\\\/\\\/beevolutionx.com\\\/#\\\/schema\\\/logo\\\/image\\\/\",\"url\":\"https:\\\/\\\/beevolutionx.com\\\/wp-content\\\/uploads\\\/2025\\\/01\\\/BEEVOLUTION-X-LOGO-FINAL-tech-bleu.png\",\"contentUrl\":\"https:\\\/\\\/beevolutionx.com\\\/wp-content\\\/uploads\\\/2025\\\/01\\\/BEEVOLUTION-X-LOGO-FINAL-tech-bleu.png\",\"width\":1114,\"height\":1080,\"caption\":\"BeevolutionX\"},\"image\":{\"@id\":\"https:\\\/\\\/beevolutionx.com\\\/#\\\/schema\\\/logo\\\/image\\\/\"},\"sameAs\":[\"https:\\\/\\\/www.facebook.com\\\/profile.php?id=61556152756378\",\"https:\\\/\\\/www.youtube.com\\\/results?search_query=beevolutionx\",\"https:\\\/\\\/www.instagram.com\\\/beevolutionx\\\/\",\"https:\\\/\\\/www.tiktok.com\\\/@beevolutionx\"]}]}<\/script>\n<!-- \/ Yoast SEO plugin. -->","yoast_head_json":{"title":"Carr\u00e9s de li\u00e8ge ruche RBC\u00ae \u2013 Plaque de 120 entretoises - BeevolutionX","description":"Carr\u00e9s de li\u00e8ge ruche RBC\u00ae. Plaque de 100 entretoises. Cr\u00e9ez une lame d\u2019air laminaire entre plancher et chaussure. Li\u00e8ge naturel, durable et stable.","robots":{"index":"index","follow":"follow","max-snippet":"max-snippet:-1","max-image-preview":"max-image-preview:large","max-video-preview":"max-video-preview:-1"},"canonical":"https:\/\/beevolutionx.com\/de\/shop\/isolierung-von-rbc\/carres-liege-ruche-rbc\/","og_locale":"de_DE","og_type":"article","og_title":"Carr\u00e9s de li\u00e8ge ruche RBC\u00ae \u2013 Plaque de 120 entretoises - BeevolutionX","og_description":"Carr\u00e9s de li\u00e8ge ruche RBC\u00ae. Plaque de 100 entretoises. Cr\u00e9ez une lame d\u2019air laminaire entre plancher et chaussure. Li\u00e8ge naturel, durable et stable.","og_url":"https:\/\/beevolutionx.com\/de\/shop\/isolierung-von-rbc\/carres-liege-ruche-rbc\/","og_site_name":"BeevolutionX","article_publisher":"https:\/\/www.facebook.com\/profile.php?id=61556152756378","article_modified_time":"2026-04-24T06:30:54+00:00","og_image":[{"width":1200,"height":1600,"url":"https:\/\/beevolutionx.com\/wp-content\/uploads\/2025\/11\/liege-care-de-10x10x3.jpg","type":"image\/jpeg"}],"twitter_card":"summary_large_image","twitter_misc":{"Gesch\u00e4tzte Lesezeit":"2\u00a0Minuten"},"schema":{"@context":"https:\/\/schema.org","@graph":[{"@type":"WebPage","@id":"https:\/\/beevolutionx.com\/boutique\/isolation-rbc\/carres-liege-ruche-rbc\/","url":"https:\/\/beevolutionx.com\/boutique\/isolation-rbc\/carres-liege-ruche-rbc\/","name":"Carr\u00e9s de li\u00e8ge ruche RBC\u00ae \u2013 Plaque de 120 entretoises - BeevolutionX","isPartOf":{"@id":"https:\/\/beevolutionx.com\/#website"},"primaryImageOfPage":{"@id":"https:\/\/beevolutionx.com\/boutique\/isolation-rbc\/carres-liege-ruche-rbc\/#primaryimage"},"image":{"@id":"https:\/\/beevolutionx.com\/boutique\/isolation-rbc\/carres-liege-ruche-rbc\/#primaryimage"},"thumbnailUrl":"https:\/\/i0.wp.com\/beevolutionx.com\/wp-content\/uploads\/2025\/11\/liege-care-de-10x10x3.jpg?fit=1200%2C1600&ssl=1","datePublished":"2025-11-13T18:48:34+00:00","dateModified":"2026-04-24T06:30:54+00:00","description":"Carr\u00e9s de li\u00e8ge ruche RBC\u00ae. Plaque de 100 entretoises. Cr\u00e9ez une lame d\u2019air laminaire entre plancher et chaussure. Li\u00e8ge naturel, durable et stable.","breadcrumb":{"@id":"https:\/\/beevolutionx.com\/boutique\/isolation-rbc\/carres-liege-ruche-rbc\/#breadcrumb"},"inLanguage":"de","potentialAction":[{"@type":"ReadAction","target":["https:\/\/beevolutionx.com\/boutique\/isolation-rbc\/carres-liege-ruche-rbc\/"]}]},{"@type":"ImageObject","inLanguage":"de","@id":"https:\/\/beevolutionx.com\/boutique\/isolation-rbc\/carres-liege-ruche-rbc\/#primaryimage","url":"https:\/\/i0.wp.com\/beevolutionx.com\/wp-content\/uploads\/2025\/11\/liege-care-de-10x10x3.jpg?fit=1200%2C1600&ssl=1","contentUrl":"https:\/\/i0.wp.com\/beevolutionx.com\/wp-content\/uploads\/2025\/11\/liege-care-de-10x10x3.jpg?fit=1200%2C1600&ssl=1","width":1200,"height":1600},{"@type":"BreadcrumbList","@id":"https:\/\/beevolutionx.com\/boutique\/isolation-rbc\/carres-liege-ruche-rbc\/#breadcrumb","itemListElement":[{"@type":"ListItem","position":1,"name":"Accueil","item":"https:\/\/beevolutionx.com\/"},{"@type":"ListItem","position":2,"name":"Boutique","item":"https:\/\/beevolutionx.com\/boutique\/"},{"@type":"ListItem","position":3,"name":"Carr\u00e9s de li\u00e8ge ruche RBC\u00ae \u2013 Plaque de 120 entretoises"}]},{"@type":"WebSite","@id":"https:\/\/beevolutionx.com\/#website","url":"https:\/\/beevolutionx.com\/","name":"BeevolutionX","description":"Die offizielle Website von Ruche Basse Consommation\u00ae (RBC\u00ae)","publisher":{"@id":"https:\/\/beevolutionx.com\/#organization"},"potentialAction":[{"@type":"SearchAction","target":{"@type":"EntryPoint","urlTemplate":"https:\/\/beevolutionx.com\/?s={search_term_string}"},"query-input":{"@type":"PropertyValueSpecification","valueRequired":true,"valueName":"search_term_string"}}],"inLanguage":"de"},{"@type":"Organization","@id":"https:\/\/beevolutionx.com\/#organization","name":"BeevolutionX","url":"https:\/\/beevolutionx.com\/","logo":{"@type":"ImageObject","inLanguage":"de","@id":"https:\/\/beevolutionx.com\/#\/schema\/logo\/image\/","url":"https:\/\/beevolutionx.com\/wp-content\/uploads\/2025\/01\/BEEVOLUTION-X-LOGO-FINAL-tech-bleu.png","contentUrl":"https:\/\/beevolutionx.com\/wp-content\/uploads\/2025\/01\/BEEVOLUTION-X-LOGO-FINAL-tech-bleu.png","width":1114,"height":1080,"caption":"BeevolutionX"},"image":{"@id":"https:\/\/beevolutionx.com\/#\/schema\/logo\/image\/"},"sameAs":["https:\/\/www.facebook.com\/profile.php?id=61556152756378","https:\/\/www.youtube.com\/results?search_query=beevolutionx","https:\/\/www.instagram.com\/beevolutionx\/","https:\/\/www.tiktok.com\/@beevolutionx"]}]}},"jetpack_sharing_enabled":true,"_links":{"self":[{"href":"https:\/\/beevolutionx.com\/de\/wp-json\/wp\/v2\/product\/1990","targetHints":{"allow":["GET"]}}],"collection":[{"href":"https:\/\/beevolutionx.com\/de\/wp-json\/wp\/v2\/product"}],"about":[{"href":"https:\/\/beevolutionx.com\/de\/wp-json\/wp\/v2\/types\/product"}],"wp:featuredmedia":[{"embeddable":true,"href":"https:\/\/beevolutionx.com\/de\/wp-json\/wp\/v2\/media\/1991"}],"wp:attachment":[{"href":"https:\/\/beevolutionx.com\/de\/wp-json\/wp\/v2\/media?parent=1990"}],"wp:term":[{"taxonomy":"product_brand","embeddable":true,"href":"https:\/\/beevolutionx.com\/de\/wp-json\/wp\/v2\/product_brand?post=1990"},{"taxonomy":"product_cat","embeddable":true,"href":"https:\/\/beevolutionx.com\/de\/wp-json\/wp\/v2\/product_cat?post=1990"},{"taxonomy":"product_tag","embeddable":true,"href":"https:\/\/beevolutionx.com\/de\/wp-json\/wp\/v2\/product_tag?post=1990"}],"curies":[{"name":"wp","href":"https:\/\/api.w.org\/{rel}","templated":true}]}}