{"id":240,"date":"2025-01-28T10:31:06","date_gmt":"2025-01-28T09:31:06","guid":{"rendered":"https:\/\/beevolutionx.com\/?post_type=product&#038;p=240"},"modified":"2026-04-17T07:05:46","modified_gmt":"2026-04-17T05:05:46","slug":"einen-ersten-bienenstock-aufstellen-imkerei-rbc","status":"publish","type":"product","link":"https:\/\/beevolutionx.com\/de\/boutique\/livres-apiculture\/installer-un-premier-rucher-apiculture-rbc\/","title":{"rendered":"Einen ersten Bienenstock aufstellen - Respektvolle Bienenhaltung RBC"},"content":{"rendered":"<h2 data-start=\"502\" data-end=\"636\">\ud83d\udc1d Einen ersten Bienenstock aufstellen - Bienenfreundliche Imkerei mit dem Niedrigenergie-Bienenstock praktizieren.<\/h2>\n<h3 data-start=\"638\" data-end=\"700\">\ud83c\udf3c Ein \u00fcbersichtlicher Leitfaden f\u00fcr einen unbeschwerten Start in die Imkerei.<\/h3>\n<p data-start=\"702\" data-end=\"1098\">Das Buch <strong data-start=\"711\" data-end=\"742\">Einen ersten Bienenstock aufstellen<\/strong> richtet sich an alle, die sich <strong data-start=\"792\" data-end=\"823\">mit der Bienenzucht beginnen<\/strong>, Die Bienen sind in der Lage, sich selbst zu helfen, indem sie den Rhythmus und die nat\u00fcrlichen Bed\u00fcrfnisse der Bienen respektieren.<br data-start=\"891\" data-end=\"894\" \/>Verfasst von <strong data-start=\"905\" data-end=\"921\">Jean Riondet<\/strong>, anerkannter Bienenz\u00fcchter, und <strong data-start=\"946\" data-end=\"962\">Damien Merit<\/strong>, Der Autor, ein Biologe, der sich auf die Isolierung von Bienenst\u00f6cken spezialisiert hat, stellt in diesem Buch eine <strong data-start=\"1038\" data-end=\"1079\">einfacher, intuitiver und moderner Ansatz<\/strong> der Bienenzucht.<\/p>\n<p data-start=\"1100\" data-end=\"1495\">Die Autoren stellen eine Methode vor, die Folgendes vereint <strong data-start=\"1144\" data-end=\"1164\">Tierschutz<\/strong> und <strong data-start=\"1168\" data-end=\"1194\">Energieeffizienz<\/strong> : die <strong data-start=\"1200\" data-end=\"1234\">Niedrigenergie-Bienenstock (RBC)<\/strong>.<br data-start=\"1235\" data-end=\"1238\" \/>Inspiriert von der Natur, erm\u00f6glicht dieser Ansatz <strong data-start=\"1286\" data-end=\"1309\">die Brut sch\u00fctzen<\/strong>, <strong data-start=\"1311\" data-end=\"1348\">die Energie der Bienen sparen<\/strong> und <strong data-start=\"1352\" data-end=\"1391\">die Langlebigkeit der Kolonien verbessern<\/strong>.<br data-start=\"1392\" data-end=\"1395\" \/><strong data-start=\"1395\" data-end=\"1404\">So<\/strong>, Der Imker handelt in Harmonie mit dem Bienenvolk und optimiert die Honigproduktion.<\/p>\n<hr data-start=\"1497\" data-end=\"1500\" \/>\n<h3 data-start=\"1502\" data-end=\"1557\">\ud83e\udded Einen ersten Bienenstock aufstellen: ein umfassender Leitfaden f\u00fcr einen guten Start.<\/h3>\n<p data-start=\"1559\" data-end=\"1581\">Sie werden entdecken :<\/p>\n<ul data-start=\"1582\" data-end=\"1946\">\n<li data-start=\"1582\" data-end=\"1664\">\n<p data-start=\"1584\" data-end=\"1664\">Die wichtigsten Grundlagen f\u00fcr <strong data-start=\"1612\" data-end=\"1643\">einen ersten Bienenstock aufstellen<\/strong> in Sicherheit.<\/p>\n<\/li>\n<li data-start=\"1665\" data-end=\"1770\">\n<p data-start=\"1667\" data-end=\"1770\">Die <strong data-start=\"1670\" data-end=\"1699\">Lebenszyklus der Biene<\/strong>, Die Funktionsweise der <strong data-start=\"1725\" data-end=\"1736\">Kolonie<\/strong> und der <strong data-start=\"1743\" data-end=\"1767\">Rolle jeder Kaste<\/strong>.<\/p>\n<\/li>\n<li data-start=\"1771\" data-end=\"1858\">\n<p data-start=\"1773\" data-end=\"1858\">Praktische Tipps f\u00fcr <strong data-start=\"1801\" data-end=\"1812\">n\u00e4hren<\/strong>, <strong data-start=\"1814\" data-end=\"1826\">sch\u00fctzen<\/strong> und <strong data-start=\"1830\" data-end=\"1844\">pflegen<\/strong> Ihre Bienenst\u00f6cke.<\/p>\n<\/li>\n<li data-start=\"1859\" data-end=\"1946\">\n<p data-start=\"1861\" data-end=\"1946\">Klare Methoden f\u00fcr <strong data-start=\"1887\" data-end=\"1907\">Honig ernten<\/strong> ohne das \u00dcberleben der Bienen zu beeintr\u00e4chtigen.<\/p>\n<\/li>\n<\/ul>\n<p data-start=\"1948\" data-end=\"2202\">Jedes Kapitel f\u00fchrt Sie Schritt f\u00fcr Schritt vom <strong data-start=\"1989\" data-end=\"2021\">Wahl des Aufstellungsortes<\/strong> bis zum <strong data-start=\"2033\" data-end=\"2052\">Honigernte<\/strong>.<br data-start=\"2053\" data-end=\"2056\" \/><strong data-start=\"2056\" data-end=\"2067\">Au\u00dferdem<\/strong>, Das Buch enth\u00e4lt Illustrationen und konkrete Beispiele, um Anf\u00e4nger in ihren ersten Bienensaisons zu begleiten.<\/p>\n<hr data-start=\"2204\" data-end=\"2207\" \/>\n<h3 data-start=\"2209\" data-end=\"2274\">\ud83c\udf6f Moderne und verantwortungsvolle Bienenhaltung nach der RBC-Methode<\/h3>\n<p data-start=\"2276\" data-end=\"2647\">Dank der <strong data-start=\"2287\" data-end=\"2315\">Niedrigenergie-Bienenstock<\/strong>, Angehende Imker lernen, wie man <strong data-start=\"2356\" data-end=\"2385\">mit der Natur arbeiten<\/strong>, und nicht gegen sie.<br data-start=\"2406\" data-end=\"2409\" \/>Diese Technik f\u00f6rdert eine <strong data-start=\"2438\" data-end=\"2472\">bessere W\u00e4rmeregulierung<\/strong>, ein <strong data-start=\"2477\" data-end=\"2516\">harmonische Entwicklung der Brut<\/strong> und eine <strong data-start=\"2524\" data-end=\"2554\">nachhaltige Honigproduktion<\/strong>.<br data-start=\"2555\" data-end=\"2558\" \/><strong data-start=\"2558\" data-end=\"2576\">Infolgedessen<\/strong>, Die Kolonien bleiben das ganze Jahr \u00fcber stark und ausgeglichen.<\/p>\n<p data-start=\"2649\" data-end=\"2845\"><strong data-start=\"2649\" data-end=\"2665\">Au\u00dferdem<\/strong>, Die Methode l\u00e4sst sich leicht an bestehende Bienenst\u00f6cke anpassen, ohne dass komplizierte Ger\u00e4te erforderlich sind.<br data-start=\"2761\" data-end=\"2764\" \/>Sie macht die Bienenhaltung einfacher, stabiler und respektvoller gegen\u00fcber dem Leben.<\/p>\n<hr data-start=\"2847\" data-end=\"2850\" \/>\n<h3 data-start=\"2852\" data-end=\"2881\">\ud83d\udcd8 Weiterf\u00fchrende Fragen<\/h3>\n<p data-start=\"2883\" data-end=\"3199\">Entdecken Sie auch das erg\u00e4nzende Buch :<br data-start=\"2928\" data-end=\"2931\" \/>\ud83d\udc49 <a href=\"https:\/\/beevolutionx.com\/de\/shop\/bucher\/der-niedrigenergie-bienenstock-rbc\/\"><strong data-start=\"2935\" data-end=\"3013\">Der Niedrigverbrauchs-Beuten (RBC) - Eine revolution\u00e4re Bieneninnovation<\/strong><\/a><a class=\"decorated-link cursor-pointer\" target=\"_new\" rel=\"noopener\" data-start=\"2934\" data-end=\"3089\"><strong data-start=\"2935\" data-end=\"3013\"><br \/>\n<\/strong><\/a>Dieses zweite Buch vertieft die PIHP-Methode und die technischen Prinzipien des Niedrigenergie-Bienenstocks.<\/p>","protected":false},"excerpt":{"rendered":"<div class=\"a-section a-spacing-small a-padding-base\">\n<h3>Biografie des Autors<\/h3>\n<div class=\"a-section a-spacing-small a-padding-small\">\n<p><span class=\"a-text-bold\">Damien MERIT<\/span> ist Biologe, stammt aus einer Imkerfamilie und lebt seit seiner Kindheit mit Bienen. Er begleitete Marc Guillemain, der seit 2009 die Praxis der Hochisolierung von Bienenst\u00f6cken initiiert hat. Er ist Ausbilder und Gr\u00fcnder der Bienenakademie BeevolutionX.<\/p>\n<p><span class=\"a-text-bold\">Jean RIONDET<\/span> ist seit \u00fcber einem halben Jahrhundert Hobbyimker, Autor von Standardwerken \u00fcber die Imkereipraxis, Redakteur von Artikeln in der Zeitschrift <span class=\"a-text-italic\">L'Abeille de France<\/span>, Mitglied des Redaktionsausschusses der Zeitschrift <span class=\"a-text-italic\">Die Gesundheit der Biene Organ<\/span> der F\u00e9d\u00e9ration Nationale des Organisations Sanitaires Apicoles D\u00e9partementales (Nationaler Verband der Bienengesundheitsorganisationen auf Departement-Ebene). Sch\u00f6pfer einer Lehre im Internet \u00bbapiculture.beehoo.com\u00bb.\u00bb<\/p>\n<\/div>\n<\/div>","protected":false},"featured_media":246,"template":"","meta":{"_et_pb_use_builder":"","_et_pb_old_content":"","_et_gb_content_width":""},"product_brand":[],"product_cat":[21],"product_tag":[],"class_list":{"0":"post-240","1":"product","2":"type-product","3":"status-publish","4":"has-post-thumbnail","6":"product_cat-livres-apiculture","8":"first","9":"instock","10":"taxable","11":"shipping-taxable","12":"purchasable","13":"product-type-simple"},"yoast_head":"<!-- This site is optimized with the Yoast SEO plugin v27.4 - https:\/\/yoast.com\/product\/yoast-seo-wordpress\/ -->\n<title>Installer un premier rucher \u2013 Apiculture respectueuse RBC - BeevolutionX<\/title>\n<meta name=\"description\" content=\"Installer un premier rucher pas \u00e0 pas avec Jean Riondet et Damien Merit. D\u00e9couvrez la ruche basse consommation, une apiculture moderne et respectueuse.\" \/>\n<meta name=\"robots\" content=\"index, follow, max-snippet:-1, max-image-preview:large, max-video-preview:-1\" \/>\n<link rel=\"canonical\" href=\"https:\/\/beevolutionx.com\/de\/shop\/livres-apiculture\/einen-ersten-bienenstock-aufstellen-imkerei-rbc\/\" \/>\n<meta property=\"og:locale\" content=\"de_DE\" \/>\n<meta property=\"og:type\" content=\"article\" \/>\n<meta property=\"og:title\" content=\"Installer un premier rucher \u2013 Apiculture respectueuse RBC - BeevolutionX\" \/>\n<meta property=\"og:description\" content=\"Installer un premier rucher pas \u00e0 pas avec Jean Riondet et Damien Merit. D\u00e9couvrez la ruche basse consommation, une apiculture moderne et respectueuse.\" \/>\n<meta property=\"og:url\" content=\"https:\/\/beevolutionx.com\/de\/shop\/livres-apiculture\/einen-ersten-bienenstock-aufstellen-imkerei-rbc\/\" \/>\n<meta property=\"og:site_name\" content=\"BeevolutionX\" \/>\n<meta property=\"article:publisher\" content=\"https:\/\/www.facebook.com\/profile.php?id=61556152756378\" \/>\n<meta property=\"article:modified_time\" content=\"2026-04-17T05:05:46+00:00\" \/>\n<meta property=\"og:image\" content=\"https:\/\/beevolutionx.com\/wp-content\/uploads\/2025\/01\/RBC_couv_VBAT2-compresse.jpg\" \/>\n\t<meta property=\"og:image:width\" content=\"400\" \/>\n\t<meta property=\"og:image:height\" content=\"514\" \/>\n\t<meta property=\"og:image:type\" content=\"image\/jpeg\" \/>\n<meta name=\"twitter:card\" content=\"summary_large_image\" \/>\n<meta name=\"twitter:label1\" content=\"Gesch\u00e4tzte Lesezeit\" \/>\n\t<meta name=\"twitter:data1\" content=\"3\u00a0Minuten\" \/>\n<script type=\"application\/ld+json\" class=\"yoast-schema-graph\">{\"@context\":\"https:\\\/\\\/schema.org\",\"@graph\":[{\"@type\":\"WebPage\",\"@id\":\"https:\\\/\\\/beevolutionx.com\\\/boutique\\\/livres-apiculture\\\/installer-un-premier-rucher-apiculture-rbc\\\/\",\"url\":\"https:\\\/\\\/beevolutionx.com\\\/boutique\\\/livres-apiculture\\\/installer-un-premier-rucher-apiculture-rbc\\\/\",\"name\":\"Installer un premier rucher \u2013 Apiculture respectueuse RBC - BeevolutionX\",\"isPartOf\":{\"@id\":\"https:\\\/\\\/beevolutionx.com\\\/#website\"},\"primaryImageOfPage\":{\"@id\":\"https:\\\/\\\/beevolutionx.com\\\/boutique\\\/livres-apiculture\\\/installer-un-premier-rucher-apiculture-rbc\\\/#primaryimage\"},\"image\":{\"@id\":\"https:\\\/\\\/beevolutionx.com\\\/boutique\\\/livres-apiculture\\\/installer-un-premier-rucher-apiculture-rbc\\\/#primaryimage\"},\"thumbnailUrl\":\"https:\\\/\\\/i0.wp.com\\\/beevolutionx.com\\\/wp-content\\\/uploads\\\/2025\\\/01\\\/611sqa2naBL._SL1035_.jpg?fit=800%2C1035&ssl=1\",\"datePublished\":\"2025-01-28T09:31:06+00:00\",\"dateModified\":\"2026-04-17T05:05:46+00:00\",\"description\":\"Installer un premier rucher pas \u00e0 pas avec Jean Riondet et Damien Merit. D\u00e9couvrez la ruche basse consommation, une apiculture moderne et respectueuse.\",\"breadcrumb\":{\"@id\":\"https:\\\/\\\/beevolutionx.com\\\/boutique\\\/livres-apiculture\\\/installer-un-premier-rucher-apiculture-rbc\\\/#breadcrumb\"},\"inLanguage\":\"de\",\"potentialAction\":[{\"@type\":\"ReadAction\",\"target\":[\"https:\\\/\\\/beevolutionx.com\\\/boutique\\\/livres-apiculture\\\/installer-un-premier-rucher-apiculture-rbc\\\/\"]}]},{\"@type\":\"ImageObject\",\"inLanguage\":\"de\",\"@id\":\"https:\\\/\\\/beevolutionx.com\\\/boutique\\\/livres-apiculture\\\/installer-un-premier-rucher-apiculture-rbc\\\/#primaryimage\",\"url\":\"https:\\\/\\\/i0.wp.com\\\/beevolutionx.com\\\/wp-content\\\/uploads\\\/2025\\\/01\\\/611sqa2naBL._SL1035_.jpg?fit=800%2C1035&ssl=1\",\"contentUrl\":\"https:\\\/\\\/i0.wp.com\\\/beevolutionx.com\\\/wp-content\\\/uploads\\\/2025\\\/01\\\/611sqa2naBL._SL1035_.jpg?fit=800%2C1035&ssl=1\",\"width\":800,\"height\":1035,\"caption\":\"Installer un premier rucher \u2013 guide d\u2019apiculture pour d\u00e9butants avec la ruche basse consommation\"},{\"@type\":\"BreadcrumbList\",\"@id\":\"https:\\\/\\\/beevolutionx.com\\\/boutique\\\/livres-apiculture\\\/installer-un-premier-rucher-apiculture-rbc\\\/#breadcrumb\",\"itemListElement\":[{\"@type\":\"ListItem\",\"position\":1,\"name\":\"Accueil\",\"item\":\"https:\\\/\\\/beevolutionx.com\\\/\"},{\"@type\":\"ListItem\",\"position\":2,\"name\":\"Boutique\",\"item\":\"https:\\\/\\\/beevolutionx.com\\\/boutique\\\/\"},{\"@type\":\"ListItem\",\"position\":3,\"name\":\"Installer un premier rucher \u2013 Apiculture respectueuse RBC\"}]},{\"@type\":\"WebSite\",\"@id\":\"https:\\\/\\\/beevolutionx.com\\\/#website\",\"url\":\"https:\\\/\\\/beevolutionx.com\\\/\",\"name\":\"BeevolutionX\",\"description\":\"Le site officiel de la Ruche Basse Consommation\u00ae (RBC\u00ae)\",\"publisher\":{\"@id\":\"https:\\\/\\\/beevolutionx.com\\\/#organization\"},\"potentialAction\":[{\"@type\":\"SearchAction\",\"target\":{\"@type\":\"EntryPoint\",\"urlTemplate\":\"https:\\\/\\\/beevolutionx.com\\\/?s={search_term_string}\"},\"query-input\":{\"@type\":\"PropertyValueSpecification\",\"valueRequired\":true,\"valueName\":\"search_term_string\"}}],\"inLanguage\":\"de\"},{\"@type\":\"Organization\",\"@id\":\"https:\\\/\\\/beevolutionx.com\\\/#organization\",\"name\":\"BeevolutionX\",\"url\":\"https:\\\/\\\/beevolutionx.com\\\/\",\"logo\":{\"@type\":\"ImageObject\",\"inLanguage\":\"de\",\"@id\":\"https:\\\/\\\/beevolutionx.com\\\/#\\\/schema\\\/logo\\\/image\\\/\",\"url\":\"https:\\\/\\\/beevolutionx.com\\\/wp-content\\\/uploads\\\/2025\\\/01\\\/BEEVOLUTION-X-LOGO-FINAL-tech-bleu.png\",\"contentUrl\":\"https:\\\/\\\/beevolutionx.com\\\/wp-content\\\/uploads\\\/2025\\\/01\\\/BEEVOLUTION-X-LOGO-FINAL-tech-bleu.png\",\"width\":1114,\"height\":1080,\"caption\":\"BeevolutionX\"},\"image\":{\"@id\":\"https:\\\/\\\/beevolutionx.com\\\/#\\\/schema\\\/logo\\\/image\\\/\"},\"sameAs\":[\"https:\\\/\\\/www.facebook.com\\\/profile.php?id=61556152756378\",\"https:\\\/\\\/www.youtube.com\\\/results?search_query=beevolutionx\",\"https:\\\/\\\/www.instagram.com\\\/beevolutionx\\\/\",\"https:\\\/\\\/www.tiktok.com\\\/@beevolutionx\"]}]}<\/script>\n<!-- \/ Yoast SEO plugin. -->","yoast_head_json":{"title":"Einen ersten Bienenstock aufstellen - Respektvolle Bienenhaltung RBC - BeevolutionX","description":"Schritt f\u00fcr Schritt einen ersten Bienenstock aufstellen mit Jean Riondet und Damien Merit. Entdecken Sie den Bienenstock mit niedrigem Energieverbrauch, eine moderne und respektvolle Bienenhaltung.","robots":{"index":"index","follow":"follow","max-snippet":"max-snippet:-1","max-image-preview":"max-image-preview:large","max-video-preview":"max-video-preview:-1"},"canonical":"https:\/\/beevolutionx.com\/de\/shop\/livres-apiculture\/einen-ersten-bienenstock-aufstellen-imkerei-rbc\/","og_locale":"de_DE","og_type":"article","og_title":"Installer un premier rucher \u2013 Apiculture respectueuse RBC - BeevolutionX","og_description":"Installer un premier rucher pas \u00e0 pas avec Jean Riondet et Damien Merit. D\u00e9couvrez la ruche basse consommation, une apiculture moderne et respectueuse.","og_url":"https:\/\/beevolutionx.com\/de\/shop\/livres-apiculture\/einen-ersten-bienenstock-aufstellen-imkerei-rbc\/","og_site_name":"BeevolutionX","article_publisher":"https:\/\/www.facebook.com\/profile.php?id=61556152756378","article_modified_time":"2026-04-17T05:05:46+00:00","og_image":[{"width":400,"height":514,"url":"https:\/\/beevolutionx.com\/wp-content\/uploads\/2025\/01\/RBC_couv_VBAT2-compresse.jpg","type":"image\/jpeg"}],"twitter_card":"summary_large_image","twitter_misc":{"Gesch\u00e4tzte Lesezeit":"3\u00a0Minuten"},"schema":{"@context":"https:\/\/schema.org","@graph":[{"@type":"WebPage","@id":"https:\/\/beevolutionx.com\/boutique\/livres-apiculture\/installer-un-premier-rucher-apiculture-rbc\/","url":"https:\/\/beevolutionx.com\/boutique\/livres-apiculture\/installer-un-premier-rucher-apiculture-rbc\/","name":"Einen ersten Bienenstock aufstellen - Respektvolle Bienenhaltung RBC - BeevolutionX","isPartOf":{"@id":"https:\/\/beevolutionx.com\/#website"},"primaryImageOfPage":{"@id":"https:\/\/beevolutionx.com\/boutique\/livres-apiculture\/installer-un-premier-rucher-apiculture-rbc\/#primaryimage"},"image":{"@id":"https:\/\/beevolutionx.com\/boutique\/livres-apiculture\/installer-un-premier-rucher-apiculture-rbc\/#primaryimage"},"thumbnailUrl":"https:\/\/i0.wp.com\/beevolutionx.com\/wp-content\/uploads\/2025\/01\/611sqa2naBL._SL1035_.jpg?fit=800%2C1035&ssl=1","datePublished":"2025-01-28T09:31:06+00:00","dateModified":"2026-04-17T05:05:46+00:00","description":"Schritt f\u00fcr Schritt einen ersten Bienenstock aufstellen mit Jean Riondet und Damien Merit. Entdecken Sie den Bienenstock mit niedrigem Energieverbrauch, eine moderne und respektvolle Bienenhaltung.","breadcrumb":{"@id":"https:\/\/beevolutionx.com\/boutique\/livres-apiculture\/installer-un-premier-rucher-apiculture-rbc\/#breadcrumb"},"inLanguage":"de","potentialAction":[{"@type":"ReadAction","target":["https:\/\/beevolutionx.com\/boutique\/livres-apiculture\/installer-un-premier-rucher-apiculture-rbc\/"]}]},{"@type":"ImageObject","inLanguage":"de","@id":"https:\/\/beevolutionx.com\/boutique\/livres-apiculture\/installer-un-premier-rucher-apiculture-rbc\/#primaryimage","url":"https:\/\/i0.wp.com\/beevolutionx.com\/wp-content\/uploads\/2025\/01\/611sqa2naBL._SL1035_.jpg?fit=800%2C1035&ssl=1","contentUrl":"https:\/\/i0.wp.com\/beevolutionx.com\/wp-content\/uploads\/2025\/01\/611sqa2naBL._SL1035_.jpg?fit=800%2C1035&ssl=1","width":800,"height":1035,"caption":"Installer un premier rucher \u2013 guide d\u2019apiculture pour d\u00e9butants avec la ruche basse consommation"},{"@type":"BreadcrumbList","@id":"https:\/\/beevolutionx.com\/boutique\/livres-apiculture\/installer-un-premier-rucher-apiculture-rbc\/#breadcrumb","itemListElement":[{"@type":"ListItem","position":1,"name":"Accueil","item":"https:\/\/beevolutionx.com\/"},{"@type":"ListItem","position":2,"name":"Boutique","item":"https:\/\/beevolutionx.com\/boutique\/"},{"@type":"ListItem","position":3,"name":"Installer un premier rucher \u2013 Apiculture respectueuse RBC"}]},{"@type":"WebSite","@id":"https:\/\/beevolutionx.com\/#website","url":"https:\/\/beevolutionx.com\/","name":"BeevolutionX","description":"Le site officiel de la Ruche Basse Consommation\u00ae (RBC\u00ae)","publisher":{"@id":"https:\/\/beevolutionx.com\/#organization"},"potentialAction":[{"@type":"SearchAction","target":{"@type":"EntryPoint","urlTemplate":"https:\/\/beevolutionx.com\/?s={search_term_string}"},"query-input":{"@type":"PropertyValueSpecification","valueRequired":true,"valueName":"search_term_string"}}],"inLanguage":"de"},{"@type":"Organization","@id":"https:\/\/beevolutionx.com\/#organization","name":"BeevolutionX","url":"https:\/\/beevolutionx.com\/","logo":{"@type":"ImageObject","inLanguage":"de","@id":"https:\/\/beevolutionx.com\/#\/schema\/logo\/image\/","url":"https:\/\/beevolutionx.com\/wp-content\/uploads\/2025\/01\/BEEVOLUTION-X-LOGO-FINAL-tech-bleu.png","contentUrl":"https:\/\/beevolutionx.com\/wp-content\/uploads\/2025\/01\/BEEVOLUTION-X-LOGO-FINAL-tech-bleu.png","width":1114,"height":1080,"caption":"BeevolutionX"},"image":{"@id":"https:\/\/beevolutionx.com\/#\/schema\/logo\/image\/"},"sameAs":["https:\/\/www.facebook.com\/profile.php?id=61556152756378","https:\/\/www.youtube.com\/results?search_query=beevolutionx","https:\/\/www.instagram.com\/beevolutionx\/","https:\/\/www.tiktok.com\/@beevolutionx"]}]}},"jetpack_sharing_enabled":true,"_links":{"self":[{"href":"https:\/\/beevolutionx.com\/de\/wp-json\/wp\/v2\/product\/240","targetHints":{"allow":["GET"]}}],"collection":[{"href":"https:\/\/beevolutionx.com\/de\/wp-json\/wp\/v2\/product"}],"about":[{"href":"https:\/\/beevolutionx.com\/de\/wp-json\/wp\/v2\/types\/product"}],"wp:featuredmedia":[{"embeddable":true,"href":"https:\/\/beevolutionx.com\/de\/wp-json\/wp\/v2\/media\/246"}],"wp:attachment":[{"href":"https:\/\/beevolutionx.com\/de\/wp-json\/wp\/v2\/media?parent=240"}],"wp:term":[{"taxonomy":"product_brand","embeddable":true,"href":"https:\/\/beevolutionx.com\/de\/wp-json\/wp\/v2\/product_brand?post=240"},{"taxonomy":"product_cat","embeddable":true,"href":"https:\/\/beevolutionx.com\/de\/wp-json\/wp\/v2\/product_cat?post=240"},{"taxonomy":"product_tag","embeddable":true,"href":"https:\/\/beevolutionx.com\/de\/wp-json\/wp\/v2\/product_tag?post=240"}],"curies":[{"name":"wp","href":"https:\/\/api.w.org\/{rel}","templated":true}]}}