{"id":2611,"date":"2026-04-10T15:17:29","date_gmt":"2026-04-10T13:17:29","guid":{"rendered":"https:\/\/beevolutionx.com\/?post_type=product&#038;p=2611"},"modified":"2026-04-10T15:21:48","modified_gmt":"2026-04-10T13:21:48","slug":"pack-50-echarpes-thermo-reflecteur-50x28-ruchette","status":"publish","type":"product","link":"https:\/\/beevolutionx.com\/de\/boutique\/isolation-rbc\/dadant\/pack-50-echarpes-thermo-reflecteur-50x28-ruchette\/","title":{"rendered":"Pack 50 \u00e9charpes thermo-r\u00e9flecteur 50&#215;28 RBC\u00ae BeevolutionX"},"content":{"rendered":"<h2 data-start=\"170\" data-end=\"249\">\ud83d\udc1d Pack de 50 \u00c9charpes thermo-r\u00e9flecteur pour ruchette basse consommation RBC<strong data-start=\"607\" data-end=\"642\">\u00ae<\/strong><\/h2>\n<p data-start=\"251\" data-end=\"675\">Die <strong data-start=\"254\" data-end=\"312\">50er-Pack RBC\u00ae BeevolutionX Thermo-Reflektor-Schals<\/strong> ist die ideale L\u00f6sung f\u00fcr <strong data-start=\"345\" data-end=\"375\">Berufsimker<\/strong> oder die <strong data-start=\"383\" data-end=\"437\">Bienenst\u00f6cke, die mit Niedrigenergiebeuten (RBC\u00ae) ausgestattet sind<\/strong>.<br data-start=\"438\" data-end=\"441\" \/>Mit einem <strong data-start=\"449\" data-end=\"495\">W\u00e4rme-Reflexionsverm\u00f6gen \u00fcber 85 %<\/strong>, Jeder Schal leitet die von den Bienen erzeugte W\u00e4rme effektiv an die Brut zur\u00fcck und begrenzt so die W\u00e4rmeentwicklung. <strong data-start=\"599\" data-end=\"619\">Energieverluste<\/strong> und verbessert den <strong data-start=\"637\" data-end=\"658\">W\u00e4rmekomfort<\/strong> der Kolonie.<\/p>\n<hr data-start=\"677\" data-end=\"680\" \/>\n<h3 data-start=\"682\" data-end=\"751\">\u2699\ufe0f Eigenschaften der BeevolutionX-Thermo-Reflektor-Schals<\/h3>\n<ul data-start=\"753\" data-end=\"1087\">\n<li data-start=\"753\" data-end=\"796\">\n<p data-start=\"755\" data-end=\"796\">Verpackung : <strong data-start=\"773\" data-end=\"794\">Packung mit 50 St\u00fcck<\/strong><\/p>\n<\/li>\n<li data-start=\"797\" data-end=\"840\">\n<p data-start=\"799\" data-end=\"840\">Abmessungen : <strong data-start=\"812\" data-end=\"826\">50 \u00d7 28 cm<\/strong> pro Schal<\/p>\n<\/li>\n<li data-start=\"841\" data-end=\"921\">\n<p data-start=\"843\" data-end=\"921\">Kompatibel : <strong data-start=\"856\" data-end=\"881\">Dadant ruchette<\/strong><\/p>\n<\/li>\n<li data-start=\"922\" data-end=\"980\">\n<p data-start=\"924\" data-end=\"980\">Material : <strong data-start=\"935\" data-end=\"951\">PE aluminisiert<\/strong> (Polyethylen + Aluminium)<\/p>\n<\/li>\n<li data-start=\"981\" data-end=\"1023\">\n<p data-start=\"983\" data-end=\"1023\">W\u00e4rmereflektierendes Verm\u00f6gen : <strong data-start=\"1011\" data-end=\"1021\">&gt; 85 %<\/strong><\/p>\n<\/li>\n<li data-start=\"1024\" data-end=\"1087\">\n<p data-start=\"1026\" data-end=\"1087\">Dicke : <strong data-start=\"1038\" data-end=\"1052\">ultra-fein<\/strong>, leicht zu handhaben und zu lagern<\/p>\n<\/li>\n<\/ul>\n<hr data-start=\"1089\" data-end=\"1092\" \/>\n<h3 data-start=\"1094\" data-end=\"1139\">\ud83d\udca1 Vorteile des RBC 50er-Packs Schals<strong data-start=\"607\" data-end=\"642\">\u00ae<\/strong><\/h3>\n<ul data-start=\"1141\" data-end=\"1529\">\n<li data-start=\"1141\" data-end=\"1192\">\n<p data-start=\"1143\" data-end=\"1192\"><strong data-start=\"1143\" data-end=\"1165\">Gleichm\u00e4\u00dfige Isolierung<\/strong> auf den gesamten Bienenstock<\/p>\n<\/li>\n<li data-start=\"1193\" data-end=\"1252\">\n<p data-start=\"1195\" data-end=\"1252\"><strong data-start=\"1195\" data-end=\"1216\">Zeit sparen<\/strong> : gebrauchsfertig, ohne Zuschnitt<\/p>\n<\/li>\n<li data-start=\"1253\" data-end=\"1377\">\n<p data-start=\"1255\" data-end=\"1377\"><strong data-start=\"1255\" data-end=\"1277\">Nachgewiesene Haltbarkeit<\/strong> : lagerbest\u00e4ndiges Verbundmaterial <strong data-start=\"1314\" data-end=\"1326\">Propolis<\/strong>, Die <strong data-start=\"1333\" data-end=\"1341\">Wachs<\/strong> und zu <strong data-start=\"1349\" data-end=\"1375\">wiederholte Manipulationen<\/strong><\/p>\n<\/li>\n<li data-start=\"1378\" data-end=\"1440\">\n<p data-start=\"1380\" data-end=\"1440\"><strong data-start=\"1380\" data-end=\"1397\">Platzsparend<\/strong> : d\u00fcnn, leicht und einfach zu lagern<\/p>\n<\/li>\n<li data-start=\"1441\" data-end=\"1529\">\n<p data-start=\"1443\" data-end=\"1529\"><strong data-start=\"1443\" data-end=\"1469\">Nachhaltige Investition<\/strong> : entworfen, um den Bienenstock \u00fcber mehrere Jahreszeiten zu begleiten<\/p>\n<\/li>\n<\/ul>\n<hr data-start=\"1531\" data-end=\"1534\" \/>\n<h3 data-start=\"1536\" data-end=\"1568\">\ud83e\udded Verwendung und Tipps<\/h3>\n<p data-start=\"1570\" data-end=\"1921\">Ordnen Sie jede <strong data-start=\"1586\" data-end=\"1628\">BeevolutionX Thermo-Reflektor-Schal<\/strong> auf dem <strong data-start=\"1636\" data-end=\"1655\">Kaderhoch<\/strong> oder unter dem <strong data-start=\"1667\" data-end=\"1687\">Bienenkorbkissen<\/strong>.<br data-start=\"1688\" data-end=\"1691\" \/>Um die Isolierung zu maximieren, kombiniere sie mit <strong data-start=\"1741\" data-end=\"1769\">isolierende Partitionen RBC<\/strong> und ein <strong data-start=\"1776\" data-end=\"1794\">passendes Kissen<\/strong>.<br data-start=\"1795\" data-end=\"1798\" \/>Dieses System unterst\u00fctzt die <strong data-start=\"1821\" data-end=\"1851\">nat\u00fcrliche Thermoregulation<\/strong> der Bienen, verbessert ihre <strong data-start=\"1882\" data-end=\"1918\">winterliches und fr\u00fchlingshaftes Wohlbefinden<\/strong>.<\/p>\n<hr data-start=\"1923\" data-end=\"1926\" \/>\n<h3 data-start=\"1928\" data-end=\"1985\">\ud83d\udc1d Eine professionelle L\u00f6sung aus dem Hause BeevolutionX<\/h3>\n<p data-start=\"1987\" data-end=\"2318\">Die <strong data-start=\"1990\" data-end=\"2044\">50er-Pack BeevolutionX-Thermo-Reflektor-Schals<\/strong> bietet eine <strong data-start=\"2055\" data-end=\"2101\">zuverl\u00e4ssige, leistungsf\u00e4hige und kosteng\u00fcnstige L\u00f6sung<\/strong> f\u00fcr engagierte Imkerinnen und Imker <strong data-start=\"2148\" data-end=\"2182\">RBC\u00ae - Beehive Low Consumption\u00ae (Bienenstock mit niedrigem Energieverbrauch)<\/strong>.<br data-start=\"2183\" data-end=\"2186\" \/>Er garantiert eine <strong data-start=\"2202\" data-end=\"2223\">nachhaltige Isolierung<\/strong> und ein <strong data-start=\"2230\" data-end=\"2258\">optimales Raumklima<\/strong>, Die Bienen werden in der Lage sein, sich auf die biologischen Bed\u00fcrfnisse der Bienen einzustellen.<\/p>\n<p data-start=\"2320\" data-end=\"2494\">\ud83d\udcc4 <a class=\"decorated-link\" href=\"https:\/\/beevolutionx.com\/wp-content\/uploads\/2025\/10\/Declaration_Conformite_Alimentaire_BeevolutionX-1.pdf\" target=\"_new\" rel=\"noopener\" data-start=\"2323\" data-end=\"2492\"><strong data-start=\"2324\" data-end=\"2384\">BeevolutionX-Lebensmittelzertifikat herunterladen (PDF)<\/strong><\/a><\/p>\n<h3 data-start=\"391\" data-end=\"448\">\ud83d\uded1 <strong data-start=\"398\" data-end=\"446\">Avertissement d\u2019utilisation avec traitements<\/strong><\/h3>\n<blockquote data-start=\"450\" data-end=\"854\">\n<p data-start=\"452\" data-end=\"707\">\u26a0\ufe0f <strong data-start=\"455\" data-end=\"470\">Attention :<\/strong> en cas d\u2019utilisation du traitement <strong data-start=\"506\" data-end=\"520\">Formic Pro<\/strong>, <strong data-start=\"522\" data-end=\"593\">retirez imp\u00e9rativement les \u00e9l\u00e9ments thermo-r\u00e9flecteurs BeevolutionX<\/strong> (films, coussins, \u00e9charpes, PIHPgm\u2026).<br data-start=\"631\" data-end=\"634\" \/>Les vapeurs d\u2019acide formique peuvent endommager les films aluminis\u00e9s.<\/p>\n<p data-start=\"714\" data-end=\"854\">\u2705 <strong data-start=\"716\" data-end=\"732\">Aucun risque<\/strong> avec les traitements <strong data-start=\"754\" data-end=\"766\">Varromed<\/strong> oder <strong data-start=\"770\" data-end=\"792\">\u00e0 l\u2019acide oxalique<\/strong>, \u00e0 condition de <strong data-start=\"809\" data-end=\"851\">respecter les protocoles d\u2019application<\/strong>.<\/p>\n<\/blockquote>","protected":false},"excerpt":{"rendered":"<p>\u00c9charpe thermo-r\u00e9flecteur 50\u00d728 cm pour ruchette RBC<strong data-start=\"607\" data-end=\"642\">\u00ae<\/strong>. Am\u00e9liore l\u2019isolation, r\u00e9duit les pertes thermiques, s\u2019adapte aux formats Dadant ruchette<\/p>\n<p class=\"reapprovisionnement\">","protected":false},"featured_media":1468,"template":"","meta":{"_et_pb_use_builder":"","_et_pb_old_content":"","_et_gb_content_width":""},"product_brand":[32],"product_cat":[41,20,45],"product_tag":[],"class_list":{"0":"post-2611","1":"product","2":"type-product","3":"status-publish","4":"has-post-thumbnail","6":"product_brand-beevolutionx","7":"product_cat-dadant","8":"product_cat-film-thermo-reflecteur-rbc","9":"product_cat-langstroth","11":"first","12":"onbackorder","13":"taxable","14":"shipping-taxable","15":"purchasable","16":"product-type-simple"},"yoast_head":"<!-- This site is optimized with the Yoast SEO plugin v27.3 - https:\/\/yoast.com\/product\/yoast-seo-wordpress\/ -->\n<title>Pack 50 \u00e9charpes thermo-r\u00e9flecteur 50x28 RBC\u00ae BeevolutionX - BeevolutionX<\/title>\n<meta name=\"description\" content=\"Pack 50 \u00e9charpes thermo-r\u00e9flecteur RBC\u00ae BeevolutionX. Isolation 50\u00d728 cm durable pour ruchette Dadant. Id\u00e9al apiculteurs professionnels.\" \/>\n<meta name=\"robots\" content=\"index, follow, max-snippet:-1, max-image-preview:large, max-video-preview:-1\" \/>\n<link rel=\"canonical\" href=\"https:\/\/beevolutionx.com\/de\/shop\/isolation-rbc\/dadant\/pack-50-echarpes-thermo-reflecteur-50x28-ruchette\/\" \/>\n<meta property=\"og:locale\" content=\"de_DE\" \/>\n<meta property=\"og:type\" content=\"article\" \/>\n<meta property=\"og:title\" content=\"Pack 50 \u00e9charpes thermo-r\u00e9flecteur 50x28 RBC\u00ae BeevolutionX - BeevolutionX\" \/>\n<meta property=\"og:description\" content=\"Pack 50 \u00e9charpes thermo-r\u00e9flecteur RBC\u00ae BeevolutionX. Isolation 50\u00d728 cm durable pour ruchette Dadant. Id\u00e9al apiculteurs professionnels.\" \/>\n<meta property=\"og:url\" content=\"https:\/\/beevolutionx.com\/de\/shop\/isolation-rbc\/dadant\/pack-50-echarpes-thermo-reflecteur-50x28-ruchette\/\" \/>\n<meta property=\"og:site_name\" content=\"BeevolutionX\" \/>\n<meta property=\"article:publisher\" content=\"https:\/\/www.facebook.com\/profile.php?id=61556152756378\" \/>\n<meta property=\"article:modified_time\" content=\"2026-04-10T13:21:48+00:00\" \/>\n<meta property=\"og:image\" content=\"https:\/\/beevolutionx.com\/wp-content\/uploads\/2025\/06\/echarpe-scaled.jpg\" \/>\n\t<meta property=\"og:image:width\" content=\"2560\" \/>\n\t<meta property=\"og:image:height\" content=\"1743\" \/>\n\t<meta property=\"og:image:type\" content=\"image\/jpeg\" \/>\n<meta name=\"twitter:card\" content=\"summary_large_image\" \/>\n<meta name=\"twitter:label1\" content=\"Gesch\u00e4tzte Lesezeit\" \/>\n\t<meta name=\"twitter:data1\" content=\"2\u00a0Minuten\" \/>\n<script type=\"application\/ld+json\" class=\"yoast-schema-graph\">{\"@context\":\"https:\\\/\\\/schema.org\",\"@graph\":[{\"@type\":\"WebPage\",\"@id\":\"https:\\\/\\\/beevolutionx.com\\\/boutique\\\/isolation-rbc\\\/dadant\\\/pack-50-echarpes-thermo-reflecteur-50x28-ruchette\\\/\",\"url\":\"https:\\\/\\\/beevolutionx.com\\\/boutique\\\/isolation-rbc\\\/dadant\\\/pack-50-echarpes-thermo-reflecteur-50x28-ruchette\\\/\",\"name\":\"Pack 50 \u00e9charpes thermo-r\u00e9flecteur 50x28 RBC\u00ae BeevolutionX - BeevolutionX\",\"isPartOf\":{\"@id\":\"https:\\\/\\\/beevolutionx.com\\\/#website\"},\"primaryImageOfPage\":{\"@id\":\"https:\\\/\\\/beevolutionx.com\\\/boutique\\\/isolation-rbc\\\/dadant\\\/pack-50-echarpes-thermo-reflecteur-50x28-ruchette\\\/#primaryimage\"},\"image\":{\"@id\":\"https:\\\/\\\/beevolutionx.com\\\/boutique\\\/isolation-rbc\\\/dadant\\\/pack-50-echarpes-thermo-reflecteur-50x28-ruchette\\\/#primaryimage\"},\"thumbnailUrl\":\"https:\\\/\\\/i0.wp.com\\\/beevolutionx.com\\\/wp-content\\\/uploads\\\/2025\\\/06\\\/echarpe-scaled.jpg?fit=2560%2C1743&ssl=1\",\"datePublished\":\"2026-04-10T13:17:29+00:00\",\"dateModified\":\"2026-04-10T13:21:48+00:00\",\"description\":\"Pack 50 \u00e9charpes thermo-r\u00e9flecteur RBC\u00ae BeevolutionX. Isolation 50\u00d728 cm durable pour ruchette Dadant. Id\u00e9al apiculteurs professionnels.\",\"breadcrumb\":{\"@id\":\"https:\\\/\\\/beevolutionx.com\\\/boutique\\\/isolation-rbc\\\/dadant\\\/pack-50-echarpes-thermo-reflecteur-50x28-ruchette\\\/#breadcrumb\"},\"inLanguage\":\"de\",\"potentialAction\":[{\"@type\":\"ReadAction\",\"target\":[\"https:\\\/\\\/beevolutionx.com\\\/boutique\\\/isolation-rbc\\\/dadant\\\/pack-50-echarpes-thermo-reflecteur-50x28-ruchette\\\/\"]}]},{\"@type\":\"ImageObject\",\"inLanguage\":\"de\",\"@id\":\"https:\\\/\\\/beevolutionx.com\\\/boutique\\\/isolation-rbc\\\/dadant\\\/pack-50-echarpes-thermo-reflecteur-50x28-ruchette\\\/#primaryimage\",\"url\":\"https:\\\/\\\/i0.wp.com\\\/beevolutionx.com\\\/wp-content\\\/uploads\\\/2025\\\/06\\\/echarpe-scaled.jpg?fit=2560%2C1743&ssl=1\",\"contentUrl\":\"https:\\\/\\\/i0.wp.com\\\/beevolutionx.com\\\/wp-content\\\/uploads\\\/2025\\\/06\\\/echarpe-scaled.jpg?fit=2560%2C1743&ssl=1\",\"width\":2560,\"height\":1743},{\"@type\":\"BreadcrumbList\",\"@id\":\"https:\\\/\\\/beevolutionx.com\\\/boutique\\\/isolation-rbc\\\/dadant\\\/pack-50-echarpes-thermo-reflecteur-50x28-ruchette\\\/#breadcrumb\",\"itemListElement\":[{\"@type\":\"ListItem\",\"position\":1,\"name\":\"Accueil\",\"item\":\"https:\\\/\\\/beevolutionx.com\\\/\"},{\"@type\":\"ListItem\",\"position\":2,\"name\":\"Boutique\",\"item\":\"https:\\\/\\\/beevolutionx.com\\\/boutique\\\/\"},{\"@type\":\"ListItem\",\"position\":3,\"name\":\"Pack 50 \u00e9charpes thermo-r\u00e9flecteur 50&#215;28 RBC\u00ae BeevolutionX\"}]},{\"@type\":\"WebSite\",\"@id\":\"https:\\\/\\\/beevolutionx.com\\\/#website\",\"url\":\"https:\\\/\\\/beevolutionx.com\\\/\",\"name\":\"BeevolutionX\",\"description\":\"Le site officiel de la Ruche Basse Consommation\u00ae (RBC\u00ae)\",\"publisher\":{\"@id\":\"https:\\\/\\\/beevolutionx.com\\\/#organization\"},\"potentialAction\":[{\"@type\":\"SearchAction\",\"target\":{\"@type\":\"EntryPoint\",\"urlTemplate\":\"https:\\\/\\\/beevolutionx.com\\\/?s={search_term_string}\"},\"query-input\":{\"@type\":\"PropertyValueSpecification\",\"valueRequired\":true,\"valueName\":\"search_term_string\"}}],\"inLanguage\":\"de\"},{\"@type\":\"Organization\",\"@id\":\"https:\\\/\\\/beevolutionx.com\\\/#organization\",\"name\":\"BeevolutionX\",\"url\":\"https:\\\/\\\/beevolutionx.com\\\/\",\"logo\":{\"@type\":\"ImageObject\",\"inLanguage\":\"de\",\"@id\":\"https:\\\/\\\/beevolutionx.com\\\/#\\\/schema\\\/logo\\\/image\\\/\",\"url\":\"https:\\\/\\\/beevolutionx.com\\\/wp-content\\\/uploads\\\/2025\\\/01\\\/BEEVOLUTION-X-LOGO-FINAL-tech-bleu.png\",\"contentUrl\":\"https:\\\/\\\/beevolutionx.com\\\/wp-content\\\/uploads\\\/2025\\\/01\\\/BEEVOLUTION-X-LOGO-FINAL-tech-bleu.png\",\"width\":1114,\"height\":1080,\"caption\":\"BeevolutionX\"},\"image\":{\"@id\":\"https:\\\/\\\/beevolutionx.com\\\/#\\\/schema\\\/logo\\\/image\\\/\"},\"sameAs\":[\"https:\\\/\\\/www.facebook.com\\\/profile.php?id=61556152756378\",\"https:\\\/\\\/www.youtube.com\\\/results?search_query=beevolutionx\",\"https:\\\/\\\/www.instagram.com\\\/beevolutionx\\\/\",\"https:\\\/\\\/www.tiktok.com\\\/@beevolutionx\"]}]}<\/script>\n<!-- \/ Yoast SEO plugin. -->","yoast_head_json":{"title":"Pack 50 \u00e9charpes thermo-r\u00e9flecteur 50x28 RBC\u00ae BeevolutionX - BeevolutionX","description":"Pack 50 \u00e9charpes thermo-r\u00e9flecteur RBC\u00ae BeevolutionX. Isolation 50\u00d728 cm durable pour ruchette Dadant. Id\u00e9al apiculteurs professionnels.","robots":{"index":"index","follow":"follow","max-snippet":"max-snippet:-1","max-image-preview":"max-image-preview:large","max-video-preview":"max-video-preview:-1"},"canonical":"https:\/\/beevolutionx.com\/de\/shop\/isolation-rbc\/dadant\/pack-50-echarpes-thermo-reflecteur-50x28-ruchette\/","og_locale":"de_DE","og_type":"article","og_title":"Pack 50 \u00e9charpes thermo-r\u00e9flecteur 50x28 RBC\u00ae BeevolutionX - BeevolutionX","og_description":"Pack 50 \u00e9charpes thermo-r\u00e9flecteur RBC\u00ae BeevolutionX. Isolation 50\u00d728 cm durable pour ruchette Dadant. Id\u00e9al apiculteurs professionnels.","og_url":"https:\/\/beevolutionx.com\/de\/shop\/isolation-rbc\/dadant\/pack-50-echarpes-thermo-reflecteur-50x28-ruchette\/","og_site_name":"BeevolutionX","article_publisher":"https:\/\/www.facebook.com\/profile.php?id=61556152756378","article_modified_time":"2026-04-10T13:21:48+00:00","og_image":[{"width":2560,"height":1743,"url":"https:\/\/beevolutionx.com\/wp-content\/uploads\/2025\/06\/echarpe-scaled.jpg","type":"image\/jpeg"}],"twitter_card":"summary_large_image","twitter_misc":{"Gesch\u00e4tzte Lesezeit":"2\u00a0Minuten"},"schema":{"@context":"https:\/\/schema.org","@graph":[{"@type":"WebPage","@id":"https:\/\/beevolutionx.com\/boutique\/isolation-rbc\/dadant\/pack-50-echarpes-thermo-reflecteur-50x28-ruchette\/","url":"https:\/\/beevolutionx.com\/boutique\/isolation-rbc\/dadant\/pack-50-echarpes-thermo-reflecteur-50x28-ruchette\/","name":"Pack 50 \u00e9charpes thermo-r\u00e9flecteur 50x28 RBC\u00ae BeevolutionX - BeevolutionX","isPartOf":{"@id":"https:\/\/beevolutionx.com\/#website"},"primaryImageOfPage":{"@id":"https:\/\/beevolutionx.com\/boutique\/isolation-rbc\/dadant\/pack-50-echarpes-thermo-reflecteur-50x28-ruchette\/#primaryimage"},"image":{"@id":"https:\/\/beevolutionx.com\/boutique\/isolation-rbc\/dadant\/pack-50-echarpes-thermo-reflecteur-50x28-ruchette\/#primaryimage"},"thumbnailUrl":"https:\/\/i0.wp.com\/beevolutionx.com\/wp-content\/uploads\/2025\/06\/echarpe-scaled.jpg?fit=2560%2C1743&ssl=1","datePublished":"2026-04-10T13:17:29+00:00","dateModified":"2026-04-10T13:21:48+00:00","description":"Pack 50 \u00e9charpes thermo-r\u00e9flecteur RBC\u00ae BeevolutionX. Isolation 50\u00d728 cm durable pour ruchette Dadant. Id\u00e9al apiculteurs professionnels.","breadcrumb":{"@id":"https:\/\/beevolutionx.com\/boutique\/isolation-rbc\/dadant\/pack-50-echarpes-thermo-reflecteur-50x28-ruchette\/#breadcrumb"},"inLanguage":"de","potentialAction":[{"@type":"ReadAction","target":["https:\/\/beevolutionx.com\/boutique\/isolation-rbc\/dadant\/pack-50-echarpes-thermo-reflecteur-50x28-ruchette\/"]}]},{"@type":"ImageObject","inLanguage":"de","@id":"https:\/\/beevolutionx.com\/boutique\/isolation-rbc\/dadant\/pack-50-echarpes-thermo-reflecteur-50x28-ruchette\/#primaryimage","url":"https:\/\/i0.wp.com\/beevolutionx.com\/wp-content\/uploads\/2025\/06\/echarpe-scaled.jpg?fit=2560%2C1743&ssl=1","contentUrl":"https:\/\/i0.wp.com\/beevolutionx.com\/wp-content\/uploads\/2025\/06\/echarpe-scaled.jpg?fit=2560%2C1743&ssl=1","width":2560,"height":1743},{"@type":"BreadcrumbList","@id":"https:\/\/beevolutionx.com\/boutique\/isolation-rbc\/dadant\/pack-50-echarpes-thermo-reflecteur-50x28-ruchette\/#breadcrumb","itemListElement":[{"@type":"ListItem","position":1,"name":"Accueil","item":"https:\/\/beevolutionx.com\/"},{"@type":"ListItem","position":2,"name":"Boutique","item":"https:\/\/beevolutionx.com\/boutique\/"},{"@type":"ListItem","position":3,"name":"Pack 50 \u00e9charpes thermo-r\u00e9flecteur 50&#215;28 RBC\u00ae BeevolutionX"}]},{"@type":"WebSite","@id":"https:\/\/beevolutionx.com\/#website","url":"https:\/\/beevolutionx.com\/","name":"BeevolutionX","description":"Le site officiel de la Ruche Basse Consommation\u00ae (RBC\u00ae)","publisher":{"@id":"https:\/\/beevolutionx.com\/#organization"},"potentialAction":[{"@type":"SearchAction","target":{"@type":"EntryPoint","urlTemplate":"https:\/\/beevolutionx.com\/?s={search_term_string}"},"query-input":{"@type":"PropertyValueSpecification","valueRequired":true,"valueName":"search_term_string"}}],"inLanguage":"de"},{"@type":"Organization","@id":"https:\/\/beevolutionx.com\/#organization","name":"BeevolutionX","url":"https:\/\/beevolutionx.com\/","logo":{"@type":"ImageObject","inLanguage":"de","@id":"https:\/\/beevolutionx.com\/#\/schema\/logo\/image\/","url":"https:\/\/beevolutionx.com\/wp-content\/uploads\/2025\/01\/BEEVOLUTION-X-LOGO-FINAL-tech-bleu.png","contentUrl":"https:\/\/beevolutionx.com\/wp-content\/uploads\/2025\/01\/BEEVOLUTION-X-LOGO-FINAL-tech-bleu.png","width":1114,"height":1080,"caption":"BeevolutionX"},"image":{"@id":"https:\/\/beevolutionx.com\/#\/schema\/logo\/image\/"},"sameAs":["https:\/\/www.facebook.com\/profile.php?id=61556152756378","https:\/\/www.youtube.com\/results?search_query=beevolutionx","https:\/\/www.instagram.com\/beevolutionx\/","https:\/\/www.tiktok.com\/@beevolutionx"]}]}},"jetpack_sharing_enabled":true,"_links":{"self":[{"href":"https:\/\/beevolutionx.com\/de\/wp-json\/wp\/v2\/product\/2611","targetHints":{"allow":["GET"]}}],"collection":[{"href":"https:\/\/beevolutionx.com\/de\/wp-json\/wp\/v2\/product"}],"about":[{"href":"https:\/\/beevolutionx.com\/de\/wp-json\/wp\/v2\/types\/product"}],"wp:featuredmedia":[{"embeddable":true,"href":"https:\/\/beevolutionx.com\/de\/wp-json\/wp\/v2\/media\/1468"}],"wp:attachment":[{"href":"https:\/\/beevolutionx.com\/de\/wp-json\/wp\/v2\/media?parent=2611"}],"wp:term":[{"taxonomy":"product_brand","embeddable":true,"href":"https:\/\/beevolutionx.com\/de\/wp-json\/wp\/v2\/product_brand?post=2611"},{"taxonomy":"product_cat","embeddable":true,"href":"https:\/\/beevolutionx.com\/de\/wp-json\/wp\/v2\/product_cat?post=2611"},{"taxonomy":"product_tag","embeddable":true,"href":"https:\/\/beevolutionx.com\/de\/wp-json\/wp\/v2\/product_tag?post=2611"}],"curies":[{"name":"wp","href":"https:\/\/api.w.org\/{rel}","templated":true}]}}