{"id":667,"date":"2025-03-13T22:51:38","date_gmt":"2025-03-13T21:51:38","guid":{"rendered":"https:\/\/beevolutionx.com\/?post_type=product&#038;p=667"},"modified":"2026-01-02T00:46:04","modified_gmt":"2026-01-01T23:46:04","slug":"thermo-reflektierende-folie-beevolutionx-metre","status":"publish","type":"product","link":"https:\/\/beevolutionx.com\/de\/boutique\/film-thermo-reflecteur-rbc\/film-thermo-reflecteur-beevolutionx-metre\/","title":{"rendered":"BeevolutionX 47cm w\u00e4rmereflektierende Folie (pro Meter)"},"content":{"rendered":"<h2 data-start=\"395\" data-end=\"459\">\ud83d\udc1d BeevolutionX w\u00e4rmereflektierende Folie f\u00fcr Lebensmittel am Meter<\/h2>\n<p data-start=\"461\" data-end=\"886\">Die <strong data-start=\"464\" data-end=\"524\">BeevolutionX w\u00e4rmereflektierende Folie f\u00fcr Lebensmittel als Meterware<\/strong> ist darauf ausgelegt <strong data-start=\"540\" data-end=\"601\">einfach Niedrigenergie-Bienenst\u00f6cke (RBC\u00ae) herstellen<\/strong>.<br data-start=\"602\" data-end=\"605\" \/>Diese <strong data-start=\"608\" data-end=\"629\">innovatives Material<\/strong> bietet einen <strong data-start=\"639\" data-end=\"690\">W\u00e4rmereflexionsverm\u00f6gen \u00fcber 85 %<\/strong>, Die W\u00e4rme wird an die Brut zur\u00fcckgegeben.<br data-start=\"729\" data-end=\"732\" \/>Es erm\u00f6glicht <strong data-start=\"745\" data-end=\"777\">den Energieverlust verringern<\/strong>, von <strong data-start=\"782\" data-end=\"814\">das interne Klima stabilisieren<\/strong> und von <strong data-start=\"821\" data-end=\"859\">die Vitalit\u00e4t der Bienen st\u00e4rken<\/strong> das ganze Jahr \u00fcber.<\/p>\n<hr data-start=\"888\" data-end=\"891\" \/>\n<h3 data-start=\"893\" data-end=\"954\">\u2705 Eine zertifizierte und sichere w\u00e4rmereflektierende Folie f\u00fcr Lebensmittel<\/h3>\n<p data-start=\"956\" data-end=\"1309\">Die <strong data-start=\"959\" data-end=\"1019\">BeevolutionX w\u00e4rmereflektierende Folie f\u00fcr Lebensmittel als Meterware<\/strong> ist <strong data-start=\"1024\" data-end=\"1074\">zertifiziert gem\u00e4\u00df der Verordnung (EU) Nr. 10\/2011<\/strong>, Die meisten von ihnen haben eine <strong data-start=\"1093\" data-end=\"1113\">v\u00f6llige Unsch\u00e4dlichkeit<\/strong> f\u00fcr die Verwendung in der Imkerei.<br data-start=\"1136\" data-end=\"1139\" \/>Hergestellt aus <strong data-start=\"1160\" data-end=\"1196\">aluminisiertes Polyethylen (PE + Al)<\/strong>, Er gibt nicht frei <strong data-start=\"1211\" data-end=\"1238\">keine sch\u00e4dlichen Substanzen<\/strong> und kann verwendet werden <strong data-start=\"1260\" data-end=\"1306\">sicher im Inneren von Bienenst\u00f6cken<\/strong>.<\/p>\n<p data-start=\"1311\" data-end=\"1485\">\ud83d\udcc4 <a class=\"decorated-link\" href=\"https:\/\/beevolutionx.com\/wp-content\/uploads\/2025\/10\/Declaration_Conformite_Alimentaire_BeevolutionX-1.pdf\" target=\"_new\" rel=\"noopener\" data-start=\"1314\" data-end=\"1483\"><strong data-start=\"1315\" data-end=\"1375\">BeevolutionX-Lebensmittelzertifikat herunterladen (PDF)<\/strong><\/a><\/p>\n<h3 data-start=\"1492\" data-end=\"1577\">\u2699\ufe0f Eigenschaften der BeevolutionX w\u00e4rmereflektierenden Folie f\u00fcr Lebensmittel als Meterware<\/h3>\n<ul data-start=\"1579\" data-end=\"1789\">\n<li data-start=\"1579\" data-end=\"1602\">\n<p data-start=\"1581\" data-end=\"1602\"><strong data-start=\"1581\" data-end=\"1592\">Breite<\/strong> : 47 cm<\/p>\n<\/li>\n<li data-start=\"1603\" data-end=\"1639\">\n<p data-start=\"1605\" data-end=\"1639\"><strong data-start=\"1605\" data-end=\"1617\">L\u00e4nge<\/strong> : pro laufendem Meter<\/p>\n<\/li>\n<li data-start=\"1640\" data-end=\"1671\">\n<p data-start=\"1642\" data-end=\"1671\"><strong data-start=\"1642\" data-end=\"1654\">Material<\/strong> : aluminisiertes PE<\/p>\n<\/li>\n<li data-start=\"1672\" data-end=\"1714\">\n<p data-start=\"1674\" data-end=\"1714\"><strong data-start=\"1674\" data-end=\"1703\">W\u00e4rmereflektierendes Verm\u00f6gen<\/strong> : &gt; 85 %<\/p>\n<\/li>\n<li data-start=\"1715\" data-end=\"1789\">\n<p data-start=\"1717\" data-end=\"1789\"><strong data-start=\"1717\" data-end=\"1732\">Leichtes Gewicht<\/strong> und <strong data-start=\"1736\" data-end=\"1756\">hohe Flexibilit\u00e4t<\/strong> f\u00fcr einen schnellen und pr\u00e4zisen Einsatz<\/p>\n<\/li>\n<\/ul>\n<hr data-start=\"1791\" data-end=\"1794\" \/>\n<h3 data-start=\"1796\" data-end=\"1833\">\ud83c\udf21\ufe0f Vorteile f\u00fcr den Imker<\/h3>\n<ul data-start=\"1835\" data-end=\"2228\">\n<li data-start=\"1835\" data-end=\"1909\">\n<p data-start=\"1837\" data-end=\"1909\"><strong data-start=\"1837\" data-end=\"1862\">Leistungsstarke Isolierung<\/strong> f\u00fcr Bienenst\u00f6cke <strong data-start=\"1879\" data-end=\"1889\">Dadant<\/strong> und <strong data-start=\"1893\" data-end=\"1907\">Langstroth<\/strong><\/p>\n<\/li>\n<li data-start=\"1910\" data-end=\"1988\">\n<p data-start=\"1912\" data-end=\"1988\"><strong data-start=\"1912\" data-end=\"1930\">Einfaches Schneiden<\/strong> um Ihre <strong data-start=\"1946\" data-end=\"1958\">Schals<\/strong>, <strong data-start=\"1960\" data-end=\"1970\">PIHPgm<\/strong> oder <strong data-start=\"1974\" data-end=\"1986\">PIHPette<\/strong><\/p>\n<\/li>\n<li data-start=\"1989\" data-end=\"2078\">\n<p data-start=\"1991\" data-end=\"2078\"><strong data-start=\"1991\" data-end=\"2011\">Hohe Festigkeit<\/strong> an <strong data-start=\"2016\" data-end=\"2040\">Rahmenheberschl\u00e4ge<\/strong>, Die <strong data-start=\"2047\" data-end=\"2059\">Propolis<\/strong> und an die <strong data-start=\"2068\" data-end=\"2076\">Wachs<\/strong><\/p>\n<\/li>\n<li data-start=\"2079\" data-end=\"2140\">\n<p data-start=\"2081\" data-end=\"2140\"><strong data-start=\"2081\" data-end=\"2103\">Minimale Dicke<\/strong>, ohne Platzverlust im Bienenstock<\/p>\n<\/li>\n<li data-start=\"2141\" data-end=\"2228\">\n<p data-start=\"2143\" data-end=\"2228\"><strong data-start=\"2143\" data-end=\"2169\">L\u00e4ngere Lebensdauer<\/strong> : rei\u00dft nicht und h\u00e4lt den Belastungen des Bienenstocks stand<\/p>\n<\/li>\n<\/ul>\n<hr data-start=\"2230\" data-end=\"2233\" \/>\n<h3 data-start=\"2235\" data-end=\"2284\">\ud83d\udc1d Eine nachhaltige L\u00f6sung aus dem Hause BeevolutionX<\/h3>\n<p data-start=\"2286\" data-end=\"2575\">W\u00e4hlen Sie den <strong data-start=\"2297\" data-end=\"2357\">BeevolutionX w\u00e4rmereflektierende Folie f\u00fcr Lebensmittel als Meterware<\/strong>, ist eine Investition in ein <strong data-start=\"2382\" data-end=\"2423\">nachhaltiges, sauberes und leistungsstarkes Produkt<\/strong>.<br data-start=\"2424\" data-end=\"2427\" \/>Er <strong data-start=\"2430\" data-end=\"2463\">verbessert den thermischen Komfort<\/strong> Ihrer Bienenst\u00f6cke, <strong data-start=\"2479\" data-end=\"2517\">senkt den Energieverbrauch<\/strong> und f\u00f6rdert eine <strong data-start=\"2534\" data-end=\"2572\">respektvolle und moderne Bienenzucht<\/strong>.<\/p>\n<p data-start=\"2577\" data-end=\"2792\">Durch die Verbindung <strong data-start=\"2588\" data-end=\"2603\">Technologie<\/strong>, <strong data-start=\"2605\" data-end=\"2619\">Widerstand<\/strong> und <strong data-start=\"2623\" data-end=\"2647\">Lebensmittelsicherheit<\/strong>, BeevolutionX bietet Imkern eine zuverl\u00e4ssige L\u00f6sung f\u00fcr Folgendes <strong data-start=\"2711\" data-end=\"2740\">ihre Kolonien modernisieren<\/strong> und <strong data-start=\"2744\" data-end=\"2789\">die Leistung ihrer Bienenst\u00f6cke verbessern<\/strong>.<\/p>\n<h3 data-start=\"391\" data-end=\"448\">\ud83d\uded1 <strong data-start=\"398\" data-end=\"446\">Hinweis zur Benutzung mit Behandlungen<\/strong><\/h3>\n<blockquote data-start=\"450\" data-end=\"854\">\n<p data-start=\"452\" data-end=\"707\">\u26a0\ufe0f <strong data-start=\"455\" data-end=\"470\">Achtung:<\/strong> bei der Anwendung der Behandlung <strong data-start=\"506\" data-end=\"520\">Formic Pro<\/strong>, <strong data-start=\"522\" data-end=\"593\">entfernen Sie unbedingt die thermoreflektierenden Elemente BeevolutionX<\/strong> Filme, Cousins, Schals, PIHPgm\u2026.<br data-start=\"631\" data-end=\"634\" \/>Ameisens\u00e4ured\u00e4mpfe k\u00f6nnen aluminisierte Folien besch\u00e4digen.<\/p>\n<p data-start=\"714\" data-end=\"854\">\u2705 <strong data-start=\"716\" data-end=\"732\">Kein Risiko<\/strong> mit Behandlungen <strong data-start=\"754\" data-end=\"766\">Varomed<\/strong> oder <strong data-start=\"770\" data-end=\"792\">mit Oxals\u00e4ure<\/strong>, vorausgesetzt <strong data-start=\"809\" data-end=\"851\">Anwendungsprotokolle befolgen<\/strong>.<\/p>\n<\/blockquote>","protected":false},"excerpt":{"rendered":"<p><strong>Die w\u00e4rmereflektierende Folie f\u00fcr Niedrigenergie-Bienenst\u00f6cke BeevolutionX<\/strong> ist ideal f\u00fcr deine Bienen! Es ist strapazierf\u00e4hig und leistungsstark und leitet die W\u00e4rme der Bienen effektiv an die Brut zur\u00fcck. Rolle 47 cm x 1 m, perfekt f\u00fcr isolierende Dadant-Partitionen, Schals und Taschent\u00fccher.<\/p>\n<p class=\"reapprovisionnement\">","protected":false},"featured_media":68,"template":"","meta":{"_et_pb_use_builder":"","_et_pb_old_content":"","_et_gb_content_width":""},"product_brand":[32],"product_cat":[20],"product_tag":[],"class_list":{"0":"post-667","1":"product","2":"type-product","3":"status-publish","4":"has-post-thumbnail","6":"product_brand-beevolutionx","7":"product_cat-film-thermo-reflecteur-rbc","9":"first","10":"instock","11":"taxable","12":"shipping-taxable","13":"purchasable","14":"product-type-simple"},"yoast_head":"<!-- This site is optimized with the Yoast SEO plugin v27.5 - https:\/\/yoast.com\/product\/yoast-seo-wordpress\/ -->\n<title>Film thermo r\u00e9flecteur BeevolutionX 47cm (au m\u00e8tre) - BeevolutionX<\/title>\n<meta name=\"description\" content=\"Le film thermo-r\u00e9flecteur BeevolutionX, certifi\u00e9 pour le contact alimentaire, r\u00e9sistant et id\u00e9al pour vos ruches basse consommation.\" \/>\n<meta name=\"robots\" content=\"index, follow, max-snippet:-1, max-image-preview:large, max-video-preview:-1\" \/>\n<link rel=\"canonical\" href=\"https:\/\/beevolutionx.com\/de\/shop\/thermo-reflexionsfolie-rbc\/thermo-reflektierende-folie-beevolutionx-metre\/\" \/>\n<meta property=\"og:locale\" content=\"de_DE\" \/>\n<meta property=\"og:type\" content=\"article\" \/>\n<meta property=\"og:title\" content=\"Film thermo r\u00e9flecteur BeevolutionX 47cm (au m\u00e8tre) - BeevolutionX\" \/>\n<meta property=\"og:description\" content=\"Le film thermo-r\u00e9flecteur BeevolutionX, certifi\u00e9 pour le contact alimentaire, r\u00e9sistant et id\u00e9al pour vos ruches basse consommation.\" \/>\n<meta property=\"og:url\" content=\"https:\/\/beevolutionx.com\/de\/shop\/thermo-reflexionsfolie-rbc\/thermo-reflektierende-folie-beevolutionx-metre\/\" \/>\n<meta property=\"og:site_name\" content=\"BeevolutionX\" \/>\n<meta property=\"article:publisher\" content=\"https:\/\/www.facebook.com\/profile.php?id=61556152756378\" \/>\n<meta property=\"article:modified_time\" content=\"2026-01-01T23:46:04+00:00\" \/>\n<meta property=\"og:image\" content=\"https:\/\/beevolutionx.com\/wp-content\/uploads\/2025\/01\/film-beevolutionx-modif.jpg\" \/>\n\t<meta property=\"og:image:width\" content=\"1427\" \/>\n\t<meta property=\"og:image:height\" content=\"887\" \/>\n\t<meta property=\"og:image:type\" content=\"image\/jpeg\" \/>\n<meta name=\"twitter:card\" content=\"summary_large_image\" \/>\n<meta name=\"twitter:label1\" content=\"Gesch\u00e4tzte Lesezeit\" \/>\n\t<meta name=\"twitter:data1\" content=\"2\u00a0Minuten\" \/>\n<script type=\"application\/ld+json\" class=\"yoast-schema-graph\">{\"@context\":\"https:\\\/\\\/schema.org\",\"@graph\":[{\"@type\":\"WebPage\",\"@id\":\"https:\\\/\\\/beevolutionx.com\\\/boutique\\\/film-thermo-reflecteur-rbc\\\/film-thermo-reflecteur-beevolutionx-metre\\\/\",\"url\":\"https:\\\/\\\/beevolutionx.com\\\/boutique\\\/film-thermo-reflecteur-rbc\\\/film-thermo-reflecteur-beevolutionx-metre\\\/\",\"name\":\"Film thermo r\u00e9flecteur BeevolutionX 47cm (au m\u00e8tre) - BeevolutionX\",\"isPartOf\":{\"@id\":\"https:\\\/\\\/beevolutionx.com\\\/#website\"},\"primaryImageOfPage\":{\"@id\":\"https:\\\/\\\/beevolutionx.com\\\/boutique\\\/film-thermo-reflecteur-rbc\\\/film-thermo-reflecteur-beevolutionx-metre\\\/#primaryimage\"},\"image\":{\"@id\":\"https:\\\/\\\/beevolutionx.com\\\/boutique\\\/film-thermo-reflecteur-rbc\\\/film-thermo-reflecteur-beevolutionx-metre\\\/#primaryimage\"},\"thumbnailUrl\":\"https:\\\/\\\/i0.wp.com\\\/beevolutionx.com\\\/wp-content\\\/uploads\\\/2025\\\/01\\\/film-beevolutionx-modif.jpg?fit=1427%2C887&ssl=1\",\"datePublished\":\"2025-03-13T21:51:38+00:00\",\"dateModified\":\"2026-01-01T23:46:04+00:00\",\"description\":\"Le film thermo-r\u00e9flecteur BeevolutionX, certifi\u00e9 pour le contact alimentaire, r\u00e9sistant et id\u00e9al pour vos ruches basse consommation.\",\"breadcrumb\":{\"@id\":\"https:\\\/\\\/beevolutionx.com\\\/boutique\\\/film-thermo-reflecteur-rbc\\\/film-thermo-reflecteur-beevolutionx-metre\\\/#breadcrumb\"},\"inLanguage\":\"de\",\"potentialAction\":[{\"@type\":\"ReadAction\",\"target\":[\"https:\\\/\\\/beevolutionx.com\\\/boutique\\\/film-thermo-reflecteur-rbc\\\/film-thermo-reflecteur-beevolutionx-metre\\\/\"]}]},{\"@type\":\"ImageObject\",\"inLanguage\":\"de\",\"@id\":\"https:\\\/\\\/beevolutionx.com\\\/boutique\\\/film-thermo-reflecteur-rbc\\\/film-thermo-reflecteur-beevolutionx-metre\\\/#primaryimage\",\"url\":\"https:\\\/\\\/i0.wp.com\\\/beevolutionx.com\\\/wp-content\\\/uploads\\\/2025\\\/01\\\/film-beevolutionx-modif.jpg?fit=1427%2C887&ssl=1\",\"contentUrl\":\"https:\\\/\\\/i0.wp.com\\\/beevolutionx.com\\\/wp-content\\\/uploads\\\/2025\\\/01\\\/film-beevolutionx-modif.jpg?fit=1427%2C887&ssl=1\",\"width\":1427,\"height\":887,\"caption\":\"Film thermo-r\u00e9flecteur pour ruche basse consommation BeevolutionX\"},{\"@type\":\"BreadcrumbList\",\"@id\":\"https:\\\/\\\/beevolutionx.com\\\/boutique\\\/film-thermo-reflecteur-rbc\\\/film-thermo-reflecteur-beevolutionx-metre\\\/#breadcrumb\",\"itemListElement\":[{\"@type\":\"ListItem\",\"position\":1,\"name\":\"Accueil\",\"item\":\"https:\\\/\\\/beevolutionx.com\\\/\"},{\"@type\":\"ListItem\",\"position\":2,\"name\":\"Boutique\",\"item\":\"https:\\\/\\\/beevolutionx.com\\\/boutique\\\/\"},{\"@type\":\"ListItem\",\"position\":3,\"name\":\"Film thermo r\u00e9flecteur BeevolutionX 47cm (au m\u00e8tre)\"}]},{\"@type\":\"WebSite\",\"@id\":\"https:\\\/\\\/beevolutionx.com\\\/#website\",\"url\":\"https:\\\/\\\/beevolutionx.com\\\/\",\"name\":\"BeevolutionX\",\"description\":\"Le site officiel de la Ruche Basse Consommation\u00ae (RBC\u00ae)\",\"publisher\":{\"@id\":\"https:\\\/\\\/beevolutionx.com\\\/#organization\"},\"potentialAction\":[{\"@type\":\"SearchAction\",\"target\":{\"@type\":\"EntryPoint\",\"urlTemplate\":\"https:\\\/\\\/beevolutionx.com\\\/?s={search_term_string}\"},\"query-input\":{\"@type\":\"PropertyValueSpecification\",\"valueRequired\":true,\"valueName\":\"search_term_string\"}}],\"inLanguage\":\"de\"},{\"@type\":\"Organization\",\"@id\":\"https:\\\/\\\/beevolutionx.com\\\/#organization\",\"name\":\"BeevolutionX\",\"url\":\"https:\\\/\\\/beevolutionx.com\\\/\",\"logo\":{\"@type\":\"ImageObject\",\"inLanguage\":\"de\",\"@id\":\"https:\\\/\\\/beevolutionx.com\\\/#\\\/schema\\\/logo\\\/image\\\/\",\"url\":\"https:\\\/\\\/beevolutionx.com\\\/wp-content\\\/uploads\\\/2025\\\/01\\\/BEEVOLUTION-X-LOGO-FINAL-tech-bleu.png\",\"contentUrl\":\"https:\\\/\\\/beevolutionx.com\\\/wp-content\\\/uploads\\\/2025\\\/01\\\/BEEVOLUTION-X-LOGO-FINAL-tech-bleu.png\",\"width\":1114,\"height\":1080,\"caption\":\"BeevolutionX\"},\"image\":{\"@id\":\"https:\\\/\\\/beevolutionx.com\\\/#\\\/schema\\\/logo\\\/image\\\/\"},\"sameAs\":[\"https:\\\/\\\/www.facebook.com\\\/profile.php?id=61556152756378\",\"https:\\\/\\\/www.youtube.com\\\/results?search_query=beevolutionx\",\"https:\\\/\\\/www.instagram.com\\\/beevolutionx\\\/\",\"https:\\\/\\\/www.tiktok.com\\\/@beevolutionx\"]}]}<\/script>\n<!-- \/ Yoast SEO plugin. -->","yoast_head_json":{"title":"BeevolutionX 47cm Thermoreflektorfolie (Meterware) - BeevolutionX","description":"Die w\u00e4rmereflektierende Folie BeevolutionX, die f\u00fcr den Kontakt mit Lebensmitteln zertifiziert ist, ist widerstandsf\u00e4hig und ideal f\u00fcr Ihre Niedrigenergie-Bienenst\u00f6cke.","robots":{"index":"index","follow":"follow","max-snippet":"max-snippet:-1","max-image-preview":"max-image-preview:large","max-video-preview":"max-video-preview:-1"},"canonical":"https:\/\/beevolutionx.com\/de\/shop\/thermo-reflexionsfolie-rbc\/thermo-reflektierende-folie-beevolutionx-metre\/","og_locale":"de_DE","og_type":"article","og_title":"Film thermo r\u00e9flecteur BeevolutionX 47cm (au m\u00e8tre) - BeevolutionX","og_description":"Le film thermo-r\u00e9flecteur BeevolutionX, certifi\u00e9 pour le contact alimentaire, r\u00e9sistant et id\u00e9al pour vos ruches basse consommation.","og_url":"https:\/\/beevolutionx.com\/de\/shop\/thermo-reflexionsfolie-rbc\/thermo-reflektierende-folie-beevolutionx-metre\/","og_site_name":"BeevolutionX","article_publisher":"https:\/\/www.facebook.com\/profile.php?id=61556152756378","article_modified_time":"2026-01-01T23:46:04+00:00","og_image":[{"width":1427,"height":887,"url":"https:\/\/beevolutionx.com\/wp-content\/uploads\/2025\/01\/film-beevolutionx-modif.jpg","type":"image\/jpeg"}],"twitter_card":"summary_large_image","twitter_misc":{"Gesch\u00e4tzte Lesezeit":"2\u00a0Minuten"},"schema":{"@context":"https:\/\/schema.org","@graph":[{"@type":"WebPage","@id":"https:\/\/beevolutionx.com\/boutique\/film-thermo-reflecteur-rbc\/film-thermo-reflecteur-beevolutionx-metre\/","url":"https:\/\/beevolutionx.com\/boutique\/film-thermo-reflecteur-rbc\/film-thermo-reflecteur-beevolutionx-metre\/","name":"BeevolutionX 47cm Thermoreflektorfolie (Meterware) - BeevolutionX","isPartOf":{"@id":"https:\/\/beevolutionx.com\/#website"},"primaryImageOfPage":{"@id":"https:\/\/beevolutionx.com\/boutique\/film-thermo-reflecteur-rbc\/film-thermo-reflecteur-beevolutionx-metre\/#primaryimage"},"image":{"@id":"https:\/\/beevolutionx.com\/boutique\/film-thermo-reflecteur-rbc\/film-thermo-reflecteur-beevolutionx-metre\/#primaryimage"},"thumbnailUrl":"https:\/\/i0.wp.com\/beevolutionx.com\/wp-content\/uploads\/2025\/01\/film-beevolutionx-modif.jpg?fit=1427%2C887&ssl=1","datePublished":"2025-03-13T21:51:38+00:00","dateModified":"2026-01-01T23:46:04+00:00","description":"Die w\u00e4rmereflektierende Folie BeevolutionX, die f\u00fcr den Kontakt mit Lebensmitteln zertifiziert ist, ist widerstandsf\u00e4hig und ideal f\u00fcr Ihre Niedrigenergie-Bienenst\u00f6cke.","breadcrumb":{"@id":"https:\/\/beevolutionx.com\/boutique\/film-thermo-reflecteur-rbc\/film-thermo-reflecteur-beevolutionx-metre\/#breadcrumb"},"inLanguage":"de","potentialAction":[{"@type":"ReadAction","target":["https:\/\/beevolutionx.com\/boutique\/film-thermo-reflecteur-rbc\/film-thermo-reflecteur-beevolutionx-metre\/"]}]},{"@type":"ImageObject","inLanguage":"de","@id":"https:\/\/beevolutionx.com\/boutique\/film-thermo-reflecteur-rbc\/film-thermo-reflecteur-beevolutionx-metre\/#primaryimage","url":"https:\/\/i0.wp.com\/beevolutionx.com\/wp-content\/uploads\/2025\/01\/film-beevolutionx-modif.jpg?fit=1427%2C887&ssl=1","contentUrl":"https:\/\/i0.wp.com\/beevolutionx.com\/wp-content\/uploads\/2025\/01\/film-beevolutionx-modif.jpg?fit=1427%2C887&ssl=1","width":1427,"height":887,"caption":"Film thermo-r\u00e9flecteur pour ruche basse consommation BeevolutionX"},{"@type":"BreadcrumbList","@id":"https:\/\/beevolutionx.com\/boutique\/film-thermo-reflecteur-rbc\/film-thermo-reflecteur-beevolutionx-metre\/#breadcrumb","itemListElement":[{"@type":"ListItem","position":1,"name":"Accueil","item":"https:\/\/beevolutionx.com\/"},{"@type":"ListItem","position":2,"name":"Boutique","item":"https:\/\/beevolutionx.com\/boutique\/"},{"@type":"ListItem","position":3,"name":"Film thermo r\u00e9flecteur BeevolutionX 47cm (au m\u00e8tre)"}]},{"@type":"WebSite","@id":"https:\/\/beevolutionx.com\/#website","url":"https:\/\/beevolutionx.com\/","name":"BeevolutionX","description":"Die offizielle Website von Ruche Basse Consommation\u00ae (RBC\u00ae)","publisher":{"@id":"https:\/\/beevolutionx.com\/#organization"},"potentialAction":[{"@type":"SearchAction","target":{"@type":"EntryPoint","urlTemplate":"https:\/\/beevolutionx.com\/?s={search_term_string}"},"query-input":{"@type":"PropertyValueSpecification","valueRequired":true,"valueName":"search_term_string"}}],"inLanguage":"de"},{"@type":"Organization","@id":"https:\/\/beevolutionx.com\/#organization","name":"BeevolutionX","url":"https:\/\/beevolutionx.com\/","logo":{"@type":"ImageObject","inLanguage":"de","@id":"https:\/\/beevolutionx.com\/#\/schema\/logo\/image\/","url":"https:\/\/beevolutionx.com\/wp-content\/uploads\/2025\/01\/BEEVOLUTION-X-LOGO-FINAL-tech-bleu.png","contentUrl":"https:\/\/beevolutionx.com\/wp-content\/uploads\/2025\/01\/BEEVOLUTION-X-LOGO-FINAL-tech-bleu.png","width":1114,"height":1080,"caption":"BeevolutionX"},"image":{"@id":"https:\/\/beevolutionx.com\/#\/schema\/logo\/image\/"},"sameAs":["https:\/\/www.facebook.com\/profile.php?id=61556152756378","https:\/\/www.youtube.com\/results?search_query=beevolutionx","https:\/\/www.instagram.com\/beevolutionx\/","https:\/\/www.tiktok.com\/@beevolutionx"]}]}},"jetpack_sharing_enabled":true,"_links":{"self":[{"href":"https:\/\/beevolutionx.com\/de\/wp-json\/wp\/v2\/product\/667","targetHints":{"allow":["GET"]}}],"collection":[{"href":"https:\/\/beevolutionx.com\/de\/wp-json\/wp\/v2\/product"}],"about":[{"href":"https:\/\/beevolutionx.com\/de\/wp-json\/wp\/v2\/types\/product"}],"wp:featuredmedia":[{"embeddable":true,"href":"https:\/\/beevolutionx.com\/de\/wp-json\/wp\/v2\/media\/68"}],"wp:attachment":[{"href":"https:\/\/beevolutionx.com\/de\/wp-json\/wp\/v2\/media?parent=667"}],"wp:term":[{"taxonomy":"product_brand","embeddable":true,"href":"https:\/\/beevolutionx.com\/de\/wp-json\/wp\/v2\/product_brand?post=667"},{"taxonomy":"product_cat","embeddable":true,"href":"https:\/\/beevolutionx.com\/de\/wp-json\/wp\/v2\/product_cat?post=667"},{"taxonomy":"product_tag","embeddable":true,"href":"https:\/\/beevolutionx.com\/de\/wp-json\/wp\/v2\/product_tag?post=667"}],"curies":[{"name":"wp","href":"https:\/\/api.w.org\/{rel}","templated":true}]}}