{"id":1874,"date":"2025-10-22T23:40:42","date_gmt":"2025-10-22T21:40:42","guid":{"rendered":"https:\/\/beevolutionx.com\/?post_type=product&#038;p=1874"},"modified":"2026-04-29T07:01:50","modified_gmt":"2026-04-29T05:01:50","slug":"epp-rbc-cushion","status":"publish","type":"product","link":"https:\/\/beevolutionx.com\/en\/boutique\/isolation-rbc\/dadant\/coussin-epp-rbc\/","title":{"rendered":"EPP 430\u00d7500\u00d750 RBC\u00ae cushion - Hive insulation"},"content":{"rendered":"<h2 data-start=\"265\" data-end=\"326\">Insulating cushion 430\u00d7500\u00d750 RBC<strong data-start=\"607\" data-end=\"642\">\u00ae<\/strong><\/h2>\n<p data-start=\"328\" data-end=\"757\">Le <strong data-start=\"331\" data-end=\"373\">Insulating cushion 430\u00d7500\u00d750 RBC\u00ae<\/strong> is an essential element of the system <strong data-start=\"410\" data-end=\"445\">Low Consumption Hive (RBC\u00ae)<\/strong> developed by <strong data-start=\"460\" data-end=\"476\">BeevolutionX<\/strong>.<br data-start=\"477\" data-end=\"480\" \/>Made by <strong data-start=\"493\" data-end=\"512\">ICKO Apiculture<\/strong> according to the <strong data-start=\"522\" data-end=\"557\">BeevolutionX Specification Document<\/strong>, it guarantees consistent quality and optimal insulation.<br data-start=\"619\" data-end=\"622\" \/>The cushion is placed directly <strong data-start=\"654\" data-end=\"687\">on the scarf and under the roof<\/strong> from the hive so <strong data-start=\"705\" data-end=\"741\">to improve thermal comfort<\/strong> colonies.<\/p>\n<p data-start=\"759\" data-end=\"923\">Thanks to its innovative material <strong data-start=\"792\" data-end=\"823\">EPP<\/strong>, it ensures a <strong data-start=\"839\" data-end=\"864\">High-performance isolation<\/strong>, while remaining <strong data-start=\"882\" data-end=\"920\">lightweight, durable and 100 % recyclable<\/strong>.<\/p>\n<hr data-start=\"925\" data-end=\"928\" \/>\n<h3 data-start=\"930\" data-end=\"997\">\u2699\ufe0f Technical specifications of the cushion<\/h3>\n<ul data-start=\"999\" data-end=\"1355\">\n<li data-start=\"999\" data-end=\"1043\">\n<p data-start=\"1001\" data-end=\"1043\"><strong data-start=\"1001\" data-end=\"1017\">Dimensions:<\/strong> 430 mm x 500 mm x 50 mm<\/p>\n<\/li>\n<li data-start=\"1044\" data-end=\"1104\">\n<p data-start=\"1046\" data-end=\"1104\"><strong data-start=\"1046\" data-end=\"1060\">Material :<\/strong> High-density EPP (Expanded Polypropylene)<\/p>\n<\/li>\n<li data-start=\"1105\" data-end=\"1147\">\n<p data-start=\"1107\" data-end=\"1147\"><strong data-start=\"1107\" data-end=\"1118\">Weight:<\/strong> ultra-light, around 200g<\/p>\n<\/li>\n<li data-start=\"1148\" data-end=\"1221\">\n<p data-start=\"1150\" data-end=\"1221\"><strong data-start=\"1150\" data-end=\"1169\">Compatibility<\/strong> Pleats <strong data-start=\"1177\" data-end=\"1187\">Dadant 10c<\/strong><\/p>\n<\/li>\n<li data-start=\"1222\" data-end=\"1270\">\n<p data-start=\"1224\" data-end=\"1270\"><strong data-start=\"1224\" data-end=\"1238\">Function<\/strong> reinforced thermal insulation<\/p>\n<\/li>\n<li data-start=\"1271\" data-end=\"1355\">\n<p data-start=\"1273\" data-end=\"1355\"><strong data-start=\"1273\" data-end=\"1290\">Manufacture<\/strong> Designed in Italy, to the BeevolutionX specification<\/p>\n<\/li>\n<\/ul>\n<hr data-start=\"1357\" data-end=\"1360\" \/>\n<h3 data-start=\"1362\" data-end=\"1403\">\ud83d\udca1 Benefits of the RBC insulation cushion<strong data-start=\"607\" data-end=\"642\">\u00ae<\/strong><\/h3>\n<ul data-start=\"1405\" data-end=\"1847\">\n<li data-start=\"1405\" data-end=\"1460\">\n<p data-start=\"1407\" data-end=\"1460\"><strong data-start=\"1407\" data-end=\"1441\">Excellent thermal insulation<\/strong>, summer and winter<\/p>\n<\/li>\n<li data-start=\"1461\" data-end=\"1547\">\n<p data-start=\"1463\" data-end=\"1547\"><strong data-start=\"1463\" data-end=\"1497\">Energy loss reduction<\/strong> and better retention of internal heat<\/p>\n<\/li>\n<li data-start=\"1548\" data-end=\"1619\">\n<p data-start=\"1550\" data-end=\"1619\"><strong data-start=\"1550\" data-end=\"1589\">Rot-proof and resistant material<\/strong> to ants and damp<\/p>\n<\/li>\n<li data-start=\"1620\" data-end=\"1690\">\n<p data-start=\"1622\" data-end=\"1690\"><strong data-start=\"1622\" data-end=\"1658\">No mould or deformation<\/strong>, even after several seasons<\/p>\n<\/li>\n<li data-start=\"1691\" data-end=\"1756\">\n<p data-start=\"1693\" data-end=\"1756\"><strong data-start=\"1693\" data-end=\"1718\">Eco-friendly and sustainable <\/strong>and fully recyclable<\/p>\n<\/li>\n<li data-start=\"1757\" data-end=\"1847\">\n<p data-start=\"1759\" data-end=\"1847\"><strong data-start=\"1759\" data-end=\"1773\">Compatible<\/strong> with the other elements <strong data-start=\"1799\" data-end=\"1815\">BeevolutionX<\/strong> scarf, film, PIHPgm, etc.<\/p>\n<\/li>\n<\/ul>\n<hr data-start=\"1849\" data-end=\"1852\" \/>\n<h3 data-start=\"1854\" data-end=\"1887\">\ud83e\udded Usage and maintenance<\/h3>\n<p data-start=\"1889\" data-end=\"2232\">Place the <strong data-start=\"1899\" data-end=\"1941\">Insulating cushion 430\u00d7500\u00d750 RBC\u00ae<\/strong> directly <strong data-start=\"1954\" data-end=\"1987\">on the scarf and under the roof<\/strong> from the hive.<br data-start=\"2000\" data-end=\"2003\" \/><strong data-start=\"2003\" data-end=\"2012\">So<\/strong>, This effectively limits heat loss and stabilises the hive's temperature.<br data-start=\"2104\" data-end=\"2107\" \/>For optimal results, combine it with a <strong data-start=\"2154\" data-end=\"2184\">thermo-reflective scarf<\/strong> and some <strong data-start=\"2192\" data-end=\"2229\">BeevolutionX insulating partitions<\/strong>.<\/p>\n<p data-start=\"2234\" data-end=\"2437\">The interview is very simple: a <strong data-start=\"2267\" data-end=\"2293\">freshwater rinse<\/strong> is enough for cleaning.<br data-start=\"2319\" data-end=\"2322\" \/>Its smooth surface prevents the adhesion of wax and propolis, ensuring a <strong data-start=\"2406\" data-end=\"2434\">exceptional longevity<\/strong>.<\/p>\n<hr data-start=\"2439\" data-end=\"2442\" \/>\n<h3 data-start=\"2444\" data-end=\"2494\">\ud83d\udc1d Sustainable insulation by BeevolutionX<\/h3>\n<p data-start=\"2496\" data-end=\"2772\">Designed to last, the <strong data-start=\"2517\" data-end=\"2548\">cushion<\/strong> offer your bees comfort close to that of a tree trunk.<br data-start=\"2614\" data-end=\"2617\" \/>It fits perfectly into the approach <strong data-start=\"2660\" data-end=\"2694\">RBC\u00ae \u2013 Low Energy Hive\u00ae<\/strong>, providing insulation <strong data-start=\"2723\" data-end=\"2769\">high-performing, eco-friendly and professional<\/strong>.<\/p>\n<p data-start=\"2774\" data-end=\"2946\">\ud83d\udcd8 Also discover:<br data-start=\"2794\" data-end=\"2797\" \/>\ud83d\udc49 <a class=\"decorated-link cursor-pointer\" target=\"_new\" rel=\"noopener\" data-start=\"2800\" data-end=\"2944\"><strong data-start=\"2801\" data-end=\"2857\">BeevolutionX 47cm Thermo-reflective Film (per metre)<\/strong><\/a><\/p>\n<h3>\ud83e\uddea Comparison of insulation materials<\/h3>\n<p><strong>\ud83d\udc49 Differences between the various materials used for hive cushions:<\/strong><\/p>\n<div style=\"position: relative; width: 100%; max-width: 400px; margin: 20px auto;\">\n  <iframe src=\"https:\/\/www.youtube.com\/embed\/HV4S52rAxj4\"\n  style=\"width: 100%; height: 700px;\"\n  frameborder=\"0\" allowfullscreen><\/iframe>\n<\/div>\n<p style=\"text-align:center; font-style:italic;\">\nUnderstanding the differences between XPS, EPP, and other materials for making the right insulation choice.<\/p>","protected":false},"excerpt":{"rendered":"<p><span style=\"color: #c00; font-weight: bold;\">Available on demand \u2013 allow time for this.<br \/>\n<\/span><br \/>\nCushion 430\u00d7500\u00d750 mm RBC\u00ae.<br data-start=\"3496\" data-end=\"3499\" \/>Made by <strong data-start=\"3514\" data-end=\"3522\">ICKO<\/strong> as per the specifications <strong>BeevolutionX<\/strong>. Lightweight, durable and recyclable, it offers optimal insulation for Dadant and RBC hives<strong data-start=\"607\" data-end=\"642\">\u00ae<\/strong>.<\/p>\n<p><strong>Understanding the benefits of the RBC insulating cushion:<\/strong><\/p>\n<p style=\"text-align:center; font-style:italic;\">\nThe EPP cushion offers thermal performance equivalent to other RBC insulation solutions, with the advantage of being lightweight, durable, and insensitive to moisture.\n<\/p>\n<div style=\"position: relative; width: 100%; max-width: 400px; margin: 10px auto;\">\n  <iframe src=\"https:\/\/www.youtube.com\/embed\/hLcXsCzL7uc\"\n  style=\"width: 100%; height: 700px;\"\n  frameborder=\"0\" allowfullscreen><\/iframe>\n<\/div>","protected":false},"featured_media":1862,"template":"","meta":{"_et_pb_use_builder":"","_et_pb_old_content":"","_et_gb_content_width":""},"product_brand":[33],"product_cat":[41,34],"product_tag":[],"class_list":{"0":"post-1874","1":"product","2":"type-product","3":"status-publish","4":"has-post-thumbnail","6":"product_brand-icko-apiculture","7":"product_cat-dadant","8":"product_cat-isolation-rbc","9":"product_shipping_class-volumineux","11":"first","12":"onbackorder","13":"taxable","14":"shipping-taxable","15":"purchasable","16":"product-type-simple"},"yoast_head":"<!-- This site is optimized with the Yoast SEO plugin v27.5 - https:\/\/yoast.com\/product\/yoast-seo-wordpress\/ -->\n<title>Coussin EPP 430\u00d7500\u00d750 RBC\u00ae \u2013 Isolation ruche - BeevolutionX<\/title>\n<meta name=\"description\" content=\"Coussin RBC\u00ae 430\u00d7500\u00d750 mm. Fabriqu\u00e9 par ICKO selon le cahier des charges BeevolutionX. L\u00e9ger, durable et 100 % recyclable.\" \/>\n<meta name=\"robots\" content=\"index, follow, max-snippet:-1, max-image-preview:large, max-video-preview:-1\" \/>\n<link rel=\"canonical\" href=\"https:\/\/beevolutionx.com\/en\/shop\/red-blood-cell-isolation\/dadant\/epp-rbc-cushion\/\" \/>\n<meta property=\"og:locale\" content=\"en_GB\" \/>\n<meta property=\"og:type\" content=\"article\" \/>\n<meta property=\"og:title\" content=\"Coussin EPP 430\u00d7500\u00d750 RBC\u00ae \u2013 Isolation ruche - BeevolutionX\" \/>\n<meta property=\"og:description\" content=\"Coussin RBC\u00ae 430\u00d7500\u00d750 mm. Fabriqu\u00e9 par ICKO selon le cahier des charges BeevolutionX. L\u00e9ger, durable et 100 % recyclable.\" \/>\n<meta property=\"og:url\" content=\"https:\/\/beevolutionx.com\/en\/shop\/red-blood-cell-isolation\/dadant\/epp-rbc-cushion\/\" \/>\n<meta property=\"og:site_name\" content=\"BeevolutionX\" \/>\n<meta property=\"article:publisher\" content=\"https:\/\/www.facebook.com\/profile.php?id=61556152756378\" \/>\n<meta property=\"article:modified_time\" content=\"2026-04-29T05:01:50+00:00\" \/>\n<meta property=\"og:image\" content=\"https:\/\/beevolutionx.com\/wp-content\/uploads\/2025\/10\/20251020_101229-1024x921.png\" \/>\n\t<meta property=\"og:image:width\" content=\"1024\" \/>\n\t<meta property=\"og:image:height\" content=\"921\" \/>\n\t<meta property=\"og:image:type\" content=\"image\/png\" \/>\n<meta name=\"twitter:card\" content=\"summary_large_image\" \/>\n<meta name=\"twitter:label1\" content=\"Estimated reading time\" \/>\n\t<meta name=\"twitter:data1\" content=\"2 minutes\" \/>\n<script type=\"application\/ld+json\" class=\"yoast-schema-graph\">{\"@context\":\"https:\\\/\\\/schema.org\",\"@graph\":[{\"@type\":\"WebPage\",\"@id\":\"https:\\\/\\\/beevolutionx.com\\\/boutique\\\/isolation-rbc\\\/dadant\\\/coussin-epp-rbc\\\/\",\"url\":\"https:\\\/\\\/beevolutionx.com\\\/boutique\\\/isolation-rbc\\\/dadant\\\/coussin-epp-rbc\\\/\",\"name\":\"Coussin EPP 430\u00d7500\u00d750 RBC\u00ae \u2013 Isolation ruche - BeevolutionX\",\"isPartOf\":{\"@id\":\"https:\\\/\\\/beevolutionx.com\\\/#website\"},\"primaryImageOfPage\":{\"@id\":\"https:\\\/\\\/beevolutionx.com\\\/boutique\\\/isolation-rbc\\\/dadant\\\/coussin-epp-rbc\\\/#primaryimage\"},\"image\":{\"@id\":\"https:\\\/\\\/beevolutionx.com\\\/boutique\\\/isolation-rbc\\\/dadant\\\/coussin-epp-rbc\\\/#primaryimage\"},\"thumbnailUrl\":\"https:\\\/\\\/i0.wp.com\\\/beevolutionx.com\\\/wp-content\\\/uploads\\\/2025\\\/10\\\/20251020_101229.png?fit=2206%2C1984&ssl=1\",\"datePublished\":\"2025-10-22T21:40:42+00:00\",\"dateModified\":\"2026-04-29T05:01:50+00:00\",\"description\":\"Coussin RBC\u00ae 430\u00d7500\u00d750 mm. Fabriqu\u00e9 par ICKO selon le cahier des charges BeevolutionX. L\u00e9ger, durable et 100 % recyclable.\",\"breadcrumb\":{\"@id\":\"https:\\\/\\\/beevolutionx.com\\\/boutique\\\/isolation-rbc\\\/dadant\\\/coussin-epp-rbc\\\/#breadcrumb\"},\"inLanguage\":\"en-GB\",\"potentialAction\":[{\"@type\":\"ReadAction\",\"target\":[\"https:\\\/\\\/beevolutionx.com\\\/boutique\\\/isolation-rbc\\\/dadant\\\/coussin-epp-rbc\\\/\"]}]},{\"@type\":\"ImageObject\",\"inLanguage\":\"en-GB\",\"@id\":\"https:\\\/\\\/beevolutionx.com\\\/boutique\\\/isolation-rbc\\\/dadant\\\/coussin-epp-rbc\\\/#primaryimage\",\"url\":\"https:\\\/\\\/i0.wp.com\\\/beevolutionx.com\\\/wp-content\\\/uploads\\\/2025\\\/10\\\/20251020_101229.png?fit=2206%2C1984&ssl=1\",\"contentUrl\":\"https:\\\/\\\/i0.wp.com\\\/beevolutionx.com\\\/wp-content\\\/uploads\\\/2025\\\/10\\\/20251020_101229.png?fit=2206%2C1984&ssl=1\",\"width\":2206,\"height\":1984},{\"@type\":\"BreadcrumbList\",\"@id\":\"https:\\\/\\\/beevolutionx.com\\\/boutique\\\/isolation-rbc\\\/dadant\\\/coussin-epp-rbc\\\/#breadcrumb\",\"itemListElement\":[{\"@type\":\"ListItem\",\"position\":1,\"name\":\"Accueil\",\"item\":\"https:\\\/\\\/beevolutionx.com\\\/\"},{\"@type\":\"ListItem\",\"position\":2,\"name\":\"Boutique\",\"item\":\"https:\\\/\\\/beevolutionx.com\\\/boutique\\\/\"},{\"@type\":\"ListItem\",\"position\":3,\"name\":\"Coussin EPP 430\u00d7500\u00d750 RBC\u00ae \u2013 Isolation ruche\"}]},{\"@type\":\"WebSite\",\"@id\":\"https:\\\/\\\/beevolutionx.com\\\/#website\",\"url\":\"https:\\\/\\\/beevolutionx.com\\\/\",\"name\":\"BeevolutionX\",\"description\":\"Le site officiel de la Ruche Basse Consommation\u00ae (RBC\u00ae)\",\"publisher\":{\"@id\":\"https:\\\/\\\/beevolutionx.com\\\/#organization\"},\"potentialAction\":[{\"@type\":\"SearchAction\",\"target\":{\"@type\":\"EntryPoint\",\"urlTemplate\":\"https:\\\/\\\/beevolutionx.com\\\/?s={search_term_string}\"},\"query-input\":{\"@type\":\"PropertyValueSpecification\",\"valueRequired\":true,\"valueName\":\"search_term_string\"}}],\"inLanguage\":\"en-GB\"},{\"@type\":\"Organization\",\"@id\":\"https:\\\/\\\/beevolutionx.com\\\/#organization\",\"name\":\"BeevolutionX\",\"url\":\"https:\\\/\\\/beevolutionx.com\\\/\",\"logo\":{\"@type\":\"ImageObject\",\"inLanguage\":\"en-GB\",\"@id\":\"https:\\\/\\\/beevolutionx.com\\\/#\\\/schema\\\/logo\\\/image\\\/\",\"url\":\"https:\\\/\\\/beevolutionx.com\\\/wp-content\\\/uploads\\\/2025\\\/01\\\/BEEVOLUTION-X-LOGO-FINAL-tech-bleu.png\",\"contentUrl\":\"https:\\\/\\\/beevolutionx.com\\\/wp-content\\\/uploads\\\/2025\\\/01\\\/BEEVOLUTION-X-LOGO-FINAL-tech-bleu.png\",\"width\":1114,\"height\":1080,\"caption\":\"BeevolutionX\"},\"image\":{\"@id\":\"https:\\\/\\\/beevolutionx.com\\\/#\\\/schema\\\/logo\\\/image\\\/\"},\"sameAs\":[\"https:\\\/\\\/www.facebook.com\\\/profile.php?id=61556152756378\",\"https:\\\/\\\/www.youtube.com\\\/results?search_query=beevolutionx\",\"https:\\\/\\\/www.instagram.com\\\/beevolutionx\\\/\",\"https:\\\/\\\/www.tiktok.com\\\/@beevolutionx\"]}]}<\/script>\n<!-- \/ Yoast SEO plugin. -->","yoast_head_json":{"title":"EPP Cushion 430\u00d7500\u00d750 RBC\u00ae \u2013 Hive Insulation - BeevolutionX","description":"RBC\u00ae Cushion 430\u00d7500\u00d750 mm. Manufactured by ICKO to BeevolutionX specifications. Lightweight, durable and 100% % recyclable.","robots":{"index":"index","follow":"follow","max-snippet":"max-snippet:-1","max-image-preview":"max-image-preview:large","max-video-preview":"max-video-preview:-1"},"canonical":"https:\/\/beevolutionx.com\/en\/shop\/red-blood-cell-isolation\/dadant\/epp-rbc-cushion\/","og_locale":"en_GB","og_type":"article","og_title":"Coussin EPP 430\u00d7500\u00d750 RBC\u00ae \u2013 Isolation ruche - BeevolutionX","og_description":"Coussin RBC\u00ae 430\u00d7500\u00d750 mm. Fabriqu\u00e9 par ICKO selon le cahier des charges BeevolutionX. L\u00e9ger, durable et 100 % recyclable.","og_url":"https:\/\/beevolutionx.com\/en\/shop\/red-blood-cell-isolation\/dadant\/epp-rbc-cushion\/","og_site_name":"BeevolutionX","article_publisher":"https:\/\/www.facebook.com\/profile.php?id=61556152756378","article_modified_time":"2026-04-29T05:01:50+00:00","og_image":[{"width":1024,"height":921,"url":"https:\/\/beevolutionx.com\/wp-content\/uploads\/2025\/10\/20251020_101229-1024x921.png","type":"image\/png"}],"twitter_card":"summary_large_image","twitter_misc":{"Estimated reading time":"2 minutes"},"schema":{"@context":"https:\/\/schema.org","@graph":[{"@type":"WebPage","@id":"https:\/\/beevolutionx.com\/boutique\/isolation-rbc\/dadant\/coussin-epp-rbc\/","url":"https:\/\/beevolutionx.com\/boutique\/isolation-rbc\/dadant\/coussin-epp-rbc\/","name":"EPP Cushion 430\u00d7500\u00d750 RBC\u00ae \u2013 Hive Insulation - BeevolutionX","isPartOf":{"@id":"https:\/\/beevolutionx.com\/#website"},"primaryImageOfPage":{"@id":"https:\/\/beevolutionx.com\/boutique\/isolation-rbc\/dadant\/coussin-epp-rbc\/#primaryimage"},"image":{"@id":"https:\/\/beevolutionx.com\/boutique\/isolation-rbc\/dadant\/coussin-epp-rbc\/#primaryimage"},"thumbnailUrl":"https:\/\/i0.wp.com\/beevolutionx.com\/wp-content\/uploads\/2025\/10\/20251020_101229.png?fit=2206%2C1984&ssl=1","datePublished":"2025-10-22T21:40:42+00:00","dateModified":"2026-04-29T05:01:50+00:00","description":"RBC\u00ae Cushion 430\u00d7500\u00d750 mm. Manufactured by ICKO to BeevolutionX specifications. Lightweight, durable and 100% % recyclable.","breadcrumb":{"@id":"https:\/\/beevolutionx.com\/boutique\/isolation-rbc\/dadant\/coussin-epp-rbc\/#breadcrumb"},"inLanguage":"en-GB","potentialAction":[{"@type":"ReadAction","target":["https:\/\/beevolutionx.com\/boutique\/isolation-rbc\/dadant\/coussin-epp-rbc\/"]}]},{"@type":"ImageObject","inLanguage":"en-GB","@id":"https:\/\/beevolutionx.com\/boutique\/isolation-rbc\/dadant\/coussin-epp-rbc\/#primaryimage","url":"https:\/\/i0.wp.com\/beevolutionx.com\/wp-content\/uploads\/2025\/10\/20251020_101229.png?fit=2206%2C1984&ssl=1","contentUrl":"https:\/\/i0.wp.com\/beevolutionx.com\/wp-content\/uploads\/2025\/10\/20251020_101229.png?fit=2206%2C1984&ssl=1","width":2206,"height":1984},{"@type":"BreadcrumbList","@id":"https:\/\/beevolutionx.com\/boutique\/isolation-rbc\/dadant\/coussin-epp-rbc\/#breadcrumb","itemListElement":[{"@type":"ListItem","position":1,"name":"Accueil","item":"https:\/\/beevolutionx.com\/"},{"@type":"ListItem","position":2,"name":"Boutique","item":"https:\/\/beevolutionx.com\/boutique\/"},{"@type":"ListItem","position":3,"name":"Coussin EPP 430\u00d7500\u00d750 RBC\u00ae \u2013 Isolation ruche"}]},{"@type":"WebSite","@id":"https:\/\/beevolutionx.com\/#website","url":"https:\/\/beevolutionx.com\/","name":"BeevolutionX","description":"The official website of the Low Consumption Hive\u00ae (RBC\u00ae)","publisher":{"@id":"https:\/\/beevolutionx.com\/#organization"},"potentialAction":[{"@type":"SearchAction","target":{"@type":"EntryPoint","urlTemplate":"https:\/\/beevolutionx.com\/?s={search_term_string}"},"query-input":{"@type":"PropertyValueSpecification","valueRequired":true,"valueName":"search_term_string"}}],"inLanguage":"en-GB"},{"@type":"Organization","@id":"https:\/\/beevolutionx.com\/#organization","name":"BeevolutionX","url":"https:\/\/beevolutionx.com\/","logo":{"@type":"ImageObject","inLanguage":"en-GB","@id":"https:\/\/beevolutionx.com\/#\/schema\/logo\/image\/","url":"https:\/\/beevolutionx.com\/wp-content\/uploads\/2025\/01\/BEEVOLUTION-X-LOGO-FINAL-tech-bleu.png","contentUrl":"https:\/\/beevolutionx.com\/wp-content\/uploads\/2025\/01\/BEEVOLUTION-X-LOGO-FINAL-tech-bleu.png","width":1114,"height":1080,"caption":"BeevolutionX"},"image":{"@id":"https:\/\/beevolutionx.com\/#\/schema\/logo\/image\/"},"sameAs":["https:\/\/www.facebook.com\/profile.php?id=61556152756378","https:\/\/www.youtube.com\/results?search_query=beevolutionx","https:\/\/www.instagram.com\/beevolutionx\/","https:\/\/www.tiktok.com\/@beevolutionx"]}]}},"jetpack_sharing_enabled":true,"_links":{"self":[{"href":"https:\/\/beevolutionx.com\/en\/wp-json\/wp\/v2\/product\/1874","targetHints":{"allow":["GET"]}}],"collection":[{"href":"https:\/\/beevolutionx.com\/en\/wp-json\/wp\/v2\/product"}],"about":[{"href":"https:\/\/beevolutionx.com\/en\/wp-json\/wp\/v2\/types\/product"}],"wp:featuredmedia":[{"embeddable":true,"href":"https:\/\/beevolutionx.com\/en\/wp-json\/wp\/v2\/media\/1862"}],"wp:attachment":[{"href":"https:\/\/beevolutionx.com\/en\/wp-json\/wp\/v2\/media?parent=1874"}],"wp:term":[{"taxonomy":"product_brand","embeddable":true,"href":"https:\/\/beevolutionx.com\/en\/wp-json\/wp\/v2\/product_brand?post=1874"},{"taxonomy":"product_cat","embeddable":true,"href":"https:\/\/beevolutionx.com\/en\/wp-json\/wp\/v2\/product_cat?post=1874"},{"taxonomy":"product_tag","embeddable":true,"href":"https:\/\/beevolutionx.com\/en\/wp-json\/wp\/v2\/product_tag?post=1874"}],"curies":[{"name":"wp","href":"https:\/\/api.w.org\/{rel}","templated":true}]}}