{"id":209,"date":"2025-01-24T17:46:07","date_gmt":"2025-01-24T16:46:07","guid":{"rendered":"https:\/\/beevolutionx.com\/?page_id=209"},"modified":"2025-01-24T17:47:09","modified_gmt":"2025-01-24T16:47:09","slug":"mentions-legales","status":"publish","type":"page","link":"https:\/\/beevolutionx.com\/es\/mentions-legales\/","title":{"rendered":"Menciones legales"},"content":{"rendered":"<p>[et_pb_section fb_built=\u00a0\u00bb1&Prime; theme_builder_area=\u00a0\u00bbpost_content\u00a0\u00bb _builder_version=\u00a0\u00bb4.27.4&Prime; _module_preset=\u00a0\u00bbdefault\u00a0\u00bb][et_pb_row _builder_version=\u00a0\u00bb4.27.4&Prime; _module_preset=\u00a0\u00bbdefault\u00a0\u00bb theme_builder_area=\u00a0\u00bbpost_content\u00a0\u00bb][et_pb_column _builder_version=\u00a0\u00bb4.27.4&Prime; _module_preset=\u00a0\u00bbdefault\u00a0\u00bb type=\u00a0\u00bb4_4&Prime; theme_builder_area=\u00a0\u00bbpost_content\u00a0\u00bb][et_pb_text _builder_version=\u00a0\u00bb4.27.4&Prime; _module_preset=\u00a0\u00bbdefault\u00a0\u00bb theme_builder_area=\u00a0\u00bbpost_content\u00a0\u00bb hover_enabled=\u00a0\u00bb0&Prime; sticky_enabled=\u00a0\u00bb0&Prime;]<\/p>\n<h1 data-pm-slice=\"1 1 []\"><span>Mentions l\u00e9gales<\/span><\/h1>\n<ol data-spread=\"false\" start=\"1\">\n<li>\n<p><span>Informations g\u00e9n\u00e9rales <\/span><span><br \/><\/span><span><\/span><span>Le site internet beevolutionx.com (ci-apr\u00e8s \u00ab le Site \u00bb) est \u00e9dit\u00e9 par BeevolutionX Tech, immatricul\u00e9e au num\u00e9ro 939430914 et dont le si\u00e8ge social est situ\u00e9 au 6102b route de St Pons, Combres Bel Air, 34330 La Salvetat-sur-Agout, France.<\/span><\/p>\n<\/li>\n<\/ol>\n<p><span><strong>Coordonn\u00e9es :<\/strong><\/span><\/p>\n<ul data-spread=\"false\">\n<li>\n<p><span>Adresse e-mail : <\/span><span><a disabled=\"disabled\">contact@beevolutionx.com<\/a><\/span><\/p>\n<\/li>\n<li>\n<p><span>Num\u00e9ro de t\u00e9l\u00e9phone : non communiqu\u00e9<\/span><\/p>\n<\/li>\n<\/ul>\n<ol data-spread=\"true\" start=\"2\">\n<li>\n<p><span>Responsable de la publication Le responsable de la publication est M. Damien Merit.<\/span><\/p>\n<\/li>\n<li>\n<p><span>H\u00e9bergeur Le Site est h\u00e9berg\u00e9 par la soci\u00e9t\u00e9 OVH :<\/span><\/p>\n<\/li>\n<\/ol>\n<ul data-spread=\"false\">\n<li>\n<p><span>Adresse : 2 rue Kellermann, 59100 Roubaix, France<\/span><\/p>\n<\/li>\n<li>\n<p><span>T\u00e9l\u00e9phone : +33 (0)9 72 10 10 07<\/span><\/p>\n<\/li>\n<li>\n<p><span>Site internet : <\/span><span><a disabled=\"disabled\">www.ovh.com<\/a><\/span><\/p>\n<\/li>\n<\/ul>\n<ol data-spread=\"false\" start=\"4\">\n<li>\n<p><span>Propri\u00e9t\u00e9 intellectuelle Tout le contenu pr\u00e9sent sur le Site, incluant notamment les textes, images, logos, vid\u00e9os et graphismes, est prot\u00e9g\u00e9 par les lois en vigueur sur la propri\u00e9t\u00e9 intellectuelle.<\/span><\/p>\n<\/li>\n<\/ol>\n<p><span>Toute reproduction, repr\u00e9sentation, modification, publication ou adaptation des \u00e9l\u00e9ments du Site, quelle qu\u2019en soit la forme, est interdite sans l\u2019autorisation \u00e9crite pr\u00e9alable de BeevolutionX Tech.<\/span><\/p>\n<ol data-spread=\"false\" start=\"5\">\n<li>\n<p><span>Donn\u00e9es personnelles Conform\u00e9ment au R\u00e8glement G\u00e9n\u00e9ral sur la Protection des Donn\u00e9es (RGPD), BeevolutionX Tech collecte et traite des donn\u00e9es personnelles dans le respect des dispositions l\u00e9gales en vigueur.<\/span><\/p>\n<\/li>\n<\/ol>\n<p><span><strong>Donn\u00e9es collect\u00e9es :<\/strong><\/span><span> Les donn\u00e9es collect\u00e9es via le formulaire de contact, les commandes ou les cookies sont destin\u00e9es \u00e0 la gestion des relations commerciales et \u00e0 l\u2019am\u00e9lioration de l\u2019exp\u00e9rience utilisateur.<\/span><\/p>\n<p><span><strong>Droits des utilisateurs :<\/strong><\/span><\/p>\n<ul data-spread=\"false\">\n<li>\n<p><span>Acc\u00e8s, rectification, suppression des donn\u00e9es.<\/span><\/p>\n<\/li>\n<li>\n<p><span>Opposition au traitement des donn\u00e9es personnelles.<\/span><\/p>\n<\/li>\n<li>\n<p><span>Portabilit\u00e9 des donn\u00e9es.<\/span><\/p>\n<\/li>\n<\/ul>\n<p><span>Pour toute demande relative \u00e0 vos donn\u00e9es personnelles, vous pouvez contacter BeevolutionX Tech \u00e0 l\u2019adresse suivante : <\/span><span><a disabled=\"disabled\">contact@beevolutionx.com<\/a><\/span><\/p>\n<ol data-spread=\"true\" start=\"6\">\n<li>\n<p><span>Cookies Le Site utilise des cookies pour assurer son bon fonctionnement et am\u00e9liorer votre exp\u00e9rience de navigation. Vous pouvez configurer vos pr\u00e9f\u00e9rences de cookies via votre navigateur.<\/span><\/p>\n<\/li>\n<li>\n<p><span>Responsabilit\u00e9 BeevolutionX Tech ne peut \u00eatre tenue responsable des dommages directs ou indirects caus\u00e9s au mat\u00e9riel de l\u2019utilisateur lors de l\u2019acc\u00e8s au Site, ni des dommages cons\u00e9cutifs \u00e0 l\u2019utilisation du Site.<\/span><\/p>\n<\/li>\n<li>\n<p><span>Contact Pour toute question ou information, vous pouvez contacter BeevolutionX Tech :<\/span><\/p>\n<\/li>\n<\/ol>\n<ul data-spread=\"false\">\n<li>\n<p><span>Adresse : 6102b route de St Pons, Combres Bel Air, 34330 La Salvetat-sur-Agout, France<\/span><\/p>\n<\/li>\n<li>\n<p><span>Email : <\/span><span><a disabled=\"disabled\">contact@beevolutionx.com<\/a><\/span><\/p>\n<\/li>\n<\/ul>\n<p><span>Ces mentions l\u00e9gales sont valables \u00e0 compter du 01\/01\/2025.<\/span><\/p>\n<p>[\/et_pb_text][\/et_pb_column][\/et_pb_row][\/et_pb_section]<\/p>\n","protected":false},"excerpt":{"rendered":"<p>Mentions l\u00e9gales Informations g\u00e9n\u00e9rales Le site internet beevolutionx.com (ci-apr\u00e8s \u00ab le Site \u00bb) est \u00e9dit\u00e9 par BeevolutionX Tech, immatricul\u00e9e au num\u00e9ro 939430914 et dont le si\u00e8ge social est situ\u00e9 au 6102b route de St Pons, Combres Bel Air, 34330 La Salvetat-sur-Agout, France. Coordonn\u00e9es : Adresse e-mail : contact@beevolutionx.com Num\u00e9ro de t\u00e9l\u00e9phone : non communiqu\u00e9 Responsable [&hellip;]<\/p>\n","protected":false},"author":1,"featured_media":0,"parent":0,"menu_order":0,"comment_status":"closed","ping_status":"closed","template":"","meta":{"_et_pb_use_builder":"on","_et_pb_old_content":"","_et_gb_content_width":"","footnotes":""},"class_list":["post-209","page","type-page","status-publish","hentry"],"yoast_head":"<!-- This site is optimized with the Yoast SEO plugin v27.4 - https:\/\/yoast.com\/product\/yoast-seo-wordpress\/ -->\n<title>Mention l\u00e9gales - BeevolutionX<\/title>\n<meta name=\"robots\" content=\"index, follow, max-snippet:-1, max-image-preview:large, max-video-preview:-1\" \/>\n<link rel=\"canonical\" href=\"https:\/\/beevolutionx.com\/es\/mentions-legales\/\" \/>\n<meta property=\"og:locale\" content=\"es_ES\" \/>\n<meta property=\"og:type\" content=\"article\" \/>\n<meta property=\"og:title\" content=\"Mention l\u00e9gales - BeevolutionX\" \/>\n<meta property=\"og:description\" content=\"Mentions l\u00e9gales Informations g\u00e9n\u00e9rales Le site internet beevolutionx.com (ci-apr\u00e8s \u00ab le Site \u00bb) est \u00e9dit\u00e9 par BeevolutionX Tech, immatricul\u00e9e au num\u00e9ro 939430914 et dont le si\u00e8ge social est situ\u00e9 au 6102b route de St Pons, Combres Bel Air, 34330 La Salvetat-sur-Agout, France. Coordonn\u00e9es : Adresse e-mail : contact@beevolutionx.com Num\u00e9ro de t\u00e9l\u00e9phone : non communiqu\u00e9 Responsable [&hellip;]\" \/>\n<meta property=\"og:url\" content=\"https:\/\/beevolutionx.com\/es\/mentions-legales\/\" \/>\n<meta property=\"og:site_name\" content=\"BeevolutionX\" \/>\n<meta property=\"article:publisher\" content=\"https:\/\/www.facebook.com\/profile.php?id=61556152756378\" \/>\n<meta property=\"article:modified_time\" content=\"2025-01-24T16:47:09+00:00\" \/>\n<meta property=\"og:image\" content=\"https:\/\/i0.wp.com\/beevolutionx.com\/wp-content\/uploads\/2025\/01\/BEEVOLUTION_X_LOGO_COULEURS.png?fit=1184%2C1080&ssl=1\" \/>\n\t<meta property=\"og:image:width\" content=\"1184\" \/>\n\t<meta property=\"og:image:height\" content=\"1080\" \/>\n\t<meta property=\"og:image:type\" content=\"image\/png\" \/>\n<meta name=\"twitter:card\" content=\"summary_large_image\" \/>\n<script type=\"application\/ld+json\" class=\"yoast-schema-graph\">{\"@context\":\"https:\\\/\\\/schema.org\",\"@graph\":[{\"@type\":\"WebPage\",\"@id\":\"https:\\\/\\\/beevolutionx.com\\\/mentions-legales\\\/\",\"url\":\"https:\\\/\\\/beevolutionx.com\\\/mentions-legales\\\/\",\"name\":\"Mention l\u00e9gales - BeevolutionX\",\"isPartOf\":{\"@id\":\"https:\\\/\\\/beevolutionx.com\\\/#website\"},\"datePublished\":\"2025-01-24T16:46:07+00:00\",\"dateModified\":\"2025-01-24T16:47:09+00:00\",\"breadcrumb\":{\"@id\":\"https:\\\/\\\/beevolutionx.com\\\/mentions-legales\\\/#breadcrumb\"},\"inLanguage\":\"es\",\"potentialAction\":[{\"@type\":\"ReadAction\",\"target\":[\"https:\\\/\\\/beevolutionx.com\\\/mentions-legales\\\/\"]}]},{\"@type\":\"BreadcrumbList\",\"@id\":\"https:\\\/\\\/beevolutionx.com\\\/mentions-legales\\\/#breadcrumb\",\"itemListElement\":[{\"@type\":\"ListItem\",\"position\":1,\"name\":\"Accueil\",\"item\":\"https:\\\/\\\/beevolutionx.com\\\/\"},{\"@type\":\"ListItem\",\"position\":2,\"name\":\"Mention l\u00e9gales\"}]},{\"@type\":\"WebSite\",\"@id\":\"https:\\\/\\\/beevolutionx.com\\\/#website\",\"url\":\"https:\\\/\\\/beevolutionx.com\\\/\",\"name\":\"BeevolutionX\",\"description\":\"Le site officiel de la Ruche Basse Consommation\u00ae (RBC\u00ae)\",\"publisher\":{\"@id\":\"https:\\\/\\\/beevolutionx.com\\\/#organization\"},\"potentialAction\":[{\"@type\":\"SearchAction\",\"target\":{\"@type\":\"EntryPoint\",\"urlTemplate\":\"https:\\\/\\\/beevolutionx.com\\\/?s={search_term_string}\"},\"query-input\":{\"@type\":\"PropertyValueSpecification\",\"valueRequired\":true,\"valueName\":\"search_term_string\"}}],\"inLanguage\":\"es\"},{\"@type\":\"Organization\",\"@id\":\"https:\\\/\\\/beevolutionx.com\\\/#organization\",\"name\":\"BeevolutionX\",\"url\":\"https:\\\/\\\/beevolutionx.com\\\/\",\"logo\":{\"@type\":\"ImageObject\",\"inLanguage\":\"es\",\"@id\":\"https:\\\/\\\/beevolutionx.com\\\/#\\\/schema\\\/logo\\\/image\\\/\",\"url\":\"https:\\\/\\\/beevolutionx.com\\\/wp-content\\\/uploads\\\/2025\\\/01\\\/BEEVOLUTION-X-LOGO-FINAL-tech-bleu.png\",\"contentUrl\":\"https:\\\/\\\/beevolutionx.com\\\/wp-content\\\/uploads\\\/2025\\\/01\\\/BEEVOLUTION-X-LOGO-FINAL-tech-bleu.png\",\"width\":1114,\"height\":1080,\"caption\":\"BeevolutionX\"},\"image\":{\"@id\":\"https:\\\/\\\/beevolutionx.com\\\/#\\\/schema\\\/logo\\\/image\\\/\"},\"sameAs\":[\"https:\\\/\\\/www.facebook.com\\\/profile.php?id=61556152756378\",\"https:\\\/\\\/www.youtube.com\\\/results?search_query=beevolutionx\",\"https:\\\/\\\/www.instagram.com\\\/beevolutionx\\\/\",\"https:\\\/\\\/www.tiktok.com\\\/@beevolutionx\"]}]}<\/script>\n<!-- \/ Yoast SEO plugin. -->","yoast_head_json":{"title":"Mention l\u00e9gales - BeevolutionX","robots":{"index":"index","follow":"follow","max-snippet":"max-snippet:-1","max-image-preview":"max-image-preview:large","max-video-preview":"max-video-preview:-1"},"canonical":"https:\/\/beevolutionx.com\/es\/mentions-legales\/","og_locale":"es_ES","og_type":"article","og_title":"Mention l\u00e9gales - BeevolutionX","og_description":"Mentions l\u00e9gales Informations g\u00e9n\u00e9rales Le site internet beevolutionx.com (ci-apr\u00e8s \u00ab le Site \u00bb) est \u00e9dit\u00e9 par BeevolutionX Tech, immatricul\u00e9e au num\u00e9ro 939430914 et dont le si\u00e8ge social est situ\u00e9 au 6102b route de St Pons, Combres Bel Air, 34330 La Salvetat-sur-Agout, France. Coordonn\u00e9es : Adresse e-mail : contact@beevolutionx.com Num\u00e9ro de t\u00e9l\u00e9phone : non communiqu\u00e9 Responsable [&hellip;]","og_url":"https:\/\/beevolutionx.com\/es\/mentions-legales\/","og_site_name":"BeevolutionX","article_publisher":"https:\/\/www.facebook.com\/profile.php?id=61556152756378","article_modified_time":"2025-01-24T16:47:09+00:00","og_image":[{"width":1184,"height":1080,"url":"https:\/\/i0.wp.com\/beevolutionx.com\/wp-content\/uploads\/2025\/01\/BEEVOLUTION_X_LOGO_COULEURS.png?fit=1184%2C1080&ssl=1","type":"image\/png"}],"twitter_card":"summary_large_image","schema":{"@context":"https:\/\/schema.org","@graph":[{"@type":"WebPage","@id":"https:\/\/beevolutionx.com\/mentions-legales\/","url":"https:\/\/beevolutionx.com\/mentions-legales\/","name":"Mention l\u00e9gales - BeevolutionX","isPartOf":{"@id":"https:\/\/beevolutionx.com\/#website"},"datePublished":"2025-01-24T16:46:07+00:00","dateModified":"2025-01-24T16:47:09+00:00","breadcrumb":{"@id":"https:\/\/beevolutionx.com\/mentions-legales\/#breadcrumb"},"inLanguage":"es","potentialAction":[{"@type":"ReadAction","target":["https:\/\/beevolutionx.com\/mentions-legales\/"]}]},{"@type":"BreadcrumbList","@id":"https:\/\/beevolutionx.com\/mentions-legales\/#breadcrumb","itemListElement":[{"@type":"ListItem","position":1,"name":"Accueil","item":"https:\/\/beevolutionx.com\/"},{"@type":"ListItem","position":2,"name":"Mention l\u00e9gales"}]},{"@type":"WebSite","@id":"https:\/\/beevolutionx.com\/#website","url":"https:\/\/beevolutionx.com\/","name":"BeevolutionX","description":"Le site officiel de la Ruche Basse Consommation\u00ae (RBC\u00ae)","publisher":{"@id":"https:\/\/beevolutionx.com\/#organization"},"potentialAction":[{"@type":"SearchAction","target":{"@type":"EntryPoint","urlTemplate":"https:\/\/beevolutionx.com\/?s={search_term_string}"},"query-input":{"@type":"PropertyValueSpecification","valueRequired":true,"valueName":"search_term_string"}}],"inLanguage":"es"},{"@type":"Organization","@id":"https:\/\/beevolutionx.com\/#organization","name":"BeevolutionX","url":"https:\/\/beevolutionx.com\/","logo":{"@type":"ImageObject","inLanguage":"es","@id":"https:\/\/beevolutionx.com\/#\/schema\/logo\/image\/","url":"https:\/\/beevolutionx.com\/wp-content\/uploads\/2025\/01\/BEEVOLUTION-X-LOGO-FINAL-tech-bleu.png","contentUrl":"https:\/\/beevolutionx.com\/wp-content\/uploads\/2025\/01\/BEEVOLUTION-X-LOGO-FINAL-tech-bleu.png","width":1114,"height":1080,"caption":"BeevolutionX"},"image":{"@id":"https:\/\/beevolutionx.com\/#\/schema\/logo\/image\/"},"sameAs":["https:\/\/www.facebook.com\/profile.php?id=61556152756378","https:\/\/www.youtube.com\/results?search_query=beevolutionx","https:\/\/www.instagram.com\/beevolutionx\/","https:\/\/www.tiktok.com\/@beevolutionx"]}]}},"jetpack_sharing_enabled":true,"_links":{"self":[{"href":"https:\/\/beevolutionx.com\/es\/wp-json\/wp\/v2\/pages\/209","targetHints":{"allow":["GET"]}}],"collection":[{"href":"https:\/\/beevolutionx.com\/es\/wp-json\/wp\/v2\/pages"}],"about":[{"href":"https:\/\/beevolutionx.com\/es\/wp-json\/wp\/v2\/types\/page"}],"author":[{"embeddable":true,"href":"https:\/\/beevolutionx.com\/es\/wp-json\/wp\/v2\/users\/1"}],"replies":[{"embeddable":true,"href":"https:\/\/beevolutionx.com\/es\/wp-json\/wp\/v2\/comments?post=209"}],"version-history":[{"count":0,"href":"https:\/\/beevolutionx.com\/es\/wp-json\/wp\/v2\/pages\/209\/revisions"}],"wp:attachment":[{"href":"https:\/\/beevolutionx.com\/es\/wp-json\/wp\/v2\/media?parent=209"}],"curies":[{"name":"wp","href":"https:\/\/api.w.org\/{rel}","templated":true}]}}