{"id":1391,"date":"2025-05-27T08:52:23","date_gmt":"2025-05-27T06:52:23","guid":{"rendered":"https:\/\/beevolutionx.com\/?post_type=product&#038;p=1391"},"modified":"2026-04-23T13:56:54","modified_gmt":"2026-04-23T11:56:54","slug":"pack-50-echarpes-thermo-reflecteur-rbc","status":"publish","type":"product","link":"https:\/\/beevolutionx.com\/es\/boutique\/isolation-rbc\/dadant\/pack-50-echarpes-thermo-reflecteur-rbc\/","title":{"rendered":"Pack 50 pa\u00f1uelos termorreflectantes 56x56 RBC\u00ae BeevolutionX"},"content":{"rendered":"<h2 data-start=\"170\" data-end=\"249\">\ud83d\udc1d Pack de 50 bufandas termorreflectantes para colmena de bajo consumo RBC<strong data-start=\"607\" data-end=\"642\">\u00ae<\/strong><\/h2>\n<p data-start=\"251\" data-end=\"675\">Le <strong data-start=\"254\" data-end=\"312\">Pack de 50 bufandas termorreflectantes RBC\u00ae BeevolutionX<\/strong> es la soluci\u00f3n ideal para <strong data-start=\"345\" data-end=\"375\">apicultores profesionales<\/strong> o la <strong data-start=\"383\" data-end=\"437\">colmenares equipados con Colmena de Bajo Consumo (RBC\u00ae)<\/strong>.<br data-start=\"438\" data-end=\"441\" \/>Con un <strong data-start=\"449\" data-end=\"495\">poder termo-reflectante superior al 85 %<\/strong>, cada bufanda devuelve eficazmente el calor generado por las abejas a la cr\u00eda, limitando las <strong data-start=\"599\" data-end=\"619\">p\u00e9rdidas de energ\u00eda<\/strong> y mejorando el <strong data-start=\"637\" data-end=\"658\">confort t\u00e9rmico<\/strong> de la colonia.<\/p>\n<hr data-start=\"677\" data-end=\"680\" \/>\n<h3 data-start=\"682\" data-end=\"751\">\u2699\ufe0f Caracter\u00edsticas de las bufandas termorreflectantes BeevolutionX<\/h3>\n<ul data-start=\"753\" data-end=\"1087\">\n<li data-start=\"753\" data-end=\"796\">\n<p data-start=\"755\" data-end=\"796\">Acondicionamiento <strong data-start=\"773\" data-end=\"794\">paquete de 50 unidades<\/strong><\/p>\n<\/li>\n<li data-start=\"797\" data-end=\"840\">\n<p data-start=\"799\" data-end=\"840\">Dimensiones : <strong data-start=\"812\" data-end=\"826\">56 \u00d7 56 cm<\/strong> para bufanda<\/p>\n<\/li>\n<li data-start=\"841\" data-end=\"921\">\n<p data-start=\"843\" data-end=\"921\">Compatible <strong data-start=\"856\" data-end=\"881\">Dadant 10 \/ 12 cuadros<\/strong>, <strong data-start=\"883\" data-end=\"897\">Langstroth<\/strong> y formatos similares<\/p>\n<\/li>\n<li data-start=\"922\" data-end=\"980\">\n<p data-start=\"924\" data-end=\"980\">Material : <strong data-start=\"935\" data-end=\"951\">PE aluminizado<\/strong> (polietileno + aluminio)<\/p>\n<\/li>\n<li data-start=\"981\" data-end=\"1023\">\n<p data-start=\"983\" data-end=\"1023\">Capacidad de reflexi\u00f3n del calor : <strong data-start=\"1011\" data-end=\"1021\">&gt; 85 %<\/strong><\/p>\n<\/li>\n<li data-start=\"1024\" data-end=\"1087\">\n<p data-start=\"1026\" data-end=\"1087\">Espesor: <strong data-start=\"1038\" data-end=\"1052\">ultrafino<\/strong>, f\u00e1cil de manejar y almacenar<\/p>\n<\/li>\n<\/ul>\n<hr data-start=\"1089\" data-end=\"1092\" \/>\n<h3 data-start=\"1094\" data-end=\"1139\">\ud83d\udca1 Ventajas del paquete de 50 bufandas RBC<strong data-start=\"607\" data-end=\"642\">\u00ae<\/strong><\/h3>\n<ul data-start=\"1141\" data-end=\"1529\">\n<li data-start=\"1141\" data-end=\"1192\">\n<p data-start=\"1143\" data-end=\"1192\"><strong data-start=\"1143\" data-end=\"1165\">Aislamiento homog\u00e9neo<\/strong> en la colmena entera<\/p>\n<\/li>\n<li data-start=\"1193\" data-end=\"1252\">\n<p data-start=\"1195\" data-end=\"1252\"><strong data-start=\"1195\" data-end=\"1216\">Ahorro de tiempo<\/strong> : listas para usar, sin cortar<\/p>\n<\/li>\n<li data-start=\"1253\" data-end=\"1377\">\n<p data-start=\"1255\" data-end=\"1377\"><strong data-start=\"1255\" data-end=\"1277\">Durabilidad comprobada<\/strong> material compuesto resistente <strong data-start=\"1314\" data-end=\"1326\">prop\u00f3leo<\/strong>, el <strong data-start=\"1333\" data-end=\"1341\">cera<\/strong> y a <strong data-start=\"1349\" data-end=\"1375\">manipulaciones repetidas<\/strong><\/p>\n<\/li>\n<li data-start=\"1378\" data-end=\"1440\">\n<p data-start=\"1380\" data-end=\"1440\"><strong data-start=\"1380\" data-end=\"1397\">Ahorro de espacio<\/strong> finas, ligeras y f\u00e1ciles de almacenar<\/p>\n<\/li>\n<li data-start=\"1441\" data-end=\"1529\">\n<p data-start=\"1443\" data-end=\"1529\"><strong data-start=\"1443\" data-end=\"1469\">Inversi\u00f3n sostenible<\/strong> dise\u00f1adas para acompa\u00f1ar la colmena a lo largo de varias temporadas<\/p>\n<\/li>\n<\/ul>\n<hr data-start=\"1531\" data-end=\"1534\" \/>\n<h3 data-start=\"1536\" data-end=\"1568\">\ud83e\udded Uso y consejos<\/h3>\n<p data-start=\"1570\" data-end=\"1921\">Quite cada <strong data-start=\"1586\" data-end=\"1628\">bufanda termorreflectante BeevolutionX<\/strong> en el <strong data-start=\"1636\" data-end=\"1655\">alto de los marcos<\/strong> o debajo <strong data-start=\"1667\" data-end=\"1687\">coj\u00edn de colmena<\/strong>.<br data-start=\"1688\" data-end=\"1691\" \/>Para maximizar el aislamiento, comb\u00ednelos con <strong data-start=\"1741\" data-end=\"1769\">particiones aislantes RBC<\/strong> y un <strong data-start=\"1776\" data-end=\"1794\">coj\u00edn adaptado<\/strong>.<br data-start=\"1795\" data-end=\"1798\" \/>Este sistema apoya la <strong data-start=\"1821\" data-end=\"1851\">termorregulaci\u00f3n natural<\/strong> de abejas, mejorando su <strong data-start=\"1882\" data-end=\"1918\">bienestar invernal y primaveral<\/strong>.<\/p>\n<hr data-start=\"1923\" data-end=\"1926\" \/>\n<h3 data-start=\"1928\" data-end=\"1985\">\ud83d\udc1d Una soluci\u00f3n profesional firmada por BeevolutionX<\/h3>\n<p data-start=\"1987\" data-end=\"2318\">Le <strong data-start=\"1990\" data-end=\"2044\">paquete de 50 bufandas termorreflectantes BeevolutionX<\/strong> ofrece <strong data-start=\"2055\" data-end=\"2101\">soluci\u00f3n fiable, eficiente y econ\u00f3mica<\/strong> para los apicultores comprometidos con el enfoque <strong data-start=\"2148\" data-end=\"2182\">RBC\u00ae \u2013 Colmena de Bajo Consumo\u00ae<\/strong>.<br data-start=\"2183\" data-end=\"2186\" \/>\u00c9l garantiza una <strong data-start=\"2202\" data-end=\"2223\">aislamiento duradero<\/strong> y un <strong data-start=\"2230\" data-end=\"2258\">clima interior \u00f3ptimo<\/strong>, respetando las necesidades biol\u00f3gicas de las abejas.<\/p>\n<p data-start=\"2320\" data-end=\"2494\">\ud83d\udcc4 <a class=\"decorated-link\" href=\"https:\/\/beevolutionx.com\/wp-content\/uploads\/2025\/10\/Declaration_Conformite_Alimentaire_BeevolutionX-1.pdf\" target=\"_new\" rel=\"noopener\" data-start=\"2323\" data-end=\"2492\"><strong data-start=\"2324\" data-end=\"2384\">Descargar el certificado alimentario de BeevolutionX (PDF)<\/strong><\/a><\/p>\n<h3 data-start=\"391\" data-end=\"448\">\ud83d\uded1 <strong data-start=\"398\" data-end=\"446\">Advertencia de uso con tratamientos<\/strong><\/h3>\n<blockquote data-start=\"450\" data-end=\"854\">\n<p data-start=\"452\" data-end=\"707\">\u26a0\ufe0f <strong data-start=\"455\" data-end=\"470\">Atenci\u00f3n:<\/strong> en caso de uso del tratamiento <strong data-start=\"506\" data-end=\"520\">Formic Pro<\/strong>, <strong data-start=\"522\" data-end=\"593\">retire imperativamente los elementos termorreflectantes BeevolutionX<\/strong> (pel\u00edculas, cojines, bufandas, PIHPgm\u2026).<br data-start=\"631\" data-end=\"634\" \/>Los vapores de \u00e1cido f\u00f3rmico pueden da\u00f1ar las pel\u00edculas aluminizadas.<\/p>\n<p data-start=\"714\" data-end=\"854\">\u2705 <strong data-start=\"716\" data-end=\"732\">Ning\u00fan riesgo<\/strong> con los tratamientos <strong data-start=\"754\" data-end=\"766\">Varromed<\/strong> o <strong data-start=\"770\" data-end=\"792\">al \u00e1cido ox\u00e1lico<\/strong>, a condici\u00f3n de <strong data-start=\"809\" data-end=\"851\">respetar los protocolos de aplicaci\u00f3n<\/strong>.<\/p>\n<\/blockquote>\n<h3>\ud83d\udca1 Truco de instalaci\u00f3n con viento<\/h3>\n<p><strong>\ud83d\udc49 C\u00f3mo colocar el pa\u00f1o termo-reflectante RBC incluso con viento:<\/strong><\/p>\n<div style=\"position: relative; width: 100%; max-width: 400px; margin: 20px auto;\">\n  <iframe src=\"https:\/\/www.youtube.com\/embed\/wVKF8wGSLqc\"\n  style=\"width: 100%; height: 700px;\"\n  frameborder=\"0\" allowfullscreen><\/iframe>\n<\/div>\n<p style=\"text-align:center; font-style:italic;\">\nTruco de campo para una implementaci\u00f3n r\u00e1pida y eficiente, incluso en condiciones dif\u00edciles.<\/p>","protected":false},"excerpt":{"rendered":"<p>\u00c9charpe thermo-r\u00e9flecteur 56\u00d756 cm pour ruche RBC<strong data-start=\"607\" data-end=\"642\">\u00ae<\/strong>. Am\u00e9liore l\u2019isolation, r\u00e9duit les pertes thermiques, s\u2019adapte aux formats Dadant 10\/12 cadres, Langstroth et autres.<\/p>\n<p class=\"reapprovisionnement\">","protected":false},"featured_media":1468,"template":"","meta":{"_et_pb_use_builder":"","_et_pb_old_content":"","_et_gb_content_width":""},"product_brand":[32],"product_cat":[41,20,45],"product_tag":[],"class_list":{"0":"post-1391","1":"product","2":"type-product","3":"status-publish","4":"has-post-thumbnail","6":"product_brand-beevolutionx","7":"product_cat-dadant","8":"product_cat-film-thermo-reflecteur-rbc","9":"product_cat-langstroth","11":"first","12":"outofstock","13":"taxable","14":"shipping-taxable","15":"purchasable","16":"product-type-simple"},"yoast_head":"<!-- This site is optimized with the Yoast SEO plugin v27.4 - https:\/\/yoast.com\/product\/yoast-seo-wordpress\/ -->\n<title>Pack 50 \u00e9charpes thermo-r\u00e9flecteur 56x56 RBC\u00ae BeevolutionX - BeevolutionX<\/title>\n<meta name=\"description\" content=\"Pack 50 \u00e9charpes thermo-r\u00e9flecteur RBC\u00ae BeevolutionX. Isolation 56\u00d756 cm durable pour ruches Dadant et Langstroth. Id\u00e9al apiculteurs professionnels.\" \/>\n<meta name=\"robots\" content=\"index, follow, max-snippet:-1, max-image-preview:large, max-video-preview:-1\" \/>\n<link rel=\"canonical\" href=\"https:\/\/beevolutionx.com\/es\/tienda\/aislamiento-de-globulos-rojos\/dadant\/pack-50-echarpes-thermo-reflecteur-rbc\/\" \/>\n<meta property=\"og:locale\" content=\"es_ES\" \/>\n<meta property=\"og:type\" content=\"article\" \/>\n<meta property=\"og:title\" content=\"Pack 50 \u00e9charpes thermo-r\u00e9flecteur 56x56 RBC\u00ae BeevolutionX - BeevolutionX\" \/>\n<meta property=\"og:description\" content=\"Pack 50 \u00e9charpes thermo-r\u00e9flecteur RBC\u00ae BeevolutionX. Isolation 56\u00d756 cm durable pour ruches Dadant et Langstroth. Id\u00e9al apiculteurs professionnels.\" \/>\n<meta property=\"og:url\" content=\"https:\/\/beevolutionx.com\/es\/tienda\/aislamiento-de-globulos-rojos\/dadant\/pack-50-echarpes-thermo-reflecteur-rbc\/\" \/>\n<meta property=\"og:site_name\" content=\"BeevolutionX\" \/>\n<meta property=\"article:publisher\" content=\"https:\/\/www.facebook.com\/profile.php?id=61556152756378\" \/>\n<meta property=\"article:modified_time\" content=\"2026-04-23T11:56:54+00:00\" \/>\n<meta property=\"og:image\" content=\"https:\/\/beevolutionx.com\/wp-content\/uploads\/2025\/06\/echarpe-scaled.jpg\" \/>\n\t<meta property=\"og:image:width\" content=\"2560\" \/>\n\t<meta property=\"og:image:height\" content=\"1743\" \/>\n\t<meta property=\"og:image:type\" content=\"image\/jpeg\" \/>\n<meta name=\"twitter:card\" content=\"summary_large_image\" \/>\n<meta name=\"twitter:label1\" content=\"Tiempo de lectura\" \/>\n\t<meta name=\"twitter:data1\" content=\"2 minutos\" \/>\n<script type=\"application\/ld+json\" class=\"yoast-schema-graph\">{\"@context\":\"https:\\\/\\\/schema.org\",\"@graph\":[{\"@type\":\"WebPage\",\"@id\":\"https:\\\/\\\/beevolutionx.com\\\/boutique\\\/isolation-rbc\\\/dadant\\\/pack-50-echarpes-thermo-reflecteur-rbc\\\/\",\"url\":\"https:\\\/\\\/beevolutionx.com\\\/boutique\\\/isolation-rbc\\\/dadant\\\/pack-50-echarpes-thermo-reflecteur-rbc\\\/\",\"name\":\"Pack 50 \u00e9charpes thermo-r\u00e9flecteur 56x56 RBC\u00ae BeevolutionX - BeevolutionX\",\"isPartOf\":{\"@id\":\"https:\\\/\\\/beevolutionx.com\\\/#website\"},\"primaryImageOfPage\":{\"@id\":\"https:\\\/\\\/beevolutionx.com\\\/boutique\\\/isolation-rbc\\\/dadant\\\/pack-50-echarpes-thermo-reflecteur-rbc\\\/#primaryimage\"},\"image\":{\"@id\":\"https:\\\/\\\/beevolutionx.com\\\/boutique\\\/isolation-rbc\\\/dadant\\\/pack-50-echarpes-thermo-reflecteur-rbc\\\/#primaryimage\"},\"thumbnailUrl\":\"https:\\\/\\\/i0.wp.com\\\/beevolutionx.com\\\/wp-content\\\/uploads\\\/2025\\\/06\\\/echarpe-scaled.jpg?fit=2560%2C1743&ssl=1\",\"datePublished\":\"2025-05-27T06:52:23+00:00\",\"dateModified\":\"2026-04-23T11:56:54+00:00\",\"description\":\"Pack 50 \u00e9charpes thermo-r\u00e9flecteur RBC\u00ae BeevolutionX. Isolation 56\u00d756 cm durable pour ruches Dadant et Langstroth. Id\u00e9al apiculteurs professionnels.\",\"breadcrumb\":{\"@id\":\"https:\\\/\\\/beevolutionx.com\\\/boutique\\\/isolation-rbc\\\/dadant\\\/pack-50-echarpes-thermo-reflecteur-rbc\\\/#breadcrumb\"},\"inLanguage\":\"es\",\"potentialAction\":[{\"@type\":\"ReadAction\",\"target\":[\"https:\\\/\\\/beevolutionx.com\\\/boutique\\\/isolation-rbc\\\/dadant\\\/pack-50-echarpes-thermo-reflecteur-rbc\\\/\"]}]},{\"@type\":\"ImageObject\",\"inLanguage\":\"es\",\"@id\":\"https:\\\/\\\/beevolutionx.com\\\/boutique\\\/isolation-rbc\\\/dadant\\\/pack-50-echarpes-thermo-reflecteur-rbc\\\/#primaryimage\",\"url\":\"https:\\\/\\\/i0.wp.com\\\/beevolutionx.com\\\/wp-content\\\/uploads\\\/2025\\\/06\\\/echarpe-scaled.jpg?fit=2560%2C1743&ssl=1\",\"contentUrl\":\"https:\\\/\\\/i0.wp.com\\\/beevolutionx.com\\\/wp-content\\\/uploads\\\/2025\\\/06\\\/echarpe-scaled.jpg?fit=2560%2C1743&ssl=1\",\"width\":2560,\"height\":1743},{\"@type\":\"BreadcrumbList\",\"@id\":\"https:\\\/\\\/beevolutionx.com\\\/boutique\\\/isolation-rbc\\\/dadant\\\/pack-50-echarpes-thermo-reflecteur-rbc\\\/#breadcrumb\",\"itemListElement\":[{\"@type\":\"ListItem\",\"position\":1,\"name\":\"Accueil\",\"item\":\"https:\\\/\\\/beevolutionx.com\\\/\"},{\"@type\":\"ListItem\",\"position\":2,\"name\":\"Boutique\",\"item\":\"https:\\\/\\\/beevolutionx.com\\\/boutique\\\/\"},{\"@type\":\"ListItem\",\"position\":3,\"name\":\"Pack 50 \u00e9charpes thermo-r\u00e9flecteur 56&#215;56 RBC\u00ae BeevolutionX\"}]},{\"@type\":\"WebSite\",\"@id\":\"https:\\\/\\\/beevolutionx.com\\\/#website\",\"url\":\"https:\\\/\\\/beevolutionx.com\\\/\",\"name\":\"BeevolutionX\",\"description\":\"Le site officiel de la Ruche Basse Consommation\u00ae (RBC\u00ae)\",\"publisher\":{\"@id\":\"https:\\\/\\\/beevolutionx.com\\\/#organization\"},\"potentialAction\":[{\"@type\":\"SearchAction\",\"target\":{\"@type\":\"EntryPoint\",\"urlTemplate\":\"https:\\\/\\\/beevolutionx.com\\\/?s={search_term_string}\"},\"query-input\":{\"@type\":\"PropertyValueSpecification\",\"valueRequired\":true,\"valueName\":\"search_term_string\"}}],\"inLanguage\":\"es\"},{\"@type\":\"Organization\",\"@id\":\"https:\\\/\\\/beevolutionx.com\\\/#organization\",\"name\":\"BeevolutionX\",\"url\":\"https:\\\/\\\/beevolutionx.com\\\/\",\"logo\":{\"@type\":\"ImageObject\",\"inLanguage\":\"es\",\"@id\":\"https:\\\/\\\/beevolutionx.com\\\/#\\\/schema\\\/logo\\\/image\\\/\",\"url\":\"https:\\\/\\\/beevolutionx.com\\\/wp-content\\\/uploads\\\/2025\\\/01\\\/BEEVOLUTION-X-LOGO-FINAL-tech-bleu.png\",\"contentUrl\":\"https:\\\/\\\/beevolutionx.com\\\/wp-content\\\/uploads\\\/2025\\\/01\\\/BEEVOLUTION-X-LOGO-FINAL-tech-bleu.png\",\"width\":1114,\"height\":1080,\"caption\":\"BeevolutionX\"},\"image\":{\"@id\":\"https:\\\/\\\/beevolutionx.com\\\/#\\\/schema\\\/logo\\\/image\\\/\"},\"sameAs\":[\"https:\\\/\\\/www.facebook.com\\\/profile.php?id=61556152756378\",\"https:\\\/\\\/www.youtube.com\\\/results?search_query=beevolutionx\",\"https:\\\/\\\/www.instagram.com\\\/beevolutionx\\\/\",\"https:\\\/\\\/www.tiktok.com\\\/@beevolutionx\"]}]}<\/script>\n<!-- \/ Yoast SEO plugin. -->","yoast_head_json":{"title":"Pack 50 \u00e9charpes thermo-r\u00e9flecteur 56x56 RBC\u00ae BeevolutionX - BeevolutionX","description":"Pack 50 \u00e9charpes thermo-r\u00e9flecteur RBC\u00ae BeevolutionX. Isolation 56\u00d756 cm durable pour ruches Dadant et Langstroth. Id\u00e9al apiculteurs professionnels.","robots":{"index":"index","follow":"follow","max-snippet":"max-snippet:-1","max-image-preview":"max-image-preview:large","max-video-preview":"max-video-preview:-1"},"canonical":"https:\/\/beevolutionx.com\/es\/tienda\/aislamiento-de-globulos-rojos\/dadant\/pack-50-echarpes-thermo-reflecteur-rbc\/","og_locale":"es_ES","og_type":"article","og_title":"Pack 50 \u00e9charpes thermo-r\u00e9flecteur 56x56 RBC\u00ae BeevolutionX - BeevolutionX","og_description":"Pack 50 \u00e9charpes thermo-r\u00e9flecteur RBC\u00ae BeevolutionX. Isolation 56\u00d756 cm durable pour ruches Dadant et Langstroth. Id\u00e9al apiculteurs professionnels.","og_url":"https:\/\/beevolutionx.com\/es\/tienda\/aislamiento-de-globulos-rojos\/dadant\/pack-50-echarpes-thermo-reflecteur-rbc\/","og_site_name":"BeevolutionX","article_publisher":"https:\/\/www.facebook.com\/profile.php?id=61556152756378","article_modified_time":"2026-04-23T11:56:54+00:00","og_image":[{"width":2560,"height":1743,"url":"https:\/\/beevolutionx.com\/wp-content\/uploads\/2025\/06\/echarpe-scaled.jpg","type":"image\/jpeg"}],"twitter_card":"summary_large_image","twitter_misc":{"Tiempo de lectura":"2 minutos"},"schema":{"@context":"https:\/\/schema.org","@graph":[{"@type":"WebPage","@id":"https:\/\/beevolutionx.com\/boutique\/isolation-rbc\/dadant\/pack-50-echarpes-thermo-reflecteur-rbc\/","url":"https:\/\/beevolutionx.com\/boutique\/isolation-rbc\/dadant\/pack-50-echarpes-thermo-reflecteur-rbc\/","name":"Pack 50 \u00e9charpes thermo-r\u00e9flecteur 56x56 RBC\u00ae BeevolutionX - BeevolutionX","isPartOf":{"@id":"https:\/\/beevolutionx.com\/#website"},"primaryImageOfPage":{"@id":"https:\/\/beevolutionx.com\/boutique\/isolation-rbc\/dadant\/pack-50-echarpes-thermo-reflecteur-rbc\/#primaryimage"},"image":{"@id":"https:\/\/beevolutionx.com\/boutique\/isolation-rbc\/dadant\/pack-50-echarpes-thermo-reflecteur-rbc\/#primaryimage"},"thumbnailUrl":"https:\/\/i0.wp.com\/beevolutionx.com\/wp-content\/uploads\/2025\/06\/echarpe-scaled.jpg?fit=2560%2C1743&ssl=1","datePublished":"2025-05-27T06:52:23+00:00","dateModified":"2026-04-23T11:56:54+00:00","description":"Pack 50 \u00e9charpes thermo-r\u00e9flecteur RBC\u00ae BeevolutionX. Isolation 56\u00d756 cm durable pour ruches Dadant et Langstroth. Id\u00e9al apiculteurs professionnels.","breadcrumb":{"@id":"https:\/\/beevolutionx.com\/boutique\/isolation-rbc\/dadant\/pack-50-echarpes-thermo-reflecteur-rbc\/#breadcrumb"},"inLanguage":"es","potentialAction":[{"@type":"ReadAction","target":["https:\/\/beevolutionx.com\/boutique\/isolation-rbc\/dadant\/pack-50-echarpes-thermo-reflecteur-rbc\/"]}]},{"@type":"ImageObject","inLanguage":"es","@id":"https:\/\/beevolutionx.com\/boutique\/isolation-rbc\/dadant\/pack-50-echarpes-thermo-reflecteur-rbc\/#primaryimage","url":"https:\/\/i0.wp.com\/beevolutionx.com\/wp-content\/uploads\/2025\/06\/echarpe-scaled.jpg?fit=2560%2C1743&ssl=1","contentUrl":"https:\/\/i0.wp.com\/beevolutionx.com\/wp-content\/uploads\/2025\/06\/echarpe-scaled.jpg?fit=2560%2C1743&ssl=1","width":2560,"height":1743},{"@type":"BreadcrumbList","@id":"https:\/\/beevolutionx.com\/boutique\/isolation-rbc\/dadant\/pack-50-echarpes-thermo-reflecteur-rbc\/#breadcrumb","itemListElement":[{"@type":"ListItem","position":1,"name":"Accueil","item":"https:\/\/beevolutionx.com\/"},{"@type":"ListItem","position":2,"name":"Boutique","item":"https:\/\/beevolutionx.com\/boutique\/"},{"@type":"ListItem","position":3,"name":"Pack 50 \u00e9charpes thermo-r\u00e9flecteur 56&#215;56 RBC\u00ae BeevolutionX"}]},{"@type":"WebSite","@id":"https:\/\/beevolutionx.com\/#website","url":"https:\/\/beevolutionx.com\/","name":"BeevolutionX","description":"La p\u00e1gina oficial de la Colmena de Bajo Consumo\u00ae (RBC\u00ae)","publisher":{"@id":"https:\/\/beevolutionx.com\/#organization"},"potentialAction":[{"@type":"SearchAction","target":{"@type":"EntryPoint","urlTemplate":"https:\/\/beevolutionx.com\/?s={search_term_string}"},"query-input":{"@type":"PropertyValueSpecification","valueRequired":true,"valueName":"search_term_string"}}],"inLanguage":"es"},{"@type":"Organization","@id":"https:\/\/beevolutionx.com\/#organization","name":"BeevolutionX","url":"https:\/\/beevolutionx.com\/","logo":{"@type":"ImageObject","inLanguage":"es","@id":"https:\/\/beevolutionx.com\/#\/schema\/logo\/image\/","url":"https:\/\/beevolutionx.com\/wp-content\/uploads\/2025\/01\/BEEVOLUTION-X-LOGO-FINAL-tech-bleu.png","contentUrl":"https:\/\/beevolutionx.com\/wp-content\/uploads\/2025\/01\/BEEVOLUTION-X-LOGO-FINAL-tech-bleu.png","width":1114,"height":1080,"caption":"BeevolutionX"},"image":{"@id":"https:\/\/beevolutionx.com\/#\/schema\/logo\/image\/"},"sameAs":["https:\/\/www.facebook.com\/profile.php?id=61556152756378","https:\/\/www.youtube.com\/results?search_query=beevolutionx","https:\/\/www.instagram.com\/beevolutionx\/","https:\/\/www.tiktok.com\/@beevolutionx"]}]}},"jetpack_sharing_enabled":true,"_links":{"self":[{"href":"https:\/\/beevolutionx.com\/es\/wp-json\/wp\/v2\/product\/1391","targetHints":{"allow":["GET"]}}],"collection":[{"href":"https:\/\/beevolutionx.com\/es\/wp-json\/wp\/v2\/product"}],"about":[{"href":"https:\/\/beevolutionx.com\/es\/wp-json\/wp\/v2\/types\/product"}],"wp:featuredmedia":[{"embeddable":true,"href":"https:\/\/beevolutionx.com\/es\/wp-json\/wp\/v2\/media\/1468"}],"wp:attachment":[{"href":"https:\/\/beevolutionx.com\/es\/wp-json\/wp\/v2\/media?parent=1391"}],"wp:term":[{"taxonomy":"product_brand","embeddable":true,"href":"https:\/\/beevolutionx.com\/es\/wp-json\/wp\/v2\/product_brand?post=1391"},{"taxonomy":"product_cat","embeddable":true,"href":"https:\/\/beevolutionx.com\/es\/wp-json\/wp\/v2\/product_cat?post=1391"},{"taxonomy":"product_tag","embeddable":true,"href":"https:\/\/beevolutionx.com\/es\/wp-json\/wp\/v2\/product_tag?post=1391"}],"curies":[{"name":"wp","href":"https:\/\/api.w.org\/{rel}","templated":true}]}}