{"id":1392,"date":"2025-05-27T09:06:00","date_gmt":"2025-05-27T07:06:00","guid":{"rendered":"https:\/\/beevolutionx.com\/?post_type=product&#038;p=1392"},"modified":"2026-04-24T08:30:54","modified_gmt":"2026-04-24T06:30:54","slug":"cinta-adhesiva-termorreflectante","status":"publish","type":"product","link":"https:\/\/beevolutionx.com\/es\/boutique\/film-thermo-reflecteur-rbc\/ruban-adhesif-thermo-reflecteur\/","title":{"rendered":"Cinta adhesiva termorreflectante BeevolutionX"},"content":{"rendered":"<h2 data-start=\"270\" data-end=\"322\">Cinta adhesiva termorreflectante BeevolutionX<\/h2>\n<p data-start=\"324\" data-end=\"648\">Le <strong data-start=\"327\" data-end=\"375\">cinta adhesiva termorreflectante BeevolutionX<\/strong> es la herramienta ideal para <strong data-start=\"399\" data-end=\"434\">ensamblar, reparar o reforzar<\/strong> los elementos aislantes de <strong data-start=\"461\" data-end=\"497\">ruches de bajo consumo (RBC\u00ae)<\/strong>.<br data-start=\"498\" data-end=\"501\" \/>\u00c9l asegura una <strong data-start=\"515\" data-end=\"536\">uni\u00f3n perfecta<\/strong> entre las pel\u00edculas, bufandas y particiones aislantes mientras conservan sus propiedades termo-reflectantes.<\/p>\n<p data-start=\"650\" data-end=\"994\">Gracias a su <strong data-start=\"661\" data-end=\"683\">superficie aluminizada<\/strong> y su <strong data-start=\"693\" data-end=\"724\">alta adherencia de alto rendimiento<\/strong>, permite <strong data-start=\"739\" data-end=\"763\">sellar eficazmente<\/strong> los cortes de pel\u00edcula sin alterar su poder reflectante.<br data-start=\"822\" data-end=\"825\" \/>Esta cinta tambi\u00e9n es <strong data-start=\"844\" data-end=\"917\">resistente a la humedad, al calor y a las variaciones de temperatura<\/strong>, garantizando un aislamiento duradero y homog\u00e9neo en el interior de la colmena.<\/p>\n<hr data-start=\"996\" data-end=\"999\" \/>\n<h3 data-start=\"1001\" data-end=\"1056\">\u2699\ufe0f Caracter\u00edsticas de la cinta termo-reflectante BeevolutionX<\/h3>\n<ul data-start=\"1058\" data-end=\"1304\">\n<li data-start=\"1058\" data-end=\"1080\">\n<p data-start=\"1060\" data-end=\"1080\"><strong data-start=\"1060\" data-end=\"1073\">Anchura :<\/strong> 5 cm<\/p>\n<\/li>\n<li data-start=\"1081\" data-end=\"1104\">\n<p data-start=\"1083\" data-end=\"1104\"><strong data-start=\"1083\" data-end=\"1097\">Longitud :<\/strong> 50 m<\/p>\n<\/li>\n<li data-start=\"1105\" data-end=\"1177\">\n<p data-start=\"1107\" data-end=\"1177\"><strong data-start=\"1107\" data-end=\"1121\">Material :<\/strong> soporte de PE aluminizado con adhesivo acr\u00edlico de alta adherencia<\/p>\n<\/li>\n<li data-start=\"1178\" data-end=\"1220\">\n<p data-start=\"1180\" data-end=\"1220\"><strong data-start=\"1180\" data-end=\"1211\">Capacidad de reflexi\u00f3n del calor :<\/strong> &gt; 85 %<\/p>\n<\/li>\n<li data-start=\"1221\" data-end=\"1304\">\n<p data-start=\"1223\" data-end=\"1304\"><strong data-start=\"1223\" data-end=\"1240\">Uso:<\/strong> interior o exterior, compatible con todos los productos RBC<\/p>\n<\/li>\n<\/ul>\n<hr data-start=\"1306\" data-end=\"1309\" \/>\n<h3 data-start=\"1311\" data-end=\"1347\">\ud83d\udca1 Ventajas para el apicultor<\/h3>\n<ul data-start=\"1349\" data-end=\"1673\">\n<li data-start=\"1349\" data-end=\"1425\">\n<p data-start=\"1351\" data-end=\"1425\"><strong data-start=\"1351\" data-end=\"1374\">Asegurar la estanqueidad<\/strong> pel\u00edculas termo reflectantes y bufandas RBC<\/p>\n<\/li>\n<li data-start=\"1426\" data-end=\"1481\">\n<p data-start=\"1428\" data-end=\"1481\"><strong data-start=\"1428\" data-end=\"1464\">Facilita las reparaciones r\u00e1pidas<\/strong> en el campo<\/p>\n<\/li>\n<li data-start=\"1482\" data-end=\"1538\">\n<p data-start=\"1484\" data-end=\"1538\"><strong data-start=\"1484\" data-end=\"1536\">Mantiene la continuidad del aislamiento t\u00e9rmico<\/strong><\/p>\n<\/li>\n<li data-start=\"1539\" data-end=\"1600\">\n<p data-start=\"1541\" data-end=\"1600\"><strong data-start=\"1541\" data-end=\"1598\">Resiste a la manipulaci\u00f3n, a la prop\u00f3leo y a la cera<\/strong><\/p>\n<\/li>\n<\/ul>\n<hr data-start=\"1675\" data-end=\"1678\" \/>\n<h3 data-start=\"1680\" data-end=\"1711\">\ud83e\udded Consejos de uso<\/h3>\n<p data-start=\"1713\" data-end=\"1969\">Aplicar <strong>l&rsquo;adh\u00e9sif thermo-r\u00e9flecteur BeevolutionX<\/strong> sobre una superficie limpia y seca.<br data-start=\"1807\" data-end=\"1810\" \/>Presione firmemente para asegurar una buena adherencia.<br data-start=\"1861\" data-end=\"1864\" \/><strong data-start=\"1864\" data-end=\"1873\">As\u00ed que<\/strong>, sus elementos aislantes conservan su eficacia t\u00e9rmica y su resistencia a lo largo del tiempo.<\/p>\n<hr data-start=\"1971\" data-end=\"1974\" \/>\n<h3 data-start=\"1976\" data-end=\"2033\">\ud83d\udc1d Un acabado profesional para tus colmenas RBC<\/h3>\n<p data-start=\"2035\" data-end=\"2333\"><strong>L&rsquo;adh\u00e9sif thermo-r\u00e9flecteur BeevolutionX<\/strong> complementa perfectamente la gama de aislamiento RBC:<br data-start=\"2135\" data-end=\"2138\" \/>pel\u00edculas, bufandas, pa\u00f1uelos y partituras aislantes.<br data-start=\"2189\" data-end=\"2192\" \/>\u00c9l garantiza una <strong data-start=\"2208\" data-end=\"2254\">implementaci\u00f3n limpia, sostenible y coherente<\/strong>, esencial para aprovechar al m\u00e1ximo la <strong data-start=\"2302\" data-end=\"2330\">Colmena de bajo consumo<\/strong>.<\/p>\n<p>Esta <strong>Adhesivos<\/strong><strong data-start=\"2101\" data-end=\"2141\">\u00a0BeevolutionX termorreflector<\/strong> se inscribe en un enfoque de apicultura moderno y sostenible.<br data-start=\"2202\" data-end=\"2205\" \/>Combinando rendimiento t\u00e9rmico y facilidad de uso, garantiza un aislamiento continuo de la colmena y contribuye a la longevidad del material ap\u00edcola.<\/p>\n<p>\ud83d\udd17 Descubre tambi\u00e9n el <a href=\"https:\/\/beevolutionx.com\/es\/tienda\/film-thermoreflecteur-pour-ruche-basse-consommation\/lamina-termorreflectante-beevolutionx\/\"><strong data-start=\"1296\" data-end=\"1341\">Pl\u00edcula termo-reflectante BeevolutionX 47 cm<\/strong><\/a><\/p>","protected":false},"excerpt":{"rendered":"<p data-pm-slice=\"1 1 []\">Cinta adhesiva termorreflectante 5 cm x 50 m. Perfecta para fijar o reparar aislantes RBC. Alta adherencia, resistente y reflectante.<\/p>","protected":false},"featured_media":1930,"template":"","meta":{"_et_pb_use_builder":"","_et_pb_old_content":"","_et_gb_content_width":""},"product_brand":[32],"product_cat":[20],"product_tag":[],"class_list":{"0":"post-1392","1":"product","2":"type-product","3":"status-publish","4":"has-post-thumbnail","6":"product_brand-beevolutionx","7":"product_cat-film-thermo-reflecteur-rbc","9":"first","10":"instock","11":"featured","12":"taxable","13":"shipping-taxable","14":"purchasable","15":"product-type-simple"},"yoast_head":"<!-- This site is optimized with the Yoast SEO plugin v27.4 - https:\/\/yoast.com\/product\/yoast-seo-wordpress\/ -->\n<title>Ruban adh\u00e9sif thermo-r\u00e9flecteur BeevolutionX - BeevolutionX<\/title>\n<meta name=\"description\" content=\"Ruban adh\u00e9sif thermo-r\u00e9flecteur BeevolutionX. Largeur 5 cm \u00d7 50 m. Id\u00e9al pour fixer et sceller les films isolants des ruches basse consommation.\" \/>\n<meta name=\"robots\" content=\"index, follow, max-snippet:-1, max-image-preview:large, max-video-preview:-1\" \/>\n<link rel=\"canonical\" href=\"https:\/\/beevolutionx.com\/es\/tienda\/pelicula-termorreflectora-rbc\/cinta-adhesiva-termorreflectante\/\" \/>\n<meta property=\"og:locale\" content=\"es_ES\" \/>\n<meta property=\"og:type\" content=\"article\" \/>\n<meta property=\"og:title\" content=\"Ruban adh\u00e9sif thermo-r\u00e9flecteur BeevolutionX - BeevolutionX\" \/>\n<meta property=\"og:description\" content=\"Ruban adh\u00e9sif thermo-r\u00e9flecteur BeevolutionX. Largeur 5 cm \u00d7 50 m. Id\u00e9al pour fixer et sceller les films isolants des ruches basse consommation.\" \/>\n<meta property=\"og:url\" content=\"https:\/\/beevolutionx.com\/es\/tienda\/pelicula-termorreflectora-rbc\/cinta-adhesiva-termorreflectante\/\" \/>\n<meta property=\"og:site_name\" content=\"BeevolutionX\" \/>\n<meta property=\"article:publisher\" content=\"https:\/\/www.facebook.com\/profile.php?id=61556152756378\" \/>\n<meta property=\"article:modified_time\" content=\"2026-04-24T06:30:54+00:00\" \/>\n<meta property=\"og:image\" content=\"https:\/\/beevolutionx.com\/wp-content\/uploads\/2025\/05\/rouleau-de-scotch-683x1024.png\" \/>\n\t<meta property=\"og:image:width\" content=\"683\" \/>\n\t<meta property=\"og:image:height\" content=\"1024\" \/>\n\t<meta property=\"og:image:type\" content=\"image\/png\" \/>\n<meta name=\"twitter:card\" content=\"summary_large_image\" \/>\n<meta name=\"twitter:label1\" content=\"Tiempo de lectura\" \/>\n\t<meta name=\"twitter:data1\" content=\"2 minutos\" \/>\n<script type=\"application\/ld+json\" class=\"yoast-schema-graph\">{\"@context\":\"https:\\\/\\\/schema.org\",\"@graph\":[{\"@type\":\"WebPage\",\"@id\":\"https:\\\/\\\/beevolutionx.com\\\/boutique\\\/film-thermo-reflecteur-rbc\\\/ruban-adhesif-thermo-reflecteur\\\/\",\"url\":\"https:\\\/\\\/beevolutionx.com\\\/boutique\\\/film-thermo-reflecteur-rbc\\\/ruban-adhesif-thermo-reflecteur\\\/\",\"name\":\"Ruban adh\u00e9sif thermo-r\u00e9flecteur BeevolutionX - BeevolutionX\",\"isPartOf\":{\"@id\":\"https:\\\/\\\/beevolutionx.com\\\/#website\"},\"primaryImageOfPage\":{\"@id\":\"https:\\\/\\\/beevolutionx.com\\\/boutique\\\/film-thermo-reflecteur-rbc\\\/ruban-adhesif-thermo-reflecteur\\\/#primaryimage\"},\"image\":{\"@id\":\"https:\\\/\\\/beevolutionx.com\\\/boutique\\\/film-thermo-reflecteur-rbc\\\/ruban-adhesif-thermo-reflecteur\\\/#primaryimage\"},\"thumbnailUrl\":\"https:\\\/\\\/i0.wp.com\\\/beevolutionx.com\\\/wp-content\\\/uploads\\\/2025\\\/05\\\/rouleau-de-scotch.png?fit=1024%2C1536&ssl=1\",\"datePublished\":\"2025-05-27T07:06:00+00:00\",\"dateModified\":\"2026-04-24T06:30:54+00:00\",\"description\":\"Ruban adh\u00e9sif thermo-r\u00e9flecteur BeevolutionX. Largeur 5 cm \u00d7 50 m. Id\u00e9al pour fixer et sceller les films isolants des ruches basse consommation.\",\"breadcrumb\":{\"@id\":\"https:\\\/\\\/beevolutionx.com\\\/boutique\\\/film-thermo-reflecteur-rbc\\\/ruban-adhesif-thermo-reflecteur\\\/#breadcrumb\"},\"inLanguage\":\"es\",\"potentialAction\":[{\"@type\":\"ReadAction\",\"target\":[\"https:\\\/\\\/beevolutionx.com\\\/boutique\\\/film-thermo-reflecteur-rbc\\\/ruban-adhesif-thermo-reflecteur\\\/\"]}]},{\"@type\":\"ImageObject\",\"inLanguage\":\"es\",\"@id\":\"https:\\\/\\\/beevolutionx.com\\\/boutique\\\/film-thermo-reflecteur-rbc\\\/ruban-adhesif-thermo-reflecteur\\\/#primaryimage\",\"url\":\"https:\\\/\\\/i0.wp.com\\\/beevolutionx.com\\\/wp-content\\\/uploads\\\/2025\\\/05\\\/rouleau-de-scotch.png?fit=1024%2C1536&ssl=1\",\"contentUrl\":\"https:\\\/\\\/i0.wp.com\\\/beevolutionx.com\\\/wp-content\\\/uploads\\\/2025\\\/05\\\/rouleau-de-scotch.png?fit=1024%2C1536&ssl=1\",\"width\":1024,\"height\":1536},{\"@type\":\"BreadcrumbList\",\"@id\":\"https:\\\/\\\/beevolutionx.com\\\/boutique\\\/film-thermo-reflecteur-rbc\\\/ruban-adhesif-thermo-reflecteur\\\/#breadcrumb\",\"itemListElement\":[{\"@type\":\"ListItem\",\"position\":1,\"name\":\"Accueil\",\"item\":\"https:\\\/\\\/beevolutionx.com\\\/\"},{\"@type\":\"ListItem\",\"position\":2,\"name\":\"Boutique\",\"item\":\"https:\\\/\\\/beevolutionx.com\\\/boutique\\\/\"},{\"@type\":\"ListItem\",\"position\":3,\"name\":\"Ruban adh\u00e9sif thermo-r\u00e9flecteur BeevolutionX\"}]},{\"@type\":\"WebSite\",\"@id\":\"https:\\\/\\\/beevolutionx.com\\\/#website\",\"url\":\"https:\\\/\\\/beevolutionx.com\\\/\",\"name\":\"BeevolutionX\",\"description\":\"Le site officiel de la Ruche Basse Consommation\u00ae (RBC\u00ae)\",\"publisher\":{\"@id\":\"https:\\\/\\\/beevolutionx.com\\\/#organization\"},\"potentialAction\":[{\"@type\":\"SearchAction\",\"target\":{\"@type\":\"EntryPoint\",\"urlTemplate\":\"https:\\\/\\\/beevolutionx.com\\\/?s={search_term_string}\"},\"query-input\":{\"@type\":\"PropertyValueSpecification\",\"valueRequired\":true,\"valueName\":\"search_term_string\"}}],\"inLanguage\":\"es\"},{\"@type\":\"Organization\",\"@id\":\"https:\\\/\\\/beevolutionx.com\\\/#organization\",\"name\":\"BeevolutionX\",\"url\":\"https:\\\/\\\/beevolutionx.com\\\/\",\"logo\":{\"@type\":\"ImageObject\",\"inLanguage\":\"es\",\"@id\":\"https:\\\/\\\/beevolutionx.com\\\/#\\\/schema\\\/logo\\\/image\\\/\",\"url\":\"https:\\\/\\\/beevolutionx.com\\\/wp-content\\\/uploads\\\/2025\\\/01\\\/BEEVOLUTION-X-LOGO-FINAL-tech-bleu.png\",\"contentUrl\":\"https:\\\/\\\/beevolutionx.com\\\/wp-content\\\/uploads\\\/2025\\\/01\\\/BEEVOLUTION-X-LOGO-FINAL-tech-bleu.png\",\"width\":1114,\"height\":1080,\"caption\":\"BeevolutionX\"},\"image\":{\"@id\":\"https:\\\/\\\/beevolutionx.com\\\/#\\\/schema\\\/logo\\\/image\\\/\"},\"sameAs\":[\"https:\\\/\\\/www.facebook.com\\\/profile.php?id=61556152756378\",\"https:\\\/\\\/www.youtube.com\\\/results?search_query=beevolutionx\",\"https:\\\/\\\/www.instagram.com\\\/beevolutionx\\\/\",\"https:\\\/\\\/www.tiktok.com\\\/@beevolutionx\"]}]}<\/script>\n<!-- \/ Yoast SEO plugin. -->","yoast_head_json":{"title":"Cinta adhesiva termo-reflectante BeevolutionX - BeevolutionX","description":"Cinta adhesiva termorreflectante BeevolutionX. Ancho 5 cm \u00d7 50 m. Ideal para fijar y sellar las pel\u00edculas aislantes de colmenas de bajo consumo.","robots":{"index":"index","follow":"follow","max-snippet":"max-snippet:-1","max-image-preview":"max-image-preview:large","max-video-preview":"max-video-preview:-1"},"canonical":"https:\/\/beevolutionx.com\/es\/tienda\/pelicula-termorreflectora-rbc\/cinta-adhesiva-termorreflectante\/","og_locale":"es_ES","og_type":"article","og_title":"Ruban adh\u00e9sif thermo-r\u00e9flecteur BeevolutionX - BeevolutionX","og_description":"Ruban adh\u00e9sif thermo-r\u00e9flecteur BeevolutionX. Largeur 5 cm \u00d7 50 m. Id\u00e9al pour fixer et sceller les films isolants des ruches basse consommation.","og_url":"https:\/\/beevolutionx.com\/es\/tienda\/pelicula-termorreflectora-rbc\/cinta-adhesiva-termorreflectante\/","og_site_name":"BeevolutionX","article_publisher":"https:\/\/www.facebook.com\/profile.php?id=61556152756378","article_modified_time":"2026-04-24T06:30:54+00:00","og_image":[{"width":683,"height":1024,"url":"https:\/\/beevolutionx.com\/wp-content\/uploads\/2025\/05\/rouleau-de-scotch-683x1024.png","type":"image\/png"}],"twitter_card":"summary_large_image","twitter_misc":{"Tiempo de lectura":"2 minutos"},"schema":{"@context":"https:\/\/schema.org","@graph":[{"@type":"WebPage","@id":"https:\/\/beevolutionx.com\/boutique\/film-thermo-reflecteur-rbc\/ruban-adhesif-thermo-reflecteur\/","url":"https:\/\/beevolutionx.com\/boutique\/film-thermo-reflecteur-rbc\/ruban-adhesif-thermo-reflecteur\/","name":"Cinta adhesiva termo-reflectante BeevolutionX - BeevolutionX","isPartOf":{"@id":"https:\/\/beevolutionx.com\/#website"},"primaryImageOfPage":{"@id":"https:\/\/beevolutionx.com\/boutique\/film-thermo-reflecteur-rbc\/ruban-adhesif-thermo-reflecteur\/#primaryimage"},"image":{"@id":"https:\/\/beevolutionx.com\/boutique\/film-thermo-reflecteur-rbc\/ruban-adhesif-thermo-reflecteur\/#primaryimage"},"thumbnailUrl":"https:\/\/i0.wp.com\/beevolutionx.com\/wp-content\/uploads\/2025\/05\/rouleau-de-scotch.png?fit=1024%2C1536&ssl=1","datePublished":"2025-05-27T07:06:00+00:00","dateModified":"2026-04-24T06:30:54+00:00","description":"Cinta adhesiva termorreflectante BeevolutionX. Ancho 5 cm \u00d7 50 m. Ideal para fijar y sellar las pel\u00edculas aislantes de colmenas de bajo consumo.","breadcrumb":{"@id":"https:\/\/beevolutionx.com\/boutique\/film-thermo-reflecteur-rbc\/ruban-adhesif-thermo-reflecteur\/#breadcrumb"},"inLanguage":"es","potentialAction":[{"@type":"ReadAction","target":["https:\/\/beevolutionx.com\/boutique\/film-thermo-reflecteur-rbc\/ruban-adhesif-thermo-reflecteur\/"]}]},{"@type":"ImageObject","inLanguage":"es","@id":"https:\/\/beevolutionx.com\/boutique\/film-thermo-reflecteur-rbc\/ruban-adhesif-thermo-reflecteur\/#primaryimage","url":"https:\/\/i0.wp.com\/beevolutionx.com\/wp-content\/uploads\/2025\/05\/rouleau-de-scotch.png?fit=1024%2C1536&ssl=1","contentUrl":"https:\/\/i0.wp.com\/beevolutionx.com\/wp-content\/uploads\/2025\/05\/rouleau-de-scotch.png?fit=1024%2C1536&ssl=1","width":1024,"height":1536},{"@type":"BreadcrumbList","@id":"https:\/\/beevolutionx.com\/boutique\/film-thermo-reflecteur-rbc\/ruban-adhesif-thermo-reflecteur\/#breadcrumb","itemListElement":[{"@type":"ListItem","position":1,"name":"Accueil","item":"https:\/\/beevolutionx.com\/"},{"@type":"ListItem","position":2,"name":"Boutique","item":"https:\/\/beevolutionx.com\/boutique\/"},{"@type":"ListItem","position":3,"name":"Ruban adh\u00e9sif thermo-r\u00e9flecteur BeevolutionX"}]},{"@type":"WebSite","@id":"https:\/\/beevolutionx.com\/#website","url":"https:\/\/beevolutionx.com\/","name":"BeevolutionX","description":"La p\u00e1gina oficial de la Colmena de Bajo Consumo\u00ae (RBC\u00ae)","publisher":{"@id":"https:\/\/beevolutionx.com\/#organization"},"potentialAction":[{"@type":"SearchAction","target":{"@type":"EntryPoint","urlTemplate":"https:\/\/beevolutionx.com\/?s={search_term_string}"},"query-input":{"@type":"PropertyValueSpecification","valueRequired":true,"valueName":"search_term_string"}}],"inLanguage":"es"},{"@type":"Organization","@id":"https:\/\/beevolutionx.com\/#organization","name":"BeevolutionX","url":"https:\/\/beevolutionx.com\/","logo":{"@type":"ImageObject","inLanguage":"es","@id":"https:\/\/beevolutionx.com\/#\/schema\/logo\/image\/","url":"https:\/\/beevolutionx.com\/wp-content\/uploads\/2025\/01\/BEEVOLUTION-X-LOGO-FINAL-tech-bleu.png","contentUrl":"https:\/\/beevolutionx.com\/wp-content\/uploads\/2025\/01\/BEEVOLUTION-X-LOGO-FINAL-tech-bleu.png","width":1114,"height":1080,"caption":"BeevolutionX"},"image":{"@id":"https:\/\/beevolutionx.com\/#\/schema\/logo\/image\/"},"sameAs":["https:\/\/www.facebook.com\/profile.php?id=61556152756378","https:\/\/www.youtube.com\/results?search_query=beevolutionx","https:\/\/www.instagram.com\/beevolutionx\/","https:\/\/www.tiktok.com\/@beevolutionx"]}]}},"jetpack_sharing_enabled":true,"_links":{"self":[{"href":"https:\/\/beevolutionx.com\/es\/wp-json\/wp\/v2\/product\/1392","targetHints":{"allow":["GET"]}}],"collection":[{"href":"https:\/\/beevolutionx.com\/es\/wp-json\/wp\/v2\/product"}],"about":[{"href":"https:\/\/beevolutionx.com\/es\/wp-json\/wp\/v2\/types\/product"}],"wp:featuredmedia":[{"embeddable":true,"href":"https:\/\/beevolutionx.com\/es\/wp-json\/wp\/v2\/media\/1930"}],"wp:attachment":[{"href":"https:\/\/beevolutionx.com\/es\/wp-json\/wp\/v2\/media?parent=1392"}],"wp:term":[{"taxonomy":"product_brand","embeddable":true,"href":"https:\/\/beevolutionx.com\/es\/wp-json\/wp\/v2\/product_brand?post=1392"},{"taxonomy":"product_cat","embeddable":true,"href":"https:\/\/beevolutionx.com\/es\/wp-json\/wp\/v2\/product_cat?post=1392"},{"taxonomy":"product_tag","embeddable":true,"href":"https:\/\/beevolutionx.com\/es\/wp-json\/wp\/v2\/product_tag?post=1392"}],"curies":[{"name":"wp","href":"https:\/\/api.w.org\/{rel}","templated":true}]}}