{"id":1394,"date":"2025-05-27T09:38:16","date_gmt":"2025-05-27T07:38:16","guid":{"rendered":"https:\/\/beevolutionx.com\/?post_type=product&#038;p=1394"},"modified":"2026-04-23T13:56:27","modified_gmt":"2026-04-23T11:56:27","slug":"tisu-termo-reflectante-beevolutionx-por-metro","status":"publish","type":"product","link":"https:\/\/beevolutionx.com\/es\/boutique\/film-thermo-reflecteur-rbc\/mouchoir-thermo-reflecteur-beevolutionx-au-metre\/","title":{"rendered":"Tejido termorreflectante BeevolutionX (por metros)"},"content":{"rendered":"<h2 data-start=\"209\" data-end=\"265\">Tela termo-reflectante BeevolutionX (por metro)<\/h2>\n<p data-start=\"267\" data-end=\"709\">Le <strong data-start=\"270\" data-end=\"322\">pa\u00f1uelo termorreflector BeevolutionX por metro<\/strong> est\u00e1 dise\u00f1ado para <strong data-start=\"338\" data-end=\"386\">mejorar el aislamiento y la termorregulaci\u00f3n<\/strong> traje <strong data-start=\"391\" data-end=\"427\">ruches de bajo consumo (RBC\u00ae)<\/strong>.<br data-start=\"428\" data-end=\"431\" \/>Se coloca <strong data-start=\"443\" data-end=\"474\">entre el cuerpo y la subida<\/strong>, o <strong data-start=\"479\" data-end=\"501\">entre dos aumentos<\/strong>, a fin de <strong data-start=\"511\" data-end=\"534\">Devolver el calor<\/strong> hacia la colmena y <strong data-start=\"554\" data-end=\"586\">reducir las p\u00e9rdidas de energ\u00eda<\/strong>.<br data-start=\"587\" data-end=\"590\" \/>Sa <strong data-start=\"593\" data-end=\"623\">doble cara reflectante<\/strong> garantiza una eficacia \u00f3ptima, independientemente de su orientaci\u00f3n, tanto en verano como en invierno.<\/p>\n<hr data-start=\"711\" data-end=\"714\" \/>\n<h3 data-start=\"716\" data-end=\"784\">\u2699\ufe0f Caracter\u00edsticas del pa\u00f1uelo termorreflectante BeevolutionX<\/h3>\n<ul data-start=\"786\" data-end=\"1049\">\n<li data-start=\"786\" data-end=\"846\">\n<p data-start=\"788\" data-end=\"846\"><strong data-start=\"788\" data-end=\"804\">Dimensiones :<\/strong> ancho 31 cm \u2013 se vende por metro lineal<\/p>\n<\/li>\n<li data-start=\"847\" data-end=\"913\">\n<p data-start=\"849\" data-end=\"913\"><strong data-start=\"849\" data-end=\"863\">Material :<\/strong> Aluminio PE flexible, doble cara reflectante<\/p>\n<\/li>\n<li data-start=\"914\" data-end=\"956\">\n<p data-start=\"916\" data-end=\"956\"><strong data-start=\"916\" data-end=\"947\">Capacidad de reflexi\u00f3n del calor :<\/strong> &gt; 85 %<\/p>\n<\/li>\n<li data-start=\"957\" data-end=\"999\">\n<p data-start=\"959\" data-end=\"999\"><strong data-start=\"959\" data-end=\"970\">Peso:<\/strong> ligero, flexible y robusto<\/p>\n<\/li>\n<li data-start=\"1000\" data-end=\"1049\">\n<p data-start=\"1002\" data-end=\"1049\"><strong data-start=\"1002\" data-end=\"1015\">Cortar<\/strong> c\u00fater o tijeras simples<\/p>\n<\/li>\n<\/ul>\n<hr data-start=\"1051\" data-end=\"1054\" \/>\n<h3 data-start=\"1056\" data-end=\"1092\">\ud83d\udca1 Ventajas para el apicultor<\/h3>\n<ul data-start=\"1094\" data-end=\"1422\">\n<li data-start=\"1094\" data-end=\"1152\">\n<p data-start=\"1096\" data-end=\"1152\"><strong data-start=\"1096\" data-end=\"1129\">Aislamiento t\u00e9rmico reforzado<\/strong> en el nido<\/p>\n<\/li>\n<li data-start=\"1153\" data-end=\"1219\">\n<p data-start=\"1155\" data-end=\"1219\"><strong data-start=\"1155\" data-end=\"1181\">Eficiencia a doble cara<\/strong> devuelve el calor de cada lado<\/p>\n<\/li>\n<li data-start=\"1220\" data-end=\"1283\">\n<p data-start=\"1222\" data-end=\"1283\"><strong data-start=\"1222\" data-end=\"1241\">Por metro<\/strong> : ajustable seg\u00fan las necesidades de la colmena<\/p>\n<\/li>\n<li data-start=\"1284\" data-end=\"1353\">\n<p data-start=\"1286\" data-end=\"1353\"><strong data-start=\"1286\" data-end=\"1324\">Adaptado a todos los formatos de colmena<\/strong> Dadant, Langstroth, etc.<\/p>\n<\/li>\n<li data-start=\"1354\" data-end=\"1422\">\n<p data-start=\"1356\" data-end=\"1422\"><strong data-start=\"1356\" data-end=\"1383\">Duradero y reutilizable<\/strong>, soporta manipulaciones repetidas<\/p>\n<\/li>\n<\/ul>\n<hr data-start=\"1424\" data-end=\"1427\" \/>\n<h3 data-start=\"1429\" data-end=\"1460\">\ud83e\udded Uso recomendado<\/h3>\n<p data-start=\"1462\" data-end=\"1861\">Colocar <strong>pa\u00f1uelo reflector RBC<\/strong> directamente sobre el <strong data-start=\"1544\" data-end=\"1563\">alto de los marcos<\/strong>, entre <strong data-start=\"1574\" data-end=\"1583\">cuerpos<\/strong> y la <strong data-start=\"1590\" data-end=\"1600\">subir<\/strong>, o entre <strong data-start=\"1611\" data-end=\"1628\">cada subida<\/strong>.<br data-start=\"1629\" data-end=\"1632\" \/>Para obtener el m\u00e1ximo rendimiento, comb\u00ednalo con <strong data-start=\"1677\" data-end=\"1707\">bufanda termorreflectante<\/strong> y a un <strong data-start=\"1716\" data-end=\"1731\">coj\u00edn RBC<\/strong>.<br data-start=\"1732\" data-end=\"1735\" \/>Este dispositivo mejora la <strong data-start=\"1761\" data-end=\"1791\">termorregulaci\u00f3n natural<\/strong> de abejas, limitando las variaciones de temperatura en la colmena.<\/p>\n<hr data-start=\"1863\" data-end=\"1866\" \/>\n<h3 data-start=\"1868\" data-end=\"1922\">\ud83d\udc1d Un producto BeevolutionX duradero y de alto rendimiento<\/h3>\n<p data-start=\"1924\" data-end=\"2245\">Le <strong data-start=\"1927\" data-end=\"1979\">Pel\u00edcula aislante BeevolutionX al metro<\/strong> es una <strong data-start=\"1988\" data-end=\"2032\">soluci\u00f3n pr\u00e1ctica, econ\u00f3mica y sostenible<\/strong> para aislar las zonas clave de la colmena.<br data-start=\"2072\" data-end=\"2075\" \/>Se integra perfectamente con el concepto <strong data-start=\"2112\" data-end=\"2146\">RBC - Colmena de bajo consumo<\/strong>, garantizando <strong data-start=\"2161\" data-end=\"2198\">una mejor estabilidad t\u00e9rmica<\/strong> y <strong data-start=\"2202\" data-end=\"2224\">un confort \u00f3ptimo<\/strong> para tus colonias.<\/p>\n<p data-start=\"2247\" data-end=\"2421\">\ud83d\udcc4 <a class=\"decorated-link\" href=\"https:\/\/beevolutionx.com\/wp-content\/uploads\/2025\/10\/Declaration_Conformite_Alimentaire_BeevolutionX-1.pdf\" target=\"_new\" rel=\"noopener\" data-start=\"2250\" data-end=\"2419\"><strong data-start=\"2251\" data-end=\"2311\">Descargar el certificado alimentario de BeevolutionX (PDF)<\/strong><\/a><\/p>\n<h3 data-start=\"391\" data-end=\"448\">\ud83d\uded1 <strong data-start=\"398\" data-end=\"446\">Advertencia de uso con tratamientos<\/strong><\/h3>\n<blockquote data-start=\"450\" data-end=\"854\">\n<p data-start=\"452\" data-end=\"707\">\u26a0\ufe0f <strong data-start=\"455\" data-end=\"470\">Atenci\u00f3n:<\/strong> en caso de uso del tratamiento <strong data-start=\"506\" data-end=\"520\">Formic Pro<\/strong>, <strong data-start=\"522\" data-end=\"593\">retire imperativamente los elementos termorreflectantes BeevolutionX<\/strong> (pel\u00edculas, cojines, bufandas, PIHPgm\u2026).<br data-start=\"631\" data-end=\"634\" \/>Los vapores de \u00e1cido f\u00f3rmico pueden da\u00f1ar las pel\u00edculas aluminizadas.<\/p>\n<p data-start=\"714\" data-end=\"854\">\u2705 <strong data-start=\"716\" data-end=\"732\">Ning\u00fan riesgo<\/strong> con los tratamientos <strong data-start=\"754\" data-end=\"766\">Varromed<\/strong> o <strong data-start=\"770\" data-end=\"792\">al \u00e1cido ox\u00e1lico<\/strong>, a condici\u00f3n de <strong data-start=\"809\" data-end=\"851\">respetar los protocolos de aplicaci\u00f3n<\/strong>.<\/p>\n<\/blockquote>\n<h3>\ud83c\udfa5 Preparaci\u00f3n del pa\u00f1uelo termo-reflectante RBC<\/h3>\n<div style=\"position: relative; width: 100%; max-width: 400px; margin: 20px auto;\">\n  <iframe src=\"https:\/\/www.youtube.com\/embed\/mpEVBcSAIak\"\n  style=\"width: 100%; height: 700px;\"\n  frameborder=\"0\" allowfullscreen><\/iframe>\n<\/div>","protected":false},"excerpt":{"rendered":"<div class=\"reapprovisionnement\">\u26a0\ufe0f Agotado por \u00e9xito \u2013 Reposici\u00f3n prevista para finales de abril.<\/div>\n<p data-pm-slice=\"1 1 []\">Pa\u00f1o aislante 31 cm BeevolutionX. Refuerza el efecto t\u00e9rmico de las colmenas RBC. Ligero, cortable y muy eficaz contra la p\u00e9rdida de calor.<\/p>\n<p class=\"reapprovisionnement\">\n<h3>\ud83c\udfa5 Preparaci\u00f3n del pa\u00f1uelo termo-reflectante RBC<\/h3>\n<div style=\"position: relative; width: 100%; max-width: 400px; margin: 20px auto;\">\n  <iframe src=\"https:\/\/www.youtube.com\/shorts\/hoRceyWEONw\"\n  style=\"width: 100%; height: 700px;\"\n  frameborder=\"0\" allowfullscreen><\/iframe>\n<\/div>","protected":false},"featured_media":1419,"template":"","meta":{"_et_pb_use_builder":"","_et_pb_old_content":"","_et_gb_content_width":""},"product_brand":[32],"product_cat":[20],"product_tag":[],"class_list":{"0":"post-1394","1":"product","2":"type-product","3":"status-publish","4":"has-post-thumbnail","6":"product_brand-beevolutionx","7":"product_cat-film-thermo-reflecteur-rbc","9":"first","10":"onbackorder","11":"taxable","12":"shipping-taxable","13":"purchasable","14":"product-type-simple"},"yoast_head":"<!-- This site is optimized with the Yoast SEO plugin v27.4 - https:\/\/yoast.com\/product\/yoast-seo-wordpress\/ -->\n<title>Mouchoir thermo-r\u00e9flecteur BeevolutionX (au m\u00e8tre) - BeevolutionX<\/title>\n<meta name=\"description\" content=\"Mouchoir thermo-r\u00e9flecteur BeevolutionX au m\u00e8tre. Largeur 31 cm, double face r\u00e9fl\u00e9chissante. Isolation durable et adaptable pour ruches RBC.\" \/>\n<meta name=\"robots\" content=\"index, follow, max-snippet:-1, max-image-preview:large, max-video-preview:-1\" \/>\n<link rel=\"canonical\" href=\"https:\/\/beevolutionx.com\/es\/tienda\/pelicula-termorreflectora-rbc\/tisu-termo-reflectante-beevolutionx-por-metro\/\" \/>\n<meta property=\"og:locale\" content=\"es_ES\" \/>\n<meta property=\"og:type\" content=\"article\" \/>\n<meta property=\"og:title\" content=\"Mouchoir thermo-r\u00e9flecteur BeevolutionX (au m\u00e8tre) - BeevolutionX\" \/>\n<meta property=\"og:description\" content=\"Mouchoir thermo-r\u00e9flecteur BeevolutionX au m\u00e8tre. Largeur 31 cm, double face r\u00e9fl\u00e9chissante. Isolation durable et adaptable pour ruches RBC.\" \/>\n<meta property=\"og:url\" content=\"https:\/\/beevolutionx.com\/es\/tienda\/pelicula-termorreflectora-rbc\/tisu-termo-reflectante-beevolutionx-por-metro\/\" \/>\n<meta property=\"og:site_name\" content=\"BeevolutionX\" \/>\n<meta property=\"article:publisher\" content=\"https:\/\/www.facebook.com\/profile.php?id=61556152756378\" \/>\n<meta property=\"article:modified_time\" content=\"2026-04-23T11:56:27+00:00\" \/>\n<meta property=\"og:image\" content=\"https:\/\/beevolutionx.com\/wp-content\/uploads\/2025\/06\/mouchoir-modifier.jpg\" \/>\n\t<meta property=\"og:image:width\" content=\"1510\" \/>\n\t<meta property=\"og:image:height\" content=\"765\" \/>\n\t<meta property=\"og:image:type\" content=\"image\/jpeg\" \/>\n<meta name=\"twitter:card\" content=\"summary_large_image\" \/>\n<meta name=\"twitter:label1\" content=\"Tiempo de lectura\" \/>\n\t<meta name=\"twitter:data1\" content=\"2 minutos\" \/>\n<script type=\"application\/ld+json\" class=\"yoast-schema-graph\">{\"@context\":\"https:\\\/\\\/schema.org\",\"@graph\":[{\"@type\":\"WebPage\",\"@id\":\"https:\\\/\\\/beevolutionx.com\\\/boutique\\\/film-thermo-reflecteur-rbc\\\/mouchoir-thermo-reflecteur-beevolutionx-au-metre\\\/\",\"url\":\"https:\\\/\\\/beevolutionx.com\\\/boutique\\\/film-thermo-reflecteur-rbc\\\/mouchoir-thermo-reflecteur-beevolutionx-au-metre\\\/\",\"name\":\"Mouchoir thermo-r\u00e9flecteur BeevolutionX (au m\u00e8tre) - BeevolutionX\",\"isPartOf\":{\"@id\":\"https:\\\/\\\/beevolutionx.com\\\/#website\"},\"primaryImageOfPage\":{\"@id\":\"https:\\\/\\\/beevolutionx.com\\\/boutique\\\/film-thermo-reflecteur-rbc\\\/mouchoir-thermo-reflecteur-beevolutionx-au-metre\\\/#primaryimage\"},\"image\":{\"@id\":\"https:\\\/\\\/beevolutionx.com\\\/boutique\\\/film-thermo-reflecteur-rbc\\\/mouchoir-thermo-reflecteur-beevolutionx-au-metre\\\/#primaryimage\"},\"thumbnailUrl\":\"https:\\\/\\\/i0.wp.com\\\/beevolutionx.com\\\/wp-content\\\/uploads\\\/2025\\\/06\\\/mouchoir-modifier.jpg?fit=1510%2C765&ssl=1\",\"datePublished\":\"2025-05-27T07:38:16+00:00\",\"dateModified\":\"2026-04-23T11:56:27+00:00\",\"description\":\"Mouchoir thermo-r\u00e9flecteur BeevolutionX au m\u00e8tre. Largeur 31 cm, double face r\u00e9fl\u00e9chissante. Isolation durable et adaptable pour ruches RBC.\",\"breadcrumb\":{\"@id\":\"https:\\\/\\\/beevolutionx.com\\\/boutique\\\/film-thermo-reflecteur-rbc\\\/mouchoir-thermo-reflecteur-beevolutionx-au-metre\\\/#breadcrumb\"},\"inLanguage\":\"es\",\"potentialAction\":[{\"@type\":\"ReadAction\",\"target\":[\"https:\\\/\\\/beevolutionx.com\\\/boutique\\\/film-thermo-reflecteur-rbc\\\/mouchoir-thermo-reflecteur-beevolutionx-au-metre\\\/\"]}]},{\"@type\":\"ImageObject\",\"inLanguage\":\"es\",\"@id\":\"https:\\\/\\\/beevolutionx.com\\\/boutique\\\/film-thermo-reflecteur-rbc\\\/mouchoir-thermo-reflecteur-beevolutionx-au-metre\\\/#primaryimage\",\"url\":\"https:\\\/\\\/i0.wp.com\\\/beevolutionx.com\\\/wp-content\\\/uploads\\\/2025\\\/06\\\/mouchoir-modifier.jpg?fit=1510%2C765&ssl=1\",\"contentUrl\":\"https:\\\/\\\/i0.wp.com\\\/beevolutionx.com\\\/wp-content\\\/uploads\\\/2025\\\/06\\\/mouchoir-modifier.jpg?fit=1510%2C765&ssl=1\",\"width\":1510,\"height\":765},{\"@type\":\"BreadcrumbList\",\"@id\":\"https:\\\/\\\/beevolutionx.com\\\/boutique\\\/film-thermo-reflecteur-rbc\\\/mouchoir-thermo-reflecteur-beevolutionx-au-metre\\\/#breadcrumb\",\"itemListElement\":[{\"@type\":\"ListItem\",\"position\":1,\"name\":\"Accueil\",\"item\":\"https:\\\/\\\/beevolutionx.com\\\/\"},{\"@type\":\"ListItem\",\"position\":2,\"name\":\"Boutique\",\"item\":\"https:\\\/\\\/beevolutionx.com\\\/boutique\\\/\"},{\"@type\":\"ListItem\",\"position\":3,\"name\":\"Mouchoir thermo-r\u00e9flecteur BeevolutionX (au m\u00e8tre)\"}]},{\"@type\":\"WebSite\",\"@id\":\"https:\\\/\\\/beevolutionx.com\\\/#website\",\"url\":\"https:\\\/\\\/beevolutionx.com\\\/\",\"name\":\"BeevolutionX\",\"description\":\"Le site officiel de la Ruche Basse Consommation\u00ae (RBC\u00ae)\",\"publisher\":{\"@id\":\"https:\\\/\\\/beevolutionx.com\\\/#organization\"},\"potentialAction\":[{\"@type\":\"SearchAction\",\"target\":{\"@type\":\"EntryPoint\",\"urlTemplate\":\"https:\\\/\\\/beevolutionx.com\\\/?s={search_term_string}\"},\"query-input\":{\"@type\":\"PropertyValueSpecification\",\"valueRequired\":true,\"valueName\":\"search_term_string\"}}],\"inLanguage\":\"es\"},{\"@type\":\"Organization\",\"@id\":\"https:\\\/\\\/beevolutionx.com\\\/#organization\",\"name\":\"BeevolutionX\",\"url\":\"https:\\\/\\\/beevolutionx.com\\\/\",\"logo\":{\"@type\":\"ImageObject\",\"inLanguage\":\"es\",\"@id\":\"https:\\\/\\\/beevolutionx.com\\\/#\\\/schema\\\/logo\\\/image\\\/\",\"url\":\"https:\\\/\\\/beevolutionx.com\\\/wp-content\\\/uploads\\\/2025\\\/01\\\/BEEVOLUTION-X-LOGO-FINAL-tech-bleu.png\",\"contentUrl\":\"https:\\\/\\\/beevolutionx.com\\\/wp-content\\\/uploads\\\/2025\\\/01\\\/BEEVOLUTION-X-LOGO-FINAL-tech-bleu.png\",\"width\":1114,\"height\":1080,\"caption\":\"BeevolutionX\"},\"image\":{\"@id\":\"https:\\\/\\\/beevolutionx.com\\\/#\\\/schema\\\/logo\\\/image\\\/\"},\"sameAs\":[\"https:\\\/\\\/www.facebook.com\\\/profile.php?id=61556152756378\",\"https:\\\/\\\/www.youtube.com\\\/results?search_query=beevolutionx\",\"https:\\\/\\\/www.instagram.com\\\/beevolutionx\\\/\",\"https:\\\/\\\/www.tiktok.com\\\/@beevolutionx\"]}]}<\/script>\n<!-- \/ Yoast SEO plugin. -->","yoast_head_json":{"title":"Pa\u00f1o termorreflectante BeevolutionX (por metro) - BeevolutionX","description":"Tela termorreflectante BeevolutionX por metros. Ancho 31 cm, doble cara reflectante. Aislamiento duradero y adaptable para colmenas RBC.","robots":{"index":"index","follow":"follow","max-snippet":"max-snippet:-1","max-image-preview":"max-image-preview:large","max-video-preview":"max-video-preview:-1"},"canonical":"https:\/\/beevolutionx.com\/es\/tienda\/pelicula-termorreflectora-rbc\/tisu-termo-reflectante-beevolutionx-por-metro\/","og_locale":"es_ES","og_type":"article","og_title":"Mouchoir thermo-r\u00e9flecteur BeevolutionX (au m\u00e8tre) - BeevolutionX","og_description":"Mouchoir thermo-r\u00e9flecteur BeevolutionX au m\u00e8tre. Largeur 31 cm, double face r\u00e9fl\u00e9chissante. Isolation durable et adaptable pour ruches RBC.","og_url":"https:\/\/beevolutionx.com\/es\/tienda\/pelicula-termorreflectora-rbc\/tisu-termo-reflectante-beevolutionx-por-metro\/","og_site_name":"BeevolutionX","article_publisher":"https:\/\/www.facebook.com\/profile.php?id=61556152756378","article_modified_time":"2026-04-23T11:56:27+00:00","og_image":[{"width":1510,"height":765,"url":"https:\/\/beevolutionx.com\/wp-content\/uploads\/2025\/06\/mouchoir-modifier.jpg","type":"image\/jpeg"}],"twitter_card":"summary_large_image","twitter_misc":{"Tiempo de lectura":"2 minutos"},"schema":{"@context":"https:\/\/schema.org","@graph":[{"@type":"WebPage","@id":"https:\/\/beevolutionx.com\/boutique\/film-thermo-reflecteur-rbc\/mouchoir-thermo-reflecteur-beevolutionx-au-metre\/","url":"https:\/\/beevolutionx.com\/boutique\/film-thermo-reflecteur-rbc\/mouchoir-thermo-reflecteur-beevolutionx-au-metre\/","name":"Pa\u00f1o termorreflectante BeevolutionX (por metro) - BeevolutionX","isPartOf":{"@id":"https:\/\/beevolutionx.com\/#website"},"primaryImageOfPage":{"@id":"https:\/\/beevolutionx.com\/boutique\/film-thermo-reflecteur-rbc\/mouchoir-thermo-reflecteur-beevolutionx-au-metre\/#primaryimage"},"image":{"@id":"https:\/\/beevolutionx.com\/boutique\/film-thermo-reflecteur-rbc\/mouchoir-thermo-reflecteur-beevolutionx-au-metre\/#primaryimage"},"thumbnailUrl":"https:\/\/i0.wp.com\/beevolutionx.com\/wp-content\/uploads\/2025\/06\/mouchoir-modifier.jpg?fit=1510%2C765&ssl=1","datePublished":"2025-05-27T07:38:16+00:00","dateModified":"2026-04-23T11:56:27+00:00","description":"Tela termorreflectante BeevolutionX por metros. Ancho 31 cm, doble cara reflectante. Aislamiento duradero y adaptable para colmenas RBC.","breadcrumb":{"@id":"https:\/\/beevolutionx.com\/boutique\/film-thermo-reflecteur-rbc\/mouchoir-thermo-reflecteur-beevolutionx-au-metre\/#breadcrumb"},"inLanguage":"es","potentialAction":[{"@type":"ReadAction","target":["https:\/\/beevolutionx.com\/boutique\/film-thermo-reflecteur-rbc\/mouchoir-thermo-reflecteur-beevolutionx-au-metre\/"]}]},{"@type":"ImageObject","inLanguage":"es","@id":"https:\/\/beevolutionx.com\/boutique\/film-thermo-reflecteur-rbc\/mouchoir-thermo-reflecteur-beevolutionx-au-metre\/#primaryimage","url":"https:\/\/i0.wp.com\/beevolutionx.com\/wp-content\/uploads\/2025\/06\/mouchoir-modifier.jpg?fit=1510%2C765&ssl=1","contentUrl":"https:\/\/i0.wp.com\/beevolutionx.com\/wp-content\/uploads\/2025\/06\/mouchoir-modifier.jpg?fit=1510%2C765&ssl=1","width":1510,"height":765},{"@type":"BreadcrumbList","@id":"https:\/\/beevolutionx.com\/boutique\/film-thermo-reflecteur-rbc\/mouchoir-thermo-reflecteur-beevolutionx-au-metre\/#breadcrumb","itemListElement":[{"@type":"ListItem","position":1,"name":"Accueil","item":"https:\/\/beevolutionx.com\/"},{"@type":"ListItem","position":2,"name":"Boutique","item":"https:\/\/beevolutionx.com\/boutique\/"},{"@type":"ListItem","position":3,"name":"Mouchoir thermo-r\u00e9flecteur BeevolutionX (au m\u00e8tre)"}]},{"@type":"WebSite","@id":"https:\/\/beevolutionx.com\/#website","url":"https:\/\/beevolutionx.com\/","name":"BeevolutionX","description":"La p\u00e1gina oficial de la Colmena de Bajo Consumo\u00ae (RBC\u00ae)","publisher":{"@id":"https:\/\/beevolutionx.com\/#organization"},"potentialAction":[{"@type":"SearchAction","target":{"@type":"EntryPoint","urlTemplate":"https:\/\/beevolutionx.com\/?s={search_term_string}"},"query-input":{"@type":"PropertyValueSpecification","valueRequired":true,"valueName":"search_term_string"}}],"inLanguage":"es"},{"@type":"Organization","@id":"https:\/\/beevolutionx.com\/#organization","name":"BeevolutionX","url":"https:\/\/beevolutionx.com\/","logo":{"@type":"ImageObject","inLanguage":"es","@id":"https:\/\/beevolutionx.com\/#\/schema\/logo\/image\/","url":"https:\/\/beevolutionx.com\/wp-content\/uploads\/2025\/01\/BEEVOLUTION-X-LOGO-FINAL-tech-bleu.png","contentUrl":"https:\/\/beevolutionx.com\/wp-content\/uploads\/2025\/01\/BEEVOLUTION-X-LOGO-FINAL-tech-bleu.png","width":1114,"height":1080,"caption":"BeevolutionX"},"image":{"@id":"https:\/\/beevolutionx.com\/#\/schema\/logo\/image\/"},"sameAs":["https:\/\/www.facebook.com\/profile.php?id=61556152756378","https:\/\/www.youtube.com\/results?search_query=beevolutionx","https:\/\/www.instagram.com\/beevolutionx\/","https:\/\/www.tiktok.com\/@beevolutionx"]}]}},"jetpack_sharing_enabled":true,"_links":{"self":[{"href":"https:\/\/beevolutionx.com\/es\/wp-json\/wp\/v2\/product\/1394","targetHints":{"allow":["GET"]}}],"collection":[{"href":"https:\/\/beevolutionx.com\/es\/wp-json\/wp\/v2\/product"}],"about":[{"href":"https:\/\/beevolutionx.com\/es\/wp-json\/wp\/v2\/types\/product"}],"wp:featuredmedia":[{"embeddable":true,"href":"https:\/\/beevolutionx.com\/es\/wp-json\/wp\/v2\/media\/1419"}],"wp:attachment":[{"href":"https:\/\/beevolutionx.com\/es\/wp-json\/wp\/v2\/media?parent=1394"}],"wp:term":[{"taxonomy":"product_brand","embeddable":true,"href":"https:\/\/beevolutionx.com\/es\/wp-json\/wp\/v2\/product_brand?post=1394"},{"taxonomy":"product_cat","embeddable":true,"href":"https:\/\/beevolutionx.com\/es\/wp-json\/wp\/v2\/product_cat?post=1394"},{"taxonomy":"product_tag","embeddable":true,"href":"https:\/\/beevolutionx.com\/es\/wp-json\/wp\/v2\/product_tag?post=1394"}],"curies":[{"name":"wp","href":"https:\/\/api.w.org\/{rel}","templated":true}]}}