{"id":1466,"date":"2025-06-07T22:30:36","date_gmt":"2025-06-07T20:30:36","guid":{"rendered":"https:\/\/beevolutionx.com\/?post_type=product&#038;p=1466"},"modified":"2026-04-23T08:06:54","modified_gmt":"2026-04-23T06:06:54","slug":"film-thermo-reflecteur-beevolutionx-37cm-au-metre","status":"publish","type":"product","link":"https:\/\/beevolutionx.com\/es\/boutique\/film-thermo-reflecteur-rbc\/film-thermo-reflecteur-beevolutionx-37cm-au-metre\/","title":{"rendered":"L\u00e1mina termorreflectante BeevolutionX 37,5 cm (por metro)"},"content":{"rendered":"<h2 data-start=\"276\" data-end=\"346\">\ud83d\udc1d Film thermo-r\u00e9flecteur BeevolutionX \u2013 largeur 37,5 cm (au m\u00e8tre)<\/h2>\n<p data-start=\"348\" data-end=\"836\">Le <strong data-start=\"351\" data-end=\"409\">film thermo-r\u00e9flecteur BeevolutionX 37,5 cm (au m\u00e8tre)<\/strong> permite <strong data-start=\"420\" data-end=\"481\">fabriquer simplement des ruches basse consommation (RBC\u00ae)<\/strong> et d\u2019optimiser l\u2019isolation interne de vos ruches.<br data-start=\"531\" data-end=\"534\" \/>Con un <strong data-start=\"542\" data-end=\"593\">reflectancia t\u00e9rmica superior a 85 %<\/strong>, ce film renvoie la chaleur vers le couvain et am\u00e9liore le <strong data-start=\"653\" data-end=\"674\">confort t\u00e9rmico<\/strong> de colonias.<br data-start=\"688\" data-end=\"691\" \/>Fin, souple et solide, il offre une <strong data-start=\"727\" data-end=\"782\">solution efficace pour limiter les pertes d\u2019\u00e9nergie<\/strong> et soutenir la vitalit\u00e9 des abeilles toute l\u2019ann\u00e9e.<\/p>\n<hr data-start=\"838\" data-end=\"841\" \/>\n<h3 data-start=\"843\" data-end=\"907\">\u2699\ufe0f Caract\u00e9ristiques du film thermo-r\u00e9flecteur BeevolutionX<\/h3>\n<ul data-start=\"909\" data-end=\"1155\">\n<li data-start=\"909\" data-end=\"934\">\n<p data-start=\"911\" data-end=\"934\"><strong data-start=\"911\" data-end=\"924\">Anchura :<\/strong> 37,5 cm<\/p>\n<\/li>\n<li data-start=\"935\" data-end=\"968\">\n<p data-start=\"937\" data-end=\"968\"><strong data-start=\"937\" data-end=\"948\">Vendu :<\/strong> au m\u00e8tre lin\u00e9aire<\/p>\n<\/li>\n<li data-start=\"969\" data-end=\"1027\">\n<p data-start=\"971\" data-end=\"1027\"><strong data-start=\"971\" data-end=\"985\">Material :<\/strong> PE aluminis\u00e9 (poly\u00e9thyl\u00e8ne + aluminium)<\/p>\n<\/li>\n<li data-start=\"1028\" data-end=\"1070\">\n<p data-start=\"1030\" data-end=\"1070\"><strong data-start=\"1030\" data-end=\"1061\">Capacidad de reflexi\u00f3n del calor :<\/strong> &gt; 85 %<\/p>\n<\/li>\n<li data-start=\"1071\" data-end=\"1105\">\n<p data-start=\"1073\" data-end=\"1105\"><strong data-start=\"1073\" data-end=\"1088\">Espesor:<\/strong> 0,2 mm environ<\/p>\n<\/li>\n<li data-start=\"1106\" data-end=\"1155\">\n<p data-start=\"1108\" data-end=\"1155\"><strong data-start=\"1108\" data-end=\"1121\">Cortar<\/strong> c\u00fater o tijeras simples<\/p>\n<\/li>\n<\/ul>\n<hr data-start=\"1157\" data-end=\"1160\" \/>\n<h3 data-start=\"1162\" data-end=\"1198\">\ud83d\udca1 Ventajas para el apicultor<\/h3>\n<ul data-start=\"1200\" data-end=\"1591\">\n<li data-start=\"1200\" data-end=\"1293\">\n<p data-start=\"1202\" data-end=\"1293\"><strong data-start=\"1202\" data-end=\"1227\">Aislamiento de alto rendimiento<\/strong> para colmenas <strong data-start=\"1244\" data-end=\"1253\">Warr\u00e9<\/strong>, <strong data-start=\"1255\" data-end=\"1268\">ruchettes<\/strong> o <strong data-start=\"1272\" data-end=\"1291\">formats r\u00e9duits<\/strong><\/p>\n<\/li>\n<li data-start=\"1294\" data-end=\"1362\">\n<p data-start=\"1296\" data-end=\"1362\"><strong data-start=\"1296\" data-end=\"1324\">Format pratique au m\u00e8tre<\/strong> : s\u2019adapte \u00e0 vos besoins de d\u00e9coupe<\/p>\n<\/li>\n<li data-start=\"1363\" data-end=\"1425\">\n<p data-start=\"1365\" data-end=\"1425\"><strong data-start=\"1365\" data-end=\"1385\">Souplesse \u00e9lev\u00e9e<\/strong> : facile \u00e0 manipuler et \u00e0 positionner<\/p>\n<\/li>\n<li data-start=\"1426\" data-end=\"1504\">\n<p data-start=\"1428\" data-end=\"1504\"><strong data-start=\"1428\" data-end=\"1449\">Gran resistencia<\/strong> aux coups de l\u00e8ve-cadres, \u00e0 la propolis et \u00e0 la cire<\/p>\n<\/li>\n<li data-start=\"1505\" data-end=\"1591\">\n<p data-start=\"1507\" data-end=\"1591\"><strong data-start=\"1507\" data-end=\"1525\">\u00c9paisseur fine<\/strong> : ne g\u00eane pas les abeilles et pr\u00e9serve la ventilation naturelle<\/p>\n<\/li>\n<\/ul>\n<hr data-start=\"1593\" data-end=\"1596\" \/>\n<h3 data-start=\"1598\" data-end=\"1629\">\ud83e\udded Uso recomendado<\/h3>\n<p data-start=\"1631\" data-end=\"1981\">D\u00e9coupez la longueur souhait\u00e9e du <strong data-start=\"1665\" data-end=\"1712\">film thermo-r\u00e9flecteur BeevolutionX 37,5 cm<\/strong> selon vos besoins.<br data-start=\"1731\" data-end=\"1734\" \/>Utilisez-le pour cr\u00e9er des <strong data-start=\"1761\" data-end=\"1773\">bufandas<\/strong>, des <strong data-start=\"1779\" data-end=\"1803\">tabiques aislantes<\/strong> ou des <strong data-start=\"1811\" data-end=\"1846\">protections thermiques internes<\/strong>.<br data-start=\"1847\" data-end=\"1850\" \/>Pour un effet optimal, combinez-le avec d\u2019autres \u00e9l\u00e9ments <strong data-start=\"1908\" data-end=\"1928\">RBC BeevolutionX<\/strong> : <strong data-start=\"1931\" data-end=\"1943\">mouchoir<\/strong>, <strong data-start=\"1945\" data-end=\"1955\">PIHPgm<\/strong> o <strong data-start=\"1959\" data-end=\"1978\">coj\u00edn aislante<\/strong>.<\/p>\n<hr data-start=\"1983\" data-end=\"1986\" \/>\n<h3 data-start=\"1988\" data-end=\"2038\">\ud83d\udc1d Une solution BeevolutionX durable et s\u00fbre<\/h3>\n<p data-start=\"2040\" data-end=\"2375\">Le <strong data-start=\"2043\" data-end=\"2090\">film thermo-r\u00e9flecteur BeevolutionX 37,5 cm<\/strong> es una <strong data-start=\"2099\" data-end=\"2138\">solution professionnelle et durable<\/strong>, certifi\u00e9e pour le <strong data-start=\"2158\" data-end=\"2181\">contact alimentaire<\/strong> et con\u00e7ue pour les exigences de l\u2019apiculture moderne.<br data-start=\"2235\" data-end=\"2238\" \/>\u00c9l garantiza una <strong data-start=\"2254\" data-end=\"2276\">isolation homog\u00e8ne<\/strong> y un <strong data-start=\"2284\" data-end=\"2320\">meilleure efficacit\u00e9 \u00e9nerg\u00e9tique<\/strong>, dans le respect des abeilles et de l\u2019environnement.<\/p>\n<p data-start=\"2377\" data-end=\"2551\">\ud83d\udcc4 <a class=\"decorated-link\" href=\"https:\/\/beevolutionx.com\/wp-content\/uploads\/2025\/10\/Declaration_Conformite_Alimentaire_BeevolutionX-1.pdf\" target=\"_new\" rel=\"noopener\" data-start=\"2380\" data-end=\"2549\"><strong data-start=\"2381\" data-end=\"2441\">Descargar el certificado alimentario de BeevolutionX (PDF)<\/strong><\/a><\/p>\n<h3 data-start=\"391\" data-end=\"448\">\ud83d\uded1 <strong data-start=\"398\" data-end=\"446\">Advertencia de uso con tratamientos<\/strong><\/h3>\n<blockquote data-start=\"450\" data-end=\"854\">\n<p data-start=\"452\" data-end=\"707\">\u26a0\ufe0f <strong data-start=\"455\" data-end=\"470\">Atenci\u00f3n:<\/strong> en caso de uso del tratamiento <strong data-start=\"506\" data-end=\"520\">Formic Pro<\/strong>, <strong data-start=\"522\" data-end=\"593\">retire imperativamente los elementos termorreflectantes BeevolutionX<\/strong> (pel\u00edculas, cojines, bufandas, PIHPgm\u2026).<br data-start=\"631\" data-end=\"634\" \/>Los vapores de \u00e1cido f\u00f3rmico pueden da\u00f1ar las pel\u00edculas aluminizadas.<\/p>\n<p data-start=\"714\" data-end=\"854\">\u2705 <strong data-start=\"716\" data-end=\"732\">Ning\u00fan riesgo<\/strong> con los tratamientos <strong data-start=\"754\" data-end=\"766\">Varromed<\/strong> o <strong data-start=\"770\" data-end=\"792\">al \u00e1cido ox\u00e1lico<\/strong>, a condici\u00f3n de <strong data-start=\"809\" data-end=\"851\">respetar los protocolos de aplicaci\u00f3n<\/strong><\/p>\n<\/blockquote>","protected":false},"excerpt":{"rendered":"<p data-pm-slice=\"1 1 []\">Film thermo-r\u00e9flecteur 37,5 cm de large. Id\u00e9al pour ruchettes et Warr\u00e9. L\u00e9ger, r\u00e9sistant, effet r\u00e9flecteur.<\/p>\n<p class=\"reapprovisionnement\">","protected":false},"featured_media":68,"template":"","meta":{"_et_pb_use_builder":"","_et_pb_old_content":"","_et_gb_content_width":""},"product_brand":[32],"product_cat":[20],"product_tag":[],"class_list":{"0":"post-1466","1":"product","2":"type-product","3":"status-publish","4":"has-post-thumbnail","6":"product_brand-beevolutionx","7":"product_cat-film-thermo-reflecteur-rbc","9":"first","10":"instock","11":"taxable","12":"shipping-taxable","13":"purchasable","14":"product-type-simple"},"yoast_head":"<!-- This site is optimized with the Yoast SEO plugin v27.4 - https:\/\/yoast.com\/product\/yoast-seo-wordpress\/ -->\n<title>Film thermo-r\u00e9flecteur BeevolutionX 37,5 cm (au m\u00e8tre) - BeevolutionX<\/title>\n<meta name=\"description\" content=\"Film thermo-r\u00e9flecteur BeevolutionX 37,5 cm au m\u00e8tre. Isolation fine et durable pour ruches Warr\u00e9 et ruchettes. Haute efficacit\u00e9 thermique.\" \/>\n<meta name=\"robots\" content=\"index, follow, max-snippet:-1, max-image-preview:large, max-video-preview:-1\" \/>\n<link rel=\"canonical\" href=\"https:\/\/beevolutionx.com\/es\/tienda\/pelicula-termorreflectora-rbc\/film-thermo-reflecteur-beevolutionx-37cm-au-metre\/\" \/>\n<meta property=\"og:locale\" content=\"es_ES\" \/>\n<meta property=\"og:type\" content=\"article\" \/>\n<meta property=\"og:title\" content=\"Film thermo-r\u00e9flecteur BeevolutionX 37,5 cm (au m\u00e8tre) - BeevolutionX\" \/>\n<meta property=\"og:description\" content=\"Film thermo-r\u00e9flecteur BeevolutionX 37,5 cm au m\u00e8tre. Isolation fine et durable pour ruches Warr\u00e9 et ruchettes. Haute efficacit\u00e9 thermique.\" \/>\n<meta property=\"og:url\" content=\"https:\/\/beevolutionx.com\/es\/tienda\/pelicula-termorreflectora-rbc\/film-thermo-reflecteur-beevolutionx-37cm-au-metre\/\" \/>\n<meta property=\"og:site_name\" content=\"BeevolutionX\" \/>\n<meta property=\"article:publisher\" content=\"https:\/\/www.facebook.com\/profile.php?id=61556152756378\" \/>\n<meta property=\"article:modified_time\" content=\"2026-04-23T06:06:54+00:00\" \/>\n<meta property=\"og:image\" content=\"https:\/\/beevolutionx.com\/wp-content\/uploads\/2025\/01\/film-beevolutionx-modif.jpg\" \/>\n\t<meta property=\"og:image:width\" content=\"1427\" \/>\n\t<meta property=\"og:image:height\" content=\"887\" \/>\n\t<meta property=\"og:image:type\" content=\"image\/jpeg\" \/>\n<meta name=\"twitter:card\" content=\"summary_large_image\" \/>\n<meta name=\"twitter:label1\" content=\"Tiempo de lectura\" \/>\n\t<meta name=\"twitter:data1\" content=\"2 minutos\" \/>\n<script type=\"application\/ld+json\" class=\"yoast-schema-graph\">{\"@context\":\"https:\\\/\\\/schema.org\",\"@graph\":[{\"@type\":\"WebPage\",\"@id\":\"https:\\\/\\\/beevolutionx.com\\\/boutique\\\/film-thermo-reflecteur-rbc\\\/film-thermo-reflecteur-beevolutionx-37cm-au-metre\\\/\",\"url\":\"https:\\\/\\\/beevolutionx.com\\\/boutique\\\/film-thermo-reflecteur-rbc\\\/film-thermo-reflecteur-beevolutionx-37cm-au-metre\\\/\",\"name\":\"Film thermo-r\u00e9flecteur BeevolutionX 37,5 cm (au m\u00e8tre) - BeevolutionX\",\"isPartOf\":{\"@id\":\"https:\\\/\\\/beevolutionx.com\\\/#website\"},\"primaryImageOfPage\":{\"@id\":\"https:\\\/\\\/beevolutionx.com\\\/boutique\\\/film-thermo-reflecteur-rbc\\\/film-thermo-reflecteur-beevolutionx-37cm-au-metre\\\/#primaryimage\"},\"image\":{\"@id\":\"https:\\\/\\\/beevolutionx.com\\\/boutique\\\/film-thermo-reflecteur-rbc\\\/film-thermo-reflecteur-beevolutionx-37cm-au-metre\\\/#primaryimage\"},\"thumbnailUrl\":\"https:\\\/\\\/i0.wp.com\\\/beevolutionx.com\\\/wp-content\\\/uploads\\\/2025\\\/01\\\/film-beevolutionx-modif.jpg?fit=1427%2C887&ssl=1\",\"datePublished\":\"2025-06-07T20:30:36+00:00\",\"dateModified\":\"2026-04-23T06:06:54+00:00\",\"description\":\"Film thermo-r\u00e9flecteur BeevolutionX 37,5 cm au m\u00e8tre. Isolation fine et durable pour ruches Warr\u00e9 et ruchettes. Haute efficacit\u00e9 thermique.\",\"breadcrumb\":{\"@id\":\"https:\\\/\\\/beevolutionx.com\\\/boutique\\\/film-thermo-reflecteur-rbc\\\/film-thermo-reflecteur-beevolutionx-37cm-au-metre\\\/#breadcrumb\"},\"inLanguage\":\"es\",\"potentialAction\":[{\"@type\":\"ReadAction\",\"target\":[\"https:\\\/\\\/beevolutionx.com\\\/boutique\\\/film-thermo-reflecteur-rbc\\\/film-thermo-reflecteur-beevolutionx-37cm-au-metre\\\/\"]}]},{\"@type\":\"ImageObject\",\"inLanguage\":\"es\",\"@id\":\"https:\\\/\\\/beevolutionx.com\\\/boutique\\\/film-thermo-reflecteur-rbc\\\/film-thermo-reflecteur-beevolutionx-37cm-au-metre\\\/#primaryimage\",\"url\":\"https:\\\/\\\/i0.wp.com\\\/beevolutionx.com\\\/wp-content\\\/uploads\\\/2025\\\/01\\\/film-beevolutionx-modif.jpg?fit=1427%2C887&ssl=1\",\"contentUrl\":\"https:\\\/\\\/i0.wp.com\\\/beevolutionx.com\\\/wp-content\\\/uploads\\\/2025\\\/01\\\/film-beevolutionx-modif.jpg?fit=1427%2C887&ssl=1\",\"width\":1427,\"height\":887,\"caption\":\"Film thermo-r\u00e9flecteur pour ruche basse consommation BeevolutionX\"},{\"@type\":\"BreadcrumbList\",\"@id\":\"https:\\\/\\\/beevolutionx.com\\\/boutique\\\/film-thermo-reflecteur-rbc\\\/film-thermo-reflecteur-beevolutionx-37cm-au-metre\\\/#breadcrumb\",\"itemListElement\":[{\"@type\":\"ListItem\",\"position\":1,\"name\":\"Accueil\",\"item\":\"https:\\\/\\\/beevolutionx.com\\\/\"},{\"@type\":\"ListItem\",\"position\":2,\"name\":\"Boutique\",\"item\":\"https:\\\/\\\/beevolutionx.com\\\/boutique\\\/\"},{\"@type\":\"ListItem\",\"position\":3,\"name\":\"Film thermo-r\u00e9flecteur BeevolutionX 37,5 cm (au m\u00e8tre)\"}]},{\"@type\":\"WebSite\",\"@id\":\"https:\\\/\\\/beevolutionx.com\\\/#website\",\"url\":\"https:\\\/\\\/beevolutionx.com\\\/\",\"name\":\"BeevolutionX\",\"description\":\"Le site officiel de la Ruche Basse Consommation\u00ae (RBC\u00ae)\",\"publisher\":{\"@id\":\"https:\\\/\\\/beevolutionx.com\\\/#organization\"},\"potentialAction\":[{\"@type\":\"SearchAction\",\"target\":{\"@type\":\"EntryPoint\",\"urlTemplate\":\"https:\\\/\\\/beevolutionx.com\\\/?s={search_term_string}\"},\"query-input\":{\"@type\":\"PropertyValueSpecification\",\"valueRequired\":true,\"valueName\":\"search_term_string\"}}],\"inLanguage\":\"es\"},{\"@type\":\"Organization\",\"@id\":\"https:\\\/\\\/beevolutionx.com\\\/#organization\",\"name\":\"BeevolutionX\",\"url\":\"https:\\\/\\\/beevolutionx.com\\\/\",\"logo\":{\"@type\":\"ImageObject\",\"inLanguage\":\"es\",\"@id\":\"https:\\\/\\\/beevolutionx.com\\\/#\\\/schema\\\/logo\\\/image\\\/\",\"url\":\"https:\\\/\\\/beevolutionx.com\\\/wp-content\\\/uploads\\\/2025\\\/01\\\/BEEVOLUTION-X-LOGO-FINAL-tech-bleu.png\",\"contentUrl\":\"https:\\\/\\\/beevolutionx.com\\\/wp-content\\\/uploads\\\/2025\\\/01\\\/BEEVOLUTION-X-LOGO-FINAL-tech-bleu.png\",\"width\":1114,\"height\":1080,\"caption\":\"BeevolutionX\"},\"image\":{\"@id\":\"https:\\\/\\\/beevolutionx.com\\\/#\\\/schema\\\/logo\\\/image\\\/\"},\"sameAs\":[\"https:\\\/\\\/www.facebook.com\\\/profile.php?id=61556152756378\",\"https:\\\/\\\/www.youtube.com\\\/results?search_query=beevolutionx\",\"https:\\\/\\\/www.instagram.com\\\/beevolutionx\\\/\",\"https:\\\/\\\/www.tiktok.com\\\/@beevolutionx\"]}]}<\/script>\n<!-- \/ Yoast SEO plugin. -->","yoast_head_json":{"title":"Film thermo-r\u00e9flecteur BeevolutionX 37,5 cm (au m\u00e8tre) - BeevolutionX","description":"Film thermo-r\u00e9flecteur BeevolutionX 37,5 cm au m\u00e8tre. Isolation fine et durable pour ruches Warr\u00e9 et ruchettes. Haute efficacit\u00e9 thermique.","robots":{"index":"index","follow":"follow","max-snippet":"max-snippet:-1","max-image-preview":"max-image-preview:large","max-video-preview":"max-video-preview:-1"},"canonical":"https:\/\/beevolutionx.com\/es\/tienda\/pelicula-termorreflectora-rbc\/film-thermo-reflecteur-beevolutionx-37cm-au-metre\/","og_locale":"es_ES","og_type":"article","og_title":"Film thermo-r\u00e9flecteur BeevolutionX 37,5 cm (au m\u00e8tre) - BeevolutionX","og_description":"Film thermo-r\u00e9flecteur BeevolutionX 37,5 cm au m\u00e8tre. Isolation fine et durable pour ruches Warr\u00e9 et ruchettes. Haute efficacit\u00e9 thermique.","og_url":"https:\/\/beevolutionx.com\/es\/tienda\/pelicula-termorreflectora-rbc\/film-thermo-reflecteur-beevolutionx-37cm-au-metre\/","og_site_name":"BeevolutionX","article_publisher":"https:\/\/www.facebook.com\/profile.php?id=61556152756378","article_modified_time":"2026-04-23T06:06:54+00:00","og_image":[{"width":1427,"height":887,"url":"https:\/\/beevolutionx.com\/wp-content\/uploads\/2025\/01\/film-beevolutionx-modif.jpg","type":"image\/jpeg"}],"twitter_card":"summary_large_image","twitter_misc":{"Tiempo de lectura":"2 minutos"},"schema":{"@context":"https:\/\/schema.org","@graph":[{"@type":"WebPage","@id":"https:\/\/beevolutionx.com\/boutique\/film-thermo-reflecteur-rbc\/film-thermo-reflecteur-beevolutionx-37cm-au-metre\/","url":"https:\/\/beevolutionx.com\/boutique\/film-thermo-reflecteur-rbc\/film-thermo-reflecteur-beevolutionx-37cm-au-metre\/","name":"Film thermo-r\u00e9flecteur BeevolutionX 37,5 cm (au m\u00e8tre) - BeevolutionX","isPartOf":{"@id":"https:\/\/beevolutionx.com\/#website"},"primaryImageOfPage":{"@id":"https:\/\/beevolutionx.com\/boutique\/film-thermo-reflecteur-rbc\/film-thermo-reflecteur-beevolutionx-37cm-au-metre\/#primaryimage"},"image":{"@id":"https:\/\/beevolutionx.com\/boutique\/film-thermo-reflecteur-rbc\/film-thermo-reflecteur-beevolutionx-37cm-au-metre\/#primaryimage"},"thumbnailUrl":"https:\/\/i0.wp.com\/beevolutionx.com\/wp-content\/uploads\/2025\/01\/film-beevolutionx-modif.jpg?fit=1427%2C887&ssl=1","datePublished":"2025-06-07T20:30:36+00:00","dateModified":"2026-04-23T06:06:54+00:00","description":"Film thermo-r\u00e9flecteur BeevolutionX 37,5 cm au m\u00e8tre. Isolation fine et durable pour ruches Warr\u00e9 et ruchettes. Haute efficacit\u00e9 thermique.","breadcrumb":{"@id":"https:\/\/beevolutionx.com\/boutique\/film-thermo-reflecteur-rbc\/film-thermo-reflecteur-beevolutionx-37cm-au-metre\/#breadcrumb"},"inLanguage":"es","potentialAction":[{"@type":"ReadAction","target":["https:\/\/beevolutionx.com\/boutique\/film-thermo-reflecteur-rbc\/film-thermo-reflecteur-beevolutionx-37cm-au-metre\/"]}]},{"@type":"ImageObject","inLanguage":"es","@id":"https:\/\/beevolutionx.com\/boutique\/film-thermo-reflecteur-rbc\/film-thermo-reflecteur-beevolutionx-37cm-au-metre\/#primaryimage","url":"https:\/\/i0.wp.com\/beevolutionx.com\/wp-content\/uploads\/2025\/01\/film-beevolutionx-modif.jpg?fit=1427%2C887&ssl=1","contentUrl":"https:\/\/i0.wp.com\/beevolutionx.com\/wp-content\/uploads\/2025\/01\/film-beevolutionx-modif.jpg?fit=1427%2C887&ssl=1","width":1427,"height":887,"caption":"Film thermo-r\u00e9flecteur pour ruche basse consommation BeevolutionX"},{"@type":"BreadcrumbList","@id":"https:\/\/beevolutionx.com\/boutique\/film-thermo-reflecteur-rbc\/film-thermo-reflecteur-beevolutionx-37cm-au-metre\/#breadcrumb","itemListElement":[{"@type":"ListItem","position":1,"name":"Accueil","item":"https:\/\/beevolutionx.com\/"},{"@type":"ListItem","position":2,"name":"Boutique","item":"https:\/\/beevolutionx.com\/boutique\/"},{"@type":"ListItem","position":3,"name":"Film thermo-r\u00e9flecteur BeevolutionX 37,5 cm (au m\u00e8tre)"}]},{"@type":"WebSite","@id":"https:\/\/beevolutionx.com\/#website","url":"https:\/\/beevolutionx.com\/","name":"BeevolutionX","description":"La p\u00e1gina oficial de la Colmena de Bajo Consumo\u00ae (RBC\u00ae)","publisher":{"@id":"https:\/\/beevolutionx.com\/#organization"},"potentialAction":[{"@type":"SearchAction","target":{"@type":"EntryPoint","urlTemplate":"https:\/\/beevolutionx.com\/?s={search_term_string}"},"query-input":{"@type":"PropertyValueSpecification","valueRequired":true,"valueName":"search_term_string"}}],"inLanguage":"es"},{"@type":"Organization","@id":"https:\/\/beevolutionx.com\/#organization","name":"BeevolutionX","url":"https:\/\/beevolutionx.com\/","logo":{"@type":"ImageObject","inLanguage":"es","@id":"https:\/\/beevolutionx.com\/#\/schema\/logo\/image\/","url":"https:\/\/beevolutionx.com\/wp-content\/uploads\/2025\/01\/BEEVOLUTION-X-LOGO-FINAL-tech-bleu.png","contentUrl":"https:\/\/beevolutionx.com\/wp-content\/uploads\/2025\/01\/BEEVOLUTION-X-LOGO-FINAL-tech-bleu.png","width":1114,"height":1080,"caption":"BeevolutionX"},"image":{"@id":"https:\/\/beevolutionx.com\/#\/schema\/logo\/image\/"},"sameAs":["https:\/\/www.facebook.com\/profile.php?id=61556152756378","https:\/\/www.youtube.com\/results?search_query=beevolutionx","https:\/\/www.instagram.com\/beevolutionx\/","https:\/\/www.tiktok.com\/@beevolutionx"]}]}},"jetpack_sharing_enabled":true,"_links":{"self":[{"href":"https:\/\/beevolutionx.com\/es\/wp-json\/wp\/v2\/product\/1466","targetHints":{"allow":["GET"]}}],"collection":[{"href":"https:\/\/beevolutionx.com\/es\/wp-json\/wp\/v2\/product"}],"about":[{"href":"https:\/\/beevolutionx.com\/es\/wp-json\/wp\/v2\/types\/product"}],"wp:featuredmedia":[{"embeddable":true,"href":"https:\/\/beevolutionx.com\/es\/wp-json\/wp\/v2\/media\/68"}],"wp:attachment":[{"href":"https:\/\/beevolutionx.com\/es\/wp-json\/wp\/v2\/media?parent=1466"}],"wp:term":[{"taxonomy":"product_brand","embeddable":true,"href":"https:\/\/beevolutionx.com\/es\/wp-json\/wp\/v2\/product_brand?post=1466"},{"taxonomy":"product_cat","embeddable":true,"href":"https:\/\/beevolutionx.com\/es\/wp-json\/wp\/v2\/product_cat?post=1466"},{"taxonomy":"product_tag","embeddable":true,"href":"https:\/\/beevolutionx.com\/es\/wp-json\/wp\/v2\/product_tag?post=1466"}],"curies":[{"name":"wp","href":"https:\/\/api.w.org\/{rel}","templated":true}]}}