{"id":2351,"date":"2026-03-04T14:11:18","date_gmt":"2026-03-04T13:11:18","guid":{"rendered":"https:\/\/beevolutionx.com\/?post_type=product&#038;p=2351"},"modified":"2026-04-18T08:36:43","modified_gmt":"2026-04-18T06:36:43","slug":"partition-isolante-hausse-dadant-rbc","status":"publish","type":"product","link":"https:\/\/beevolutionx.com\/es\/boutique\/isolation-rbc\/dadant\/partition-isolante-hausse-dadant-rbc\/","title":{"rendered":"Partition isolante hausse Dadant PIHPette\u00ae RBC"},"content":{"rendered":"<h1 data-start=\"143\" data-end=\"220\">\ud83d\udc1d PIHPette\u00ae \u2013 Partition isolante haute performance pour hausse Dadant RBC\u00ae<\/h1>\n<p data-start=\"222\" data-end=\"417\">La <strong data-start=\"225\" data-end=\"307\">PIHPette\u00ae RBC\u00ae est une partition isolante haute performance pour hausse Dadant<\/strong>, con\u00e7ue pour am\u00e9liorer l\u2019isolation thermique dans les hausses du syst\u00e8me <strong data-start=\"381\" data-end=\"416\">Ruche Basse Consommation (RBC\u00ae)<\/strong>.<\/p>\n<p data-start=\"419\" data-end=\"664\">Cette partition isolante associe une <strong data-start=\"456\" data-end=\"492\">plaque isolante thermique rigide<\/strong> \u00e0 un <strong data-start=\"498\" data-end=\"537\">film thermo-r\u00e9flecteur BeevolutionX<\/strong>.<br data-start=\"538\" data-end=\"541\" \/>Cette combinaison limite les pertes de chaleur et renvoie l\u2019\u00e9nergie produite par les abeilles vers l\u2019int\u00e9rieur de la ruche.<\/p>\n<p data-start=\"666\" data-end=\"814\">Plac\u00e9e dans la <strong data-start=\"681\" data-end=\"698\">hausse Dadant<\/strong>, la <strong data-start=\"703\" data-end=\"721\">PIHPette\u00ae RBC\u00ae<\/strong> permet d\u2019ajuster le volume disponible tout en am\u00e9liorant la stabilit\u00e9 thermique de la ruche.<\/p>\n<p data-start=\"816\" data-end=\"913\">Elle constitue un compl\u00e9ment logique des partitions <strong data-start=\"868\" data-end=\"912\">PIHPgm\u00ae utilis\u00e9es dans le corps de ruche<\/strong>.<\/p>\n<hr data-start=\"915\" data-end=\"918\" \/>\n<h2 data-start=\"920\" data-end=\"953\">\u2699\ufe0f Caract\u00e9ristiques techniques<\/h2>\n<ul data-start=\"955\" data-end=\"1283\">\n<li data-start=\"955\" data-end=\"1018\">\n<p data-start=\"957\" data-end=\"1018\"><strong data-start=\"957\" data-end=\"967\">Type :<\/strong> partition isolante haute performance pour hausse<\/p>\n<\/li>\n<li data-start=\"1019\" data-end=\"1049\">\n<p data-start=\"1021\" data-end=\"1049\"><strong data-start=\"1021\" data-end=\"1033\">Format :<\/strong> hausse Dadant<\/p>\n<\/li>\n<li data-start=\"1050\" data-end=\"1103\">\n<p data-start=\"1052\" data-end=\"1103\"><strong data-start=\"1052\" data-end=\"1067\">Structure :<\/strong> plaque isolante XPS haute densit\u00e9<\/p>\n<\/li>\n<li data-start=\"1104\" data-end=\"1159\">\n<p data-start=\"1106\" data-end=\"1159\"><strong data-start=\"1106\" data-end=\"1121\">Habillage :<\/strong> film thermo-r\u00e9flecteur BeevolutionX<\/p>\n<\/li>\n<li data-start=\"1160\" data-end=\"1219\">\n<p data-start=\"1162\" data-end=\"1219\"><strong data-start=\"1162\" data-end=\"1179\">Utilisation :<\/strong> optimisation de l\u2019isolation thermique<\/p>\n<\/li>\n<li data-start=\"1220\" data-end=\"1283\">\n<p data-start=\"1222\" data-end=\"1283\"><strong data-start=\"1222\" data-end=\"1241\">Compatibilit\u00e9 :<\/strong> syst\u00e8me Ruche Basse Consommation <strong data-start=\"1275\" data-end=\"1283\">RBC\u00ae<\/strong><\/p>\n<\/li>\n<\/ul>\n<hr data-start=\"1285\" data-end=\"1288\" \/>\n<h2 data-start=\"1290\" data-end=\"1326\">\ud83d\udca1 Avantages de la PIHPette\u00ae RBC\u00ae<\/h2>\n<ul data-start=\"1328\" data-end=\"1547\">\n<li data-start=\"1328\" data-end=\"1376\">\n<p data-start=\"1330\" data-end=\"1376\">isolation thermique renforc\u00e9e dans la hausse<\/p>\n<\/li>\n<li data-start=\"1377\" data-end=\"1436\">\n<p data-start=\"1379\" data-end=\"1436\">am\u00e9lioration de la stabilit\u00e9 du microclimat de la ruche<\/p>\n<\/li>\n<li data-start=\"1437\" data-end=\"1485\">\n<p data-start=\"1439\" data-end=\"1485\">installation simple comme un cadre de hausse<\/p>\n<\/li>\n<li data-start=\"1486\" data-end=\"1547\">\n<p data-start=\"1488\" data-end=\"1547\">compatible avec l\u2019ensemble des \u00e9l\u00e9ments du syst\u00e8me <strong data-start=\"1539\" data-end=\"1547\">RBC\u00ae<\/strong><\/p>\n<\/li>\n<\/ul>\n<hr data-start=\"1549\" data-end=\"1552\" \/>\n<h2 data-start=\"1554\" data-end=\"1571\">\ud83e\udded Utilisation<\/h2>\n<p data-start=\"1573\" data-end=\"1668\">La <strong data-start=\"1576\" data-end=\"1594\">PIHPette\u00ae RBC\u00ae<\/strong> se place directement dans la <strong data-start=\"1624\" data-end=\"1641\">hausse Dadant<\/strong>, comme un cadre classique.<\/p>\n<p data-start=\"1670\" data-end=\"1683\">Elle permet :<\/p>\n<ul data-start=\"1685\" data-end=\"1818\">\n<li data-start=\"1685\" data-end=\"1733\">\n<p data-start=\"1687\" data-end=\"1733\">d\u2019adapter l\u2019espace disponible dans la hausse<\/p>\n<\/li>\n<li data-start=\"1734\" data-end=\"1771\">\n<p data-start=\"1736\" data-end=\"1771\">d\u2019am\u00e9liorer l\u2019isolation thermique<\/p>\n<\/li>\n<li data-start=\"1772\" data-end=\"1818\">\n<p data-start=\"1774\" data-end=\"1818\">d\u2019accompagner le d\u00e9veloppement de la colonie<\/p>\n<\/li>\n<\/ul>\n<p data-start=\"1820\" data-end=\"1965\">Dans le syst\u00e8me <strong data-start=\"1836\" data-end=\"1864\">Colmena de bajo consumo<\/strong>, la PIHPette\u00ae fonctionne en compl\u00e9ment des partitions <strong data-start=\"1919\" data-end=\"1964\">PIHPgm\u00ae install\u00e9es dans le corps de ruche<\/strong>.<\/p>\n<p data-start=\"1967\" data-end=\"2104\">\ud83d\udc49 Voir la partition <strong data-start=\"1988\" data-end=\"2004\">PIHPgm\u00ae RBC\u00ae<\/strong> :<br data-start=\"2006\" data-end=\"2009\" \/><a class=\"decorated-link cursor-pointer\" target=\"_new\" rel=\"noopener\" data-start=\"2009\" data-end=\"2104\">https:\/\/beevolutionx.com\/boutique\/isolation-rbc\/partition-isolante-ruche-haute-performance-rbc\/<\/a><\/p>\n<hr data-start=\"2106\" data-end=\"2109\" \/>\n<h2 data-start=\"2111\" data-end=\"2163\">\ud83d\udc1d Un \u00e9l\u00e9ment du syst\u00e8me Ruche Basse Consommation<\/h2>\n<p data-start=\"2165\" data-end=\"2261\">La <strong data-start=\"2168\" data-end=\"2205\">partition isolante PIHPette\u00ae RBC\u00ae<\/strong> participe au fonctionnement global du syst\u00e8me <strong data-start=\"2252\" data-end=\"2260\">RBC\u00ae<\/strong>.<\/p>\n<p data-start=\"2263\" data-end=\"2463\">Associ\u00e9e aux autres \u00e9l\u00e9ments d\u2019isolation comme l\u2019<strong data-start=\"2312\" data-end=\"2342\">\u00e9charpe thermo-r\u00e9flectrice<\/strong>, le <strong data-start=\"2347\" data-end=\"2366\">coussin isolant<\/strong> y el <strong data-start=\"2373\" data-end=\"2403\">mouchoir thermo-r\u00e9flecteur<\/strong>, elle contribue \u00e0 stabiliser le climat interne de la ruche.<\/p>","protected":false},"excerpt":{"rendered":"<p>PIHPette\u00ae RBC \u2013 Partition isolante haute performance pour hausse Dadant.<br data-start=\"2936\" data-end=\"2939\" \/>Am\u00e9liore l\u2019isolation thermique de la hausse et permet d\u2019ajuster l\u2019espace disponible dans la ruche.<\/p>","protected":false},"featured_media":2352,"template":"","meta":{"_et_pb_use_builder":"","_et_pb_old_content":"","_et_gb_content_width":""},"product_brand":[],"product_cat":[41,34,15],"product_tag":[],"class_list":{"0":"post-2351","1":"product","2":"type-product","3":"status-publish","4":"has-post-thumbnail","6":"product_cat-dadant","7":"product_cat-isolation-rbc","8":"product_cat-non-classe","9":"product_shipping_class-volumineux","11":"first","12":"instock","13":"featured","14":"taxable","15":"shipping-taxable","16":"purchasable","17":"product-type-simple"},"yoast_head":"<!-- This site is optimized with the Yoast SEO plugin v27.4 - https:\/\/yoast.com\/product\/yoast-seo-wordpress\/ -->\n<title>Partition isolante hausse Dadant PIHPette\u00ae RBC - BeevolutionX<\/title>\n<meta name=\"description\" content=\"PIHPette\u00ae RBC : partition isolante haute performance pour hausse Dadant. Am\u00e9liore l\u2019isolation thermique et permet d\u2019adapter le volume de la hausse.\" \/>\n<meta name=\"robots\" content=\"index, follow, max-snippet:-1, max-image-preview:large, max-video-preview:-1\" \/>\n<link rel=\"canonical\" href=\"https:\/\/beevolutionx.com\/es\/tienda\/isolation-rbc\/dadant\/partition-isolante-hausse-dadant-rbc\/\" \/>\n<meta property=\"og:locale\" content=\"es_ES\" \/>\n<meta property=\"og:type\" content=\"article\" \/>\n<meta property=\"og:title\" content=\"Partition isolante hausse Dadant PIHPette\u00ae RBC - BeevolutionX\" \/>\n<meta property=\"og:description\" content=\"PIHPette\u00ae RBC : partition isolante haute performance pour hausse Dadant. Am\u00e9liore l\u2019isolation thermique et permet d\u2019adapter le volume de la hausse.\" \/>\n<meta property=\"og:url\" content=\"https:\/\/beevolutionx.com\/es\/tienda\/isolation-rbc\/dadant\/partition-isolante-hausse-dadant-rbc\/\" \/>\n<meta property=\"og:site_name\" content=\"BeevolutionX\" \/>\n<meta property=\"article:publisher\" content=\"https:\/\/www.facebook.com\/profile.php?id=61556152756378\" \/>\n<meta property=\"article:modified_time\" content=\"2026-04-18T06:36:43+00:00\" \/>\n<meta property=\"og:image\" content=\"https:\/\/beevolutionx.com\/wp-content\/uploads\/2026\/03\/20260228_145758.png\" \/>\n\t<meta property=\"og:image:width\" content=\"2041\" \/>\n\t<meta property=\"og:image:height\" content=\"1094\" \/>\n\t<meta property=\"og:image:type\" content=\"image\/png\" \/>\n<meta name=\"twitter:card\" content=\"summary_large_image\" \/>\n<meta name=\"twitter:label1\" content=\"Tiempo de lectura\" \/>\n\t<meta name=\"twitter:data1\" content=\"2 minutos\" \/>\n<script type=\"application\/ld+json\" class=\"yoast-schema-graph\">{\"@context\":\"https:\\\/\\\/schema.org\",\"@graph\":[{\"@type\":\"WebPage\",\"@id\":\"https:\\\/\\\/beevolutionx.com\\\/boutique\\\/isolation-rbc\\\/dadant\\\/partition-isolante-hausse-dadant-rbc\\\/\",\"url\":\"https:\\\/\\\/beevolutionx.com\\\/boutique\\\/isolation-rbc\\\/dadant\\\/partition-isolante-hausse-dadant-rbc\\\/\",\"name\":\"Partition isolante hausse Dadant PIHPette\u00ae RBC - BeevolutionX\",\"isPartOf\":{\"@id\":\"https:\\\/\\\/beevolutionx.com\\\/#website\"},\"primaryImageOfPage\":{\"@id\":\"https:\\\/\\\/beevolutionx.com\\\/boutique\\\/isolation-rbc\\\/dadant\\\/partition-isolante-hausse-dadant-rbc\\\/#primaryimage\"},\"image\":{\"@id\":\"https:\\\/\\\/beevolutionx.com\\\/boutique\\\/isolation-rbc\\\/dadant\\\/partition-isolante-hausse-dadant-rbc\\\/#primaryimage\"},\"thumbnailUrl\":\"https:\\\/\\\/i0.wp.com\\\/beevolutionx.com\\\/wp-content\\\/uploads\\\/2026\\\/03\\\/20260228_145758.png?fit=2041%2C1094&ssl=1\",\"datePublished\":\"2026-03-04T13:11:18+00:00\",\"dateModified\":\"2026-04-18T06:36:43+00:00\",\"description\":\"PIHPette\u00ae RBC : partition isolante haute performance pour hausse Dadant. Am\u00e9liore l\u2019isolation thermique et permet d\u2019adapter le volume de la hausse.\",\"breadcrumb\":{\"@id\":\"https:\\\/\\\/beevolutionx.com\\\/boutique\\\/isolation-rbc\\\/dadant\\\/partition-isolante-hausse-dadant-rbc\\\/#breadcrumb\"},\"inLanguage\":\"es\",\"potentialAction\":[{\"@type\":\"ReadAction\",\"target\":[\"https:\\\/\\\/beevolutionx.com\\\/boutique\\\/isolation-rbc\\\/dadant\\\/partition-isolante-hausse-dadant-rbc\\\/\"]}]},{\"@type\":\"ImageObject\",\"inLanguage\":\"es\",\"@id\":\"https:\\\/\\\/beevolutionx.com\\\/boutique\\\/isolation-rbc\\\/dadant\\\/partition-isolante-hausse-dadant-rbc\\\/#primaryimage\",\"url\":\"https:\\\/\\\/i0.wp.com\\\/beevolutionx.com\\\/wp-content\\\/uploads\\\/2026\\\/03\\\/20260228_145758.png?fit=2041%2C1094&ssl=1\",\"contentUrl\":\"https:\\\/\\\/i0.wp.com\\\/beevolutionx.com\\\/wp-content\\\/uploads\\\/2026\\\/03\\\/20260228_145758.png?fit=2041%2C1094&ssl=1\",\"width\":2041,\"height\":1094,\"caption\":\"PIHPgm\"},{\"@type\":\"BreadcrumbList\",\"@id\":\"https:\\\/\\\/beevolutionx.com\\\/boutique\\\/isolation-rbc\\\/dadant\\\/partition-isolante-hausse-dadant-rbc\\\/#breadcrumb\",\"itemListElement\":[{\"@type\":\"ListItem\",\"position\":1,\"name\":\"Accueil\",\"item\":\"https:\\\/\\\/beevolutionx.com\\\/\"},{\"@type\":\"ListItem\",\"position\":2,\"name\":\"Boutique\",\"item\":\"https:\\\/\\\/beevolutionx.com\\\/boutique\\\/\"},{\"@type\":\"ListItem\",\"position\":3,\"name\":\"Partition isolante hausse Dadant PIHPette\u00ae RBC\"}]},{\"@type\":\"WebSite\",\"@id\":\"https:\\\/\\\/beevolutionx.com\\\/#website\",\"url\":\"https:\\\/\\\/beevolutionx.com\\\/\",\"name\":\"BeevolutionX\",\"description\":\"Le site officiel de la Ruche Basse Consommation\u00ae (RBC\u00ae)\",\"publisher\":{\"@id\":\"https:\\\/\\\/beevolutionx.com\\\/#organization\"},\"potentialAction\":[{\"@type\":\"SearchAction\",\"target\":{\"@type\":\"EntryPoint\",\"urlTemplate\":\"https:\\\/\\\/beevolutionx.com\\\/?s={search_term_string}\"},\"query-input\":{\"@type\":\"PropertyValueSpecification\",\"valueRequired\":true,\"valueName\":\"search_term_string\"}}],\"inLanguage\":\"es\"},{\"@type\":\"Organization\",\"@id\":\"https:\\\/\\\/beevolutionx.com\\\/#organization\",\"name\":\"BeevolutionX\",\"url\":\"https:\\\/\\\/beevolutionx.com\\\/\",\"logo\":{\"@type\":\"ImageObject\",\"inLanguage\":\"es\",\"@id\":\"https:\\\/\\\/beevolutionx.com\\\/#\\\/schema\\\/logo\\\/image\\\/\",\"url\":\"https:\\\/\\\/beevolutionx.com\\\/wp-content\\\/uploads\\\/2025\\\/01\\\/BEEVOLUTION-X-LOGO-FINAL-tech-bleu.png\",\"contentUrl\":\"https:\\\/\\\/beevolutionx.com\\\/wp-content\\\/uploads\\\/2025\\\/01\\\/BEEVOLUTION-X-LOGO-FINAL-tech-bleu.png\",\"width\":1114,\"height\":1080,\"caption\":\"BeevolutionX\"},\"image\":{\"@id\":\"https:\\\/\\\/beevolutionx.com\\\/#\\\/schema\\\/logo\\\/image\\\/\"},\"sameAs\":[\"https:\\\/\\\/www.facebook.com\\\/profile.php?id=61556152756378\",\"https:\\\/\\\/www.youtube.com\\\/results?search_query=beevolutionx\",\"https:\\\/\\\/www.instagram.com\\\/beevolutionx\\\/\",\"https:\\\/\\\/www.tiktok.com\\\/@beevolutionx\"]}]}<\/script>\n<!-- \/ Yoast SEO plugin. -->","yoast_head_json":{"title":"Partition isolante hausse Dadant PIHPette\u00ae RBC - BeevolutionX","description":"PIHPette\u00ae RBC : partition isolante haute performance pour hausse Dadant. Am\u00e9liore l\u2019isolation thermique et permet d\u2019adapter le volume de la hausse.","robots":{"index":"index","follow":"follow","max-snippet":"max-snippet:-1","max-image-preview":"max-image-preview:large","max-video-preview":"max-video-preview:-1"},"canonical":"https:\/\/beevolutionx.com\/es\/tienda\/isolation-rbc\/dadant\/partition-isolante-hausse-dadant-rbc\/","og_locale":"es_ES","og_type":"article","og_title":"Partition isolante hausse Dadant PIHPette\u00ae RBC - BeevolutionX","og_description":"PIHPette\u00ae RBC : partition isolante haute performance pour hausse Dadant. Am\u00e9liore l\u2019isolation thermique et permet d\u2019adapter le volume de la hausse.","og_url":"https:\/\/beevolutionx.com\/es\/tienda\/isolation-rbc\/dadant\/partition-isolante-hausse-dadant-rbc\/","og_site_name":"BeevolutionX","article_publisher":"https:\/\/www.facebook.com\/profile.php?id=61556152756378","article_modified_time":"2026-04-18T06:36:43+00:00","og_image":[{"width":2041,"height":1094,"url":"https:\/\/beevolutionx.com\/wp-content\/uploads\/2026\/03\/20260228_145758.png","type":"image\/png"}],"twitter_card":"summary_large_image","twitter_misc":{"Tiempo de lectura":"2 minutos"},"schema":{"@context":"https:\/\/schema.org","@graph":[{"@type":"WebPage","@id":"https:\/\/beevolutionx.com\/boutique\/isolation-rbc\/dadant\/partition-isolante-hausse-dadant-rbc\/","url":"https:\/\/beevolutionx.com\/boutique\/isolation-rbc\/dadant\/partition-isolante-hausse-dadant-rbc\/","name":"Partition isolante hausse Dadant PIHPette\u00ae RBC - BeevolutionX","isPartOf":{"@id":"https:\/\/beevolutionx.com\/#website"},"primaryImageOfPage":{"@id":"https:\/\/beevolutionx.com\/boutique\/isolation-rbc\/dadant\/partition-isolante-hausse-dadant-rbc\/#primaryimage"},"image":{"@id":"https:\/\/beevolutionx.com\/boutique\/isolation-rbc\/dadant\/partition-isolante-hausse-dadant-rbc\/#primaryimage"},"thumbnailUrl":"https:\/\/i0.wp.com\/beevolutionx.com\/wp-content\/uploads\/2026\/03\/20260228_145758.png?fit=2041%2C1094&ssl=1","datePublished":"2026-03-04T13:11:18+00:00","dateModified":"2026-04-18T06:36:43+00:00","description":"PIHPette\u00ae RBC : partition isolante haute performance pour hausse Dadant. Am\u00e9liore l\u2019isolation thermique et permet d\u2019adapter le volume de la hausse.","breadcrumb":{"@id":"https:\/\/beevolutionx.com\/boutique\/isolation-rbc\/dadant\/partition-isolante-hausse-dadant-rbc\/#breadcrumb"},"inLanguage":"es","potentialAction":[{"@type":"ReadAction","target":["https:\/\/beevolutionx.com\/boutique\/isolation-rbc\/dadant\/partition-isolante-hausse-dadant-rbc\/"]}]},{"@type":"ImageObject","inLanguage":"es","@id":"https:\/\/beevolutionx.com\/boutique\/isolation-rbc\/dadant\/partition-isolante-hausse-dadant-rbc\/#primaryimage","url":"https:\/\/i0.wp.com\/beevolutionx.com\/wp-content\/uploads\/2026\/03\/20260228_145758.png?fit=2041%2C1094&ssl=1","contentUrl":"https:\/\/i0.wp.com\/beevolutionx.com\/wp-content\/uploads\/2026\/03\/20260228_145758.png?fit=2041%2C1094&ssl=1","width":2041,"height":1094,"caption":"PIHPgm"},{"@type":"BreadcrumbList","@id":"https:\/\/beevolutionx.com\/boutique\/isolation-rbc\/dadant\/partition-isolante-hausse-dadant-rbc\/#breadcrumb","itemListElement":[{"@type":"ListItem","position":1,"name":"Accueil","item":"https:\/\/beevolutionx.com\/"},{"@type":"ListItem","position":2,"name":"Boutique","item":"https:\/\/beevolutionx.com\/boutique\/"},{"@type":"ListItem","position":3,"name":"Partition isolante hausse Dadant PIHPette\u00ae RBC"}]},{"@type":"WebSite","@id":"https:\/\/beevolutionx.com\/#website","url":"https:\/\/beevolutionx.com\/","name":"BeevolutionX","description":"Le site officiel de la Ruche Basse Consommation\u00ae (RBC\u00ae)","publisher":{"@id":"https:\/\/beevolutionx.com\/#organization"},"potentialAction":[{"@type":"SearchAction","target":{"@type":"EntryPoint","urlTemplate":"https:\/\/beevolutionx.com\/?s={search_term_string}"},"query-input":{"@type":"PropertyValueSpecification","valueRequired":true,"valueName":"search_term_string"}}],"inLanguage":"es"},{"@type":"Organization","@id":"https:\/\/beevolutionx.com\/#organization","name":"BeevolutionX","url":"https:\/\/beevolutionx.com\/","logo":{"@type":"ImageObject","inLanguage":"es","@id":"https:\/\/beevolutionx.com\/#\/schema\/logo\/image\/","url":"https:\/\/beevolutionx.com\/wp-content\/uploads\/2025\/01\/BEEVOLUTION-X-LOGO-FINAL-tech-bleu.png","contentUrl":"https:\/\/beevolutionx.com\/wp-content\/uploads\/2025\/01\/BEEVOLUTION-X-LOGO-FINAL-tech-bleu.png","width":1114,"height":1080,"caption":"BeevolutionX"},"image":{"@id":"https:\/\/beevolutionx.com\/#\/schema\/logo\/image\/"},"sameAs":["https:\/\/www.facebook.com\/profile.php?id=61556152756378","https:\/\/www.youtube.com\/results?search_query=beevolutionx","https:\/\/www.instagram.com\/beevolutionx\/","https:\/\/www.tiktok.com\/@beevolutionx"]}]}},"jetpack_sharing_enabled":true,"_links":{"self":[{"href":"https:\/\/beevolutionx.com\/es\/wp-json\/wp\/v2\/product\/2351","targetHints":{"allow":["GET"]}}],"collection":[{"href":"https:\/\/beevolutionx.com\/es\/wp-json\/wp\/v2\/product"}],"about":[{"href":"https:\/\/beevolutionx.com\/es\/wp-json\/wp\/v2\/types\/product"}],"wp:featuredmedia":[{"embeddable":true,"href":"https:\/\/beevolutionx.com\/es\/wp-json\/wp\/v2\/media\/2352"}],"wp:attachment":[{"href":"https:\/\/beevolutionx.com\/es\/wp-json\/wp\/v2\/media?parent=2351"}],"wp:term":[{"taxonomy":"product_brand","embeddable":true,"href":"https:\/\/beevolutionx.com\/es\/wp-json\/wp\/v2\/product_brand?post=2351"},{"taxonomy":"product_cat","embeddable":true,"href":"https:\/\/beevolutionx.com\/es\/wp-json\/wp\/v2\/product_cat?post=2351"},{"taxonomy":"product_tag","embeddable":true,"href":"https:\/\/beevolutionx.com\/es\/wp-json\/wp\/v2\/product_tag?post=2351"}],"curies":[{"name":"wp","href":"https:\/\/api.w.org\/{rel}","templated":true}]}}