{"id":240,"date":"2025-01-28T10:31:06","date_gmt":"2025-01-28T09:31:06","guid":{"rendered":"https:\/\/beevolutionx.com\/?post_type=product&#038;p=240"},"modified":"2026-04-17T07:05:46","modified_gmt":"2026-04-17T05:05:46","slug":"montar-su-primer-colmenar-de-apicultura-rbc","status":"publish","type":"product","link":"https:\/\/beevolutionx.com\/es\/boutique\/livres-apiculture\/installer-un-premier-rucher-apiculture-rbc\/","title":{"rendered":"Crear su primer colmenar - Apicultura respetuosa RBC"},"content":{"rendered":"<h2 data-start=\"502\" data-end=\"636\">\ud83d\udc1d Monta tu primer colmenar - Apicultura que respeta el bienestar de las abejas con la colmena de bajo consumo energ\u00e9tico<\/h2>\n<h3 data-start=\"638\" data-end=\"700\">\ud83c\udf3c Una gu\u00eda clara para iniciarse en la apicultura con tranquilidad<\/h3>\n<p data-start=\"702\" data-end=\"1098\">El libro <strong data-start=\"711\" data-end=\"742\">Crear su primer colmenar<\/strong> se dirige a todos aquellos que deseen <strong data-start=\"792\" data-end=\"823\">iniciarse en la apicultura<\/strong>, respetando el ritmo natural y las necesidades de las abejas.<br data-start=\"891\" data-end=\"894\" \/>Escrito por <strong data-start=\"905\" data-end=\"921\">Jean Riondet<\/strong>, un apicultor reconocido, y <strong data-start=\"946\" data-end=\"962\">Dami\u00e1n M\u00e9rito<\/strong>, bi\u00f3logo especializado en el aislamiento de colmenas, este libro ofrece una completa <strong data-start=\"1038\" data-end=\"1079\">un enfoque sencillo, intuitivo y moderno<\/strong> apicultura.<\/p>\n<p data-start=\"1100\" data-end=\"1495\">Los autores presentan un m\u00e9todo que une <strong data-start=\"1144\" data-end=\"1164\">bienestar animal<\/strong> y <strong data-start=\"1168\" data-end=\"1194\">eficiencia energ\u00e9tica<\/strong> el <strong data-start=\"1200\" data-end=\"1234\">colmena de bajo consumo energ\u00e9tico (RBC)<\/strong>.<br data-start=\"1235\" data-end=\"1238\" \/>Inspirado en la naturaleza, este enfoque permite <strong data-start=\"1286\" data-end=\"1309\">proteger la cr\u00eda<\/strong>, <strong data-start=\"1311\" data-end=\"1348\">ahorro de energ\u00eda para las abejas<\/strong> y <strong data-start=\"1352\" data-end=\"1391\">mejorar la longevidad de las colonias<\/strong>.<br data-start=\"1392\" data-end=\"1395\" \/><strong data-start=\"1395\" data-end=\"1404\">As\u00ed que<\/strong>, El apicultor act\u00faa en armon\u00eda con la colonia al tiempo que optimiza la producci\u00f3n de miel.<\/p>\n<hr data-start=\"1497\" data-end=\"1500\" \/>\n<h3 data-start=\"1502\" data-end=\"1557\">\ud83e\udded C\u00f3mo montar tu primer colmenar: gu\u00eda completa para empezar<\/h3>\n<p data-start=\"1559\" data-end=\"1581\">Descubrir\u00e1 :<\/p>\n<ul data-start=\"1582\" data-end=\"1946\">\n<li data-start=\"1582\" data-end=\"1664\">\n<p data-start=\"1584\" data-end=\"1664\">Lo esencial para <strong data-start=\"1612\" data-end=\"1643\">monte su primer colmenar<\/strong> con total seguridad.<\/p>\n<\/li>\n<li data-start=\"1665\" data-end=\"1770\">\n<p data-start=\"1667\" data-end=\"1770\">Le <strong data-start=\"1670\" data-end=\"1699\">ciclo vital de la abeja<\/strong>, el funcionamiento del <strong data-start=\"1725\" data-end=\"1736\">colonia<\/strong> y el <strong data-start=\"1743\" data-end=\"1767\">papel de cada casta<\/strong>.<\/p>\n<\/li>\n<li data-start=\"1771\" data-end=\"1858\">\n<p data-start=\"1773\" data-end=\"1858\">Consejos pr\u00e1cticos para <strong data-start=\"1801\" data-end=\"1812\">alimentar<\/strong>, <strong data-start=\"1814\" data-end=\"1826\">proteger<\/strong> y <strong data-start=\"1830\" data-end=\"1844\">servicio<\/strong> tus colmenas.<\/p>\n<\/li>\n<li data-start=\"1859\" data-end=\"1946\">\n<p data-start=\"1861\" data-end=\"1946\">M\u00e9todos claros para <strong data-start=\"1887\" data-end=\"1907\">recolecci\u00f3n de la miel<\/strong> sin perjudicar la supervivencia de las abejas.<\/p>\n<\/li>\n<\/ul>\n<p data-start=\"1948\" data-end=\"2202\">Cada cap\u00edtulo le lleva paso a paso desde <strong data-start=\"1989\" data-end=\"2021\">elecci\u00f3n del lugar de instalaci\u00f3n<\/strong> hasta el <strong data-start=\"2033\" data-end=\"2052\">cosecha de miel<\/strong>.<br data-start=\"2053\" data-end=\"2056\" \/><strong data-start=\"2056\" data-end=\"2067\">Adem\u00e1s<\/strong>, El libro contiene ilustraciones y ejemplos pr\u00e1cticos para guiar a los principiantes en sus primeras temporadas ap\u00edcolas.<\/p>\n<hr data-start=\"2204\" data-end=\"2207\" \/>\n<h3 data-start=\"2209\" data-end=\"2274\">\ud83c\udf6f Apicultura moderna y responsable con el m\u00e9todo RBC.<\/h3>\n<p data-start=\"2276\" data-end=\"2647\">Gracias a la <strong data-start=\"2287\" data-end=\"2315\">colmena de bajo consumo energ\u00e9tico<\/strong>, los apicultores principiantes aprenden a <strong data-start=\"2356\" data-end=\"2385\">trabajar con la naturaleza<\/strong>, no en contra.<br data-start=\"2406\" data-end=\"2409\" \/>Esta t\u00e9cnica favorece <strong data-start=\"2438\" data-end=\"2472\">mejor regulaci\u00f3n t\u00e9rmica<\/strong>, a <strong data-start=\"2477\" data-end=\"2516\">desarrollo armonioso de la cr\u00eda<\/strong> y un <strong data-start=\"2524\" data-end=\"2554\">producci\u00f3n sostenible de miel<\/strong>.<br data-start=\"2555\" data-end=\"2558\" \/><strong data-start=\"2558\" data-end=\"2576\">En consecuencia<\/strong>, Las colonias se mantienen fuertes y equilibradas durante todo el a\u00f1o.<\/p>\n<p data-start=\"2649\" data-end=\"2845\"><strong data-start=\"2649\" data-end=\"2665\">Adem\u00e1s<\/strong>, Este m\u00e9todo puede adaptarse f\u00e1cilmente a los colmenares existentes, sin necesidad de equipos complejos.<br data-start=\"2761\" data-end=\"2764\" \/>Hace que la apicultura sea m\u00e1s sencilla, m\u00e1s estable y m\u00e1s respetuosa con los seres vivos.<\/p>\n<hr data-start=\"2847\" data-end=\"2850\" \/>\n<h3 data-start=\"2852\" data-end=\"2881\">\ud83d\udcd8 M\u00e1s informaci\u00f3n<\/h3>\n<p data-start=\"2883\" data-end=\"3199\">Descubra tambi\u00e9n el libro complementario :<br data-start=\"2928\" data-end=\"2931\" \/>\ud83d\udc49 <a href=\"https:\/\/beevolutionx.com\/es\/tienda\/libros\/la-colmena-de-bajo-consumo-rbc\/\"><strong data-start=\"2935\" data-end=\"3013\">La Colmena de Bajo Consumo (LCH) - Una innovaci\u00f3n ap\u00edcola revolucionaria<\/strong><\/a><a class=\"decorated-link cursor-pointer\" target=\"_new\" rel=\"noopener\" data-start=\"2934\" data-end=\"3089\"><strong data-start=\"2935\" data-end=\"3013\"><br \/>\n<\/strong><\/a>Este segundo libro profundiza en el m\u00e9todo PIHP y en los principios t\u00e9cnicos de la colmena de baja energ\u00eda.<\/p>","protected":false},"excerpt":{"rendered":"<div class=\"a-section a-spacing-small a-padding-base\">\n<h3>Biograf\u00eda del autor<\/h3>\n<div class=\"a-section a-spacing-small a-padding-small\">\n<p><span class=\"a-text-bold\">Damien MERIT<\/span> es bi\u00f3logo de familia de apicultores y ha vivido con abejas desde la infancia. Desde 2009 trabaja con Marc Guillemain, pionero en la pr\u00e1ctica del aislamiento avanzado de colmenas. Es formador y fundador de la Academia de Apicultura BeevolutionX.<\/p>\n<p><span class=\"a-text-bold\">Jean RIONDET<\/span> apicultor aficionado desde hace m\u00e1s de medio siglo, es autor de obras de referencia sobre pr\u00e1cticas ap\u00edcolas, as\u00ed como de art\u00edculos en la revista <span class=\"a-text-italic\">L'Abeille de France<\/span>, miembro del consejo editorial de la revista <span class=\"a-text-italic\">La salud del \u00f3rgano de la abeja<\/span> de la F\u00e9d\u00e9ration Nationale des Organisations Sanitaires Apicoles D\u00e9partementales. Creador de una herramienta pedag\u00f3gica en Internet, \u00bbapiculture.beehoo.com\u00bb.\u00bb<\/p>\n<\/div>\n<\/div>","protected":false},"featured_media":246,"template":"","meta":{"_et_pb_use_builder":"","_et_pb_old_content":"","_et_gb_content_width":""},"product_brand":[],"product_cat":[21],"product_tag":[],"class_list":{"0":"post-240","1":"product","2":"type-product","3":"status-publish","4":"has-post-thumbnail","6":"product_cat-livres-apiculture","8":"first","9":"instock","10":"taxable","11":"shipping-taxable","12":"purchasable","13":"product-type-simple"},"yoast_head":"<!-- This site is optimized with the Yoast SEO plugin v27.4 - https:\/\/yoast.com\/product\/yoast-seo-wordpress\/ -->\n<title>Installer un premier rucher \u2013 Apiculture respectueuse RBC - BeevolutionX<\/title>\n<meta name=\"description\" content=\"Installer un premier rucher pas \u00e0 pas avec Jean Riondet et Damien Merit. D\u00e9couvrez la ruche basse consommation, une apiculture moderne et respectueuse.\" \/>\n<meta name=\"robots\" content=\"index, follow, max-snippet:-1, max-image-preview:large, max-video-preview:-1\" \/>\n<link rel=\"canonical\" href=\"https:\/\/beevolutionx.com\/es\/tienda\/livres-apiculture\/montar-su-primer-colmenar-de-apicultura-rbc\/\" \/>\n<meta property=\"og:locale\" content=\"es_ES\" \/>\n<meta property=\"og:type\" content=\"article\" \/>\n<meta property=\"og:title\" content=\"Installer un premier rucher \u2013 Apiculture respectueuse RBC - BeevolutionX\" \/>\n<meta property=\"og:description\" content=\"Installer un premier rucher pas \u00e0 pas avec Jean Riondet et Damien Merit. D\u00e9couvrez la ruche basse consommation, une apiculture moderne et respectueuse.\" \/>\n<meta property=\"og:url\" content=\"https:\/\/beevolutionx.com\/es\/tienda\/livres-apiculture\/montar-su-primer-colmenar-de-apicultura-rbc\/\" \/>\n<meta property=\"og:site_name\" content=\"BeevolutionX\" \/>\n<meta property=\"article:publisher\" content=\"https:\/\/www.facebook.com\/profile.php?id=61556152756378\" \/>\n<meta property=\"article:modified_time\" content=\"2026-04-17T05:05:46+00:00\" \/>\n<meta property=\"og:image\" content=\"https:\/\/beevolutionx.com\/wp-content\/uploads\/2025\/01\/RBC_couv_VBAT2-compresse.jpg\" \/>\n\t<meta property=\"og:image:width\" content=\"400\" \/>\n\t<meta property=\"og:image:height\" content=\"514\" \/>\n\t<meta property=\"og:image:type\" content=\"image\/jpeg\" \/>\n<meta name=\"twitter:card\" content=\"summary_large_image\" \/>\n<meta name=\"twitter:label1\" content=\"Tiempo de lectura\" \/>\n\t<meta name=\"twitter:data1\" content=\"3 minutos\" \/>\n<script type=\"application\/ld+json\" class=\"yoast-schema-graph\">{\"@context\":\"https:\\\/\\\/schema.org\",\"@graph\":[{\"@type\":\"WebPage\",\"@id\":\"https:\\\/\\\/beevolutionx.com\\\/boutique\\\/livres-apiculture\\\/installer-un-premier-rucher-apiculture-rbc\\\/\",\"url\":\"https:\\\/\\\/beevolutionx.com\\\/boutique\\\/livres-apiculture\\\/installer-un-premier-rucher-apiculture-rbc\\\/\",\"name\":\"Installer un premier rucher \u2013 Apiculture respectueuse RBC - BeevolutionX\",\"isPartOf\":{\"@id\":\"https:\\\/\\\/beevolutionx.com\\\/#website\"},\"primaryImageOfPage\":{\"@id\":\"https:\\\/\\\/beevolutionx.com\\\/boutique\\\/livres-apiculture\\\/installer-un-premier-rucher-apiculture-rbc\\\/#primaryimage\"},\"image\":{\"@id\":\"https:\\\/\\\/beevolutionx.com\\\/boutique\\\/livres-apiculture\\\/installer-un-premier-rucher-apiculture-rbc\\\/#primaryimage\"},\"thumbnailUrl\":\"https:\\\/\\\/i0.wp.com\\\/beevolutionx.com\\\/wp-content\\\/uploads\\\/2025\\\/01\\\/611sqa2naBL._SL1035_.jpg?fit=800%2C1035&ssl=1\",\"datePublished\":\"2025-01-28T09:31:06+00:00\",\"dateModified\":\"2026-04-17T05:05:46+00:00\",\"description\":\"Installer un premier rucher pas \u00e0 pas avec Jean Riondet et Damien Merit. D\u00e9couvrez la ruche basse consommation, une apiculture moderne et respectueuse.\",\"breadcrumb\":{\"@id\":\"https:\\\/\\\/beevolutionx.com\\\/boutique\\\/livres-apiculture\\\/installer-un-premier-rucher-apiculture-rbc\\\/#breadcrumb\"},\"inLanguage\":\"es\",\"potentialAction\":[{\"@type\":\"ReadAction\",\"target\":[\"https:\\\/\\\/beevolutionx.com\\\/boutique\\\/livres-apiculture\\\/installer-un-premier-rucher-apiculture-rbc\\\/\"]}]},{\"@type\":\"ImageObject\",\"inLanguage\":\"es\",\"@id\":\"https:\\\/\\\/beevolutionx.com\\\/boutique\\\/livres-apiculture\\\/installer-un-premier-rucher-apiculture-rbc\\\/#primaryimage\",\"url\":\"https:\\\/\\\/i0.wp.com\\\/beevolutionx.com\\\/wp-content\\\/uploads\\\/2025\\\/01\\\/611sqa2naBL._SL1035_.jpg?fit=800%2C1035&ssl=1\",\"contentUrl\":\"https:\\\/\\\/i0.wp.com\\\/beevolutionx.com\\\/wp-content\\\/uploads\\\/2025\\\/01\\\/611sqa2naBL._SL1035_.jpg?fit=800%2C1035&ssl=1\",\"width\":800,\"height\":1035,\"caption\":\"Installer un premier rucher \u2013 guide d\u2019apiculture pour d\u00e9butants avec la ruche basse consommation\"},{\"@type\":\"BreadcrumbList\",\"@id\":\"https:\\\/\\\/beevolutionx.com\\\/boutique\\\/livres-apiculture\\\/installer-un-premier-rucher-apiculture-rbc\\\/#breadcrumb\",\"itemListElement\":[{\"@type\":\"ListItem\",\"position\":1,\"name\":\"Accueil\",\"item\":\"https:\\\/\\\/beevolutionx.com\\\/\"},{\"@type\":\"ListItem\",\"position\":2,\"name\":\"Boutique\",\"item\":\"https:\\\/\\\/beevolutionx.com\\\/boutique\\\/\"},{\"@type\":\"ListItem\",\"position\":3,\"name\":\"Installer un premier rucher \u2013 Apiculture respectueuse RBC\"}]},{\"@type\":\"WebSite\",\"@id\":\"https:\\\/\\\/beevolutionx.com\\\/#website\",\"url\":\"https:\\\/\\\/beevolutionx.com\\\/\",\"name\":\"BeevolutionX\",\"description\":\"Le site officiel de la Ruche Basse Consommation\u00ae (RBC\u00ae)\",\"publisher\":{\"@id\":\"https:\\\/\\\/beevolutionx.com\\\/#organization\"},\"potentialAction\":[{\"@type\":\"SearchAction\",\"target\":{\"@type\":\"EntryPoint\",\"urlTemplate\":\"https:\\\/\\\/beevolutionx.com\\\/?s={search_term_string}\"},\"query-input\":{\"@type\":\"PropertyValueSpecification\",\"valueRequired\":true,\"valueName\":\"search_term_string\"}}],\"inLanguage\":\"es\"},{\"@type\":\"Organization\",\"@id\":\"https:\\\/\\\/beevolutionx.com\\\/#organization\",\"name\":\"BeevolutionX\",\"url\":\"https:\\\/\\\/beevolutionx.com\\\/\",\"logo\":{\"@type\":\"ImageObject\",\"inLanguage\":\"es\",\"@id\":\"https:\\\/\\\/beevolutionx.com\\\/#\\\/schema\\\/logo\\\/image\\\/\",\"url\":\"https:\\\/\\\/beevolutionx.com\\\/wp-content\\\/uploads\\\/2025\\\/01\\\/BEEVOLUTION-X-LOGO-FINAL-tech-bleu.png\",\"contentUrl\":\"https:\\\/\\\/beevolutionx.com\\\/wp-content\\\/uploads\\\/2025\\\/01\\\/BEEVOLUTION-X-LOGO-FINAL-tech-bleu.png\",\"width\":1114,\"height\":1080,\"caption\":\"BeevolutionX\"},\"image\":{\"@id\":\"https:\\\/\\\/beevolutionx.com\\\/#\\\/schema\\\/logo\\\/image\\\/\"},\"sameAs\":[\"https:\\\/\\\/www.facebook.com\\\/profile.php?id=61556152756378\",\"https:\\\/\\\/www.youtube.com\\\/results?search_query=beevolutionx\",\"https:\\\/\\\/www.instagram.com\\\/beevolutionx\\\/\",\"https:\\\/\\\/www.tiktok.com\\\/@beevolutionx\"]}]}<\/script>\n<!-- \/ Yoast SEO plugin. -->","yoast_head_json":{"title":"Crear su primer colmenar - Apicultura respetuosa RBC - BeevolutionX","description":"Monte su primer colmenar paso a paso con Jean Riondet y Damien Merit. Descubra la colmena de bajo consumo energ\u00e9tico, un m\u00e9todo ap\u00edcola moderno y respetuoso.","robots":{"index":"index","follow":"follow","max-snippet":"max-snippet:-1","max-image-preview":"max-image-preview:large","max-video-preview":"max-video-preview:-1"},"canonical":"https:\/\/beevolutionx.com\/es\/tienda\/livres-apiculture\/montar-su-primer-colmenar-de-apicultura-rbc\/","og_locale":"es_ES","og_type":"article","og_title":"Installer un premier rucher \u2013 Apiculture respectueuse RBC - BeevolutionX","og_description":"Installer un premier rucher pas \u00e0 pas avec Jean Riondet et Damien Merit. D\u00e9couvrez la ruche basse consommation, une apiculture moderne et respectueuse.","og_url":"https:\/\/beevolutionx.com\/es\/tienda\/livres-apiculture\/montar-su-primer-colmenar-de-apicultura-rbc\/","og_site_name":"BeevolutionX","article_publisher":"https:\/\/www.facebook.com\/profile.php?id=61556152756378","article_modified_time":"2026-04-17T05:05:46+00:00","og_image":[{"width":400,"height":514,"url":"https:\/\/beevolutionx.com\/wp-content\/uploads\/2025\/01\/RBC_couv_VBAT2-compresse.jpg","type":"image\/jpeg"}],"twitter_card":"summary_large_image","twitter_misc":{"Tiempo de lectura":"3 minutos"},"schema":{"@context":"https:\/\/schema.org","@graph":[{"@type":"WebPage","@id":"https:\/\/beevolutionx.com\/boutique\/livres-apiculture\/installer-un-premier-rucher-apiculture-rbc\/","url":"https:\/\/beevolutionx.com\/boutique\/livres-apiculture\/installer-un-premier-rucher-apiculture-rbc\/","name":"Crear su primer colmenar - Apicultura respetuosa RBC - BeevolutionX","isPartOf":{"@id":"https:\/\/beevolutionx.com\/#website"},"primaryImageOfPage":{"@id":"https:\/\/beevolutionx.com\/boutique\/livres-apiculture\/installer-un-premier-rucher-apiculture-rbc\/#primaryimage"},"image":{"@id":"https:\/\/beevolutionx.com\/boutique\/livres-apiculture\/installer-un-premier-rucher-apiculture-rbc\/#primaryimage"},"thumbnailUrl":"https:\/\/i0.wp.com\/beevolutionx.com\/wp-content\/uploads\/2025\/01\/611sqa2naBL._SL1035_.jpg?fit=800%2C1035&ssl=1","datePublished":"2025-01-28T09:31:06+00:00","dateModified":"2026-04-17T05:05:46+00:00","description":"Monte su primer colmenar paso a paso con Jean Riondet y Damien Merit. Descubra la colmena de bajo consumo energ\u00e9tico, un m\u00e9todo ap\u00edcola moderno y respetuoso.","breadcrumb":{"@id":"https:\/\/beevolutionx.com\/boutique\/livres-apiculture\/installer-un-premier-rucher-apiculture-rbc\/#breadcrumb"},"inLanguage":"es","potentialAction":[{"@type":"ReadAction","target":["https:\/\/beevolutionx.com\/boutique\/livres-apiculture\/installer-un-premier-rucher-apiculture-rbc\/"]}]},{"@type":"ImageObject","inLanguage":"es","@id":"https:\/\/beevolutionx.com\/boutique\/livres-apiculture\/installer-un-premier-rucher-apiculture-rbc\/#primaryimage","url":"https:\/\/i0.wp.com\/beevolutionx.com\/wp-content\/uploads\/2025\/01\/611sqa2naBL._SL1035_.jpg?fit=800%2C1035&ssl=1","contentUrl":"https:\/\/i0.wp.com\/beevolutionx.com\/wp-content\/uploads\/2025\/01\/611sqa2naBL._SL1035_.jpg?fit=800%2C1035&ssl=1","width":800,"height":1035,"caption":"Installer un premier rucher \u2013 guide d\u2019apiculture pour d\u00e9butants avec la ruche basse consommation"},{"@type":"BreadcrumbList","@id":"https:\/\/beevolutionx.com\/boutique\/livres-apiculture\/installer-un-premier-rucher-apiculture-rbc\/#breadcrumb","itemListElement":[{"@type":"ListItem","position":1,"name":"Accueil","item":"https:\/\/beevolutionx.com\/"},{"@type":"ListItem","position":2,"name":"Boutique","item":"https:\/\/beevolutionx.com\/boutique\/"},{"@type":"ListItem","position":3,"name":"Installer un premier rucher \u2013 Apiculture respectueuse RBC"}]},{"@type":"WebSite","@id":"https:\/\/beevolutionx.com\/#website","url":"https:\/\/beevolutionx.com\/","name":"BeevolutionX","description":"Le site officiel de la Ruche Basse Consommation\u00ae (RBC\u00ae)","publisher":{"@id":"https:\/\/beevolutionx.com\/#organization"},"potentialAction":[{"@type":"SearchAction","target":{"@type":"EntryPoint","urlTemplate":"https:\/\/beevolutionx.com\/?s={search_term_string}"},"query-input":{"@type":"PropertyValueSpecification","valueRequired":true,"valueName":"search_term_string"}}],"inLanguage":"es"},{"@type":"Organization","@id":"https:\/\/beevolutionx.com\/#organization","name":"BeevolutionX","url":"https:\/\/beevolutionx.com\/","logo":{"@type":"ImageObject","inLanguage":"es","@id":"https:\/\/beevolutionx.com\/#\/schema\/logo\/image\/","url":"https:\/\/beevolutionx.com\/wp-content\/uploads\/2025\/01\/BEEVOLUTION-X-LOGO-FINAL-tech-bleu.png","contentUrl":"https:\/\/beevolutionx.com\/wp-content\/uploads\/2025\/01\/BEEVOLUTION-X-LOGO-FINAL-tech-bleu.png","width":1114,"height":1080,"caption":"BeevolutionX"},"image":{"@id":"https:\/\/beevolutionx.com\/#\/schema\/logo\/image\/"},"sameAs":["https:\/\/www.facebook.com\/profile.php?id=61556152756378","https:\/\/www.youtube.com\/results?search_query=beevolutionx","https:\/\/www.instagram.com\/beevolutionx\/","https:\/\/www.tiktok.com\/@beevolutionx"]}]}},"jetpack_sharing_enabled":true,"_links":{"self":[{"href":"https:\/\/beevolutionx.com\/es\/wp-json\/wp\/v2\/product\/240","targetHints":{"allow":["GET"]}}],"collection":[{"href":"https:\/\/beevolutionx.com\/es\/wp-json\/wp\/v2\/product"}],"about":[{"href":"https:\/\/beevolutionx.com\/es\/wp-json\/wp\/v2\/types\/product"}],"wp:featuredmedia":[{"embeddable":true,"href":"https:\/\/beevolutionx.com\/es\/wp-json\/wp\/v2\/media\/246"}],"wp:attachment":[{"href":"https:\/\/beevolutionx.com\/es\/wp-json\/wp\/v2\/media?parent=240"}],"wp:term":[{"taxonomy":"product_brand","embeddable":true,"href":"https:\/\/beevolutionx.com\/es\/wp-json\/wp\/v2\/product_brand?post=240"},{"taxonomy":"product_cat","embeddable":true,"href":"https:\/\/beevolutionx.com\/es\/wp-json\/wp\/v2\/product_cat?post=240"},{"taxonomy":"product_tag","embeddable":true,"href":"https:\/\/beevolutionx.com\/es\/wp-json\/wp\/v2\/product_tag?post=240"}],"curies":[{"name":"wp","href":"https:\/\/api.w.org\/{rel}","templated":true}]}}