{"id":2615,"date":"2026-04-10T16:03:08","date_gmt":"2026-04-10T14:03:08","guid":{"rendered":"https:\/\/beevolutionx.com\/?post_type=product&#038;p=2615"},"modified":"2026-04-10T16:11:51","modified_gmt":"2026-04-10T14:11:51","slug":"attractif-frelon-asiatique-velutractive-5l","status":"publish","type":"product","link":"https:\/\/beevolutionx.com\/es\/boutique\/piege-a-frelons\/attractif-frelon-asiatique-velutractive-5l\/","title":{"rendered":"Attractif frelon asiatique VeluTractive 5l \u2013 BeeVital"},"content":{"rendered":"<h1 data-section-id=\"1wzw4c8\" data-start=\"108\" data-end=\"166\">\ud83d\udc1d Attractif frelon asiatique VeluTractive 5L \u2013 BeeVital<\/h1>\n<p data-start=\"168\" data-end=\"351\">L\u2019<strong data-start=\"170\" data-end=\"225\">attractif frelon asiatique VeluTractive 5L BeeVital<\/strong> est une solution naturelle con\u00e7ue pour attirer efficacement le frelon asiatique (<em data-start=\"307\" data-end=\"323\">Vespa velutina<\/em>) dans les pi\u00e8ges s\u00e9lectifs.<\/p>\n<p data-start=\"353\" data-end=\"606\">Formul\u00e9 \u00e0 base d\u2019extraits de plantes ferment\u00e9s et de substances sucr\u00e9es, cet attractif g\u00e9n\u00e8re une forte activit\u00e9 autour du pi\u00e8ge, augmentant significativement son efficacit\u00e9 tout en respectant les autres insectes.<\/p>\n<p data-start=\"608\" data-end=\"778\">Le format 5 litres est id\u00e9al pour les apiculteurs professionnels, les ruchers importants ou les collectivit\u00e9s souhaitant mettre en place un pi\u00e9geage r\u00e9gulier et efficace.<\/p>\n<hr data-start=\"780\" data-end=\"783\" \/>\n<h2 data-section-id=\"1whdz4v\" data-start=\"785\" data-end=\"852\">\u2699\ufe0f Caract\u00e9ristiques de l\u2019attractif frelon asiatique VeluTractive<\/h2>\n<ul data-start=\"854\" data-end=\"1085\">\n<li data-section-id=\"1t9vz52\" data-start=\"854\" data-end=\"879\">Contenance : 5 litres<\/li>\n<li data-section-id=\"yp5rlg\" data-start=\"880\" data-end=\"928\">Type : attractif sp\u00e9cifique frelon asiatique<\/li>\n<li data-section-id=\"176yovb\" data-start=\"929\" data-end=\"989\">Composition : extraits de plantes ferment\u00e9s, sucres, eau<\/li>\n<li data-section-id=\"6i5mm6\" data-start=\"1032\" data-end=\"1085\">Utilisation : pi\u00e8ges s\u00e9lectifs type Velutina Trap<\/li>\n<\/ul>\n<p data-start=\"1087\" data-end=\"1292\">Cet attractif a \u00e9t\u00e9 sp\u00e9cialement d\u00e9velopp\u00e9 pour fonctionner avec des pi\u00e8ges s\u00e9lectifs afin de cibler le frelon asiatique tout en limitant l\u2019impact sur l\u2019entomofaune.<\/p>\n<hr data-start=\"1294\" data-end=\"1297\" \/>\n<h2 data-section-id=\"1ao1mbl\" data-start=\"1299\" data-end=\"1359\">\ud83d\udca1 Avantages de l\u2019attractif frelon asiatique VeluTractive<\/h2>\n<ul data-start=\"1361\" data-end=\"1561\">\n<li data-section-id=\"1aumb1t\" data-start=\"1361\" data-end=\"1402\">forte attractivit\u00e9 sur Vespa velutina<\/li>\n<li data-section-id=\"1012zvq\" data-start=\"1403\" data-end=\"1442\">solution naturelle sans insecticide<\/li>\n<li data-section-id=\"hmo507\" data-start=\"1443\" data-end=\"1486\">am\u00e9lioration de l\u2019efficacit\u00e9 des pi\u00e8ges<\/li>\n<li data-section-id=\"1t980db\" data-start=\"1487\" data-end=\"1519\">utilisation simple et rapide<\/li>\n<li data-section-id=\"1v6kvcj\" data-start=\"1520\" data-end=\"1561\">format \u00e9conomique pour usage intensif<\/li>\n<\/ul>\n<p data-start=\"1563\" data-end=\"1708\">Le m\u00e9lange ferment\u00e9 cr\u00e9e une activit\u00e9 importante autour du pi\u00e8ge, ce qui augmente les chances de capture.<\/p>\n<hr data-start=\"1710\" data-end=\"1713\" \/>\n<h2 data-section-id=\"1nvedy7\" data-start=\"1715\" data-end=\"1742\">\ud83e\udded Utilisation et dosage<\/h2>\n<ul data-start=\"1744\" data-end=\"1975\">\n<li data-section-id=\"pxor6e\" data-start=\"1793\" data-end=\"1832\">Verser environ <strong data-start=\"1850\" data-end=\"1869\">400 ml \u00e0 500 ml<\/strong> dans le pi\u00e8ge lors de la premi\u00e8re mise en place<\/li>\n<li data-section-id=\"33ui1x\" data-start=\"1920\" data-end=\"1975\">Compl\u00e9ter r\u00e9guli\u00e8rement pour maintenir l\u2019efficacit\u00e9<\/li>\n<\/ul>\n<p data-start=\"1977\" data-end=\"2005\">\ud83d\udc49 Utilisation recommand\u00e9e :<\/p>\n<ul data-start=\"2006\" data-end=\"2083\">\n<li data-section-id=\"qe36fv\" data-start=\"2006\" data-end=\"2046\">printemps \u2192 pi\u00e9geage des fondatrices<\/li>\n<li data-section-id=\"1eeoibf\" data-start=\"2047\" data-end=\"2083\">fin d\u2019\u00e9t\u00e9 \u2192 protection du rucher<\/li>\n<\/ul>\n<hr data-start=\"2085\" data-end=\"2088\" \/>\n<h2 data-section-id=\"1f1vlim\" data-start=\"2090\" data-end=\"2123\">\ud83d\udc1d Recommandation BeevolutionX<\/h2>\n<p data-start=\"2125\" data-end=\"2200\">\ud83d\udc49 Pour un r\u00e9sultat optimal, utiliser cet attractif avec un pi\u00e8ge s\u00e9lectif.<\/p>\n<p data-start=\"2202\" data-end=\"2318\">\u26a0\ufe0f Un attractif seul ne suffit pas :<br data-start=\"2238\" data-end=\"2241\" \/>c\u2019est le couple <strong data-start=\"2257\" data-end=\"2278\">pi\u00e8ge + attractif<\/strong> qui d\u00e9termine l\u2019efficacit\u00e9 du pi\u00e9geage.<\/p>","protected":false},"excerpt":{"rendered":"<p>Attractif frelon asiatique VeluTractive BeeVital 5L, con\u00e7u pour attirer efficacement Vespa velutina dans les pi\u00e8ges s\u00e9lectifs.<\/p>\n<p>\u2714 Format \u00e9conomique pour ruchers et collectivit\u00e9s<br \/>\n\u2714 Formule naturelle ferment\u00e9e<br \/>\n\u2714 Ciblage du frelon asiatique<br \/>\n\u2714 Compatible avec pi\u00e8ges s\u00e9lectifs<\/p>\n<p>\u26a0\ufe0f \u00c0 utiliser avec un pi\u00e8ge adapt\u00e9 pour une efficacit\u00e9 optimale.<\/p>\n<p><span style=\"color: #c00; font-weight: bold;\"><br \/>\nFormat professionnel \u2013 id\u00e9al pour utilisation r\u00e9guli\u00e8re ou multi-pi\u00e8ges. Produit consommable \u00e0 renouveler pour maintenir l\u2019efficacit\u00e9.<br \/>\n<\/span><\/p>","protected":false},"featured_media":2617,"template":"","meta":{"_et_pb_use_builder":"","_et_pb_old_content":"","_et_gb_content_width":""},"product_brand":[31],"product_cat":[30],"product_tag":[],"class_list":{"0":"post-2615","1":"product","2":"type-product","3":"status-publish","4":"has-post-thumbnail","6":"product_brand-beevital","7":"product_cat-piege-a-frelons","9":"first","10":"instock","11":"taxable","12":"shipping-taxable","13":"purchasable","14":"product-type-simple"},"yoast_head":"<!-- This site is optimized with the Yoast SEO plugin v27.3 - https:\/\/yoast.com\/product\/yoast-seo-wordpress\/ -->\n<title>Attractif frelon asiatique VeluTractive 5l \u2013 BeeVital - BeevolutionX<\/title>\n<meta name=\"description\" content=\"Attractif frelon asiatique VeluTractive BeeVital 5l. Solution naturelle pour pi\u00e8ge s\u00e9lectif, efficace contre Vespa velutina et respectueuse de la faune\" \/>\n<meta name=\"robots\" content=\"index, follow, max-snippet:-1, max-image-preview:large, max-video-preview:-1\" \/>\n<link rel=\"canonical\" href=\"https:\/\/beevolutionx.com\/es\/tienda\/piege-a-frelons\/attractif-frelon-asiatique-velutractive-5l\/\" \/>\n<meta property=\"og:locale\" content=\"es_ES\" \/>\n<meta property=\"og:type\" content=\"article\" \/>\n<meta property=\"og:title\" content=\"Attractif frelon asiatique VeluTractive 5l \u2013 BeeVital - BeevolutionX\" \/>\n<meta property=\"og:description\" content=\"Attractif frelon asiatique VeluTractive BeeVital 5l. Solution naturelle pour pi\u00e8ge s\u00e9lectif, efficace contre Vespa velutina et respectueuse de la faune\" \/>\n<meta property=\"og:url\" content=\"https:\/\/beevolutionx.com\/es\/tienda\/piege-a-frelons\/attractif-frelon-asiatique-velutractive-5l\/\" \/>\n<meta property=\"og:site_name\" content=\"BeevolutionX\" \/>\n<meta property=\"article:publisher\" content=\"https:\/\/www.facebook.com\/profile.php?id=61556152756378\" \/>\n<meta property=\"article:modified_time\" content=\"2026-04-10T14:11:51+00:00\" \/>\n<meta property=\"og:image\" content=\"https:\/\/beevolutionx.com\/wp-content\/uploads\/2026\/04\/AT003-INT-v01.0-VeluTractive-5L.jpg\" \/>\n\t<meta property=\"og:image:width\" content=\"1000\" \/>\n\t<meta property=\"og:image:height\" content=\"1000\" \/>\n\t<meta property=\"og:image:type\" content=\"image\/jpeg\" \/>\n<meta name=\"twitter:card\" content=\"summary_large_image\" \/>\n<meta name=\"twitter:label1\" content=\"Tiempo de lectura\" \/>\n\t<meta name=\"twitter:data1\" content=\"2 minutos\" \/>\n<script type=\"application\/ld+json\" class=\"yoast-schema-graph\">{\"@context\":\"https:\\\/\\\/schema.org\",\"@graph\":[{\"@type\":\"WebPage\",\"@id\":\"https:\\\/\\\/beevolutionx.com\\\/boutique\\\/piege-a-frelons\\\/attractif-frelon-asiatique-velutractive-5l\\\/\",\"url\":\"https:\\\/\\\/beevolutionx.com\\\/boutique\\\/piege-a-frelons\\\/attractif-frelon-asiatique-velutractive-5l\\\/\",\"name\":\"Attractif frelon asiatique VeluTractive 5l \u2013 BeeVital - BeevolutionX\",\"isPartOf\":{\"@id\":\"https:\\\/\\\/beevolutionx.com\\\/#website\"},\"primaryImageOfPage\":{\"@id\":\"https:\\\/\\\/beevolutionx.com\\\/boutique\\\/piege-a-frelons\\\/attractif-frelon-asiatique-velutractive-5l\\\/#primaryimage\"},\"image\":{\"@id\":\"https:\\\/\\\/beevolutionx.com\\\/boutique\\\/piege-a-frelons\\\/attractif-frelon-asiatique-velutractive-5l\\\/#primaryimage\"},\"thumbnailUrl\":\"https:\\\/\\\/i0.wp.com\\\/beevolutionx.com\\\/wp-content\\\/uploads\\\/2026\\\/04\\\/AT003-INT-v01.0-VeluTractive-5L.jpg?fit=1000%2C1000&ssl=1\",\"datePublished\":\"2026-04-10T14:03:08+00:00\",\"dateModified\":\"2026-04-10T14:11:51+00:00\",\"description\":\"Attractif frelon asiatique VeluTractive BeeVital 5l. Solution naturelle pour pi\u00e8ge s\u00e9lectif, efficace contre Vespa velutina et respectueuse de la faune\",\"breadcrumb\":{\"@id\":\"https:\\\/\\\/beevolutionx.com\\\/boutique\\\/piege-a-frelons\\\/attractif-frelon-asiatique-velutractive-5l\\\/#breadcrumb\"},\"inLanguage\":\"es\",\"potentialAction\":[{\"@type\":\"ReadAction\",\"target\":[\"https:\\\/\\\/beevolutionx.com\\\/boutique\\\/piege-a-frelons\\\/attractif-frelon-asiatique-velutractive-5l\\\/\"]}]},{\"@type\":\"ImageObject\",\"inLanguage\":\"es\",\"@id\":\"https:\\\/\\\/beevolutionx.com\\\/boutique\\\/piege-a-frelons\\\/attractif-frelon-asiatique-velutractive-5l\\\/#primaryimage\",\"url\":\"https:\\\/\\\/i0.wp.com\\\/beevolutionx.com\\\/wp-content\\\/uploads\\\/2026\\\/04\\\/AT003-INT-v01.0-VeluTractive-5L.jpg?fit=1000%2C1000&ssl=1\",\"contentUrl\":\"https:\\\/\\\/i0.wp.com\\\/beevolutionx.com\\\/wp-content\\\/uploads\\\/2026\\\/04\\\/AT003-INT-v01.0-VeluTractive-5L.jpg?fit=1000%2C1000&ssl=1\",\"width\":1000,\"height\":1000,\"caption\":\"Attractif frelon asiatique VeluTractive 5L\"},{\"@type\":\"BreadcrumbList\",\"@id\":\"https:\\\/\\\/beevolutionx.com\\\/boutique\\\/piege-a-frelons\\\/attractif-frelon-asiatique-velutractive-5l\\\/#breadcrumb\",\"itemListElement\":[{\"@type\":\"ListItem\",\"position\":1,\"name\":\"Accueil\",\"item\":\"https:\\\/\\\/beevolutionx.com\\\/\"},{\"@type\":\"ListItem\",\"position\":2,\"name\":\"Boutique\",\"item\":\"https:\\\/\\\/beevolutionx.com\\\/boutique\\\/\"},{\"@type\":\"ListItem\",\"position\":3,\"name\":\"Attractif frelon asiatique VeluTractive 5l \u2013 BeeVital\"}]},{\"@type\":\"WebSite\",\"@id\":\"https:\\\/\\\/beevolutionx.com\\\/#website\",\"url\":\"https:\\\/\\\/beevolutionx.com\\\/\",\"name\":\"BeevolutionX\",\"description\":\"Le site officiel de la Ruche Basse Consommation\u00ae (RBC\u00ae)\",\"publisher\":{\"@id\":\"https:\\\/\\\/beevolutionx.com\\\/#organization\"},\"potentialAction\":[{\"@type\":\"SearchAction\",\"target\":{\"@type\":\"EntryPoint\",\"urlTemplate\":\"https:\\\/\\\/beevolutionx.com\\\/?s={search_term_string}\"},\"query-input\":{\"@type\":\"PropertyValueSpecification\",\"valueRequired\":true,\"valueName\":\"search_term_string\"}}],\"inLanguage\":\"es\"},{\"@type\":\"Organization\",\"@id\":\"https:\\\/\\\/beevolutionx.com\\\/#organization\",\"name\":\"BeevolutionX\",\"url\":\"https:\\\/\\\/beevolutionx.com\\\/\",\"logo\":{\"@type\":\"ImageObject\",\"inLanguage\":\"es\",\"@id\":\"https:\\\/\\\/beevolutionx.com\\\/#\\\/schema\\\/logo\\\/image\\\/\",\"url\":\"https:\\\/\\\/beevolutionx.com\\\/wp-content\\\/uploads\\\/2025\\\/01\\\/BEEVOLUTION-X-LOGO-FINAL-tech-bleu.png\",\"contentUrl\":\"https:\\\/\\\/beevolutionx.com\\\/wp-content\\\/uploads\\\/2025\\\/01\\\/BEEVOLUTION-X-LOGO-FINAL-tech-bleu.png\",\"width\":1114,\"height\":1080,\"caption\":\"BeevolutionX\"},\"image\":{\"@id\":\"https:\\\/\\\/beevolutionx.com\\\/#\\\/schema\\\/logo\\\/image\\\/\"},\"sameAs\":[\"https:\\\/\\\/www.facebook.com\\\/profile.php?id=61556152756378\",\"https:\\\/\\\/www.youtube.com\\\/results?search_query=beevolutionx\",\"https:\\\/\\\/www.instagram.com\\\/beevolutionx\\\/\",\"https:\\\/\\\/www.tiktok.com\\\/@beevolutionx\"]}]}<\/script>\n<!-- \/ Yoast SEO plugin. -->","yoast_head_json":{"title":"Attractif frelon asiatique VeluTractive 5l \u2013 BeeVital - BeevolutionX","description":"Attractif frelon asiatique VeluTractive BeeVital 5l. Solution naturelle pour pi\u00e8ge s\u00e9lectif, efficace contre Vespa velutina et respectueuse de la faune","robots":{"index":"index","follow":"follow","max-snippet":"max-snippet:-1","max-image-preview":"max-image-preview:large","max-video-preview":"max-video-preview:-1"},"canonical":"https:\/\/beevolutionx.com\/es\/tienda\/piege-a-frelons\/attractif-frelon-asiatique-velutractive-5l\/","og_locale":"es_ES","og_type":"article","og_title":"Attractif frelon asiatique VeluTractive 5l \u2013 BeeVital - BeevolutionX","og_description":"Attractif frelon asiatique VeluTractive BeeVital 5l. Solution naturelle pour pi\u00e8ge s\u00e9lectif, efficace contre Vespa velutina et respectueuse de la faune","og_url":"https:\/\/beevolutionx.com\/es\/tienda\/piege-a-frelons\/attractif-frelon-asiatique-velutractive-5l\/","og_site_name":"BeevolutionX","article_publisher":"https:\/\/www.facebook.com\/profile.php?id=61556152756378","article_modified_time":"2026-04-10T14:11:51+00:00","og_image":[{"width":1000,"height":1000,"url":"https:\/\/beevolutionx.com\/wp-content\/uploads\/2026\/04\/AT003-INT-v01.0-VeluTractive-5L.jpg","type":"image\/jpeg"}],"twitter_card":"summary_large_image","twitter_misc":{"Tiempo de lectura":"2 minutos"},"schema":{"@context":"https:\/\/schema.org","@graph":[{"@type":"WebPage","@id":"https:\/\/beevolutionx.com\/boutique\/piege-a-frelons\/attractif-frelon-asiatique-velutractive-5l\/","url":"https:\/\/beevolutionx.com\/boutique\/piege-a-frelons\/attractif-frelon-asiatique-velutractive-5l\/","name":"Attractif frelon asiatique VeluTractive 5l \u2013 BeeVital - BeevolutionX","isPartOf":{"@id":"https:\/\/beevolutionx.com\/#website"},"primaryImageOfPage":{"@id":"https:\/\/beevolutionx.com\/boutique\/piege-a-frelons\/attractif-frelon-asiatique-velutractive-5l\/#primaryimage"},"image":{"@id":"https:\/\/beevolutionx.com\/boutique\/piege-a-frelons\/attractif-frelon-asiatique-velutractive-5l\/#primaryimage"},"thumbnailUrl":"https:\/\/i0.wp.com\/beevolutionx.com\/wp-content\/uploads\/2026\/04\/AT003-INT-v01.0-VeluTractive-5L.jpg?fit=1000%2C1000&ssl=1","datePublished":"2026-04-10T14:03:08+00:00","dateModified":"2026-04-10T14:11:51+00:00","description":"Attractif frelon asiatique VeluTractive BeeVital 5l. Solution naturelle pour pi\u00e8ge s\u00e9lectif, efficace contre Vespa velutina et respectueuse de la faune","breadcrumb":{"@id":"https:\/\/beevolutionx.com\/boutique\/piege-a-frelons\/attractif-frelon-asiatique-velutractive-5l\/#breadcrumb"},"inLanguage":"es","potentialAction":[{"@type":"ReadAction","target":["https:\/\/beevolutionx.com\/boutique\/piege-a-frelons\/attractif-frelon-asiatique-velutractive-5l\/"]}]},{"@type":"ImageObject","inLanguage":"es","@id":"https:\/\/beevolutionx.com\/boutique\/piege-a-frelons\/attractif-frelon-asiatique-velutractive-5l\/#primaryimage","url":"https:\/\/i0.wp.com\/beevolutionx.com\/wp-content\/uploads\/2026\/04\/AT003-INT-v01.0-VeluTractive-5L.jpg?fit=1000%2C1000&ssl=1","contentUrl":"https:\/\/i0.wp.com\/beevolutionx.com\/wp-content\/uploads\/2026\/04\/AT003-INT-v01.0-VeluTractive-5L.jpg?fit=1000%2C1000&ssl=1","width":1000,"height":1000,"caption":"Attractif frelon asiatique VeluTractive 5L"},{"@type":"BreadcrumbList","@id":"https:\/\/beevolutionx.com\/boutique\/piege-a-frelons\/attractif-frelon-asiatique-velutractive-5l\/#breadcrumb","itemListElement":[{"@type":"ListItem","position":1,"name":"Accueil","item":"https:\/\/beevolutionx.com\/"},{"@type":"ListItem","position":2,"name":"Boutique","item":"https:\/\/beevolutionx.com\/boutique\/"},{"@type":"ListItem","position":3,"name":"Attractif frelon asiatique VeluTractive 5l \u2013 BeeVital"}]},{"@type":"WebSite","@id":"https:\/\/beevolutionx.com\/#website","url":"https:\/\/beevolutionx.com\/","name":"BeevolutionX","description":"Le site officiel de la Ruche Basse Consommation\u00ae (RBC\u00ae)","publisher":{"@id":"https:\/\/beevolutionx.com\/#organization"},"potentialAction":[{"@type":"SearchAction","target":{"@type":"EntryPoint","urlTemplate":"https:\/\/beevolutionx.com\/?s={search_term_string}"},"query-input":{"@type":"PropertyValueSpecification","valueRequired":true,"valueName":"search_term_string"}}],"inLanguage":"es"},{"@type":"Organization","@id":"https:\/\/beevolutionx.com\/#organization","name":"BeevolutionX","url":"https:\/\/beevolutionx.com\/","logo":{"@type":"ImageObject","inLanguage":"es","@id":"https:\/\/beevolutionx.com\/#\/schema\/logo\/image\/","url":"https:\/\/beevolutionx.com\/wp-content\/uploads\/2025\/01\/BEEVOLUTION-X-LOGO-FINAL-tech-bleu.png","contentUrl":"https:\/\/beevolutionx.com\/wp-content\/uploads\/2025\/01\/BEEVOLUTION-X-LOGO-FINAL-tech-bleu.png","width":1114,"height":1080,"caption":"BeevolutionX"},"image":{"@id":"https:\/\/beevolutionx.com\/#\/schema\/logo\/image\/"},"sameAs":["https:\/\/www.facebook.com\/profile.php?id=61556152756378","https:\/\/www.youtube.com\/results?search_query=beevolutionx","https:\/\/www.instagram.com\/beevolutionx\/","https:\/\/www.tiktok.com\/@beevolutionx"]}]}},"jetpack_sharing_enabled":true,"_links":{"self":[{"href":"https:\/\/beevolutionx.com\/es\/wp-json\/wp\/v2\/product\/2615","targetHints":{"allow":["GET"]}}],"collection":[{"href":"https:\/\/beevolutionx.com\/es\/wp-json\/wp\/v2\/product"}],"about":[{"href":"https:\/\/beevolutionx.com\/es\/wp-json\/wp\/v2\/types\/product"}],"wp:featuredmedia":[{"embeddable":true,"href":"https:\/\/beevolutionx.com\/es\/wp-json\/wp\/v2\/media\/2617"}],"wp:attachment":[{"href":"https:\/\/beevolutionx.com\/es\/wp-json\/wp\/v2\/media?parent=2615"}],"wp:term":[{"taxonomy":"product_brand","embeddable":true,"href":"https:\/\/beevolutionx.com\/es\/wp-json\/wp\/v2\/product_brand?post=2615"},{"taxonomy":"product_cat","embeddable":true,"href":"https:\/\/beevolutionx.com\/es\/wp-json\/wp\/v2\/product_cat?post=2615"},{"taxonomy":"product_tag","embeddable":true,"href":"https:\/\/beevolutionx.com\/es\/wp-json\/wp\/v2\/product_tag?post=2615"}],"curies":[{"name":"wp","href":"https:\/\/api.w.org\/{rel}","templated":true}]}}