{"id":667,"date":"2025-03-13T22:51:38","date_gmt":"2025-03-13T21:51:38","guid":{"rendered":"https:\/\/beevolutionx.com\/?post_type=product&#038;p=667"},"modified":"2026-01-02T00:46:04","modified_gmt":"2026-01-01T23:46:04","slug":"lamina-termorreflectante-de-un-metro-beevolutionx","status":"publish","type":"product","link":"https:\/\/beevolutionx.com\/es\/boutique\/film-thermo-reflecteur-rbc\/film-thermo-reflecteur-beevolutionx-metre\/","title":{"rendered":"L\u00e1mina termorreflectante BeevolutionX 47 cm (por metros)"},"content":{"rendered":"<h2 data-start=\"395\" data-end=\"459\">\ud83d\udc1d Pel\u00edcula termorreflectante alimentaria BeevolutionX por metros<\/h2>\n<p data-start=\"461\" data-end=\"886\">Le <strong data-start=\"464\" data-end=\"524\">Pel\u00edcula termorreflectante alimentaria BeevolutionX por metros<\/strong> est\u00e1 dise\u00f1ado para <strong data-start=\"540\" data-end=\"601\">hacer colmenas de bajo consumo energ\u00e9tico f\u00e1cilmente (RBC\u00ae)<\/strong>.<br data-start=\"602\" data-end=\"605\" \/>Este <strong data-start=\"608\" data-end=\"629\">material innovador<\/strong> ofrece un <strong data-start=\"639\" data-end=\"690\">reflectancia t\u00e9rmica superior a 85 %<\/strong>, reflejando el calor de vuelta a la cr\u00eda.<br data-start=\"729\" data-end=\"732\" \/>Le permite <strong data-start=\"745\" data-end=\"777\">reducir las p\u00e9rdidas de energ\u00eda<\/strong>, de <strong data-start=\"782\" data-end=\"814\">estabilizar el clima interno<\/strong> y <strong data-start=\"821\" data-end=\"859\">aumentar la vitalidad de las abejas<\/strong> durante todo el a\u00f1o.<\/p>\n<hr data-start=\"888\" data-end=\"891\" \/>\n<h3 data-start=\"893\" data-end=\"954\">\u2705 Una l\u00e1mina termorreflectante certificada y segura para uso alimentario<\/h3>\n<p data-start=\"956\" data-end=\"1309\">Le <strong data-start=\"959\" data-end=\"1019\">Pel\u00edcula termorreflectante alimentaria BeevolutionX por metros<\/strong> es <strong data-start=\"1024\" data-end=\"1074\">certificado de conformidad con el Reglamento (UE) n\u00ba 10\/2011<\/strong>, garantizando <strong data-start=\"1093\" data-end=\"1113\">completamente seguro<\/strong> para uso ap\u00edcola.<br data-start=\"1136\" data-end=\"1139\" \/>Hecho de <strong data-start=\"1160\" data-end=\"1196\">polietileno aluminizado (PE + Al)<\/strong>, no libera <strong data-start=\"1211\" data-end=\"1238\">sin sustancias nocivas<\/strong> y puede utilizarse <strong data-start=\"1260\" data-end=\"1306\">con total seguridad dentro de las colmenas<\/strong>.<\/p>\n<p data-start=\"1311\" data-end=\"1485\">\ud83d\udcc4 <a class=\"decorated-link\" href=\"https:\/\/beevolutionx.com\/wp-content\/uploads\/2025\/10\/Declaration_Conformite_Alimentaire_BeevolutionX-1.pdf\" target=\"_new\" rel=\"noopener\" data-start=\"1314\" data-end=\"1483\"><strong data-start=\"1315\" data-end=\"1375\">Descargar el certificado alimentario de BeevolutionX (PDF)<\/strong><\/a><\/p>\n<h3 data-start=\"1492\" data-end=\"1577\">\u2699\ufe0f Caracter\u00edsticas de la l\u00e1mina termorreflectante alimentaria BeevolutionX por metros<\/h3>\n<ul data-start=\"1579\" data-end=\"1789\">\n<li data-start=\"1579\" data-end=\"1602\">\n<p data-start=\"1581\" data-end=\"1602\"><strong data-start=\"1581\" data-end=\"1592\">Anchura<\/strong> Altura : 47 cm<\/p>\n<\/li>\n<li data-start=\"1603\" data-end=\"1639\">\n<p data-start=\"1605\" data-end=\"1639\"><strong data-start=\"1605\" data-end=\"1617\">Longitud<\/strong> por metro lineal<\/p>\n<\/li>\n<li data-start=\"1640\" data-end=\"1671\">\n<p data-start=\"1642\" data-end=\"1671\"><strong data-start=\"1642\" data-end=\"1654\">Material<\/strong> PE aluminizado<\/p>\n<\/li>\n<li data-start=\"1672\" data-end=\"1714\">\n<p data-start=\"1674\" data-end=\"1714\"><strong data-start=\"1674\" data-end=\"1703\">Capacidad de reflexi\u00f3n del calor<\/strong> : &gt; 85 %<\/p>\n<\/li>\n<li data-start=\"1715\" data-end=\"1789\">\n<p data-start=\"1717\" data-end=\"1789\"><strong data-start=\"1717\" data-end=\"1732\">Ligero<\/strong> y <strong data-start=\"1736\" data-end=\"1756\">gran flexibilidad<\/strong> para un uso r\u00e1pido y preciso<\/p>\n<\/li>\n<\/ul>\n<hr data-start=\"1791\" data-end=\"1794\" \/>\n<h3 data-start=\"1796\" data-end=\"1833\">\ud83c\udf21\ufe0f Beneficios para los apicultores<\/h3>\n<ul data-start=\"1835\" data-end=\"2228\">\n<li data-start=\"1835\" data-end=\"1909\">\n<p data-start=\"1837\" data-end=\"1909\"><strong data-start=\"1837\" data-end=\"1862\">Aislamiento de alto rendimiento<\/strong> para colmenas <strong data-start=\"1879\" data-end=\"1889\">Dadant<\/strong> y <strong data-start=\"1893\" data-end=\"1907\">Langstroth<\/strong><\/p>\n<\/li>\n<li data-start=\"1910\" data-end=\"1988\">\n<p data-start=\"1912\" data-end=\"1988\"><strong data-start=\"1912\" data-end=\"1930\">F\u00e1cil de cortar<\/strong> para crear su <strong data-start=\"1946\" data-end=\"1958\">bufandas<\/strong>, <strong data-start=\"1960\" data-end=\"1970\">PIHPgm<\/strong> o <strong data-start=\"1974\" data-end=\"1986\">PIHPette<\/strong><\/p>\n<\/li>\n<li data-start=\"1989\" data-end=\"2078\">\n<p data-start=\"1991\" data-end=\"2078\"><strong data-start=\"1991\" data-end=\"2011\">Alta resistencia<\/strong> en <strong data-start=\"2016\" data-end=\"2040\">elevaci\u00f3n del bastidor<\/strong>, el <strong data-start=\"2047\" data-end=\"2059\">prop\u00f3leo<\/strong> y <strong data-start=\"2068\" data-end=\"2076\">cera<\/strong><\/p>\n<\/li>\n<li data-start=\"2079\" data-end=\"2140\">\n<p data-start=\"2081\" data-end=\"2140\"><strong data-start=\"2081\" data-end=\"2103\">Espesor m\u00ednimo<\/strong>, sin p\u00e9rdida de espacio en la colmena<\/p>\n<\/li>\n<li data-start=\"2141\" data-end=\"2228\">\n<p data-start=\"2143\" data-end=\"2228\"><strong data-start=\"2143\" data-end=\"2169\">Mayor vida \u00fatil<\/strong> no se desgarra y resiste las tensiones del colmenar<\/p>\n<\/li>\n<\/ul>\n<hr data-start=\"2230\" data-end=\"2233\" \/>\n<h3 data-start=\"2235\" data-end=\"2284\">\ud83d\udc1d Una soluci\u00f3n sostenible de BeevolutionX<\/h3>\n<p data-start=\"2286\" data-end=\"2575\">Elija el <strong data-start=\"2297\" data-end=\"2357\">Pel\u00edcula termorreflectante alimentaria BeevolutionX por metros<\/strong>, significa invertir en un <strong data-start=\"2382\" data-end=\"2423\">un producto sostenible, limpio y de alto rendimiento<\/strong>.<br data-start=\"2424\" data-end=\"2427\" \/>\u00c9l <strong data-start=\"2430\" data-end=\"2463\">mejora el confort t\u00e9rmico<\/strong> tus colmenas, <strong data-start=\"2479\" data-end=\"2517\">reduce el consumo de energ\u00eda<\/strong> y anima <strong data-start=\"2534\" data-end=\"2572\">apicultura respetuosa y moderna<\/strong>.<\/p>\n<p data-start=\"2577\" data-end=\"2792\">Combinando <strong data-start=\"2588\" data-end=\"2603\">tecnolog\u00eda<\/strong>, <strong data-start=\"2605\" data-end=\"2619\">resistencia<\/strong> y <strong data-start=\"2623\" data-end=\"2647\">seguridad alimentaria<\/strong>, BeevolutionX ofrece a los apicultores una soluci\u00f3n fiable para <strong data-start=\"2711\" data-end=\"2740\">modernizar sus colonias<\/strong> y <strong data-start=\"2744\" data-end=\"2789\">mejorar el rendimiento de sus colmenares<\/strong>.<\/p>\n<h3 data-start=\"391\" data-end=\"448\">\ud83d\uded1 <strong data-start=\"398\" data-end=\"446\">Advertencia de uso con tratamientos<\/strong><\/h3>\n<blockquote data-start=\"450\" data-end=\"854\">\n<p data-start=\"452\" data-end=\"707\">\u26a0\ufe0f <strong data-start=\"455\" data-end=\"470\">Atenci\u00f3n:<\/strong> en caso de uso del tratamiento <strong data-start=\"506\" data-end=\"520\">Formic Pro<\/strong>, <strong data-start=\"522\" data-end=\"593\">retire imperativamente los elementos termorreflectantes BeevolutionX<\/strong> (pel\u00edculas, cojines, bufandas, PIHPgm\u2026).<br data-start=\"631\" data-end=\"634\" \/>Los vapores de \u00e1cido f\u00f3rmico pueden da\u00f1ar las pel\u00edculas aluminizadas.<\/p>\n<p data-start=\"714\" data-end=\"854\">\u2705 <strong data-start=\"716\" data-end=\"732\">Ning\u00fan riesgo<\/strong> con los tratamientos <strong data-start=\"754\" data-end=\"766\">Varromed<\/strong> o <strong data-start=\"770\" data-end=\"792\">al \u00e1cido ox\u00e1lico<\/strong>, a condici\u00f3n de <strong data-start=\"809\" data-end=\"851\">respetar los protocolos de aplicaci\u00f3n<\/strong>.<\/p>\n<\/blockquote>","protected":false},"excerpt":{"rendered":"<p><strong>L\u00e1mina termorreflectante BeevolutionX para colmenas de bajo consumo energ\u00e9tico<\/strong> es ideal para sus abejas. Resistente y de alto rendimiento, refleja eficazmente el calor de las abejas hacia la cr\u00eda. Rollo de 47 cm x 1 m, perfecto para los tabiques aislantes Dadant, las bufandas y los pa\u00f1uelos.<\/p>\n<p class=\"reapprovisionnement\">","protected":false},"featured_media":68,"template":"","meta":{"_et_pb_use_builder":"","_et_pb_old_content":"","_et_gb_content_width":""},"product_brand":[32],"product_cat":[20],"product_tag":[],"class_list":{"0":"post-667","1":"product","2":"type-product","3":"status-publish","4":"has-post-thumbnail","6":"product_brand-beevolutionx","7":"product_cat-film-thermo-reflecteur-rbc","9":"first","10":"instock","11":"taxable","12":"shipping-taxable","13":"purchasable","14":"product-type-simple"},"yoast_head":"<!-- This site is optimized with the Yoast SEO plugin v27.4 - https:\/\/yoast.com\/product\/yoast-seo-wordpress\/ -->\n<title>Film thermo r\u00e9flecteur BeevolutionX 47cm (au m\u00e8tre) - BeevolutionX<\/title>\n<meta name=\"description\" content=\"Le film thermo-r\u00e9flecteur BeevolutionX, certifi\u00e9 pour le contact alimentaire, r\u00e9sistant et id\u00e9al pour vos ruches basse consommation.\" \/>\n<meta name=\"robots\" content=\"index, follow, max-snippet:-1, max-image-preview:large, max-video-preview:-1\" \/>\n<link rel=\"canonical\" href=\"https:\/\/beevolutionx.com\/es\/tienda\/pelicula-termorreflectora-rbc\/lamina-termorreflectante-de-un-metro-beevolutionx\/\" \/>\n<meta property=\"og:locale\" content=\"es_ES\" \/>\n<meta property=\"og:type\" content=\"article\" \/>\n<meta property=\"og:title\" content=\"Film thermo r\u00e9flecteur BeevolutionX 47cm (au m\u00e8tre) - BeevolutionX\" \/>\n<meta property=\"og:description\" content=\"Le film thermo-r\u00e9flecteur BeevolutionX, certifi\u00e9 pour le contact alimentaire, r\u00e9sistant et id\u00e9al pour vos ruches basse consommation.\" \/>\n<meta property=\"og:url\" content=\"https:\/\/beevolutionx.com\/es\/tienda\/pelicula-termorreflectora-rbc\/lamina-termorreflectante-de-un-metro-beevolutionx\/\" \/>\n<meta property=\"og:site_name\" content=\"BeevolutionX\" \/>\n<meta property=\"article:publisher\" content=\"https:\/\/www.facebook.com\/profile.php?id=61556152756378\" \/>\n<meta property=\"article:modified_time\" content=\"2026-01-01T23:46:04+00:00\" \/>\n<meta property=\"og:image\" content=\"https:\/\/beevolutionx.com\/wp-content\/uploads\/2025\/01\/film-beevolutionx-modif.jpg\" \/>\n\t<meta property=\"og:image:width\" content=\"1427\" \/>\n\t<meta property=\"og:image:height\" content=\"887\" \/>\n\t<meta property=\"og:image:type\" content=\"image\/jpeg\" \/>\n<meta name=\"twitter:card\" content=\"summary_large_image\" \/>\n<meta name=\"twitter:label1\" content=\"Tiempo de lectura\" \/>\n\t<meta name=\"twitter:data1\" content=\"2 minutos\" \/>\n<script type=\"application\/ld+json\" class=\"yoast-schema-graph\">{\"@context\":\"https:\\\/\\\/schema.org\",\"@graph\":[{\"@type\":\"WebPage\",\"@id\":\"https:\\\/\\\/beevolutionx.com\\\/boutique\\\/film-thermo-reflecteur-rbc\\\/film-thermo-reflecteur-beevolutionx-metre\\\/\",\"url\":\"https:\\\/\\\/beevolutionx.com\\\/boutique\\\/film-thermo-reflecteur-rbc\\\/film-thermo-reflecteur-beevolutionx-metre\\\/\",\"name\":\"Film thermo r\u00e9flecteur BeevolutionX 47cm (au m\u00e8tre) - BeevolutionX\",\"isPartOf\":{\"@id\":\"https:\\\/\\\/beevolutionx.com\\\/#website\"},\"primaryImageOfPage\":{\"@id\":\"https:\\\/\\\/beevolutionx.com\\\/boutique\\\/film-thermo-reflecteur-rbc\\\/film-thermo-reflecteur-beevolutionx-metre\\\/#primaryimage\"},\"image\":{\"@id\":\"https:\\\/\\\/beevolutionx.com\\\/boutique\\\/film-thermo-reflecteur-rbc\\\/film-thermo-reflecteur-beevolutionx-metre\\\/#primaryimage\"},\"thumbnailUrl\":\"https:\\\/\\\/i0.wp.com\\\/beevolutionx.com\\\/wp-content\\\/uploads\\\/2025\\\/01\\\/film-beevolutionx-modif.jpg?fit=1427%2C887&ssl=1\",\"datePublished\":\"2025-03-13T21:51:38+00:00\",\"dateModified\":\"2026-01-01T23:46:04+00:00\",\"description\":\"Le film thermo-r\u00e9flecteur BeevolutionX, certifi\u00e9 pour le contact alimentaire, r\u00e9sistant et id\u00e9al pour vos ruches basse consommation.\",\"breadcrumb\":{\"@id\":\"https:\\\/\\\/beevolutionx.com\\\/boutique\\\/film-thermo-reflecteur-rbc\\\/film-thermo-reflecteur-beevolutionx-metre\\\/#breadcrumb\"},\"inLanguage\":\"es\",\"potentialAction\":[{\"@type\":\"ReadAction\",\"target\":[\"https:\\\/\\\/beevolutionx.com\\\/boutique\\\/film-thermo-reflecteur-rbc\\\/film-thermo-reflecteur-beevolutionx-metre\\\/\"]}]},{\"@type\":\"ImageObject\",\"inLanguage\":\"es\",\"@id\":\"https:\\\/\\\/beevolutionx.com\\\/boutique\\\/film-thermo-reflecteur-rbc\\\/film-thermo-reflecteur-beevolutionx-metre\\\/#primaryimage\",\"url\":\"https:\\\/\\\/i0.wp.com\\\/beevolutionx.com\\\/wp-content\\\/uploads\\\/2025\\\/01\\\/film-beevolutionx-modif.jpg?fit=1427%2C887&ssl=1\",\"contentUrl\":\"https:\\\/\\\/i0.wp.com\\\/beevolutionx.com\\\/wp-content\\\/uploads\\\/2025\\\/01\\\/film-beevolutionx-modif.jpg?fit=1427%2C887&ssl=1\",\"width\":1427,\"height\":887,\"caption\":\"Film thermo-r\u00e9flecteur pour ruche basse consommation BeevolutionX\"},{\"@type\":\"BreadcrumbList\",\"@id\":\"https:\\\/\\\/beevolutionx.com\\\/boutique\\\/film-thermo-reflecteur-rbc\\\/film-thermo-reflecteur-beevolutionx-metre\\\/#breadcrumb\",\"itemListElement\":[{\"@type\":\"ListItem\",\"position\":1,\"name\":\"Accueil\",\"item\":\"https:\\\/\\\/beevolutionx.com\\\/\"},{\"@type\":\"ListItem\",\"position\":2,\"name\":\"Boutique\",\"item\":\"https:\\\/\\\/beevolutionx.com\\\/boutique\\\/\"},{\"@type\":\"ListItem\",\"position\":3,\"name\":\"Film thermo r\u00e9flecteur BeevolutionX 47cm (au m\u00e8tre)\"}]},{\"@type\":\"WebSite\",\"@id\":\"https:\\\/\\\/beevolutionx.com\\\/#website\",\"url\":\"https:\\\/\\\/beevolutionx.com\\\/\",\"name\":\"BeevolutionX\",\"description\":\"Le site officiel de la Ruche Basse Consommation\u00ae (RBC\u00ae)\",\"publisher\":{\"@id\":\"https:\\\/\\\/beevolutionx.com\\\/#organization\"},\"potentialAction\":[{\"@type\":\"SearchAction\",\"target\":{\"@type\":\"EntryPoint\",\"urlTemplate\":\"https:\\\/\\\/beevolutionx.com\\\/?s={search_term_string}\"},\"query-input\":{\"@type\":\"PropertyValueSpecification\",\"valueRequired\":true,\"valueName\":\"search_term_string\"}}],\"inLanguage\":\"es\"},{\"@type\":\"Organization\",\"@id\":\"https:\\\/\\\/beevolutionx.com\\\/#organization\",\"name\":\"BeevolutionX\",\"url\":\"https:\\\/\\\/beevolutionx.com\\\/\",\"logo\":{\"@type\":\"ImageObject\",\"inLanguage\":\"es\",\"@id\":\"https:\\\/\\\/beevolutionx.com\\\/#\\\/schema\\\/logo\\\/image\\\/\",\"url\":\"https:\\\/\\\/beevolutionx.com\\\/wp-content\\\/uploads\\\/2025\\\/01\\\/BEEVOLUTION-X-LOGO-FINAL-tech-bleu.png\",\"contentUrl\":\"https:\\\/\\\/beevolutionx.com\\\/wp-content\\\/uploads\\\/2025\\\/01\\\/BEEVOLUTION-X-LOGO-FINAL-tech-bleu.png\",\"width\":1114,\"height\":1080,\"caption\":\"BeevolutionX\"},\"image\":{\"@id\":\"https:\\\/\\\/beevolutionx.com\\\/#\\\/schema\\\/logo\\\/image\\\/\"},\"sameAs\":[\"https:\\\/\\\/www.facebook.com\\\/profile.php?id=61556152756378\",\"https:\\\/\\\/www.youtube.com\\\/results?search_query=beevolutionx\",\"https:\\\/\\\/www.instagram.com\\\/beevolutionx\\\/\",\"https:\\\/\\\/www.tiktok.com\\\/@beevolutionx\"]}]}<\/script>\n<!-- \/ Yoast SEO plugin. -->","yoast_head_json":{"title":"BeevolutionX L\u00e1mina termorreflectante de 47 cm (por metro) - BeevolutionX","description":"Pel\u00edcula termorreflectante BeevolutionX, certificada para el contacto con alimentos, resistente e ideal para sus colmenas de bajo consumo.","robots":{"index":"index","follow":"follow","max-snippet":"max-snippet:-1","max-image-preview":"max-image-preview:large","max-video-preview":"max-video-preview:-1"},"canonical":"https:\/\/beevolutionx.com\/es\/tienda\/pelicula-termorreflectora-rbc\/lamina-termorreflectante-de-un-metro-beevolutionx\/","og_locale":"es_ES","og_type":"article","og_title":"Film thermo r\u00e9flecteur BeevolutionX 47cm (au m\u00e8tre) - BeevolutionX","og_description":"Le film thermo-r\u00e9flecteur BeevolutionX, certifi\u00e9 pour le contact alimentaire, r\u00e9sistant et id\u00e9al pour vos ruches basse consommation.","og_url":"https:\/\/beevolutionx.com\/es\/tienda\/pelicula-termorreflectora-rbc\/lamina-termorreflectante-de-un-metro-beevolutionx\/","og_site_name":"BeevolutionX","article_publisher":"https:\/\/www.facebook.com\/profile.php?id=61556152756378","article_modified_time":"2026-01-01T23:46:04+00:00","og_image":[{"width":1427,"height":887,"url":"https:\/\/beevolutionx.com\/wp-content\/uploads\/2025\/01\/film-beevolutionx-modif.jpg","type":"image\/jpeg"}],"twitter_card":"summary_large_image","twitter_misc":{"Tiempo de lectura":"2 minutos"},"schema":{"@context":"https:\/\/schema.org","@graph":[{"@type":"WebPage","@id":"https:\/\/beevolutionx.com\/boutique\/film-thermo-reflecteur-rbc\/film-thermo-reflecteur-beevolutionx-metre\/","url":"https:\/\/beevolutionx.com\/boutique\/film-thermo-reflecteur-rbc\/film-thermo-reflecteur-beevolutionx-metre\/","name":"BeevolutionX L\u00e1mina termorreflectante de 47 cm (por metro) - BeevolutionX","isPartOf":{"@id":"https:\/\/beevolutionx.com\/#website"},"primaryImageOfPage":{"@id":"https:\/\/beevolutionx.com\/boutique\/film-thermo-reflecteur-rbc\/film-thermo-reflecteur-beevolutionx-metre\/#primaryimage"},"image":{"@id":"https:\/\/beevolutionx.com\/boutique\/film-thermo-reflecteur-rbc\/film-thermo-reflecteur-beevolutionx-metre\/#primaryimage"},"thumbnailUrl":"https:\/\/i0.wp.com\/beevolutionx.com\/wp-content\/uploads\/2025\/01\/film-beevolutionx-modif.jpg?fit=1427%2C887&ssl=1","datePublished":"2025-03-13T21:51:38+00:00","dateModified":"2026-01-01T23:46:04+00:00","description":"Pel\u00edcula termorreflectante BeevolutionX, certificada para el contacto con alimentos, resistente e ideal para sus colmenas de bajo consumo.","breadcrumb":{"@id":"https:\/\/beevolutionx.com\/boutique\/film-thermo-reflecteur-rbc\/film-thermo-reflecteur-beevolutionx-metre\/#breadcrumb"},"inLanguage":"es","potentialAction":[{"@type":"ReadAction","target":["https:\/\/beevolutionx.com\/boutique\/film-thermo-reflecteur-rbc\/film-thermo-reflecteur-beevolutionx-metre\/"]}]},{"@type":"ImageObject","inLanguage":"es","@id":"https:\/\/beevolutionx.com\/boutique\/film-thermo-reflecteur-rbc\/film-thermo-reflecteur-beevolutionx-metre\/#primaryimage","url":"https:\/\/i0.wp.com\/beevolutionx.com\/wp-content\/uploads\/2025\/01\/film-beevolutionx-modif.jpg?fit=1427%2C887&ssl=1","contentUrl":"https:\/\/i0.wp.com\/beevolutionx.com\/wp-content\/uploads\/2025\/01\/film-beevolutionx-modif.jpg?fit=1427%2C887&ssl=1","width":1427,"height":887,"caption":"Film thermo-r\u00e9flecteur pour ruche basse consommation BeevolutionX"},{"@type":"BreadcrumbList","@id":"https:\/\/beevolutionx.com\/boutique\/film-thermo-reflecteur-rbc\/film-thermo-reflecteur-beevolutionx-metre\/#breadcrumb","itemListElement":[{"@type":"ListItem","position":1,"name":"Accueil","item":"https:\/\/beevolutionx.com\/"},{"@type":"ListItem","position":2,"name":"Boutique","item":"https:\/\/beevolutionx.com\/boutique\/"},{"@type":"ListItem","position":3,"name":"Film thermo r\u00e9flecteur BeevolutionX 47cm (au m\u00e8tre)"}]},{"@type":"WebSite","@id":"https:\/\/beevolutionx.com\/#website","url":"https:\/\/beevolutionx.com\/","name":"BeevolutionX","description":"La p\u00e1gina oficial de la Colmena de Bajo Consumo\u00ae (RBC\u00ae)","publisher":{"@id":"https:\/\/beevolutionx.com\/#organization"},"potentialAction":[{"@type":"SearchAction","target":{"@type":"EntryPoint","urlTemplate":"https:\/\/beevolutionx.com\/?s={search_term_string}"},"query-input":{"@type":"PropertyValueSpecification","valueRequired":true,"valueName":"search_term_string"}}],"inLanguage":"es"},{"@type":"Organization","@id":"https:\/\/beevolutionx.com\/#organization","name":"BeevolutionX","url":"https:\/\/beevolutionx.com\/","logo":{"@type":"ImageObject","inLanguage":"es","@id":"https:\/\/beevolutionx.com\/#\/schema\/logo\/image\/","url":"https:\/\/beevolutionx.com\/wp-content\/uploads\/2025\/01\/BEEVOLUTION-X-LOGO-FINAL-tech-bleu.png","contentUrl":"https:\/\/beevolutionx.com\/wp-content\/uploads\/2025\/01\/BEEVOLUTION-X-LOGO-FINAL-tech-bleu.png","width":1114,"height":1080,"caption":"BeevolutionX"},"image":{"@id":"https:\/\/beevolutionx.com\/#\/schema\/logo\/image\/"},"sameAs":["https:\/\/www.facebook.com\/profile.php?id=61556152756378","https:\/\/www.youtube.com\/results?search_query=beevolutionx","https:\/\/www.instagram.com\/beevolutionx\/","https:\/\/www.tiktok.com\/@beevolutionx"]}]}},"jetpack_sharing_enabled":true,"_links":{"self":[{"href":"https:\/\/beevolutionx.com\/es\/wp-json\/wp\/v2\/product\/667","targetHints":{"allow":["GET"]}}],"collection":[{"href":"https:\/\/beevolutionx.com\/es\/wp-json\/wp\/v2\/product"}],"about":[{"href":"https:\/\/beevolutionx.com\/es\/wp-json\/wp\/v2\/types\/product"}],"wp:featuredmedia":[{"embeddable":true,"href":"https:\/\/beevolutionx.com\/es\/wp-json\/wp\/v2\/media\/68"}],"wp:attachment":[{"href":"https:\/\/beevolutionx.com\/es\/wp-json\/wp\/v2\/media?parent=667"}],"wp:term":[{"taxonomy":"product_brand","embeddable":true,"href":"https:\/\/beevolutionx.com\/es\/wp-json\/wp\/v2\/product_brand?post=667"},{"taxonomy":"product_cat","embeddable":true,"href":"https:\/\/beevolutionx.com\/es\/wp-json\/wp\/v2\/product_cat?post=667"},{"taxonomy":"product_tag","embeddable":true,"href":"https:\/\/beevolutionx.com\/es\/wp-json\/wp\/v2\/product_tag?post=667"}],"curies":[{"name":"wp","href":"https:\/\/api.w.org\/{rel}","templated":true}]}}