{"id":1392,"date":"2025-05-27T09:06:00","date_gmt":"2025-05-27T07:06:00","guid":{"rendered":"https:\/\/beevolutionx.com\/?post_type=product&#038;p=1392"},"modified":"2026-04-24T08:30:54","modified_gmt":"2026-04-24T06:30:54","slug":"ruban-adhesif-thermo-reflecteur","status":"publish","type":"product","link":"https:\/\/beevolutionx.com\/it\/boutique\/film-thermo-reflecteur-rbc\/ruban-adhesif-thermo-reflecteur\/","title":{"rendered":"Nastro adesivo termoriflettente BeevolutionX"},"content":{"rendered":"<h2 data-start=\"270\" data-end=\"322\">\ud83d\udc1d Ruban adh\u00e9sif thermo-r\u00e9flecteur BeevolutionX<\/h2>\n<p data-start=\"324\" data-end=\"648\">Le <strong data-start=\"327\" data-end=\"375\">ruban adh\u00e9sif thermo-r\u00e9flecteur BeevolutionX<\/strong> est l\u2019outil id\u00e9al pour <strong data-start=\"399\" data-end=\"434\">assembler, r\u00e9parer ou renforcer<\/strong> les \u00e9l\u00e9ments isolants des <strong data-start=\"461\" data-end=\"497\">increspature a basso consumo (RBC\u00ae)<\/strong>.<br data-start=\"498\" data-end=\"501\" \/>Il assure une <strong data-start=\"515\" data-end=\"536\">jonction parfaite<\/strong> entre les films, \u00e9charpes et partitions isolantes tout en conservant leurs propri\u00e9t\u00e9s thermo-r\u00e9fl\u00e9chissantes.<\/p>\n<p data-start=\"650\" data-end=\"994\">Gr\u00e2ce \u00e0 sa <strong data-start=\"661\" data-end=\"683\">surface aluminis\u00e9e<\/strong> et \u00e0 son <strong data-start=\"693\" data-end=\"724\">adh\u00e9rence haute performance<\/strong>, il permet de <strong data-start=\"739\" data-end=\"763\">sceller efficacement<\/strong> les d\u00e9coupes de film sans alt\u00e9rer leur pouvoir r\u00e9flecteur.<br data-start=\"822\" data-end=\"825\" \/>Ce ruban est aussi <strong data-start=\"844\" data-end=\"917\">r\u00e9sistant \u00e0 l\u2019humidit\u00e9, \u00e0 la chaleur et aux variations de temp\u00e9rature<\/strong>, garantissant une isolation durable et homog\u00e8ne \u00e0 l\u2019int\u00e9rieur de la ruche.<\/p>\n<hr data-start=\"996\" data-end=\"999\" \/>\n<h3 data-start=\"1001\" data-end=\"1056\">\u2699\ufe0f Caract\u00e9ristiques du ruban adh\u00e9sif thermo-r\u00e9flecteur BeevolutionX<\/h3>\n<ul data-start=\"1058\" data-end=\"1304\">\n<li data-start=\"1058\" data-end=\"1080\">\n<p data-start=\"1060\" data-end=\"1080\"><strong data-start=\"1060\" data-end=\"1073\">Larghezza :<\/strong> 5 cm<\/p>\n<\/li>\n<li data-start=\"1081\" data-end=\"1104\">\n<p data-start=\"1083\" data-end=\"1104\"><strong data-start=\"1083\" data-end=\"1097\">Lunghezza :<\/strong> 50 m<\/p>\n<\/li>\n<li data-start=\"1105\" data-end=\"1177\">\n<p data-start=\"1107\" data-end=\"1177\"><strong data-start=\"1107\" data-end=\"1121\">Materiale :<\/strong> support PE aluminis\u00e9 avec colle acrylique haute tenue<\/p>\n<\/li>\n<li data-start=\"1178\" data-end=\"1220\">\n<p data-start=\"1180\" data-end=\"1220\"><strong data-start=\"1180\" data-end=\"1211\">Capacit\u00e0 di riflettere il calore :<\/strong> &gt; 85 %<\/p>\n<\/li>\n<li data-start=\"1221\" data-end=\"1304\">\n<p data-start=\"1223\" data-end=\"1304\"><strong data-start=\"1223\" data-end=\"1240\">Utilisation :<\/strong> int\u00e9rieur ou ext\u00e9rieur, compatible avec tous les produits RBC<\/p>\n<\/li>\n<\/ul>\n<hr data-start=\"1306\" data-end=\"1309\" \/>\n<h3 data-start=\"1311\" data-end=\"1347\">\ud83d\udca1 Vantaggi per gli apicoltori<\/h3>\n<ul data-start=\"1349\" data-end=\"1673\">\n<li data-start=\"1349\" data-end=\"1425\">\n<p data-start=\"1351\" data-end=\"1425\"><strong data-start=\"1351\" data-end=\"1374\">Assure l\u2019\u00e9tanch\u00e9it\u00e9<\/strong> des films thermo-r\u00e9flecteurs et des \u00e9charpes RBC<\/p>\n<\/li>\n<li data-start=\"1426\" data-end=\"1481\">\n<p data-start=\"1428\" data-end=\"1481\"><strong data-start=\"1428\" data-end=\"1464\">Facilite les r\u00e9parations rapides<\/strong> sur le terrain<\/p>\n<\/li>\n<li data-start=\"1482\" data-end=\"1538\">\n<p data-start=\"1484\" data-end=\"1538\"><strong data-start=\"1484\" data-end=\"1536\">Maintient la continuit\u00e9 de l\u2019isolation thermique<\/strong><\/p>\n<\/li>\n<li data-start=\"1539\" data-end=\"1600\">\n<p data-start=\"1541\" data-end=\"1600\"><strong data-start=\"1541\" data-end=\"1598\">R\u00e9siste aux manipulations, \u00e0 la propolis et \u00e0 la cire<\/strong><\/p>\n<\/li>\n<\/ul>\n<hr data-start=\"1675\" data-end=\"1678\" \/>\n<h3 data-start=\"1680\" data-end=\"1711\">\ud83e\udded Conseils d\u2019utilisation<\/h3>\n<p data-start=\"1713\" data-end=\"1969\">Appliquez <strong>l&rsquo;adh\u00e9sif thermo-r\u00e9flecteur BeevolutionX<\/strong> sur une surface propre et s\u00e8che.<br data-start=\"1807\" data-end=\"1810\" \/>Lissez fermement pour garantir une bonne adh\u00e9rence.<br data-start=\"1861\" data-end=\"1864\" \/><strong data-start=\"1864\" data-end=\"1873\">Quindi<\/strong>, vos \u00e9l\u00e9ments isolants conservent leur efficacit\u00e9 thermique et leur r\u00e9sistance dans le temps.<\/p>\n<hr data-start=\"1971\" data-end=\"1974\" \/>\n<h3 data-start=\"1976\" data-end=\"2033\">\ud83d\udc1d Une finition professionnelle pour vos ruches RBC<\/h3>\n<p data-start=\"2035\" data-end=\"2333\"><strong>L&rsquo;adh\u00e9sif thermo-r\u00e9flecteur BeevolutionX<\/strong> compl\u00e8te parfaitement la gamme d\u2019isolation RBC :<br data-start=\"2135\" data-end=\"2138\" \/>films, \u00e9charpes, mouchoirs et partitions isolantes.<br data-start=\"2189\" data-end=\"2192\" \/>Garantisce <strong data-start=\"2208\" data-end=\"2254\">mise en \u0153uvre propre, durable et coh\u00e9rente<\/strong>, essentielle pour tirer pleinement parti de la <strong data-start=\"2302\" data-end=\"2330\">Alveare a basso consumo energetico<\/strong>.<\/p>\n<p>Cette <strong>Adh\u00e9sifs<\/strong><strong data-start=\"2101\" data-end=\"2141\">\u00a0thermo-r\u00e9flecteur BeevolutionX<\/strong> s\u2019inscrit dans une d\u00e9marche d\u2019apiculture moderne et durable.<br data-start=\"2202\" data-end=\"2205\" \/>En combinant performance thermique et simplicit\u00e9 d\u2019usage, il garantit une isolation continue de la ruche et contribue \u00e0 la long\u00e9vit\u00e9 du mat\u00e9riel apicole.<\/p>\n<p>\ud83d\udd17 D\u00e9couvrez aussi le <a href=\"https:\/\/beevolutionx.com\/it\/negozio\/film-thermoreflecteur-pour-ruche-basse-consommation\/film-termoriflettente-beevolutionx\/\"><strong data-start=\"1296\" data-end=\"1341\">film thermo-r\u00e9flecteur BeevolutionX 47 cm<\/strong><\/a><\/p>","protected":false},"excerpt":{"rendered":"<p data-pm-slice=\"1 1 []\">Ruban adh\u00e9sif thermo-r\u00e9flecteur 5 cm x 50 m. Parfait pour fixer ou r\u00e9parer les isolants RBC. Haute adh\u00e9rence, r\u00e9sistant et r\u00e9fl\u00e9chissant.<\/p>","protected":false},"featured_media":1930,"template":"","meta":{"_et_pb_use_builder":"","_et_pb_old_content":"","_et_gb_content_width":""},"product_brand":[32],"product_cat":[20],"product_tag":[],"class_list":{"0":"post-1392","1":"product","2":"type-product","3":"status-publish","4":"has-post-thumbnail","6":"product_brand-beevolutionx","7":"product_cat-film-thermo-reflecteur-rbc","9":"first","10":"instock","11":"featured","12":"taxable","13":"shipping-taxable","14":"purchasable","15":"product-type-simple"},"yoast_head":"<!-- This site is optimized with the Yoast SEO plugin v27.4 - https:\/\/yoast.com\/product\/yoast-seo-wordpress\/ -->\n<title>Ruban adh\u00e9sif thermo-r\u00e9flecteur BeevolutionX - BeevolutionX<\/title>\n<meta name=\"description\" content=\"Ruban adh\u00e9sif thermo-r\u00e9flecteur BeevolutionX. Largeur 5 cm \u00d7 50 m. Id\u00e9al pour fixer et sceller les films isolants des ruches basse consommation.\" \/>\n<meta name=\"robots\" content=\"index, follow, max-snippet:-1, max-image-preview:large, max-video-preview:-1\" \/>\n<link rel=\"canonical\" href=\"https:\/\/beevolutionx.com\/it\/negozio\/film-termoriflettente-rbc-2\/ruban-adhesif-thermo-reflecteur\/\" \/>\n<meta property=\"og:locale\" content=\"it_IT\" \/>\n<meta property=\"og:type\" content=\"article\" \/>\n<meta property=\"og:title\" content=\"Ruban adh\u00e9sif thermo-r\u00e9flecteur BeevolutionX - BeevolutionX\" \/>\n<meta property=\"og:description\" content=\"Ruban adh\u00e9sif thermo-r\u00e9flecteur BeevolutionX. Largeur 5 cm \u00d7 50 m. Id\u00e9al pour fixer et sceller les films isolants des ruches basse consommation.\" \/>\n<meta property=\"og:url\" content=\"https:\/\/beevolutionx.com\/it\/negozio\/film-termoriflettente-rbc-2\/ruban-adhesif-thermo-reflecteur\/\" \/>\n<meta property=\"og:site_name\" content=\"BeevolutionX\" \/>\n<meta property=\"article:publisher\" content=\"https:\/\/www.facebook.com\/profile.php?id=61556152756378\" \/>\n<meta property=\"article:modified_time\" content=\"2026-04-24T06:30:54+00:00\" \/>\n<meta property=\"og:image\" content=\"https:\/\/beevolutionx.com\/wp-content\/uploads\/2025\/05\/rouleau-de-scotch-683x1024.png\" \/>\n\t<meta property=\"og:image:width\" content=\"683\" \/>\n\t<meta property=\"og:image:height\" content=\"1024\" \/>\n\t<meta property=\"og:image:type\" content=\"image\/png\" \/>\n<meta name=\"twitter:card\" content=\"summary_large_image\" \/>\n<meta name=\"twitter:label1\" content=\"Tempo di lettura stimato\" \/>\n\t<meta name=\"twitter:data1\" content=\"2 minuti\" \/>\n<script type=\"application\/ld+json\" class=\"yoast-schema-graph\">{\"@context\":\"https:\\\/\\\/schema.org\",\"@graph\":[{\"@type\":\"WebPage\",\"@id\":\"https:\\\/\\\/beevolutionx.com\\\/boutique\\\/film-thermo-reflecteur-rbc\\\/ruban-adhesif-thermo-reflecteur\\\/\",\"url\":\"https:\\\/\\\/beevolutionx.com\\\/boutique\\\/film-thermo-reflecteur-rbc\\\/ruban-adhesif-thermo-reflecteur\\\/\",\"name\":\"Ruban adh\u00e9sif thermo-r\u00e9flecteur BeevolutionX - BeevolutionX\",\"isPartOf\":{\"@id\":\"https:\\\/\\\/beevolutionx.com\\\/#website\"},\"primaryImageOfPage\":{\"@id\":\"https:\\\/\\\/beevolutionx.com\\\/boutique\\\/film-thermo-reflecteur-rbc\\\/ruban-adhesif-thermo-reflecteur\\\/#primaryimage\"},\"image\":{\"@id\":\"https:\\\/\\\/beevolutionx.com\\\/boutique\\\/film-thermo-reflecteur-rbc\\\/ruban-adhesif-thermo-reflecteur\\\/#primaryimage\"},\"thumbnailUrl\":\"https:\\\/\\\/i0.wp.com\\\/beevolutionx.com\\\/wp-content\\\/uploads\\\/2025\\\/05\\\/rouleau-de-scotch.png?fit=1024%2C1536&ssl=1\",\"datePublished\":\"2025-05-27T07:06:00+00:00\",\"dateModified\":\"2026-04-24T06:30:54+00:00\",\"description\":\"Ruban adh\u00e9sif thermo-r\u00e9flecteur BeevolutionX. Largeur 5 cm \u00d7 50 m. Id\u00e9al pour fixer et sceller les films isolants des ruches basse consommation.\",\"breadcrumb\":{\"@id\":\"https:\\\/\\\/beevolutionx.com\\\/boutique\\\/film-thermo-reflecteur-rbc\\\/ruban-adhesif-thermo-reflecteur\\\/#breadcrumb\"},\"inLanguage\":\"it-IT\",\"potentialAction\":[{\"@type\":\"ReadAction\",\"target\":[\"https:\\\/\\\/beevolutionx.com\\\/boutique\\\/film-thermo-reflecteur-rbc\\\/ruban-adhesif-thermo-reflecteur\\\/\"]}]},{\"@type\":\"ImageObject\",\"inLanguage\":\"it-IT\",\"@id\":\"https:\\\/\\\/beevolutionx.com\\\/boutique\\\/film-thermo-reflecteur-rbc\\\/ruban-adhesif-thermo-reflecteur\\\/#primaryimage\",\"url\":\"https:\\\/\\\/i0.wp.com\\\/beevolutionx.com\\\/wp-content\\\/uploads\\\/2025\\\/05\\\/rouleau-de-scotch.png?fit=1024%2C1536&ssl=1\",\"contentUrl\":\"https:\\\/\\\/i0.wp.com\\\/beevolutionx.com\\\/wp-content\\\/uploads\\\/2025\\\/05\\\/rouleau-de-scotch.png?fit=1024%2C1536&ssl=1\",\"width\":1024,\"height\":1536},{\"@type\":\"BreadcrumbList\",\"@id\":\"https:\\\/\\\/beevolutionx.com\\\/boutique\\\/film-thermo-reflecteur-rbc\\\/ruban-adhesif-thermo-reflecteur\\\/#breadcrumb\",\"itemListElement\":[{\"@type\":\"ListItem\",\"position\":1,\"name\":\"Accueil\",\"item\":\"https:\\\/\\\/beevolutionx.com\\\/\"},{\"@type\":\"ListItem\",\"position\":2,\"name\":\"Boutique\",\"item\":\"https:\\\/\\\/beevolutionx.com\\\/boutique\\\/\"},{\"@type\":\"ListItem\",\"position\":3,\"name\":\"Ruban adh\u00e9sif thermo-r\u00e9flecteur BeevolutionX\"}]},{\"@type\":\"WebSite\",\"@id\":\"https:\\\/\\\/beevolutionx.com\\\/#website\",\"url\":\"https:\\\/\\\/beevolutionx.com\\\/\",\"name\":\"BeevolutionX\",\"description\":\"Le site officiel de la Ruche Basse Consommation\u00ae (RBC\u00ae)\",\"publisher\":{\"@id\":\"https:\\\/\\\/beevolutionx.com\\\/#organization\"},\"potentialAction\":[{\"@type\":\"SearchAction\",\"target\":{\"@type\":\"EntryPoint\",\"urlTemplate\":\"https:\\\/\\\/beevolutionx.com\\\/?s={search_term_string}\"},\"query-input\":{\"@type\":\"PropertyValueSpecification\",\"valueRequired\":true,\"valueName\":\"search_term_string\"}}],\"inLanguage\":\"it-IT\"},{\"@type\":\"Organization\",\"@id\":\"https:\\\/\\\/beevolutionx.com\\\/#organization\",\"name\":\"BeevolutionX\",\"url\":\"https:\\\/\\\/beevolutionx.com\\\/\",\"logo\":{\"@type\":\"ImageObject\",\"inLanguage\":\"it-IT\",\"@id\":\"https:\\\/\\\/beevolutionx.com\\\/#\\\/schema\\\/logo\\\/image\\\/\",\"url\":\"https:\\\/\\\/beevolutionx.com\\\/wp-content\\\/uploads\\\/2025\\\/01\\\/BEEVOLUTION-X-LOGO-FINAL-tech-bleu.png\",\"contentUrl\":\"https:\\\/\\\/beevolutionx.com\\\/wp-content\\\/uploads\\\/2025\\\/01\\\/BEEVOLUTION-X-LOGO-FINAL-tech-bleu.png\",\"width\":1114,\"height\":1080,\"caption\":\"BeevolutionX\"},\"image\":{\"@id\":\"https:\\\/\\\/beevolutionx.com\\\/#\\\/schema\\\/logo\\\/image\\\/\"},\"sameAs\":[\"https:\\\/\\\/www.facebook.com\\\/profile.php?id=61556152756378\",\"https:\\\/\\\/www.youtube.com\\\/results?search_query=beevolutionx\",\"https:\\\/\\\/www.instagram.com\\\/beevolutionx\\\/\",\"https:\\\/\\\/www.tiktok.com\\\/@beevolutionx\"]}]}<\/script>\n<!-- \/ Yoast SEO plugin. -->","yoast_head_json":{"title":"Ruban adh\u00e9sif thermo-r\u00e9flecteur BeevolutionX - BeevolutionX","description":"Ruban adh\u00e9sif thermo-r\u00e9flecteur BeevolutionX. Largeur 5 cm \u00d7 50 m. Id\u00e9al pour fixer et sceller les films isolants des ruches basse consommation.","robots":{"index":"index","follow":"follow","max-snippet":"max-snippet:-1","max-image-preview":"max-image-preview:large","max-video-preview":"max-video-preview:-1"},"canonical":"https:\/\/beevolutionx.com\/it\/negozio\/film-termoriflettente-rbc-2\/ruban-adhesif-thermo-reflecteur\/","og_locale":"it_IT","og_type":"article","og_title":"Ruban adh\u00e9sif thermo-r\u00e9flecteur BeevolutionX - BeevolutionX","og_description":"Ruban adh\u00e9sif thermo-r\u00e9flecteur BeevolutionX. Largeur 5 cm \u00d7 50 m. Id\u00e9al pour fixer et sceller les films isolants des ruches basse consommation.","og_url":"https:\/\/beevolutionx.com\/it\/negozio\/film-termoriflettente-rbc-2\/ruban-adhesif-thermo-reflecteur\/","og_site_name":"BeevolutionX","article_publisher":"https:\/\/www.facebook.com\/profile.php?id=61556152756378","article_modified_time":"2026-04-24T06:30:54+00:00","og_image":[{"width":683,"height":1024,"url":"https:\/\/beevolutionx.com\/wp-content\/uploads\/2025\/05\/rouleau-de-scotch-683x1024.png","type":"image\/png"}],"twitter_card":"summary_large_image","twitter_misc":{"Tempo di lettura stimato":"2 minuti"},"schema":{"@context":"https:\/\/schema.org","@graph":[{"@type":"WebPage","@id":"https:\/\/beevolutionx.com\/boutique\/film-thermo-reflecteur-rbc\/ruban-adhesif-thermo-reflecteur\/","url":"https:\/\/beevolutionx.com\/boutique\/film-thermo-reflecteur-rbc\/ruban-adhesif-thermo-reflecteur\/","name":"Ruban adh\u00e9sif thermo-r\u00e9flecteur BeevolutionX - BeevolutionX","isPartOf":{"@id":"https:\/\/beevolutionx.com\/#website"},"primaryImageOfPage":{"@id":"https:\/\/beevolutionx.com\/boutique\/film-thermo-reflecteur-rbc\/ruban-adhesif-thermo-reflecteur\/#primaryimage"},"image":{"@id":"https:\/\/beevolutionx.com\/boutique\/film-thermo-reflecteur-rbc\/ruban-adhesif-thermo-reflecteur\/#primaryimage"},"thumbnailUrl":"https:\/\/i0.wp.com\/beevolutionx.com\/wp-content\/uploads\/2025\/05\/rouleau-de-scotch.png?fit=1024%2C1536&ssl=1","datePublished":"2025-05-27T07:06:00+00:00","dateModified":"2026-04-24T06:30:54+00:00","description":"Ruban adh\u00e9sif thermo-r\u00e9flecteur BeevolutionX. Largeur 5 cm \u00d7 50 m. Id\u00e9al pour fixer et sceller les films isolants des ruches basse consommation.","breadcrumb":{"@id":"https:\/\/beevolutionx.com\/boutique\/film-thermo-reflecteur-rbc\/ruban-adhesif-thermo-reflecteur\/#breadcrumb"},"inLanguage":"it-IT","potentialAction":[{"@type":"ReadAction","target":["https:\/\/beevolutionx.com\/boutique\/film-thermo-reflecteur-rbc\/ruban-adhesif-thermo-reflecteur\/"]}]},{"@type":"ImageObject","inLanguage":"it-IT","@id":"https:\/\/beevolutionx.com\/boutique\/film-thermo-reflecteur-rbc\/ruban-adhesif-thermo-reflecteur\/#primaryimage","url":"https:\/\/i0.wp.com\/beevolutionx.com\/wp-content\/uploads\/2025\/05\/rouleau-de-scotch.png?fit=1024%2C1536&ssl=1","contentUrl":"https:\/\/i0.wp.com\/beevolutionx.com\/wp-content\/uploads\/2025\/05\/rouleau-de-scotch.png?fit=1024%2C1536&ssl=1","width":1024,"height":1536},{"@type":"BreadcrumbList","@id":"https:\/\/beevolutionx.com\/boutique\/film-thermo-reflecteur-rbc\/ruban-adhesif-thermo-reflecteur\/#breadcrumb","itemListElement":[{"@type":"ListItem","position":1,"name":"Accueil","item":"https:\/\/beevolutionx.com\/"},{"@type":"ListItem","position":2,"name":"Boutique","item":"https:\/\/beevolutionx.com\/boutique\/"},{"@type":"ListItem","position":3,"name":"Ruban adh\u00e9sif thermo-r\u00e9flecteur BeevolutionX"}]},{"@type":"WebSite","@id":"https:\/\/beevolutionx.com\/#website","url":"https:\/\/beevolutionx.com\/","name":"BeevolutionX","description":"Il sito ufficiale dell'Alveare a Basso Consumo\u00ae (ABC\u00ae)","publisher":{"@id":"https:\/\/beevolutionx.com\/#organization"},"potentialAction":[{"@type":"SearchAction","target":{"@type":"EntryPoint","urlTemplate":"https:\/\/beevolutionx.com\/?s={search_term_string}"},"query-input":{"@type":"PropertyValueSpecification","valueRequired":true,"valueName":"search_term_string"}}],"inLanguage":"it-IT"},{"@type":"Organization","@id":"https:\/\/beevolutionx.com\/#organization","name":"BeevolutionX","url":"https:\/\/beevolutionx.com\/","logo":{"@type":"ImageObject","inLanguage":"it-IT","@id":"https:\/\/beevolutionx.com\/#\/schema\/logo\/image\/","url":"https:\/\/beevolutionx.com\/wp-content\/uploads\/2025\/01\/BEEVOLUTION-X-LOGO-FINAL-tech-bleu.png","contentUrl":"https:\/\/beevolutionx.com\/wp-content\/uploads\/2025\/01\/BEEVOLUTION-X-LOGO-FINAL-tech-bleu.png","width":1114,"height":1080,"caption":"BeevolutionX"},"image":{"@id":"https:\/\/beevolutionx.com\/#\/schema\/logo\/image\/"},"sameAs":["https:\/\/www.facebook.com\/profile.php?id=61556152756378","https:\/\/www.youtube.com\/results?search_query=beevolutionx","https:\/\/www.instagram.com\/beevolutionx\/","https:\/\/www.tiktok.com\/@beevolutionx"]}]}},"jetpack_sharing_enabled":true,"_links":{"self":[{"href":"https:\/\/beevolutionx.com\/it\/wp-json\/wp\/v2\/product\/1392","targetHints":{"allow":["GET"]}}],"collection":[{"href":"https:\/\/beevolutionx.com\/it\/wp-json\/wp\/v2\/product"}],"about":[{"href":"https:\/\/beevolutionx.com\/it\/wp-json\/wp\/v2\/types\/product"}],"wp:featuredmedia":[{"embeddable":true,"href":"https:\/\/beevolutionx.com\/it\/wp-json\/wp\/v2\/media\/1930"}],"wp:attachment":[{"href":"https:\/\/beevolutionx.com\/it\/wp-json\/wp\/v2\/media?parent=1392"}],"wp:term":[{"taxonomy":"product_brand","embeddable":true,"href":"https:\/\/beevolutionx.com\/it\/wp-json\/wp\/v2\/product_brand?post=1392"},{"taxonomy":"product_cat","embeddable":true,"href":"https:\/\/beevolutionx.com\/it\/wp-json\/wp\/v2\/product_cat?post=1392"},{"taxonomy":"product_tag","embeddable":true,"href":"https:\/\/beevolutionx.com\/it\/wp-json\/wp\/v2\/product_tag?post=1392"}],"curies":[{"name":"wp","href":"https:\/\/api.w.org\/{rel}","templated":true}]}}