{"id":1393,"date":"2025-05-27T09:28:03","date_gmt":"2025-05-27T07:28:03","guid":{"rendered":"https:\/\/beevolutionx.com\/?post_type=product&#038;p=1393"},"modified":"2026-04-10T15:10:25","modified_gmt":"2026-04-10T13:10:25","slug":"mouchoir-thermo-reflecteur-rbc","status":"publish","type":"product","link":"https:\/\/beevolutionx.com\/it\/boutique\/film-thermo-reflecteur-rbc\/mouchoir-thermo-reflecteur-rbc\/","title":{"rendered":"Mouchoir thermo-r\u00e9flecteur BeevolutionX 31cm x 50m"},"content":{"rendered":"<h2 data-start=\"293\" data-end=\"351\">\ud83d\udc1d Mouchoir thermo-r\u00e9flecteur BeevolutionX (au rouleau)<\/h2>\n<p data-start=\"353\" data-end=\"790\">Le <strong data-start=\"356\" data-end=\"399\">mouchoir thermo-r\u00e9flecteur BeevolutionX<\/strong> \u00e8 progettato per <strong data-start=\"415\" data-end=\"484\">optimiser l\u2019effet r\u00e9flecteur des ruches basse consommation (RBC\u00ae)<\/strong> tout en offrant une grande <strong data-start=\"512\" data-end=\"533\">souplesse d\u2019usage<\/strong>.<br data-start=\"534\" data-end=\"537\" \/>Il se place <strong data-start=\"549\" data-end=\"580\">entre le corps et la hausse<\/strong>, ou <strong data-start=\"585\" data-end=\"607\">entre deux hausses<\/strong>, pour renvoyer la chaleur vers le couvain. Gr\u00e2ce \u00e0 sa <strong data-start=\"662\" data-end=\"692\">double face r\u00e9fl\u00e9chissante<\/strong>, il agit dans les deux sens, <strong data-start=\"722\" data-end=\"741\">\u00e9t\u00e9 comme hiver<\/strong>, et assure une <strong data-start=\"757\" data-end=\"787\">thermor\u00e9gulation constante<\/strong>.<\/p>\n<hr data-start=\"792\" data-end=\"795\" \/>\n<h3 data-start=\"797\" data-end=\"865\">\u2699\ufe0f Caract\u00e9ristiques du mouchoir thermo-r\u00e9flecteur BeevolutionX<\/h3>\n<ul data-start=\"867\" data-end=\"1117\">\n<li data-start=\"867\" data-end=\"901\">\n<p data-start=\"869\" data-end=\"901\"><strong data-start=\"869\" data-end=\"885\">Dimensioni :<\/strong> 31 cm \u00d7 50 m<\/p>\n<\/li>\n<li data-start=\"902\" data-end=\"968\">\n<p data-start=\"904\" data-end=\"968\"><strong data-start=\"904\" data-end=\"918\">Materiale :<\/strong> PE aluminium souple, double face r\u00e9fl\u00e9chissante<\/p>\n<\/li>\n<li data-start=\"969\" data-end=\"1011\">\n<p data-start=\"971\" data-end=\"1011\"><strong data-start=\"971\" data-end=\"1002\">Capacit\u00e0 di riflettere il calore :<\/strong> &gt; 85 %<\/p>\n<\/li>\n<li data-start=\"1012\" data-end=\"1045\">\n<p data-start=\"1014\" data-end=\"1045\"><strong data-start=\"1014\" data-end=\"1025\">Poids :<\/strong> l\u00e9ger et flexible<\/p>\n<\/li>\n<li data-start=\"1046\" data-end=\"1117\">\n<p data-start=\"1048\" data-end=\"1117\"><strong data-start=\"1048\" data-end=\"1065\">Utilisation :<\/strong> d\u00e9coupe et installation faciles selon vos besoins<\/p>\n<\/li>\n<\/ul>\n<hr data-start=\"1119\" data-end=\"1122\" \/>\n<h3 data-start=\"1124\" data-end=\"1160\">\ud83d\udca1 Vantaggi per gli apicoltori<\/h3>\n<ul data-start=\"1162\" data-end=\"1509\">\n<li data-start=\"1162\" data-end=\"1216\">\n<p data-start=\"1164\" data-end=\"1216\"><strong data-start=\"1164\" data-end=\"1198\">Am\u00e9liore l\u2019isolation thermique<\/strong> de la ruche RBC<\/p>\n<\/li>\n<li data-start=\"1217\" data-end=\"1294\">\n<p data-start=\"1219\" data-end=\"1294\"><strong data-start=\"1219\" data-end=\"1256\">R\u00e9duit les d\u00e9perditions d\u2019\u00e9nergie<\/strong> et stabilise la temp\u00e9rature interne<\/p>\n<\/li>\n<li data-start=\"1295\" data-end=\"1372\">\n<p data-start=\"1297\" data-end=\"1372\"><strong data-start=\"1297\" data-end=\"1327\">Double face r\u00e9fl\u00e9chissante<\/strong> : efficacit\u00e9 quelle que soit l\u2019orientation<\/p>\n<\/li>\n<li data-start=\"1373\" data-end=\"1445\">\n<p data-start=\"1375\" data-end=\"1445\"><strong data-start=\"1375\" data-end=\"1402\">S\u2019adapte \u00e0 tous formats<\/strong> : Dadant, Langstroth et autres standards<\/p>\n<\/li>\n<li data-start=\"1446\" data-end=\"1509\">\n<p data-start=\"1448\" data-end=\"1509\"><strong data-start=\"1448\" data-end=\"1470\">Robuste et durable<\/strong>, supporte les manipulations r\u00e9p\u00e9t\u00e9es<\/p>\n<\/li>\n<\/ul>\n<hr data-start=\"1511\" data-end=\"1514\" \/>\n<h3 data-start=\"1516\" data-end=\"1547\">\ud83e\udded Uso consigliato<\/h3>\n<p data-start=\"1549\" data-end=\"1948\">Placez le <strong data-start=\"1559\" data-end=\"1602\">mouchoir thermo-r\u00e9flecteur BeevolutionX<\/strong> directement au-dessus des cadres, entre le <strong data-start=\"1646\" data-end=\"1664\">corps de ruche<\/strong> et les <strong data-start=\"1672\" data-end=\"1683\">hausses<\/strong>, ou entre <strong data-start=\"1694\" data-end=\"1711\">chaque hausse<\/strong>.<br data-start=\"1712\" data-end=\"1715\" \/>Pour un effet renforc\u00e9, associez-le \u00e0 une <strong data-start=\"1757\" data-end=\"1787\">\u00e9charpe thermo-r\u00e9flectrice<\/strong> et \u00e0 un <strong data-start=\"1796\" data-end=\"1818\">coussin RBC adapt\u00e9<\/strong>.<br data-start=\"1819\" data-end=\"1822\" \/>Ce dispositif cr\u00e9e une <strong data-start=\"1845\" data-end=\"1876\">barri\u00e8re thermique homog\u00e8ne<\/strong>, maintenant un <strong data-start=\"1892\" data-end=\"1909\">climat stable<\/strong> et propice \u00e0 la sant\u00e9 de la colonie.<\/p>\n<hr data-start=\"1950\" data-end=\"1953\" \/>\n<h3 data-start=\"1955\" data-end=\"2001\">\ud83d\udc1d Un produit durable sign\u00e9 BeevolutionX<\/h3>\n<p data-start=\"2003\" data-end=\"2301\">Fin, l\u00e9ger mais robuste, le <strong data-start=\"2031\" data-end=\"2074\">mouchoir thermo-r\u00e9flecteur BeevolutionX<\/strong> s\u2019int\u00e8gre parfaitement dans le syst\u00e8me <strong data-start=\"2114\" data-end=\"2148\">RBC \u2013 Ruche Basse Consommation<\/strong>.<br data-start=\"2149\" data-end=\"2152\" \/>Il offre une <strong data-start=\"2165\" data-end=\"2205\">solution simple, efficace et durable<\/strong> pour <strong data-start=\"2211\" data-end=\"2253\">isoler le haut ou les c\u00f4t\u00e9s du couvain<\/strong>, tout en respectant la biologie des abeilles.<\/p>\n<p data-start=\"2303\" data-end=\"2477\">\ud83d\udcc4 <a class=\"decorated-link\" href=\"https:\/\/beevolutionx.com\/wp-content\/uploads\/2025\/10\/Declaration_Conformite_Alimentaire_BeevolutionX-1.pdf\" target=\"_new\" rel=\"noopener\" data-start=\"2306\" data-end=\"2475\"><strong data-start=\"2307\" data-end=\"2367\">Scarica il certificato alimentare BeevolutionX (PDF)<\/strong><\/a><\/p>","protected":false},"excerpt":{"rendered":"<div class=\"reapprovisionnement\">\n<p>\u26a0\ufe0f Nouveau format \u2013 approvisionnement pr\u00e9vu mi-avril.<\/p>\n<p>Mouchoir isolant 31cm \u00d7 50m BeevolutionX. Renforce l\u2019isolation des ruches RBC. L\u00e9ger, d\u00e9coupable et tr\u00e8s efficace contre les pertes de chaleur.<\/p>\n<\/div>\n<p class=\"reapprovisionnement\">","protected":false},"featured_media":1419,"template":"","meta":{"_et_pb_use_builder":"","_et_pb_old_content":"","_et_gb_content_width":""},"product_brand":[32],"product_cat":[20],"product_tag":[],"class_list":{"0":"post-1393","1":"product","2":"type-product","3":"status-publish","4":"has-post-thumbnail","6":"product_brand-beevolutionx","7":"product_cat-film-thermo-reflecteur-rbc","9":"first","10":"onbackorder","11":"taxable","12":"shipping-taxable","13":"purchasable","14":"product-type-simple"},"yoast_head":"<!-- This site is optimized with the Yoast SEO plugin v27.3 - https:\/\/yoast.com\/product\/yoast-seo-wordpress\/ -->\n<title>Mouchoir thermo-r\u00e9flecteur BeevolutionX 31cm x 50m - BeevolutionX<\/title>\n<meta name=\"description\" content=\"Mouchoir thermo-r\u00e9flecteur 31 cm \u00d7 50 m BeevolutionX. Id\u00e9al pour isoler le haut ou les c\u00f4t\u00e9s du couvain. L\u00e9ger, flexible, haute efficacit\u00e9 thermique.\" \/>\n<meta name=\"robots\" content=\"index, follow, max-snippet:-1, max-image-preview:large, max-video-preview:-1\" \/>\n<link rel=\"canonical\" href=\"https:\/\/beevolutionx.com\/it\/negozio\/film-thermo-reflecteur-rbc\/mouchoir-thermo-reflecteur-rbc\/\" \/>\n<meta property=\"og:locale\" content=\"it_IT\" \/>\n<meta property=\"og:type\" content=\"article\" \/>\n<meta property=\"og:title\" content=\"Mouchoir thermo-r\u00e9flecteur BeevolutionX 31cm x 50m - BeevolutionX\" \/>\n<meta property=\"og:description\" content=\"Mouchoir thermo-r\u00e9flecteur 31 cm \u00d7 50 m BeevolutionX. Id\u00e9al pour isoler le haut ou les c\u00f4t\u00e9s du couvain. L\u00e9ger, flexible, haute efficacit\u00e9 thermique.\" \/>\n<meta property=\"og:url\" content=\"https:\/\/beevolutionx.com\/it\/negozio\/film-thermo-reflecteur-rbc\/mouchoir-thermo-reflecteur-rbc\/\" \/>\n<meta property=\"og:site_name\" content=\"BeevolutionX\" \/>\n<meta property=\"article:publisher\" content=\"https:\/\/www.facebook.com\/profile.php?id=61556152756378\" \/>\n<meta property=\"article:modified_time\" content=\"2026-04-10T13:10:25+00:00\" \/>\n<meta property=\"og:image\" content=\"https:\/\/beevolutionx.com\/wp-content\/uploads\/2025\/06\/mouchoir-modifier.jpg\" \/>\n\t<meta property=\"og:image:width\" content=\"1510\" \/>\n\t<meta property=\"og:image:height\" content=\"765\" \/>\n\t<meta property=\"og:image:type\" content=\"image\/jpeg\" \/>\n<meta name=\"twitter:card\" content=\"summary_large_image\" \/>\n<meta name=\"twitter:label1\" content=\"Tempo di lettura stimato\" \/>\n\t<meta name=\"twitter:data1\" content=\"2 minuti\" \/>\n<script type=\"application\/ld+json\" class=\"yoast-schema-graph\">{\"@context\":\"https:\\\/\\\/schema.org\",\"@graph\":[{\"@type\":\"WebPage\",\"@id\":\"https:\\\/\\\/beevolutionx.com\\\/boutique\\\/film-thermo-reflecteur-rbc\\\/mouchoir-thermo-reflecteur-rbc\\\/\",\"url\":\"https:\\\/\\\/beevolutionx.com\\\/boutique\\\/film-thermo-reflecteur-rbc\\\/mouchoir-thermo-reflecteur-rbc\\\/\",\"name\":\"Mouchoir thermo-r\u00e9flecteur BeevolutionX 31cm x 50m - BeevolutionX\",\"isPartOf\":{\"@id\":\"https:\\\/\\\/beevolutionx.com\\\/#website\"},\"primaryImageOfPage\":{\"@id\":\"https:\\\/\\\/beevolutionx.com\\\/boutique\\\/film-thermo-reflecteur-rbc\\\/mouchoir-thermo-reflecteur-rbc\\\/#primaryimage\"},\"image\":{\"@id\":\"https:\\\/\\\/beevolutionx.com\\\/boutique\\\/film-thermo-reflecteur-rbc\\\/mouchoir-thermo-reflecteur-rbc\\\/#primaryimage\"},\"thumbnailUrl\":\"https:\\\/\\\/i0.wp.com\\\/beevolutionx.com\\\/wp-content\\\/uploads\\\/2025\\\/06\\\/mouchoir-modifier.jpg?fit=1510%2C765&ssl=1\",\"datePublished\":\"2025-05-27T07:28:03+00:00\",\"dateModified\":\"2026-04-10T13:10:25+00:00\",\"description\":\"Mouchoir thermo-r\u00e9flecteur 31 cm \u00d7 50 m BeevolutionX. Id\u00e9al pour isoler le haut ou les c\u00f4t\u00e9s du couvain. L\u00e9ger, flexible, haute efficacit\u00e9 thermique.\",\"breadcrumb\":{\"@id\":\"https:\\\/\\\/beevolutionx.com\\\/boutique\\\/film-thermo-reflecteur-rbc\\\/mouchoir-thermo-reflecteur-rbc\\\/#breadcrumb\"},\"inLanguage\":\"it-IT\",\"potentialAction\":[{\"@type\":\"ReadAction\",\"target\":[\"https:\\\/\\\/beevolutionx.com\\\/boutique\\\/film-thermo-reflecteur-rbc\\\/mouchoir-thermo-reflecteur-rbc\\\/\"]}]},{\"@type\":\"ImageObject\",\"inLanguage\":\"it-IT\",\"@id\":\"https:\\\/\\\/beevolutionx.com\\\/boutique\\\/film-thermo-reflecteur-rbc\\\/mouchoir-thermo-reflecteur-rbc\\\/#primaryimage\",\"url\":\"https:\\\/\\\/i0.wp.com\\\/beevolutionx.com\\\/wp-content\\\/uploads\\\/2025\\\/06\\\/mouchoir-modifier.jpg?fit=1510%2C765&ssl=1\",\"contentUrl\":\"https:\\\/\\\/i0.wp.com\\\/beevolutionx.com\\\/wp-content\\\/uploads\\\/2025\\\/06\\\/mouchoir-modifier.jpg?fit=1510%2C765&ssl=1\",\"width\":1510,\"height\":765},{\"@type\":\"BreadcrumbList\",\"@id\":\"https:\\\/\\\/beevolutionx.com\\\/boutique\\\/film-thermo-reflecteur-rbc\\\/mouchoir-thermo-reflecteur-rbc\\\/#breadcrumb\",\"itemListElement\":[{\"@type\":\"ListItem\",\"position\":1,\"name\":\"Accueil\",\"item\":\"https:\\\/\\\/beevolutionx.com\\\/\"},{\"@type\":\"ListItem\",\"position\":2,\"name\":\"Boutique\",\"item\":\"https:\\\/\\\/beevolutionx.com\\\/boutique\\\/\"},{\"@type\":\"ListItem\",\"position\":3,\"name\":\"Mouchoir thermo-r\u00e9flecteur BeevolutionX 31cm x 50m\"}]},{\"@type\":\"WebSite\",\"@id\":\"https:\\\/\\\/beevolutionx.com\\\/#website\",\"url\":\"https:\\\/\\\/beevolutionx.com\\\/\",\"name\":\"BeevolutionX\",\"description\":\"Le site officiel de la Ruche Basse Consommation\u00ae (RBC\u00ae)\",\"publisher\":{\"@id\":\"https:\\\/\\\/beevolutionx.com\\\/#organization\"},\"potentialAction\":[{\"@type\":\"SearchAction\",\"target\":{\"@type\":\"EntryPoint\",\"urlTemplate\":\"https:\\\/\\\/beevolutionx.com\\\/?s={search_term_string}\"},\"query-input\":{\"@type\":\"PropertyValueSpecification\",\"valueRequired\":true,\"valueName\":\"search_term_string\"}}],\"inLanguage\":\"it-IT\"},{\"@type\":\"Organization\",\"@id\":\"https:\\\/\\\/beevolutionx.com\\\/#organization\",\"name\":\"BeevolutionX\",\"url\":\"https:\\\/\\\/beevolutionx.com\\\/\",\"logo\":{\"@type\":\"ImageObject\",\"inLanguage\":\"it-IT\",\"@id\":\"https:\\\/\\\/beevolutionx.com\\\/#\\\/schema\\\/logo\\\/image\\\/\",\"url\":\"https:\\\/\\\/beevolutionx.com\\\/wp-content\\\/uploads\\\/2025\\\/01\\\/BEEVOLUTION-X-LOGO-FINAL-tech-bleu.png\",\"contentUrl\":\"https:\\\/\\\/beevolutionx.com\\\/wp-content\\\/uploads\\\/2025\\\/01\\\/BEEVOLUTION-X-LOGO-FINAL-tech-bleu.png\",\"width\":1114,\"height\":1080,\"caption\":\"BeevolutionX\"},\"image\":{\"@id\":\"https:\\\/\\\/beevolutionx.com\\\/#\\\/schema\\\/logo\\\/image\\\/\"},\"sameAs\":[\"https:\\\/\\\/www.facebook.com\\\/profile.php?id=61556152756378\",\"https:\\\/\\\/www.youtube.com\\\/results?search_query=beevolutionx\",\"https:\\\/\\\/www.instagram.com\\\/beevolutionx\\\/\",\"https:\\\/\\\/www.tiktok.com\\\/@beevolutionx\"]}]}<\/script>\n<!-- \/ Yoast SEO plugin. -->","yoast_head_json":{"title":"Mouchoir thermo-r\u00e9flecteur BeevolutionX 31cm x 50m - BeevolutionX","description":"Mouchoir thermo-r\u00e9flecteur 31 cm \u00d7 50 m BeevolutionX. Id\u00e9al pour isoler le haut ou les c\u00f4t\u00e9s du couvain. L\u00e9ger, flexible, haute efficacit\u00e9 thermique.","robots":{"index":"index","follow":"follow","max-snippet":"max-snippet:-1","max-image-preview":"max-image-preview:large","max-video-preview":"max-video-preview:-1"},"canonical":"https:\/\/beevolutionx.com\/it\/negozio\/film-thermo-reflecteur-rbc\/mouchoir-thermo-reflecteur-rbc\/","og_locale":"it_IT","og_type":"article","og_title":"Mouchoir thermo-r\u00e9flecteur BeevolutionX 31cm x 50m - BeevolutionX","og_description":"Mouchoir thermo-r\u00e9flecteur 31 cm \u00d7 50 m BeevolutionX. Id\u00e9al pour isoler le haut ou les c\u00f4t\u00e9s du couvain. L\u00e9ger, flexible, haute efficacit\u00e9 thermique.","og_url":"https:\/\/beevolutionx.com\/it\/negozio\/film-thermo-reflecteur-rbc\/mouchoir-thermo-reflecteur-rbc\/","og_site_name":"BeevolutionX","article_publisher":"https:\/\/www.facebook.com\/profile.php?id=61556152756378","article_modified_time":"2026-04-10T13:10:25+00:00","og_image":[{"width":1510,"height":765,"url":"https:\/\/beevolutionx.com\/wp-content\/uploads\/2025\/06\/mouchoir-modifier.jpg","type":"image\/jpeg"}],"twitter_card":"summary_large_image","twitter_misc":{"Tempo di lettura stimato":"2 minuti"},"schema":{"@context":"https:\/\/schema.org","@graph":[{"@type":"WebPage","@id":"https:\/\/beevolutionx.com\/boutique\/film-thermo-reflecteur-rbc\/mouchoir-thermo-reflecteur-rbc\/","url":"https:\/\/beevolutionx.com\/boutique\/film-thermo-reflecteur-rbc\/mouchoir-thermo-reflecteur-rbc\/","name":"Mouchoir thermo-r\u00e9flecteur BeevolutionX 31cm x 50m - BeevolutionX","isPartOf":{"@id":"https:\/\/beevolutionx.com\/#website"},"primaryImageOfPage":{"@id":"https:\/\/beevolutionx.com\/boutique\/film-thermo-reflecteur-rbc\/mouchoir-thermo-reflecteur-rbc\/#primaryimage"},"image":{"@id":"https:\/\/beevolutionx.com\/boutique\/film-thermo-reflecteur-rbc\/mouchoir-thermo-reflecteur-rbc\/#primaryimage"},"thumbnailUrl":"https:\/\/i0.wp.com\/beevolutionx.com\/wp-content\/uploads\/2025\/06\/mouchoir-modifier.jpg?fit=1510%2C765&ssl=1","datePublished":"2025-05-27T07:28:03+00:00","dateModified":"2026-04-10T13:10:25+00:00","description":"Mouchoir thermo-r\u00e9flecteur 31 cm \u00d7 50 m BeevolutionX. Id\u00e9al pour isoler le haut ou les c\u00f4t\u00e9s du couvain. L\u00e9ger, flexible, haute efficacit\u00e9 thermique.","breadcrumb":{"@id":"https:\/\/beevolutionx.com\/boutique\/film-thermo-reflecteur-rbc\/mouchoir-thermo-reflecteur-rbc\/#breadcrumb"},"inLanguage":"it-IT","potentialAction":[{"@type":"ReadAction","target":["https:\/\/beevolutionx.com\/boutique\/film-thermo-reflecteur-rbc\/mouchoir-thermo-reflecteur-rbc\/"]}]},{"@type":"ImageObject","inLanguage":"it-IT","@id":"https:\/\/beevolutionx.com\/boutique\/film-thermo-reflecteur-rbc\/mouchoir-thermo-reflecteur-rbc\/#primaryimage","url":"https:\/\/i0.wp.com\/beevolutionx.com\/wp-content\/uploads\/2025\/06\/mouchoir-modifier.jpg?fit=1510%2C765&ssl=1","contentUrl":"https:\/\/i0.wp.com\/beevolutionx.com\/wp-content\/uploads\/2025\/06\/mouchoir-modifier.jpg?fit=1510%2C765&ssl=1","width":1510,"height":765},{"@type":"BreadcrumbList","@id":"https:\/\/beevolutionx.com\/boutique\/film-thermo-reflecteur-rbc\/mouchoir-thermo-reflecteur-rbc\/#breadcrumb","itemListElement":[{"@type":"ListItem","position":1,"name":"Accueil","item":"https:\/\/beevolutionx.com\/"},{"@type":"ListItem","position":2,"name":"Boutique","item":"https:\/\/beevolutionx.com\/boutique\/"},{"@type":"ListItem","position":3,"name":"Mouchoir thermo-r\u00e9flecteur BeevolutionX 31cm x 50m"}]},{"@type":"WebSite","@id":"https:\/\/beevolutionx.com\/#website","url":"https:\/\/beevolutionx.com\/","name":"BeevolutionX","description":"Le site officiel de la Ruche Basse Consommation\u00ae (RBC\u00ae)","publisher":{"@id":"https:\/\/beevolutionx.com\/#organization"},"potentialAction":[{"@type":"SearchAction","target":{"@type":"EntryPoint","urlTemplate":"https:\/\/beevolutionx.com\/?s={search_term_string}"},"query-input":{"@type":"PropertyValueSpecification","valueRequired":true,"valueName":"search_term_string"}}],"inLanguage":"it-IT"},{"@type":"Organization","@id":"https:\/\/beevolutionx.com\/#organization","name":"BeevolutionX","url":"https:\/\/beevolutionx.com\/","logo":{"@type":"ImageObject","inLanguage":"it-IT","@id":"https:\/\/beevolutionx.com\/#\/schema\/logo\/image\/","url":"https:\/\/beevolutionx.com\/wp-content\/uploads\/2025\/01\/BEEVOLUTION-X-LOGO-FINAL-tech-bleu.png","contentUrl":"https:\/\/beevolutionx.com\/wp-content\/uploads\/2025\/01\/BEEVOLUTION-X-LOGO-FINAL-tech-bleu.png","width":1114,"height":1080,"caption":"BeevolutionX"},"image":{"@id":"https:\/\/beevolutionx.com\/#\/schema\/logo\/image\/"},"sameAs":["https:\/\/www.facebook.com\/profile.php?id=61556152756378","https:\/\/www.youtube.com\/results?search_query=beevolutionx","https:\/\/www.instagram.com\/beevolutionx\/","https:\/\/www.tiktok.com\/@beevolutionx"]}]}},"jetpack_sharing_enabled":true,"_links":{"self":[{"href":"https:\/\/beevolutionx.com\/it\/wp-json\/wp\/v2\/product\/1393","targetHints":{"allow":["GET"]}}],"collection":[{"href":"https:\/\/beevolutionx.com\/it\/wp-json\/wp\/v2\/product"}],"about":[{"href":"https:\/\/beevolutionx.com\/it\/wp-json\/wp\/v2\/types\/product"}],"wp:featuredmedia":[{"embeddable":true,"href":"https:\/\/beevolutionx.com\/it\/wp-json\/wp\/v2\/media\/1419"}],"wp:attachment":[{"href":"https:\/\/beevolutionx.com\/it\/wp-json\/wp\/v2\/media?parent=1393"}],"wp:term":[{"taxonomy":"product_brand","embeddable":true,"href":"https:\/\/beevolutionx.com\/it\/wp-json\/wp\/v2\/product_brand?post=1393"},{"taxonomy":"product_cat","embeddable":true,"href":"https:\/\/beevolutionx.com\/it\/wp-json\/wp\/v2\/product_cat?post=1393"},{"taxonomy":"product_tag","embeddable":true,"href":"https:\/\/beevolutionx.com\/it\/wp-json\/wp\/v2\/product_tag?post=1393"}],"curies":[{"name":"wp","href":"https:\/\/api.w.org\/{rel}","templated":true}]}}