{"id":1394,"date":"2025-05-27T09:38:16","date_gmt":"2025-05-27T07:38:16","guid":{"rendered":"https:\/\/beevolutionx.com\/?post_type=product&#038;p=1394"},"modified":"2026-04-23T13:56:27","modified_gmt":"2026-04-23T11:56:27","slug":"tessuto-termoriflettente-beevolutionx-al-metro","status":"publish","type":"product","link":"https:\/\/beevolutionx.com\/it\/boutique\/film-thermo-reflecteur-rbc\/mouchoir-thermo-reflecteur-beevolutionx-au-metre\/","title":{"rendered":"Tessuto termoriflettente BeevolutionX (al metro)"},"content":{"rendered":"<h2 data-start=\"209\" data-end=\"265\">Tessuto termoriflettente BeevolutionX (al metro)<\/h2>\n<p data-start=\"267\" data-end=\"709\">Le <strong data-start=\"270\" data-end=\"322\">tessuto termo-riflettente BeevolutionX al metro<\/strong> \u00e8 progettato per <strong data-start=\"338\" data-end=\"386\">migliorare l'isolamento e la termoregolazione<\/strong> des <strong data-start=\"391\" data-end=\"427\">increspature a basso consumo (RBC\u00ae)<\/strong>.<br data-start=\"428\" data-end=\"431\" \/>Si posiziona <strong data-start=\"443\" data-end=\"474\">tra il corpo e l'aumento<\/strong>, o <strong data-start=\"479\" data-end=\"501\">tra due aumenti<\/strong>, al fine di <strong data-start=\"511\" data-end=\"534\">rimandare il calore<\/strong> verso la covata e <strong data-start=\"554\" data-end=\"586\">ridurre le perdite di energia<\/strong>.<br data-start=\"587\" data-end=\"590\" \/>Vento <strong data-start=\"593\" data-end=\"623\">doppio fronte riflettente<\/strong> garantisce un'efficacia ottimale, indipendentemente dal suo orientamento, sia in estate che in inverno.<\/p>\n<hr data-start=\"711\" data-end=\"714\" \/>\n<h3 data-start=\"716\" data-end=\"784\">\u2699\ufe0f Caratteristiche del fazzoletto termoriflettente BeevolutionX<\/h3>\n<ul data-start=\"786\" data-end=\"1049\">\n<li data-start=\"786\" data-end=\"846\">\n<p data-start=\"788\" data-end=\"846\"><strong data-start=\"788\" data-end=\"804\">Dimensioni :<\/strong> larghezza 31 cm \u2013 venduto al metro lineare<\/p>\n<\/li>\n<li data-start=\"847\" data-end=\"913\">\n<p data-start=\"849\" data-end=\"913\"><strong data-start=\"849\" data-end=\"863\">Materiale :<\/strong> Alluminio PE flessibile, doppia faccia riflettente<\/p>\n<\/li>\n<li data-start=\"914\" data-end=\"956\">\n<p data-start=\"916\" data-end=\"956\"><strong data-start=\"916\" data-end=\"947\">Capacit\u00e0 di riflettere il calore :<\/strong> &gt; 85 %<\/p>\n<\/li>\n<li data-start=\"957\" data-end=\"999\">\n<p data-start=\"959\" data-end=\"999\"><strong data-start=\"959\" data-end=\"970\">Peso:<\/strong> leggero, flessibile e robusto<\/p>\n<\/li>\n<li data-start=\"1000\" data-end=\"1049\">\n<p data-start=\"1002\" data-end=\"1049\"><strong data-start=\"1002\" data-end=\"1015\">Taglio :<\/strong> semplice con un taglierino o con le forbici<\/p>\n<\/li>\n<\/ul>\n<hr data-start=\"1051\" data-end=\"1054\" \/>\n<h3 data-start=\"1056\" data-end=\"1092\">\ud83d\udca1 Vantaggi per gli apicoltori<\/h3>\n<ul data-start=\"1094\" data-end=\"1422\">\n<li data-start=\"1094\" data-end=\"1152\">\n<p data-start=\"1096\" data-end=\"1152\"><strong data-start=\"1096\" data-end=\"1129\">Isolamento termico rinforzato<\/strong> Al livello del covata<\/p>\n<\/li>\n<li data-start=\"1153\" data-end=\"1219\">\n<p data-start=\"1155\" data-end=\"1219\"><strong data-start=\"1155\" data-end=\"1181\">Efficacia a doppia faccia<\/strong> : restituisce il calore di ciascun lato<\/p>\n<\/li>\n<li data-start=\"1220\" data-end=\"1283\">\n<p data-start=\"1222\" data-end=\"1283\"><strong data-start=\"1222\" data-end=\"1241\">Al metro<\/strong> regolabile secondo le esigenze dell'apiario<\/p>\n<\/li>\n<li data-start=\"1284\" data-end=\"1353\">\n<p data-start=\"1286\" data-end=\"1353\"><strong data-start=\"1286\" data-end=\"1324\">Adatto a tutti i formati di arnia<\/strong> Dadant, Langstroth, ecc.<\/p>\n<\/li>\n<li data-start=\"1354\" data-end=\"1422\">\n<p data-start=\"1356\" data-end=\"1422\"><strong data-start=\"1356\" data-end=\"1383\">Durevole e riutilizzabile<\/strong>, supporta manipolazioni ripetute<\/p>\n<\/li>\n<\/ul>\n<hr data-start=\"1424\" data-end=\"1427\" \/>\n<h3 data-start=\"1429\" data-end=\"1460\">\ud83e\udded Uso consigliato<\/h3>\n<p data-start=\"1462\" data-end=\"1861\">Posizionare <strong>il fazzoletto riflettente RBC<\/strong> direttamente sul <strong data-start=\"1544\" data-end=\"1563\">parte superiore delle cornici<\/strong>, tra <strong data-start=\"1574\" data-end=\"1583\">corpo<\/strong> e la <strong data-start=\"1590\" data-end=\"1600\">aumento<\/strong>, o tra <strong data-start=\"1611\" data-end=\"1628\">ogni aumento<\/strong>.<br data-start=\"1629\" data-end=\"1632\" \/>Per ottenere il massimo rendimento, abbinalo a <strong data-start=\"1677\" data-end=\"1707\">sciarpa termoriflettente<\/strong> e a un <strong data-start=\"1716\" data-end=\"1731\">cuscino RBC<\/strong>.<br data-start=\"1732\" data-end=\"1735\" \/>Questo dispositivo migliora la <strong data-start=\"1761\" data-end=\"1791\">termoregolazione naturale<\/strong> delle api, limitando le variazioni di temperatura nell'alveare.<\/p>\n<hr data-start=\"1863\" data-end=\"1866\" \/>\n<h3 data-start=\"1868\" data-end=\"1922\">\ud83d\udc1d Un prodotto BeevolutionX sostenibile e performante<\/h3>\n<p data-start=\"1924\" data-end=\"2245\">Le <strong data-start=\"1927\" data-end=\"1979\">film isolante BeevolutionX al metro<\/strong> \u00e8 un <strong data-start=\"1988\" data-end=\"2032\">soluzione pratica, economica e sostenibile<\/strong> per isolare le aree chiave dell'alveare.<br data-start=\"2072\" data-end=\"2075\" \/>Si integra perfettamente al concetto <strong data-start=\"2112\" data-end=\"2146\">RBC \u2013 Arnia a Basso Consumo<\/strong>, garantendo <strong data-start=\"2161\" data-end=\"2198\">una migliore stabilit\u00e0 termica<\/strong> e <strong data-start=\"2202\" data-end=\"2224\">un comfort ottimale<\/strong> per le vostre colonie.<\/p>\n<p data-start=\"2247\" data-end=\"2421\">\ud83d\udcc4 <a class=\"decorated-link\" href=\"https:\/\/beevolutionx.com\/wp-content\/uploads\/2025\/10\/Declaration_Conformite_Alimentaire_BeevolutionX-1.pdf\" target=\"_new\" rel=\"noopener\" data-start=\"2250\" data-end=\"2419\"><strong data-start=\"2251\" data-end=\"2311\">Scarica il certificato alimentare BeevolutionX (PDF)<\/strong><\/a><\/p>\n<h3 data-start=\"391\" data-end=\"448\">\ud83d\uded1 <strong data-start=\"398\" data-end=\"446\">Avviso sull'uso con trattamenti<\/strong><\/h3>\n<blockquote data-start=\"450\" data-end=\"854\">\n<p data-start=\"452\" data-end=\"707\">\u26a0\ufe0f <strong data-start=\"455\" data-end=\"470\">Attenzione:<\/strong> in caso di utilizzo del trattamento <strong data-start=\"506\" data-end=\"520\">Formic Pro<\/strong>, <strong data-start=\"522\" data-end=\"593\">Rimuovere assolutamente gli elementi termoriflettenti BeevolutionX<\/strong> (film, cuscini, sciarpe, PIHPgm\u2026).<br data-start=\"631\" data-end=\"634\" \/>I vapori di acido formico possono danneggiare i film alluminizzati.<\/p>\n<p data-start=\"714\" data-end=\"854\">\u2705 <strong data-start=\"716\" data-end=\"732\">Nessun rischio<\/strong> con i trattamenti <strong data-start=\"754\" data-end=\"766\">Varromed<\/strong> o <strong data-start=\"770\" data-end=\"792\">all'acido ossalico<\/strong>, a condizione di <strong data-start=\"809\" data-end=\"851\">rispettare i protocolli di applicazione<\/strong>.<\/p>\n<\/blockquote>\n<h3>\ud83c\udfa5 Preparazione del fazzoletto termoriflettente RBC<\/h3>\n<div style=\"position: relative; width: 100%; max-width: 400px; margin: 20px auto;\">\n  <iframe src=\"https:\/\/www.youtube.com\/embed\/mpEVBcSAIak\"\n  style=\"width: 100%; height: 700px;\"\n  frameborder=\"0\" allowfullscreen><\/iframe>\n<\/div>","protected":false},"excerpt":{"rendered":"<div class=\"reapprovisionnement\">\u26a0\ufe0f Vittima del suo successo \u2013 Rifornimento previsto a fine aprile.<\/div>\n<p data-pm-slice=\"1 1 []\">Fazzoletto isolante 31cm BeevolutionX. Rafforza l'effetto termico degli alveari RBC. Leggero, tagliabile e molto efficace contro la perdita di calore.<\/p>\n<p class=\"reapprovisionnement\">\n<h3>\ud83c\udfa5 Preparazione del fazzoletto termoriflettente RBC<\/h3>\n<div style=\"position: relative; width: 100%; max-width: 400px; margin: 20px auto;\">\n  <iframe src=\"https:\/\/www.youtube.com\/shorts\/hoRceyWEONw\"\n  style=\"width: 100%; height: 700px;\"\n  frameborder=\"0\" allowfullscreen><\/iframe>\n<\/div>","protected":false},"featured_media":1419,"template":"","meta":{"_et_pb_use_builder":"","_et_pb_old_content":"","_et_gb_content_width":""},"product_brand":[32],"product_cat":[20],"product_tag":[],"class_list":{"0":"post-1394","1":"product","2":"type-product","3":"status-publish","4":"has-post-thumbnail","6":"product_brand-beevolutionx","7":"product_cat-film-thermo-reflecteur-rbc","9":"first","10":"onbackorder","11":"taxable","12":"shipping-taxable","13":"purchasable","14":"product-type-simple"},"yoast_head":"<!-- This site is optimized with the Yoast SEO plugin v27.4 - https:\/\/yoast.com\/product\/yoast-seo-wordpress\/ -->\n<title>Mouchoir thermo-r\u00e9flecteur BeevolutionX (au m\u00e8tre) - BeevolutionX<\/title>\n<meta name=\"description\" content=\"Mouchoir thermo-r\u00e9flecteur BeevolutionX au m\u00e8tre. Largeur 31 cm, double face r\u00e9fl\u00e9chissante. Isolation durable et adaptable pour ruches RBC.\" \/>\n<meta name=\"robots\" content=\"index, follow, max-snippet:-1, max-image-preview:large, max-video-preview:-1\" \/>\n<link rel=\"canonical\" href=\"https:\/\/beevolutionx.com\/it\/negozio\/film-termoriflettente-rbc-2\/tessuto-termoriflettente-beevolutionx-al-metro\/\" \/>\n<meta property=\"og:locale\" content=\"it_IT\" \/>\n<meta property=\"og:type\" content=\"article\" \/>\n<meta property=\"og:title\" content=\"Mouchoir thermo-r\u00e9flecteur BeevolutionX (au m\u00e8tre) - BeevolutionX\" \/>\n<meta property=\"og:description\" content=\"Mouchoir thermo-r\u00e9flecteur BeevolutionX au m\u00e8tre. Largeur 31 cm, double face r\u00e9fl\u00e9chissante. Isolation durable et adaptable pour ruches RBC.\" \/>\n<meta property=\"og:url\" content=\"https:\/\/beevolutionx.com\/it\/negozio\/film-termoriflettente-rbc-2\/tessuto-termoriflettente-beevolutionx-al-metro\/\" \/>\n<meta property=\"og:site_name\" content=\"BeevolutionX\" \/>\n<meta property=\"article:publisher\" content=\"https:\/\/www.facebook.com\/profile.php?id=61556152756378\" \/>\n<meta property=\"article:modified_time\" content=\"2026-04-23T11:56:27+00:00\" \/>\n<meta property=\"og:image\" content=\"https:\/\/beevolutionx.com\/wp-content\/uploads\/2025\/06\/mouchoir-modifier.jpg\" \/>\n\t<meta property=\"og:image:width\" content=\"1510\" \/>\n\t<meta property=\"og:image:height\" content=\"765\" \/>\n\t<meta property=\"og:image:type\" content=\"image\/jpeg\" \/>\n<meta name=\"twitter:card\" content=\"summary_large_image\" \/>\n<meta name=\"twitter:label1\" content=\"Tempo di lettura stimato\" \/>\n\t<meta name=\"twitter:data1\" content=\"2 minuti\" \/>\n<script type=\"application\/ld+json\" class=\"yoast-schema-graph\">{\"@context\":\"https:\\\/\\\/schema.org\",\"@graph\":[{\"@type\":\"WebPage\",\"@id\":\"https:\\\/\\\/beevolutionx.com\\\/boutique\\\/film-thermo-reflecteur-rbc\\\/mouchoir-thermo-reflecteur-beevolutionx-au-metre\\\/\",\"url\":\"https:\\\/\\\/beevolutionx.com\\\/boutique\\\/film-thermo-reflecteur-rbc\\\/mouchoir-thermo-reflecteur-beevolutionx-au-metre\\\/\",\"name\":\"Mouchoir thermo-r\u00e9flecteur BeevolutionX (au m\u00e8tre) - BeevolutionX\",\"isPartOf\":{\"@id\":\"https:\\\/\\\/beevolutionx.com\\\/#website\"},\"primaryImageOfPage\":{\"@id\":\"https:\\\/\\\/beevolutionx.com\\\/boutique\\\/film-thermo-reflecteur-rbc\\\/mouchoir-thermo-reflecteur-beevolutionx-au-metre\\\/#primaryimage\"},\"image\":{\"@id\":\"https:\\\/\\\/beevolutionx.com\\\/boutique\\\/film-thermo-reflecteur-rbc\\\/mouchoir-thermo-reflecteur-beevolutionx-au-metre\\\/#primaryimage\"},\"thumbnailUrl\":\"https:\\\/\\\/i0.wp.com\\\/beevolutionx.com\\\/wp-content\\\/uploads\\\/2025\\\/06\\\/mouchoir-modifier.jpg?fit=1510%2C765&ssl=1\",\"datePublished\":\"2025-05-27T07:38:16+00:00\",\"dateModified\":\"2026-04-23T11:56:27+00:00\",\"description\":\"Mouchoir thermo-r\u00e9flecteur BeevolutionX au m\u00e8tre. Largeur 31 cm, double face r\u00e9fl\u00e9chissante. Isolation durable et adaptable pour ruches RBC.\",\"breadcrumb\":{\"@id\":\"https:\\\/\\\/beevolutionx.com\\\/boutique\\\/film-thermo-reflecteur-rbc\\\/mouchoir-thermo-reflecteur-beevolutionx-au-metre\\\/#breadcrumb\"},\"inLanguage\":\"it-IT\",\"potentialAction\":[{\"@type\":\"ReadAction\",\"target\":[\"https:\\\/\\\/beevolutionx.com\\\/boutique\\\/film-thermo-reflecteur-rbc\\\/mouchoir-thermo-reflecteur-beevolutionx-au-metre\\\/\"]}]},{\"@type\":\"ImageObject\",\"inLanguage\":\"it-IT\",\"@id\":\"https:\\\/\\\/beevolutionx.com\\\/boutique\\\/film-thermo-reflecteur-rbc\\\/mouchoir-thermo-reflecteur-beevolutionx-au-metre\\\/#primaryimage\",\"url\":\"https:\\\/\\\/i0.wp.com\\\/beevolutionx.com\\\/wp-content\\\/uploads\\\/2025\\\/06\\\/mouchoir-modifier.jpg?fit=1510%2C765&ssl=1\",\"contentUrl\":\"https:\\\/\\\/i0.wp.com\\\/beevolutionx.com\\\/wp-content\\\/uploads\\\/2025\\\/06\\\/mouchoir-modifier.jpg?fit=1510%2C765&ssl=1\",\"width\":1510,\"height\":765},{\"@type\":\"BreadcrumbList\",\"@id\":\"https:\\\/\\\/beevolutionx.com\\\/boutique\\\/film-thermo-reflecteur-rbc\\\/mouchoir-thermo-reflecteur-beevolutionx-au-metre\\\/#breadcrumb\",\"itemListElement\":[{\"@type\":\"ListItem\",\"position\":1,\"name\":\"Accueil\",\"item\":\"https:\\\/\\\/beevolutionx.com\\\/\"},{\"@type\":\"ListItem\",\"position\":2,\"name\":\"Boutique\",\"item\":\"https:\\\/\\\/beevolutionx.com\\\/boutique\\\/\"},{\"@type\":\"ListItem\",\"position\":3,\"name\":\"Mouchoir thermo-r\u00e9flecteur BeevolutionX (au m\u00e8tre)\"}]},{\"@type\":\"WebSite\",\"@id\":\"https:\\\/\\\/beevolutionx.com\\\/#website\",\"url\":\"https:\\\/\\\/beevolutionx.com\\\/\",\"name\":\"BeevolutionX\",\"description\":\"Le site officiel de la Ruche Basse Consommation\u00ae (RBC\u00ae)\",\"publisher\":{\"@id\":\"https:\\\/\\\/beevolutionx.com\\\/#organization\"},\"potentialAction\":[{\"@type\":\"SearchAction\",\"target\":{\"@type\":\"EntryPoint\",\"urlTemplate\":\"https:\\\/\\\/beevolutionx.com\\\/?s={search_term_string}\"},\"query-input\":{\"@type\":\"PropertyValueSpecification\",\"valueRequired\":true,\"valueName\":\"search_term_string\"}}],\"inLanguage\":\"it-IT\"},{\"@type\":\"Organization\",\"@id\":\"https:\\\/\\\/beevolutionx.com\\\/#organization\",\"name\":\"BeevolutionX\",\"url\":\"https:\\\/\\\/beevolutionx.com\\\/\",\"logo\":{\"@type\":\"ImageObject\",\"inLanguage\":\"it-IT\",\"@id\":\"https:\\\/\\\/beevolutionx.com\\\/#\\\/schema\\\/logo\\\/image\\\/\",\"url\":\"https:\\\/\\\/beevolutionx.com\\\/wp-content\\\/uploads\\\/2025\\\/01\\\/BEEVOLUTION-X-LOGO-FINAL-tech-bleu.png\",\"contentUrl\":\"https:\\\/\\\/beevolutionx.com\\\/wp-content\\\/uploads\\\/2025\\\/01\\\/BEEVOLUTION-X-LOGO-FINAL-tech-bleu.png\",\"width\":1114,\"height\":1080,\"caption\":\"BeevolutionX\"},\"image\":{\"@id\":\"https:\\\/\\\/beevolutionx.com\\\/#\\\/schema\\\/logo\\\/image\\\/\"},\"sameAs\":[\"https:\\\/\\\/www.facebook.com\\\/profile.php?id=61556152756378\",\"https:\\\/\\\/www.youtube.com\\\/results?search_query=beevolutionx\",\"https:\\\/\\\/www.instagram.com\\\/beevolutionx\\\/\",\"https:\\\/\\\/www.tiktok.com\\\/@beevolutionx\"]}]}<\/script>\n<!-- \/ Yoast SEO plugin. -->","yoast_head_json":{"title":"Tessuto Termoriflettente BeevolutionX (al metro) - BeevolutionX","description":"Tessuto termoriflettente BeevolutionX al metro. Larghezza 31 cm, doppio lato riflettente. Isolamento durevole e adattabile per arnie RBC.","robots":{"index":"index","follow":"follow","max-snippet":"max-snippet:-1","max-image-preview":"max-image-preview:large","max-video-preview":"max-video-preview:-1"},"canonical":"https:\/\/beevolutionx.com\/it\/negozio\/film-termoriflettente-rbc-2\/tessuto-termoriflettente-beevolutionx-al-metro\/","og_locale":"it_IT","og_type":"article","og_title":"Mouchoir thermo-r\u00e9flecteur BeevolutionX (au m\u00e8tre) - BeevolutionX","og_description":"Mouchoir thermo-r\u00e9flecteur BeevolutionX au m\u00e8tre. Largeur 31 cm, double face r\u00e9fl\u00e9chissante. Isolation durable et adaptable pour ruches RBC.","og_url":"https:\/\/beevolutionx.com\/it\/negozio\/film-termoriflettente-rbc-2\/tessuto-termoriflettente-beevolutionx-al-metro\/","og_site_name":"BeevolutionX","article_publisher":"https:\/\/www.facebook.com\/profile.php?id=61556152756378","article_modified_time":"2026-04-23T11:56:27+00:00","og_image":[{"width":1510,"height":765,"url":"https:\/\/beevolutionx.com\/wp-content\/uploads\/2025\/06\/mouchoir-modifier.jpg","type":"image\/jpeg"}],"twitter_card":"summary_large_image","twitter_misc":{"Tempo di lettura stimato":"2 minuti"},"schema":{"@context":"https:\/\/schema.org","@graph":[{"@type":"WebPage","@id":"https:\/\/beevolutionx.com\/boutique\/film-thermo-reflecteur-rbc\/mouchoir-thermo-reflecteur-beevolutionx-au-metre\/","url":"https:\/\/beevolutionx.com\/boutique\/film-thermo-reflecteur-rbc\/mouchoir-thermo-reflecteur-beevolutionx-au-metre\/","name":"Tessuto Termoriflettente BeevolutionX (al metro) - BeevolutionX","isPartOf":{"@id":"https:\/\/beevolutionx.com\/#website"},"primaryImageOfPage":{"@id":"https:\/\/beevolutionx.com\/boutique\/film-thermo-reflecteur-rbc\/mouchoir-thermo-reflecteur-beevolutionx-au-metre\/#primaryimage"},"image":{"@id":"https:\/\/beevolutionx.com\/boutique\/film-thermo-reflecteur-rbc\/mouchoir-thermo-reflecteur-beevolutionx-au-metre\/#primaryimage"},"thumbnailUrl":"https:\/\/i0.wp.com\/beevolutionx.com\/wp-content\/uploads\/2025\/06\/mouchoir-modifier.jpg?fit=1510%2C765&ssl=1","datePublished":"2025-05-27T07:38:16+00:00","dateModified":"2026-04-23T11:56:27+00:00","description":"Tessuto termoriflettente BeevolutionX al metro. Larghezza 31 cm, doppio lato riflettente. Isolamento durevole e adattabile per arnie RBC.","breadcrumb":{"@id":"https:\/\/beevolutionx.com\/boutique\/film-thermo-reflecteur-rbc\/mouchoir-thermo-reflecteur-beevolutionx-au-metre\/#breadcrumb"},"inLanguage":"it-IT","potentialAction":[{"@type":"ReadAction","target":["https:\/\/beevolutionx.com\/boutique\/film-thermo-reflecteur-rbc\/mouchoir-thermo-reflecteur-beevolutionx-au-metre\/"]}]},{"@type":"ImageObject","inLanguage":"it-IT","@id":"https:\/\/beevolutionx.com\/boutique\/film-thermo-reflecteur-rbc\/mouchoir-thermo-reflecteur-beevolutionx-au-metre\/#primaryimage","url":"https:\/\/i0.wp.com\/beevolutionx.com\/wp-content\/uploads\/2025\/06\/mouchoir-modifier.jpg?fit=1510%2C765&ssl=1","contentUrl":"https:\/\/i0.wp.com\/beevolutionx.com\/wp-content\/uploads\/2025\/06\/mouchoir-modifier.jpg?fit=1510%2C765&ssl=1","width":1510,"height":765},{"@type":"BreadcrumbList","@id":"https:\/\/beevolutionx.com\/boutique\/film-thermo-reflecteur-rbc\/mouchoir-thermo-reflecteur-beevolutionx-au-metre\/#breadcrumb","itemListElement":[{"@type":"ListItem","position":1,"name":"Accueil","item":"https:\/\/beevolutionx.com\/"},{"@type":"ListItem","position":2,"name":"Boutique","item":"https:\/\/beevolutionx.com\/boutique\/"},{"@type":"ListItem","position":3,"name":"Mouchoir thermo-r\u00e9flecteur BeevolutionX (au m\u00e8tre)"}]},{"@type":"WebSite","@id":"https:\/\/beevolutionx.com\/#website","url":"https:\/\/beevolutionx.com\/","name":"BeevolutionX","description":"Il sito ufficiale dell'Alveare a Basso Consumo\u00ae (ABC\u00ae)","publisher":{"@id":"https:\/\/beevolutionx.com\/#organization"},"potentialAction":[{"@type":"SearchAction","target":{"@type":"EntryPoint","urlTemplate":"https:\/\/beevolutionx.com\/?s={search_term_string}"},"query-input":{"@type":"PropertyValueSpecification","valueRequired":true,"valueName":"search_term_string"}}],"inLanguage":"it-IT"},{"@type":"Organization","@id":"https:\/\/beevolutionx.com\/#organization","name":"BeevolutionX","url":"https:\/\/beevolutionx.com\/","logo":{"@type":"ImageObject","inLanguage":"it-IT","@id":"https:\/\/beevolutionx.com\/#\/schema\/logo\/image\/","url":"https:\/\/beevolutionx.com\/wp-content\/uploads\/2025\/01\/BEEVOLUTION-X-LOGO-FINAL-tech-bleu.png","contentUrl":"https:\/\/beevolutionx.com\/wp-content\/uploads\/2025\/01\/BEEVOLUTION-X-LOGO-FINAL-tech-bleu.png","width":1114,"height":1080,"caption":"BeevolutionX"},"image":{"@id":"https:\/\/beevolutionx.com\/#\/schema\/logo\/image\/"},"sameAs":["https:\/\/www.facebook.com\/profile.php?id=61556152756378","https:\/\/www.youtube.com\/results?search_query=beevolutionx","https:\/\/www.instagram.com\/beevolutionx\/","https:\/\/www.tiktok.com\/@beevolutionx"]}]}},"jetpack_sharing_enabled":true,"_links":{"self":[{"href":"https:\/\/beevolutionx.com\/it\/wp-json\/wp\/v2\/product\/1394","targetHints":{"allow":["GET"]}}],"collection":[{"href":"https:\/\/beevolutionx.com\/it\/wp-json\/wp\/v2\/product"}],"about":[{"href":"https:\/\/beevolutionx.com\/it\/wp-json\/wp\/v2\/types\/product"}],"wp:featuredmedia":[{"embeddable":true,"href":"https:\/\/beevolutionx.com\/it\/wp-json\/wp\/v2\/media\/1419"}],"wp:attachment":[{"href":"https:\/\/beevolutionx.com\/it\/wp-json\/wp\/v2\/media?parent=1394"}],"wp:term":[{"taxonomy":"product_brand","embeddable":true,"href":"https:\/\/beevolutionx.com\/it\/wp-json\/wp\/v2\/product_brand?post=1394"},{"taxonomy":"product_cat","embeddable":true,"href":"https:\/\/beevolutionx.com\/it\/wp-json\/wp\/v2\/product_cat?post=1394"},{"taxonomy":"product_tag","embeddable":true,"href":"https:\/\/beevolutionx.com\/it\/wp-json\/wp\/v2\/product_tag?post=1394"}],"curies":[{"name":"wp","href":"https:\/\/api.w.org\/{rel}","templated":true}]}}