{"id":157,"date":"2025-01-23T22:31:02","date_gmt":"2025-01-23T21:31:02","guid":{"rendered":"https:\/\/beevolutionx.com\/?post_type=product&#038;p=157"},"modified":"2026-04-19T09:12:41","modified_gmt":"2026-04-19T07:12:41","slug":"la-ruche-basse-consommation-rbc","status":"publish","type":"product","link":"https:\/\/beevolutionx.com\/it\/boutique\/livres-apiculture\/la-ruche-basse-consommation-rbc\/","title":{"rendered":"La ruche basse consommation (RBC) - Libro sull'apicoltura"},"content":{"rendered":"<h2 data-start=\"191\" data-end=\"273\">\ud83d\udc1d La Ruche Basse Consommation (RBC) \u2013 Une innovation apicole r\u00e9volutionnaire<\/h2>\n<p data-start=\"275\" data-end=\"652\">D\u00e9couvrez <strong data-start=\"285\" data-end=\"322\">la ruche basse consommation (RBC)<\/strong>, une m\u00e9thode inspir\u00e9e de la nature qui red\u00e9finit l\u2019apiculture moderne.<br data-start=\"393\" data-end=\"396\" \/>Ce livre, r\u00e9dig\u00e9 par <strong data-start=\"417\" data-end=\"436\">Marc Guillemain<\/strong>, avec <strong data-start=\"443\" data-end=\"459\">Jean Riondet<\/strong> e <strong data-start=\"463\" data-end=\"479\">Damien Merit<\/strong>, s\u2019adresse aux apiculteurs professionnels et amateurs.<br data-start=\"534\" data-end=\"537\" \/>Il aide \u00e0 <strong data-start=\"547\" data-end=\"581\">am\u00e9liorer le confort thermique<\/strong> des colonies <strong data-start=\"595\" data-end=\"609\">et, ainsi,<\/strong> \u00e0 <strong data-start=\"612\" data-end=\"649\">r\u00e9duire la surmortalit\u00e9 hivernale<\/strong>.<\/p>\n<hr data-start=\"654\" data-end=\"657\" \/>\n<h3 data-start=\"659\" data-end=\"722\">\ud83c\udf33 Une approche fond\u00e9e sur l\u2019habitat naturel des abeilles<\/h3>\n<p data-start=\"724\" data-end=\"996\">Les ruches modernes manquent souvent d\u2019isolation.<br data-start=\"773\" data-end=\"776\" \/>C\u2019est pourquoi <strong data-start=\"791\" data-end=\"810\">Marc Guillemain<\/strong> s\u2019est inspir\u00e9 du <strong data-start=\"828\" data-end=\"845\">tronc d\u2019arbre<\/strong>, habitat naturel des abeilles, pour d\u00e9velopper la <strong data-start=\"896\" data-end=\"941\">PIHP (Partition Isol\u00e9e Haute Performance)<\/strong>.<br data-start=\"942\" data-end=\"945\" \/>Cette innovation combine deux principes simples :<\/p>\n<ul data-start=\"997\" data-end=\"1138\">\n<li data-start=\"997\" data-end=\"1070\">\n<p data-start=\"999\" data-end=\"1070\">un <strong data-start=\"1002\" data-end=\"1027\">isolant r\u00e9fl\u00e9chissant<\/strong> qui renvoie la chaleur vers le couvain ;<\/p>\n<\/li>\n<li data-start=\"1071\" data-end=\"1138\">\n<p data-start=\"1073\" data-end=\"1138\">un <strong data-start=\"1076\" data-end=\"1097\">isolant thermique<\/strong> qui limite les d\u00e9perditions d\u2019\u00e9nergie.<\/p>\n<\/li>\n<\/ul>\n<p data-start=\"1140\" data-end=\"1322\">Gr\u00e2ce \u00e0 cette approche, un <strong data-start=\"1167\" data-end=\"1189\">microclimat stable<\/strong> s\u2019installe dans la ruche.<br data-start=\"1215\" data-end=\"1218\" \/>Il favorise la <strong data-start=\"1233\" data-end=\"1258\">vitalit\u00e9 des abeilles<\/strong> et leur <strong data-start=\"1267\" data-end=\"1295\">d\u00e9veloppement harmonieux<\/strong> durante tutto l'anno.<\/p>\n<hr data-start=\"1324\" data-end=\"1327\" \/>\n<h3 data-start=\"1329\" data-end=\"1377\">\ud83d\udcd6 Ce que vous apprendrez dans cet ouvrage<\/h3>\n<ul data-start=\"1379\" data-end=\"1587\">\n<li data-start=\"1379\" data-end=\"1446\">\n<p data-start=\"1381\" data-end=\"1446\">Les <strong data-start=\"1385\" data-end=\"1417\">principes de la m\u00e9thode PIHP<\/strong> et ses b\u00e9n\u00e9fices concrets.<\/p>\n<\/li>\n<li data-start=\"1447\" data-end=\"1519\">\n<p data-start=\"1449\" data-end=\"1519\">Des <strong data-start=\"1453\" data-end=\"1475\">conseils pratiques<\/strong> pour isoler vos ruches plus efficacement.<\/p>\n<\/li>\n<li data-start=\"1520\" data-end=\"1587\">\n<p data-start=\"1522\" data-end=\"1587\">Comment <strong data-start=\"1530\" data-end=\"1558\">appliquer la m\u00e9thode RBC<\/strong> dans vos ruchers modernes.<\/p>\n<\/li>\n<\/ul>\n<p data-start=\"1589\" data-end=\"1710\">De plus, le livre partage des retours d\u2019exp\u00e9rience utiles pour adapter la m\u00e9thode \u00e0 diff\u00e9rents environnements apicoles.<\/p>\n<hr data-start=\"1712\" data-end=\"1715\" \/>\n<h3 data-start=\"1717\" data-end=\"1782\">\ud83d\udc1d Une ruche basse consommation pour une apiculture durable<\/h3>\n<p data-start=\"1784\" data-end=\"2214\">Cet ouvrage d\u00e9montre qu\u2019une <strong data-start=\"1812\" data-end=\"1833\">isolation adapt\u00e9e<\/strong> permette <strong data-start=\"1844\" data-end=\"1883\">r\u00e9duire la consommation \u00e9nerg\u00e9tique<\/strong> et d\u2019am\u00e9liorer le <strong data-start=\"1902\" data-end=\"1928\">bien-\u00eatre des colonies<\/strong>.<br data-start=\"1929\" data-end=\"1932\" \/>En effet, une ruche bien isol\u00e9e favorise une <strong data-start=\"1977\" data-end=\"2027\">meilleure r\u00e9gulation de la temp\u00e9rature interne<\/strong>, ce qui limite les variations et soutient la stabilit\u00e9 de la colonie.<br data-start=\"2097\" data-end=\"2100\" \/><strong data-start=\"2100\" data-end=\"2109\">Quindi<\/strong>, les abeilles d\u00e9pensent moins d\u2019\u00e9nergie et conservent davantage de r\u00e9serves pour les p\u00e9riodes froides.<\/p>\n<p data-start=\"2216\" data-end=\"2376\">Transformez vos pratiques apicoles avec la <strong data-start=\"2259\" data-end=\"2293\">Ruche Basse Consommation (RBC)<\/strong>.<br data-start=\"2294\" data-end=\"2297\" \/>Offrez \u00e0 vos abeilles <strong data-start=\"2319\" data-end=\"2373\">le confort du tronc d\u2019arbre dans une ruche moderne<\/strong>.<\/p>\n<p data-start=\"2378\" data-end=\"2702\">\ud83d\udcd8 Pour aller plus loin, d\u00e9couvrez aussi le livre<br data-start=\"2427\" data-end=\"2430\" \/>\ud83d\udc49 <a class=\"decorated-link\" href=\"https:\/\/beevolutionx.com\/it\/negozio\/libri\/installer-un-premier-rucher-pratiquer-une-apiculture-respectueuse-du-bien-etre-des-abeilles-avec-la-ruche-basse-consommation\/\" target=\"_new\" rel=\"noopener\" data-start=\"2433\" data-end=\"2700\"><strong data-start=\"2434\" data-end=\"2531\">Installer un premier rucher \u2013 pratiquer une apiculture respectueuse du bien-\u00eatre des abeilles<\/strong><\/a><\/p>","protected":false},"excerpt":{"rendered":"<p><strong data-start=\"2305\" data-end=\"2342\">La Ruche Basse Consommation (RBC)<\/strong> \u2013 le livre de r\u00e9f\u00e9rence sur l\u2019apiculture moderne.<br data-start=\"2392\" data-end=\"2395\" \/>D\u00e9couvrez la m\u00e9thode <strong data-start=\"2418\" data-end=\"2426\">PIHP<\/strong>, inspir\u00e9e du tronc d\u2019arbre, pour am\u00e9liorer l\u2019isolation de vos ruches et le bien-\u00eatre de vos colonies.<\/p>","protected":false},"featured_media":225,"template":"","meta":{"_et_pb_use_builder":"on","_et_pb_old_content":"<h2 data-start=\"191\" data-end=\"273\">\ud83d\udc1d La Ruche Basse Consommation (RBC) \u2013 Une innovation apicole r\u00e9volutionnaire<\/h2>\r\n<p data-start=\"275\" data-end=\"652\">D\u00e9couvrez <strong data-start=\"285\" data-end=\"322\">la ruche basse consommation (RBC)<\/strong>, une m\u00e9thode inspir\u00e9e de la nature qui red\u00e9finit l\u2019apiculture moderne.<br data-start=\"393\" data-end=\"396\" \/>Ce livre, r\u00e9dig\u00e9 par <strong data-start=\"417\" data-end=\"436\">Marc Guillemain<\/strong>, avec <strong data-start=\"443\" data-end=\"459\">Jean Riondet<\/strong> et <strong data-start=\"463\" data-end=\"479\">Damien Merit<\/strong>, s\u2019adresse aux apiculteurs professionnels et amateurs.<br data-start=\"534\" data-end=\"537\" \/>Il aide \u00e0 <strong data-start=\"547\" data-end=\"581\">am\u00e9liorer le confort thermique<\/strong> des colonies <strong data-start=\"595\" data-end=\"609\">et, ainsi,<\/strong> \u00e0 <strong data-start=\"612\" data-end=\"649\">r\u00e9duire la surmortalit\u00e9 hivernale<\/strong>.<\/p>\r\n\r\n\r\n<hr data-start=\"654\" data-end=\"657\" \/>\r\n\r\n<h3 data-start=\"659\" data-end=\"722\">\ud83c\udf33 Une approche fond\u00e9e sur l\u2019habitat naturel des abeilles<\/h3>\r\n<p data-start=\"724\" data-end=\"996\">Les ruches modernes manquent souvent d\u2019isolation.<br data-start=\"773\" data-end=\"776\" \/>C\u2019est pourquoi <strong data-start=\"791\" data-end=\"810\">Marc Guillemain<\/strong> s\u2019est inspir\u00e9 du <strong data-start=\"828\" data-end=\"845\">tronc d\u2019arbre<\/strong>, habitat naturel des abeilles, pour d\u00e9velopper la <strong data-start=\"896\" data-end=\"941\">PIHP (Partition Isol\u00e9e Haute Performance)<\/strong>.<br data-start=\"942\" data-end=\"945\" \/>Cette innovation combine deux principes simples :<\/p>\r\n\r\n<ul data-start=\"997\" data-end=\"1138\">\r\n \t<li data-start=\"997\" data-end=\"1070\">\r\n<p data-start=\"999\" data-end=\"1070\">un <strong data-start=\"1002\" data-end=\"1027\">isolant r\u00e9fl\u00e9chissant<\/strong> qui renvoie la chaleur vers le couvain ;<\/p>\r\n<\/li>\r\n \t<li data-start=\"1071\" data-end=\"1138\">\r\n<p data-start=\"1073\" data-end=\"1138\">un <strong data-start=\"1076\" data-end=\"1097\">isolant thermique<\/strong> qui limite les d\u00e9perditions d\u2019\u00e9nergie.<\/p>\r\n<\/li>\r\n<\/ul>\r\n<p data-start=\"1140\" data-end=\"1322\">Gr\u00e2ce \u00e0 cette approche, un <strong data-start=\"1167\" data-end=\"1189\">microclimat stable<\/strong> s\u2019installe dans la ruche.<br data-start=\"1215\" data-end=\"1218\" \/>Il favorise la <strong data-start=\"1233\" data-end=\"1258\">vitalit\u00e9 des abeilles<\/strong> et leur <strong data-start=\"1267\" data-end=\"1295\">d\u00e9veloppement harmonieux<\/strong> tout au long de l\u2019ann\u00e9e.<\/p>\r\n\r\n\r\n<hr data-start=\"1324\" data-end=\"1327\" \/>\r\n\r\n<h3 data-start=\"1329\" data-end=\"1377\">\ud83d\udcd6 Ce que vous apprendrez dans cet ouvrage<\/h3>\r\n<ul data-start=\"1379\" data-end=\"1587\">\r\n \t<li data-start=\"1379\" data-end=\"1446\">\r\n<p data-start=\"1381\" data-end=\"1446\">Les <strong data-start=\"1385\" data-end=\"1417\">principes de la m\u00e9thode PIHP<\/strong> et ses b\u00e9n\u00e9fices concrets.<\/p>\r\n<\/li>\r\n \t<li data-start=\"1447\" data-end=\"1519\">\r\n<p data-start=\"1449\" data-end=\"1519\">Des <strong data-start=\"1453\" data-end=\"1475\">conseils pratiques<\/strong> pour isoler vos ruches plus efficacement.<\/p>\r\n<\/li>\r\n \t<li data-start=\"1520\" data-end=\"1587\">\r\n<p data-start=\"1522\" data-end=\"1587\">Comment <strong data-start=\"1530\" data-end=\"1558\">appliquer la m\u00e9thode RBC<\/strong> dans vos ruchers modernes.<\/p>\r\n<\/li>\r\n<\/ul>\r\n<p data-start=\"1589\" data-end=\"1710\">De plus, le livre partage des retours d\u2019exp\u00e9rience utiles pour adapter la m\u00e9thode \u00e0 diff\u00e9rents environnements apicoles.<\/p>\r\n\r\n\r\n<hr data-start=\"1712\" data-end=\"1715\" \/>\r\n\r\n<h3 data-start=\"1717\" data-end=\"1782\">\ud83d\udc1d Une ruche basse consommation pour une apiculture durable<\/h3>\r\n<p data-start=\"1784\" data-end=\"2214\">Cet ouvrage d\u00e9montre qu\u2019une <strong data-start=\"1812\" data-end=\"1833\">isolation adapt\u00e9e<\/strong> permet de <strong data-start=\"1844\" data-end=\"1883\">r\u00e9duire la consommation \u00e9nerg\u00e9tique<\/strong> et d\u2019am\u00e9liorer le <strong data-start=\"1902\" data-end=\"1928\">bien-\u00eatre des colonies<\/strong>.<br data-start=\"1929\" data-end=\"1932\" \/>En effet, une ruche bien isol\u00e9e favorise une <strong data-start=\"1977\" data-end=\"2027\">meilleure r\u00e9gulation de la temp\u00e9rature interne<\/strong>, ce qui limite les variations et soutient la stabilit\u00e9 de la colonie.<br data-start=\"2097\" data-end=\"2100\" \/><strong data-start=\"2100\" data-end=\"2109\">Ainsi<\/strong>, les abeilles d\u00e9pensent moins d\u2019\u00e9nergie et conservent davantage de r\u00e9serves pour les p\u00e9riodes froides.<\/p>\r\n<p data-start=\"2216\" data-end=\"2376\">Transformez vos pratiques apicoles avec la <strong data-start=\"2259\" data-end=\"2293\">Ruche Basse Consommation (RBC)<\/strong>.<br data-start=\"2294\" data-end=\"2297\" \/>Offrez \u00e0 vos abeilles <strong data-start=\"2319\" data-end=\"2373\">le confort du tronc d\u2019arbre dans une ruche moderne<\/strong>.<\/p>\r\n<p data-start=\"2378\" data-end=\"2702\">\ud83d\udcd8 Pour aller plus loin, d\u00e9couvrez aussi le livre<br data-start=\"2427\" data-end=\"2430\" \/>\ud83d\udc49 <a class=\"decorated-link\" href=\"https:\/\/beevolutionx.com\/boutique\/livres\/installer-un-premier-rucher-pratiquer-une-apiculture-respectueuse-du-bien-etre-des-abeilles-avec-la-ruche-basse-consommation\/\" target=\"_new\" rel=\"noopener\" data-start=\"2433\" data-end=\"2700\"><strong data-start=\"2434\" data-end=\"2531\">Installer un premier rucher \u2013 pratiquer une apiculture respectueuse du bien-\u00eatre des abeilles<\/strong><\/a><\/p>","_et_gb_content_width":""},"product_brand":[],"product_cat":[21],"product_tag":[],"class_list":{"0":"post-157","1":"product","2":"type-product","3":"status-publish","4":"has-post-thumbnail","6":"product_cat-livres-apiculture","8":"first","9":"instock","10":"taxable","11":"shipping-taxable","12":"purchasable","13":"product-type-simple"},"yoast_head":"<!-- This site is optimized with the Yoast SEO plugin v27.4 - https:\/\/yoast.com\/product\/yoast-seo-wordpress\/ -->\n<title>La ruche basse consommation (RBC) \u2013 Livre apicole - BeevolutionX<\/title>\n<meta name=\"description\" content=\"Transformez votre apiculture avec &quot;La Ruche Basse Consommation (RBC)&quot;. D\u00e9couvrez la m\u00e9thode RBC qui am\u00e9liore le confort des abeilles.\" \/>\n<meta name=\"robots\" content=\"index, follow, max-snippet:-1, max-image-preview:large, max-video-preview:-1\" \/>\n<link rel=\"canonical\" href=\"https:\/\/beevolutionx.com\/it\/negozio\/livres-apiculture\/la-ruche-basse-consommation-rbc\/\" \/>\n<meta property=\"og:locale\" content=\"it_IT\" \/>\n<meta property=\"og:type\" content=\"article\" \/>\n<meta property=\"og:title\" content=\"La ruche basse consommation (RBC) \u2013 Livre apicole - BeevolutionX\" \/>\n<meta property=\"og:description\" content=\"Transformez votre apiculture avec &quot;La Ruche Basse Consommation (RBC)&quot;. D\u00e9couvrez la m\u00e9thode RBC qui am\u00e9liore le confort des abeilles.\" \/>\n<meta property=\"og:url\" content=\"https:\/\/beevolutionx.com\/it\/negozio\/livres-apiculture\/la-ruche-basse-consommation-rbc\/\" \/>\n<meta property=\"og:site_name\" content=\"BeevolutionX\" \/>\n<meta property=\"article:publisher\" content=\"https:\/\/www.facebook.com\/profile.php?id=61556152756378\" \/>\n<meta property=\"article:modified_time\" content=\"2026-04-19T07:12:41+00:00\" \/>\n<meta property=\"og:image\" content=\"https:\/\/beevolutionx.com\/wp-content\/uploads\/2025\/01\/RBC_couv_VBAT2-compresse.jpg\" \/>\n\t<meta property=\"og:image:width\" content=\"400\" \/>\n\t<meta property=\"og:image:height\" content=\"514\" \/>\n\t<meta property=\"og:image:type\" content=\"image\/jpeg\" \/>\n<meta name=\"twitter:card\" content=\"summary_large_image\" \/>\n<meta name=\"twitter:label1\" content=\"Tempo di lettura stimato\" \/>\n\t<meta name=\"twitter:data1\" content=\"2 minuti\" \/>\n<script type=\"application\/ld+json\" class=\"yoast-schema-graph\">{\"@context\":\"https:\\\/\\\/schema.org\",\"@graph\":[{\"@type\":\"WebPage\",\"@id\":\"https:\\\/\\\/beevolutionx.com\\\/boutique\\\/livres-apiculture\\\/la-ruche-basse-consommation-rbc\\\/\",\"url\":\"https:\\\/\\\/beevolutionx.com\\\/boutique\\\/livres-apiculture\\\/la-ruche-basse-consommation-rbc\\\/\",\"name\":\"La ruche basse consommation (RBC) \u2013 Livre apicole - BeevolutionX\",\"isPartOf\":{\"@id\":\"https:\\\/\\\/beevolutionx.com\\\/#website\"},\"primaryImageOfPage\":{\"@id\":\"https:\\\/\\\/beevolutionx.com\\\/boutique\\\/livres-apiculture\\\/la-ruche-basse-consommation-rbc\\\/#primaryimage\"},\"image\":{\"@id\":\"https:\\\/\\\/beevolutionx.com\\\/boutique\\\/livres-apiculture\\\/la-ruche-basse-consommation-rbc\\\/#primaryimage\"},\"thumbnailUrl\":\"https:\\\/\\\/i0.wp.com\\\/beevolutionx.com\\\/wp-content\\\/uploads\\\/2025\\\/01\\\/RBC_couv_VBAT2-compresse.jpg?fit=400%2C514&ssl=1\",\"datePublished\":\"2025-01-23T21:31:02+00:00\",\"dateModified\":\"2026-04-19T07:12:41+00:00\",\"description\":\"Transformez votre apiculture avec \\\"La Ruche Basse Consommation (RBC)\\\". D\u00e9couvrez la m\u00e9thode RBC qui am\u00e9liore le confort des abeilles.\",\"breadcrumb\":{\"@id\":\"https:\\\/\\\/beevolutionx.com\\\/boutique\\\/livres-apiculture\\\/la-ruche-basse-consommation-rbc\\\/#breadcrumb\"},\"inLanguage\":\"it-IT\",\"potentialAction\":[{\"@type\":\"ReadAction\",\"target\":[\"https:\\\/\\\/beevolutionx.com\\\/boutique\\\/livres-apiculture\\\/la-ruche-basse-consommation-rbc\\\/\"]}]},{\"@type\":\"ImageObject\",\"inLanguage\":\"it-IT\",\"@id\":\"https:\\\/\\\/beevolutionx.com\\\/boutique\\\/livres-apiculture\\\/la-ruche-basse-consommation-rbc\\\/#primaryimage\",\"url\":\"https:\\\/\\\/i0.wp.com\\\/beevolutionx.com\\\/wp-content\\\/uploads\\\/2025\\\/01\\\/RBC_couv_VBAT2-compresse.jpg?fit=400%2C514&ssl=1\",\"contentUrl\":\"https:\\\/\\\/i0.wp.com\\\/beevolutionx.com\\\/wp-content\\\/uploads\\\/2025\\\/01\\\/RBC_couv_VBAT2-compresse.jpg?fit=400%2C514&ssl=1\",\"width\":400,\"height\":514,\"caption\":\"\\\"Livre La Ruche Basse Consommation RBC BeevolutionX\\\"\"},{\"@type\":\"BreadcrumbList\",\"@id\":\"https:\\\/\\\/beevolutionx.com\\\/boutique\\\/livres-apiculture\\\/la-ruche-basse-consommation-rbc\\\/#breadcrumb\",\"itemListElement\":[{\"@type\":\"ListItem\",\"position\":1,\"name\":\"Accueil\",\"item\":\"https:\\\/\\\/beevolutionx.com\\\/\"},{\"@type\":\"ListItem\",\"position\":2,\"name\":\"Boutique\",\"item\":\"https:\\\/\\\/beevolutionx.com\\\/boutique\\\/\"},{\"@type\":\"ListItem\",\"position\":3,\"name\":\"La ruche basse consommation (RBC) \u2013 Livre apicole\"}]},{\"@type\":\"WebSite\",\"@id\":\"https:\\\/\\\/beevolutionx.com\\\/#website\",\"url\":\"https:\\\/\\\/beevolutionx.com\\\/\",\"name\":\"BeevolutionX\",\"description\":\"Le site officiel de la Ruche Basse Consommation\u00ae (RBC\u00ae)\",\"publisher\":{\"@id\":\"https:\\\/\\\/beevolutionx.com\\\/#organization\"},\"potentialAction\":[{\"@type\":\"SearchAction\",\"target\":{\"@type\":\"EntryPoint\",\"urlTemplate\":\"https:\\\/\\\/beevolutionx.com\\\/?s={search_term_string}\"},\"query-input\":{\"@type\":\"PropertyValueSpecification\",\"valueRequired\":true,\"valueName\":\"search_term_string\"}}],\"inLanguage\":\"it-IT\"},{\"@type\":\"Organization\",\"@id\":\"https:\\\/\\\/beevolutionx.com\\\/#organization\",\"name\":\"BeevolutionX\",\"url\":\"https:\\\/\\\/beevolutionx.com\\\/\",\"logo\":{\"@type\":\"ImageObject\",\"inLanguage\":\"it-IT\",\"@id\":\"https:\\\/\\\/beevolutionx.com\\\/#\\\/schema\\\/logo\\\/image\\\/\",\"url\":\"https:\\\/\\\/beevolutionx.com\\\/wp-content\\\/uploads\\\/2025\\\/01\\\/BEEVOLUTION-X-LOGO-FINAL-tech-bleu.png\",\"contentUrl\":\"https:\\\/\\\/beevolutionx.com\\\/wp-content\\\/uploads\\\/2025\\\/01\\\/BEEVOLUTION-X-LOGO-FINAL-tech-bleu.png\",\"width\":1114,\"height\":1080,\"caption\":\"BeevolutionX\"},\"image\":{\"@id\":\"https:\\\/\\\/beevolutionx.com\\\/#\\\/schema\\\/logo\\\/image\\\/\"},\"sameAs\":[\"https:\\\/\\\/www.facebook.com\\\/profile.php?id=61556152756378\",\"https:\\\/\\\/www.youtube.com\\\/results?search_query=beevolutionx\",\"https:\\\/\\\/www.instagram.com\\\/beevolutionx\\\/\",\"https:\\\/\\\/www.tiktok.com\\\/@beevolutionx\"]}]}<\/script>\n<!-- \/ Yoast SEO plugin. -->","yoast_head_json":{"title":"La ruche basse consommation (RBC) \u2013 Livre apicole - BeevolutionX","description":"Transformez votre apiculture avec \"La Ruche Basse Consommation (RBC)\". D\u00e9couvrez la m\u00e9thode RBC qui am\u00e9liore le confort des abeilles.","robots":{"index":"index","follow":"follow","max-snippet":"max-snippet:-1","max-image-preview":"max-image-preview:large","max-video-preview":"max-video-preview:-1"},"canonical":"https:\/\/beevolutionx.com\/it\/negozio\/livres-apiculture\/la-ruche-basse-consommation-rbc\/","og_locale":"it_IT","og_type":"article","og_title":"La ruche basse consommation (RBC) \u2013 Livre apicole - BeevolutionX","og_description":"Transformez votre apiculture avec \"La Ruche Basse Consommation (RBC)\". D\u00e9couvrez la m\u00e9thode RBC qui am\u00e9liore le confort des abeilles.","og_url":"https:\/\/beevolutionx.com\/it\/negozio\/livres-apiculture\/la-ruche-basse-consommation-rbc\/","og_site_name":"BeevolutionX","article_publisher":"https:\/\/www.facebook.com\/profile.php?id=61556152756378","article_modified_time":"2026-04-19T07:12:41+00:00","og_image":[{"width":400,"height":514,"url":"https:\/\/beevolutionx.com\/wp-content\/uploads\/2025\/01\/RBC_couv_VBAT2-compresse.jpg","type":"image\/jpeg"}],"twitter_card":"summary_large_image","twitter_misc":{"Tempo di lettura stimato":"2 minuti"},"schema":{"@context":"https:\/\/schema.org","@graph":[{"@type":"WebPage","@id":"https:\/\/beevolutionx.com\/boutique\/livres-apiculture\/la-ruche-basse-consommation-rbc\/","url":"https:\/\/beevolutionx.com\/boutique\/livres-apiculture\/la-ruche-basse-consommation-rbc\/","name":"La ruche basse consommation (RBC) \u2013 Livre apicole - BeevolutionX","isPartOf":{"@id":"https:\/\/beevolutionx.com\/#website"},"primaryImageOfPage":{"@id":"https:\/\/beevolutionx.com\/boutique\/livres-apiculture\/la-ruche-basse-consommation-rbc\/#primaryimage"},"image":{"@id":"https:\/\/beevolutionx.com\/boutique\/livres-apiculture\/la-ruche-basse-consommation-rbc\/#primaryimage"},"thumbnailUrl":"https:\/\/i0.wp.com\/beevolutionx.com\/wp-content\/uploads\/2025\/01\/RBC_couv_VBAT2-compresse.jpg?fit=400%2C514&ssl=1","datePublished":"2025-01-23T21:31:02+00:00","dateModified":"2026-04-19T07:12:41+00:00","description":"Transformez votre apiculture avec \"La Ruche Basse Consommation (RBC)\". D\u00e9couvrez la m\u00e9thode RBC qui am\u00e9liore le confort des abeilles.","breadcrumb":{"@id":"https:\/\/beevolutionx.com\/boutique\/livres-apiculture\/la-ruche-basse-consommation-rbc\/#breadcrumb"},"inLanguage":"it-IT","potentialAction":[{"@type":"ReadAction","target":["https:\/\/beevolutionx.com\/boutique\/livres-apiculture\/la-ruche-basse-consommation-rbc\/"]}]},{"@type":"ImageObject","inLanguage":"it-IT","@id":"https:\/\/beevolutionx.com\/boutique\/livres-apiculture\/la-ruche-basse-consommation-rbc\/#primaryimage","url":"https:\/\/i0.wp.com\/beevolutionx.com\/wp-content\/uploads\/2025\/01\/RBC_couv_VBAT2-compresse.jpg?fit=400%2C514&ssl=1","contentUrl":"https:\/\/i0.wp.com\/beevolutionx.com\/wp-content\/uploads\/2025\/01\/RBC_couv_VBAT2-compresse.jpg?fit=400%2C514&ssl=1","width":400,"height":514,"caption":"\"Livre La Ruche Basse Consommation RBC BeevolutionX\""},{"@type":"BreadcrumbList","@id":"https:\/\/beevolutionx.com\/boutique\/livres-apiculture\/la-ruche-basse-consommation-rbc\/#breadcrumb","itemListElement":[{"@type":"ListItem","position":1,"name":"Accueil","item":"https:\/\/beevolutionx.com\/"},{"@type":"ListItem","position":2,"name":"Boutique","item":"https:\/\/beevolutionx.com\/boutique\/"},{"@type":"ListItem","position":3,"name":"La ruche basse consommation (RBC) \u2013 Livre apicole"}]},{"@type":"WebSite","@id":"https:\/\/beevolutionx.com\/#website","url":"https:\/\/beevolutionx.com\/","name":"BeevolutionX","description":"Le site officiel de la Ruche Basse Consommation\u00ae (RBC\u00ae)","publisher":{"@id":"https:\/\/beevolutionx.com\/#organization"},"potentialAction":[{"@type":"SearchAction","target":{"@type":"EntryPoint","urlTemplate":"https:\/\/beevolutionx.com\/?s={search_term_string}"},"query-input":{"@type":"PropertyValueSpecification","valueRequired":true,"valueName":"search_term_string"}}],"inLanguage":"it-IT"},{"@type":"Organization","@id":"https:\/\/beevolutionx.com\/#organization","name":"BeevolutionX","url":"https:\/\/beevolutionx.com\/","logo":{"@type":"ImageObject","inLanguage":"it-IT","@id":"https:\/\/beevolutionx.com\/#\/schema\/logo\/image\/","url":"https:\/\/beevolutionx.com\/wp-content\/uploads\/2025\/01\/BEEVOLUTION-X-LOGO-FINAL-tech-bleu.png","contentUrl":"https:\/\/beevolutionx.com\/wp-content\/uploads\/2025\/01\/BEEVOLUTION-X-LOGO-FINAL-tech-bleu.png","width":1114,"height":1080,"caption":"BeevolutionX"},"image":{"@id":"https:\/\/beevolutionx.com\/#\/schema\/logo\/image\/"},"sameAs":["https:\/\/www.facebook.com\/profile.php?id=61556152756378","https:\/\/www.youtube.com\/results?search_query=beevolutionx","https:\/\/www.instagram.com\/beevolutionx\/","https:\/\/www.tiktok.com\/@beevolutionx"]}]}},"jetpack_sharing_enabled":true,"_links":{"self":[{"href":"https:\/\/beevolutionx.com\/it\/wp-json\/wp\/v2\/product\/157","targetHints":{"allow":["GET"]}}],"collection":[{"href":"https:\/\/beevolutionx.com\/it\/wp-json\/wp\/v2\/product"}],"about":[{"href":"https:\/\/beevolutionx.com\/it\/wp-json\/wp\/v2\/types\/product"}],"wp:featuredmedia":[{"embeddable":true,"href":"https:\/\/beevolutionx.com\/it\/wp-json\/wp\/v2\/media\/225"}],"wp:attachment":[{"href":"https:\/\/beevolutionx.com\/it\/wp-json\/wp\/v2\/media?parent=157"}],"wp:term":[{"taxonomy":"product_brand","embeddable":true,"href":"https:\/\/beevolutionx.com\/it\/wp-json\/wp\/v2\/product_brand?post=157"},{"taxonomy":"product_cat","embeddable":true,"href":"https:\/\/beevolutionx.com\/it\/wp-json\/wp\/v2\/product_cat?post=157"},{"taxonomy":"product_tag","embeddable":true,"href":"https:\/\/beevolutionx.com\/it\/wp-json\/wp\/v2\/product_tag?post=157"}],"curies":[{"name":"wp","href":"https:\/\/api.w.org\/{rel}","templated":true}]}}