{"id":1847,"date":"2025-10-24T09:54:32","date_gmt":"2025-10-24T07:54:32","guid":{"rendered":"https:\/\/beevolutionx.com\/?post_type=product&#038;p=1847"},"modified":"2026-04-14T12:03:40","modified_gmt":"2026-04-14T10:03:40","slug":"velutrap-beevital-piege-frelon-asiatique","status":"publish","type":"product","link":"https:\/\/beevolutionx.com\/it\/boutique\/piege-a-frelons\/velutrap-beevital-piege-frelon-asiatique\/","title":{"rendered":"VeluTrap BeeVital \u2013 Pi\u00e8ge frelon asiatique s\u00e9lectif"},"content":{"rendered":"<h2 data-start=\"285\" data-end=\"344\">\ud83d\udc1d VeluTrap BeeVital \u2013 Pi\u00e8ge frelon asiatique s\u00e9lectif<\/h2>\n<p data-start=\"346\" data-end=\"672\">Le <strong data-start=\"349\" data-end=\"393\">VeluTrap BeeVital pi\u00e8ge frelon asiatique<\/strong> est une solution innovante pour <strong data-start=\"426\" data-end=\"449\">prot\u00e9ger vos ruches<\/strong> contre le <strong data-start=\"460\" data-end=\"478\">Vespa velutina<\/strong>, tout en respectant les insectes utiles.<br data-start=\"519\" data-end=\"522\" \/>D\u00e8s son installation, il agit efficacement pour <strong data-start=\"570\" data-end=\"605\">r\u00e9duire la pression des frelons<\/strong> autour du rucher et assurer la <strong data-start=\"637\" data-end=\"669\">tranquillit\u00e9 de vos colonies<\/strong>.<\/p>\n<p data-start=\"674\" data-end=\"1018\">Questo <strong data-start=\"677\" data-end=\"716\">pi\u00e8ge s\u00e9lectif anti-frelon BeeVital<\/strong> permet d\u2019attirer les frelons asiatiques gr\u00e2ce \u00e0 un syst\u00e8me \u00e0 ph\u00e9romones naturelles.<br data-start=\"800\" data-end=\"803\" \/>Une fois captur\u00e9s, les individus \u00e9mettent \u00e0 leur tour des signaux olfactifs, renfor\u00e7ant l\u2019efficacit\u00e9 du dispositif.<br data-start=\"918\" data-end=\"921\" \/><strong data-start=\"921\" data-end=\"930\">Quindi<\/strong>, le pi\u00e8ge BeeVital agit sans produits chimiques, de mani\u00e8re \u00e9cologique et durable.<\/p>\n<hr data-start=\"1020\" data-end=\"1023\" \/>\n<h3 data-start=\"1025\" data-end=\"1071\">\u2699\ufe0f Caract\u00e9ristiques du VeluTrap BeeVital<\/h3>\n<ul data-start=\"1073\" data-end=\"1491\">\n<li data-start=\"1073\" data-end=\"1157\">\n<p data-start=\"1075\" data-end=\"1157\"><strong data-start=\"1075\" data-end=\"1096\">Type de produit :<\/strong> pi\u00e8ge s\u00e9lectif contre le frelon asiatique (Vespa velutina)<\/p>\n<\/li>\n<li data-start=\"1158\" data-end=\"1220\">\n<p data-start=\"1160\" data-end=\"1220\"><strong data-start=\"1160\" data-end=\"1177\">Utilisation :<\/strong> protection des ruchers et zones apicoles<\/p>\n<\/li>\n<li data-start=\"1221\" data-end=\"1297\">\n<p data-start=\"1223\" data-end=\"1297\"><strong data-start=\"1223\" data-end=\"1238\">M\u00e9canisme :<\/strong> capture s\u00e9lective avec \u00e9mission de ph\u00e9romones naturelles<\/p>\n<\/li>\n<li data-start=\"1298\" data-end=\"1363\">\n<p data-start=\"1300\" data-end=\"1363\"><strong data-start=\"1300\" data-end=\"1315\">Mat\u00e9riaux :<\/strong> plastique r\u00e9sistant aux UV et aux intemp\u00e9ries<\/p>\n<\/li>\n<li data-start=\"1364\" data-end=\"1433\">\n<p data-start=\"1366\" data-end=\"1433\"><strong data-start=\"1366\" data-end=\"1391\">Volume du r\u00e9servoir :<\/strong> environ 400 ml d\u2019attractif (non inclus)<\/p>\n<\/li>\n<li data-start=\"1434\" data-end=\"1491\">\n<p data-start=\"1436\" data-end=\"1491\"><strong data-start=\"1436\" data-end=\"1453\">Fabrication :<\/strong> conception et production europ\u00e9enne<\/p>\n<\/li>\n<\/ul>\n<hr data-start=\"1493\" data-end=\"1496\" \/>\n<h3 data-start=\"1498\" data-end=\"1537\">\ud83d\udca1 Avantages du VeluTrap BeeVital<\/h3>\n<ul data-start=\"1539\" data-end=\"1879\">\n<li data-start=\"1539\" data-end=\"1599\">\n<p data-start=\"1541\" data-end=\"1599\"><strong data-start=\"1541\" data-end=\"1555\">S\u00e9lectif :<\/strong> laisse s\u2019\u00e9chapper les insectes non cibl\u00e9s<\/p>\n<\/li>\n<li data-start=\"1600\" data-end=\"1667\">\n<p data-start=\"1602\" data-end=\"1667\"><strong data-start=\"1602\" data-end=\"1618\">Hygi\u00e9nique :<\/strong> aucun contact direct avec le liquide attractif<\/p>\n<\/li>\n<li data-start=\"1668\" data-end=\"1747\">\n<p data-start=\"1670\" data-end=\"1747\"><strong data-start=\"1670\" data-end=\"1685\">R\u00e9sistant :<\/strong> supporte la pluie, le vent et les variations de temp\u00e9rature<\/p>\n<\/li>\n<li data-start=\"1748\" data-end=\"1822\">\n<p data-start=\"1750\" data-end=\"1822\"><strong data-start=\"1750\" data-end=\"1774\">Simple \u00e0 installer :<\/strong> se suspend \u00e0 proximit\u00e9 des ruches, \u00e0 mi-ombre<\/p>\n<\/li>\n<li data-start=\"1823\" data-end=\"1879\">\n<p data-start=\"1825\" data-end=\"1879\"><strong data-start=\"1825\" data-end=\"1841\">\u00c9cologique :<\/strong> sans insecticide ni produit toxique<\/p>\n<\/li>\n<\/ul>\n<hr data-start=\"1881\" data-end=\"1884\" \/>\n<h3 data-start=\"1886\" data-end=\"1918\">\ud83e\udded Conseils d\u2019installation<\/h3>\n<p data-start=\"1920\" data-end=\"2259\">Suspendez le <strong data-start=\"1933\" data-end=\"1977\">VeluTrap BeeVital pi\u00e8ge frelon asiatique<\/strong> sur les trajets de vol des frelons, \u00e0 1,5 m de hauteur environ.<br data-start=\"2041\" data-end=\"2044\" \/>Remplissez le r\u00e9servoir d\u2019attractif jusqu\u2019\u00e0 moiti\u00e9 et renouvelez-le r\u00e9guli\u00e8rement, surtout en p\u00e9riode chaude.<br data-start=\"2153\" data-end=\"2156\" \/><strong data-start=\"2156\" data-end=\"2172\">Inoltre<\/strong>, veillez \u00e0 nettoyer le pi\u00e8ge toutes les deux semaines pour maintenir son efficacit\u00e9.<\/p>\n<hr data-start=\"2261\" data-end=\"2264\" \/>\n<h3 data-start=\"2266\" data-end=\"2315\">\ud83d\udc1d Une protection durable pour vos abeilles<\/h3>\n<p data-start=\"2317\" data-end=\"2647\">Gr\u00e2ce au <strong data-start=\"2326\" data-end=\"2347\">VeluTrap BeeVital<\/strong>, vous r\u00e9duisez efficacement la pr\u00e9dation des frelons sur vos colonies.<br data-start=\"2418\" data-end=\"2421\" \/>Ce syst\u00e8me s\u2019int\u00e8gre parfaitement \u00e0 une <strong data-start=\"2461\" data-end=\"2513\">apiculture responsable et respectueuse du vivant<\/strong>.<br data-start=\"2514\" data-end=\"2517\" \/><strong data-start=\"2517\" data-end=\"2528\">Inoltre<\/strong>, il peut \u00eatre combin\u00e9 avec d\u2019autres m\u00e9thodes de pr\u00e9vention comme les <strong data-start=\"2598\" data-end=\"2644\">ruches basse consommation RBC BeevolutionX<\/strong>.<\/p>\n<p data-start=\"2649\" data-end=\"2966\">\ud83d\udcd8 D\u00e9couvrez aussi le livre compl\u00e9mentaire<br data-start=\"2691\" data-end=\"2694\" \/>\ud83d\udc49 <a class=\"decorated-link\" href=\"https:\/\/beevolutionx.com\/it\/negozio\/libri\/installer-un-premier-rucher-pratiquer-une-apiculture-respectueuse-du-bien-etre-des-abeilles-avec-la-ruche-basse-consommation\/\" target=\"_new\" rel=\"noopener\" data-start=\"2697\" data-end=\"2964\"><strong data-start=\"2698\" data-end=\"2795\">Installer un premier rucher \u2013 pratiquer une apiculture respectueuse du bien-\u00eatre des abeilles<\/strong><\/a><\/p>","protected":false},"excerpt":{"rendered":"<p>VeluTrap BeeVital \u2013 pi\u00e8ge s\u00e9lectif anti-frelon asiatique, con\u00e7u pour prot\u00e9ger vos colonies tout en respectant les insectes utiles. Installation et entretien simplifi\u00e9s.<\/p>","protected":false},"featured_media":2602,"template":"","meta":{"_et_pb_use_builder":"","_et_pb_old_content":"","_et_gb_content_width":""},"product_brand":[31],"product_cat":[30],"product_tag":[],"class_list":{"0":"post-1847","1":"product","2":"type-product","3":"status-publish","4":"has-post-thumbnail","6":"product_brand-beevital","7":"product_cat-piege-a-frelons","8":"product_shipping_class-volumineux","10":"first","11":"outofstock","12":"featured","13":"taxable","14":"shipping-taxable","15":"purchasable","16":"product-type-simple"},"yoast_head":"<!-- This site is optimized with the Yoast SEO plugin v27.4 - https:\/\/yoast.com\/product\/yoast-seo-wordpress\/ -->\n<title>VeluTrap BeeVital \u2013 Pi\u00e8ge frelon asiatique s\u00e9lectif - BeevolutionX<\/title>\n<meta name=\"description\" content=\"VeluTrap BeeVital pi\u00e8ge frelon asiatique. Solution s\u00e9lective, \u00e9cologique et durable pour prot\u00e9ger vos ruches sans produits chimiques.\" \/>\n<meta name=\"robots\" content=\"index, follow, max-snippet:-1, max-image-preview:large, max-video-preview:-1\" \/>\n<link rel=\"canonical\" href=\"https:\/\/beevolutionx.com\/it\/negozio\/piege-a-frelons\/velutrap-beevital-piege-frelon-asiatique\/\" \/>\n<meta property=\"og:locale\" content=\"it_IT\" \/>\n<meta property=\"og:type\" content=\"article\" \/>\n<meta property=\"og:title\" content=\"VeluTrap BeeVital \u2013 Pi\u00e8ge frelon asiatique s\u00e9lectif - BeevolutionX\" \/>\n<meta property=\"og:description\" content=\"VeluTrap BeeVital pi\u00e8ge frelon asiatique. Solution s\u00e9lective, \u00e9cologique et durable pour prot\u00e9ger vos ruches sans produits chimiques.\" \/>\n<meta property=\"og:url\" content=\"https:\/\/beevolutionx.com\/it\/negozio\/piege-a-frelons\/velutrap-beevital-piege-frelon-asiatique\/\" \/>\n<meta property=\"og:site_name\" content=\"BeevolutionX\" \/>\n<meta property=\"article:publisher\" content=\"https:\/\/www.facebook.com\/profile.php?id=61556152756378\" \/>\n<meta property=\"article:modified_time\" content=\"2026-04-14T10:03:40+00:00\" \/>\n<meta property=\"og:image\" content=\"https:\/\/beevolutionx.com\/wp-content\/uploads\/2025\/10\/VT001-INT-v01.0-VeluTrap\u00ae.jpg\" \/>\n\t<meta property=\"og:image:width\" content=\"1000\" \/>\n\t<meta property=\"og:image:height\" content=\"1000\" \/>\n\t<meta property=\"og:image:type\" content=\"image\/jpeg\" \/>\n<meta name=\"twitter:card\" content=\"summary_large_image\" \/>\n<meta name=\"twitter:label1\" content=\"Tempo di lettura stimato\" \/>\n\t<meta name=\"twitter:data1\" content=\"2 minuti\" \/>\n<script type=\"application\/ld+json\" class=\"yoast-schema-graph\">{\"@context\":\"https:\\\/\\\/schema.org\",\"@graph\":[{\"@type\":\"WebPage\",\"@id\":\"https:\\\/\\\/beevolutionx.com\\\/boutique\\\/piege-a-frelons\\\/velutrap-beevital-piege-frelon-asiatique\\\/\",\"url\":\"https:\\\/\\\/beevolutionx.com\\\/boutique\\\/piege-a-frelons\\\/velutrap-beevital-piege-frelon-asiatique\\\/\",\"name\":\"VeluTrap BeeVital \u2013 Pi\u00e8ge frelon asiatique s\u00e9lectif - BeevolutionX\",\"isPartOf\":{\"@id\":\"https:\\\/\\\/beevolutionx.com\\\/#website\"},\"primaryImageOfPage\":{\"@id\":\"https:\\\/\\\/beevolutionx.com\\\/boutique\\\/piege-a-frelons\\\/velutrap-beevital-piege-frelon-asiatique\\\/#primaryimage\"},\"image\":{\"@id\":\"https:\\\/\\\/beevolutionx.com\\\/boutique\\\/piege-a-frelons\\\/velutrap-beevital-piege-frelon-asiatique\\\/#primaryimage\"},\"thumbnailUrl\":\"https:\\\/\\\/i0.wp.com\\\/beevolutionx.com\\\/wp-content\\\/uploads\\\/2025\\\/10\\\/VT001-INT-v01.0-VeluTrap%C2%AE.jpg?fit=1000%2C1000&ssl=1\",\"datePublished\":\"2025-10-24T07:54:32+00:00\",\"dateModified\":\"2026-04-14T10:03:40+00:00\",\"description\":\"VeluTrap BeeVital pi\u00e8ge frelon asiatique. Solution s\u00e9lective, \u00e9cologique et durable pour prot\u00e9ger vos ruches sans produits chimiques.\",\"breadcrumb\":{\"@id\":\"https:\\\/\\\/beevolutionx.com\\\/boutique\\\/piege-a-frelons\\\/velutrap-beevital-piege-frelon-asiatique\\\/#breadcrumb\"},\"inLanguage\":\"it-IT\",\"potentialAction\":[{\"@type\":\"ReadAction\",\"target\":[\"https:\\\/\\\/beevolutionx.com\\\/boutique\\\/piege-a-frelons\\\/velutrap-beevital-piege-frelon-asiatique\\\/\"]}]},{\"@type\":\"ImageObject\",\"inLanguage\":\"it-IT\",\"@id\":\"https:\\\/\\\/beevolutionx.com\\\/boutique\\\/piege-a-frelons\\\/velutrap-beevital-piege-frelon-asiatique\\\/#primaryimage\",\"url\":\"https:\\\/\\\/i0.wp.com\\\/beevolutionx.com\\\/wp-content\\\/uploads\\\/2025\\\/10\\\/VT001-INT-v01.0-VeluTrap%C2%AE.jpg?fit=1000%2C1000&ssl=1\",\"contentUrl\":\"https:\\\/\\\/i0.wp.com\\\/beevolutionx.com\\\/wp-content\\\/uploads\\\/2025\\\/10\\\/VT001-INT-v01.0-VeluTrap%C2%AE.jpg?fit=1000%2C1000&ssl=1\",\"width\":1000,\"height\":1000,\"caption\":\"VeluTrap\u00ae\"},{\"@type\":\"BreadcrumbList\",\"@id\":\"https:\\\/\\\/beevolutionx.com\\\/boutique\\\/piege-a-frelons\\\/velutrap-beevital-piege-frelon-asiatique\\\/#breadcrumb\",\"itemListElement\":[{\"@type\":\"ListItem\",\"position\":1,\"name\":\"Accueil\",\"item\":\"https:\\\/\\\/beevolutionx.com\\\/\"},{\"@type\":\"ListItem\",\"position\":2,\"name\":\"Boutique\",\"item\":\"https:\\\/\\\/beevolutionx.com\\\/boutique\\\/\"},{\"@type\":\"ListItem\",\"position\":3,\"name\":\"VeluTrap BeeVital \u2013 Pi\u00e8ge frelon asiatique s\u00e9lectif\"}]},{\"@type\":\"WebSite\",\"@id\":\"https:\\\/\\\/beevolutionx.com\\\/#website\",\"url\":\"https:\\\/\\\/beevolutionx.com\\\/\",\"name\":\"BeevolutionX\",\"description\":\"Le site officiel de la Ruche Basse Consommation\u00ae (RBC\u00ae)\",\"publisher\":{\"@id\":\"https:\\\/\\\/beevolutionx.com\\\/#organization\"},\"potentialAction\":[{\"@type\":\"SearchAction\",\"target\":{\"@type\":\"EntryPoint\",\"urlTemplate\":\"https:\\\/\\\/beevolutionx.com\\\/?s={search_term_string}\"},\"query-input\":{\"@type\":\"PropertyValueSpecification\",\"valueRequired\":true,\"valueName\":\"search_term_string\"}}],\"inLanguage\":\"it-IT\"},{\"@type\":\"Organization\",\"@id\":\"https:\\\/\\\/beevolutionx.com\\\/#organization\",\"name\":\"BeevolutionX\",\"url\":\"https:\\\/\\\/beevolutionx.com\\\/\",\"logo\":{\"@type\":\"ImageObject\",\"inLanguage\":\"it-IT\",\"@id\":\"https:\\\/\\\/beevolutionx.com\\\/#\\\/schema\\\/logo\\\/image\\\/\",\"url\":\"https:\\\/\\\/beevolutionx.com\\\/wp-content\\\/uploads\\\/2025\\\/01\\\/BEEVOLUTION-X-LOGO-FINAL-tech-bleu.png\",\"contentUrl\":\"https:\\\/\\\/beevolutionx.com\\\/wp-content\\\/uploads\\\/2025\\\/01\\\/BEEVOLUTION-X-LOGO-FINAL-tech-bleu.png\",\"width\":1114,\"height\":1080,\"caption\":\"BeevolutionX\"},\"image\":{\"@id\":\"https:\\\/\\\/beevolutionx.com\\\/#\\\/schema\\\/logo\\\/image\\\/\"},\"sameAs\":[\"https:\\\/\\\/www.facebook.com\\\/profile.php?id=61556152756378\",\"https:\\\/\\\/www.youtube.com\\\/results?search_query=beevolutionx\",\"https:\\\/\\\/www.instagram.com\\\/beevolutionx\\\/\",\"https:\\\/\\\/www.tiktok.com\\\/@beevolutionx\"]}]}<\/script>\n<!-- \/ Yoast SEO plugin. -->","yoast_head_json":{"title":"VeluTrap BeeVital \u2013 Pi\u00e8ge frelon asiatique s\u00e9lectif - BeevolutionX","description":"VeluTrap BeeVital pi\u00e8ge frelon asiatique. Solution s\u00e9lective, \u00e9cologique et durable pour prot\u00e9ger vos ruches sans produits chimiques.","robots":{"index":"index","follow":"follow","max-snippet":"max-snippet:-1","max-image-preview":"max-image-preview:large","max-video-preview":"max-video-preview:-1"},"canonical":"https:\/\/beevolutionx.com\/it\/negozio\/piege-a-frelons\/velutrap-beevital-piege-frelon-asiatique\/","og_locale":"it_IT","og_type":"article","og_title":"VeluTrap BeeVital \u2013 Pi\u00e8ge frelon asiatique s\u00e9lectif - BeevolutionX","og_description":"VeluTrap BeeVital pi\u00e8ge frelon asiatique. Solution s\u00e9lective, \u00e9cologique et durable pour prot\u00e9ger vos ruches sans produits chimiques.","og_url":"https:\/\/beevolutionx.com\/it\/negozio\/piege-a-frelons\/velutrap-beevital-piege-frelon-asiatique\/","og_site_name":"BeevolutionX","article_publisher":"https:\/\/www.facebook.com\/profile.php?id=61556152756378","article_modified_time":"2026-04-14T10:03:40+00:00","og_image":[{"width":1000,"height":1000,"url":"https:\/\/beevolutionx.com\/wp-content\/uploads\/2025\/10\/VT001-INT-v01.0-VeluTrap\u00ae.jpg","type":"image\/jpeg"}],"twitter_card":"summary_large_image","twitter_misc":{"Tempo di lettura stimato":"2 minuti"},"schema":{"@context":"https:\/\/schema.org","@graph":[{"@type":"WebPage","@id":"https:\/\/beevolutionx.com\/boutique\/piege-a-frelons\/velutrap-beevital-piege-frelon-asiatique\/","url":"https:\/\/beevolutionx.com\/boutique\/piege-a-frelons\/velutrap-beevital-piege-frelon-asiatique\/","name":"VeluTrap BeeVital \u2013 Pi\u00e8ge frelon asiatique s\u00e9lectif - BeevolutionX","isPartOf":{"@id":"https:\/\/beevolutionx.com\/#website"},"primaryImageOfPage":{"@id":"https:\/\/beevolutionx.com\/boutique\/piege-a-frelons\/velutrap-beevital-piege-frelon-asiatique\/#primaryimage"},"image":{"@id":"https:\/\/beevolutionx.com\/boutique\/piege-a-frelons\/velutrap-beevital-piege-frelon-asiatique\/#primaryimage"},"thumbnailUrl":"https:\/\/i0.wp.com\/beevolutionx.com\/wp-content\/uploads\/2025\/10\/VT001-INT-v01.0-VeluTrap%C2%AE.jpg?fit=1000%2C1000&ssl=1","datePublished":"2025-10-24T07:54:32+00:00","dateModified":"2026-04-14T10:03:40+00:00","description":"VeluTrap BeeVital pi\u00e8ge frelon asiatique. Solution s\u00e9lective, \u00e9cologique et durable pour prot\u00e9ger vos ruches sans produits chimiques.","breadcrumb":{"@id":"https:\/\/beevolutionx.com\/boutique\/piege-a-frelons\/velutrap-beevital-piege-frelon-asiatique\/#breadcrumb"},"inLanguage":"it-IT","potentialAction":[{"@type":"ReadAction","target":["https:\/\/beevolutionx.com\/boutique\/piege-a-frelons\/velutrap-beevital-piege-frelon-asiatique\/"]}]},{"@type":"ImageObject","inLanguage":"it-IT","@id":"https:\/\/beevolutionx.com\/boutique\/piege-a-frelons\/velutrap-beevital-piege-frelon-asiatique\/#primaryimage","url":"https:\/\/i0.wp.com\/beevolutionx.com\/wp-content\/uploads\/2025\/10\/VT001-INT-v01.0-VeluTrap%C2%AE.jpg?fit=1000%2C1000&ssl=1","contentUrl":"https:\/\/i0.wp.com\/beevolutionx.com\/wp-content\/uploads\/2025\/10\/VT001-INT-v01.0-VeluTrap%C2%AE.jpg?fit=1000%2C1000&ssl=1","width":1000,"height":1000,"caption":"VeluTrap\u00ae"},{"@type":"BreadcrumbList","@id":"https:\/\/beevolutionx.com\/boutique\/piege-a-frelons\/velutrap-beevital-piege-frelon-asiatique\/#breadcrumb","itemListElement":[{"@type":"ListItem","position":1,"name":"Accueil","item":"https:\/\/beevolutionx.com\/"},{"@type":"ListItem","position":2,"name":"Boutique","item":"https:\/\/beevolutionx.com\/boutique\/"},{"@type":"ListItem","position":3,"name":"VeluTrap BeeVital \u2013 Pi\u00e8ge frelon asiatique s\u00e9lectif"}]},{"@type":"WebSite","@id":"https:\/\/beevolutionx.com\/#website","url":"https:\/\/beevolutionx.com\/","name":"BeevolutionX","description":"Le site officiel de la Ruche Basse Consommation\u00ae (RBC\u00ae)","publisher":{"@id":"https:\/\/beevolutionx.com\/#organization"},"potentialAction":[{"@type":"SearchAction","target":{"@type":"EntryPoint","urlTemplate":"https:\/\/beevolutionx.com\/?s={search_term_string}"},"query-input":{"@type":"PropertyValueSpecification","valueRequired":true,"valueName":"search_term_string"}}],"inLanguage":"it-IT"},{"@type":"Organization","@id":"https:\/\/beevolutionx.com\/#organization","name":"BeevolutionX","url":"https:\/\/beevolutionx.com\/","logo":{"@type":"ImageObject","inLanguage":"it-IT","@id":"https:\/\/beevolutionx.com\/#\/schema\/logo\/image\/","url":"https:\/\/beevolutionx.com\/wp-content\/uploads\/2025\/01\/BEEVOLUTION-X-LOGO-FINAL-tech-bleu.png","contentUrl":"https:\/\/beevolutionx.com\/wp-content\/uploads\/2025\/01\/BEEVOLUTION-X-LOGO-FINAL-tech-bleu.png","width":1114,"height":1080,"caption":"BeevolutionX"},"image":{"@id":"https:\/\/beevolutionx.com\/#\/schema\/logo\/image\/"},"sameAs":["https:\/\/www.facebook.com\/profile.php?id=61556152756378","https:\/\/www.youtube.com\/results?search_query=beevolutionx","https:\/\/www.instagram.com\/beevolutionx\/","https:\/\/www.tiktok.com\/@beevolutionx"]}]}},"jetpack_sharing_enabled":true,"_links":{"self":[{"href":"https:\/\/beevolutionx.com\/it\/wp-json\/wp\/v2\/product\/1847","targetHints":{"allow":["GET"]}}],"collection":[{"href":"https:\/\/beevolutionx.com\/it\/wp-json\/wp\/v2\/product"}],"about":[{"href":"https:\/\/beevolutionx.com\/it\/wp-json\/wp\/v2\/types\/product"}],"wp:featuredmedia":[{"embeddable":true,"href":"https:\/\/beevolutionx.com\/it\/wp-json\/wp\/v2\/media\/2602"}],"wp:attachment":[{"href":"https:\/\/beevolutionx.com\/it\/wp-json\/wp\/v2\/media?parent=1847"}],"wp:term":[{"taxonomy":"product_brand","embeddable":true,"href":"https:\/\/beevolutionx.com\/it\/wp-json\/wp\/v2\/product_brand?post=1847"},{"taxonomy":"product_cat","embeddable":true,"href":"https:\/\/beevolutionx.com\/it\/wp-json\/wp\/v2\/product_cat?post=1847"},{"taxonomy":"product_tag","embeddable":true,"href":"https:\/\/beevolutionx.com\/it\/wp-json\/wp\/v2\/product_tag?post=1847"}],"curies":[{"name":"wp","href":"https:\/\/api.w.org\/{rel}","templated":true}]}}