{"id":240,"date":"2025-01-28T10:31:06","date_gmt":"2025-01-28T09:31:06","guid":{"rendered":"https:\/\/beevolutionx.com\/?post_type=product&#038;p=240"},"modified":"2026-04-17T07:05:46","modified_gmt":"2026-04-17T05:05:46","slug":"allestimento-del-primo-apiario-rbc","status":"publish","type":"product","link":"https:\/\/beevolutionx.com\/it\/boutique\/livres-apiculture\/installer-un-premier-rucher-apiculture-rbc\/","title":{"rendered":"Allestimento del primo apiario - Apicoltura rispettosa RBC"},"content":{"rendered":"<h2 data-start=\"502\" data-end=\"636\">\ud83d\udc1d Allestimento del primo apiario - L'apicoltura che rispetta il benessere delle api con l'arnia a basso consumo energetico<\/h2>\n<h3 data-start=\"638\" data-end=\"700\">\ud83c\udf3c Una guida chiara per iniziare l'apicoltura in tutta tranquillit\u00e0<\/h3>\n<p data-start=\"702\" data-end=\"1098\">Il libro <strong data-start=\"711\" data-end=\"742\">Allestimento del primo apiario<\/strong> \u00e8 rivolto a tutti coloro che desiderano <strong data-start=\"792\" data-end=\"823\">entrare in apicoltura<\/strong>, rispettando il ritmo e le esigenze naturali delle api.<br data-start=\"891\" data-end=\"894\" \/>Scritto da <strong data-start=\"905\" data-end=\"921\">Jean Riondet<\/strong>, un apicoltore riconosciuto e <strong data-start=\"946\" data-end=\"962\">Damien Merit<\/strong>, biologo specializzato nella coibentazione degli alveari, questo libro offre un'ampia <strong data-start=\"1038\" data-end=\"1079\">un approccio semplice, intuitivo e moderno<\/strong> apicoltura.<\/p>\n<p data-start=\"1100\" data-end=\"1495\">Gli autori presentano un metodo che unisce <strong data-start=\"1144\" data-end=\"1164\">benessere degli animali<\/strong> e <strong data-start=\"1168\" data-end=\"1194\">efficienza energetica<\/strong> il <strong data-start=\"1200\" data-end=\"1234\">alveare a basso consumo energetico (RBC)<\/strong>.<br data-start=\"1235\" data-end=\"1238\" \/>Ispirato alla natura, questo approccio permette di <strong data-start=\"1286\" data-end=\"1309\">proteggere la nidiata<\/strong>, <strong data-start=\"1311\" data-end=\"1348\">risparmio energetico per le api<\/strong> e <strong data-start=\"1352\" data-end=\"1391\">migliorare la longevit\u00e0 delle colonie<\/strong>.<br data-start=\"1392\" data-end=\"1395\" \/><strong data-start=\"1395\" data-end=\"1404\">Quindi<\/strong>, L'apicoltore agisce in armonia con la colonia ottimizzando la produzione di miele.<\/p>\n<hr data-start=\"1497\" data-end=\"1500\" \/>\n<h3 data-start=\"1502\" data-end=\"1557\">\ud83e\udded Creare il vostro primo apiario: una guida completa per cominciare<\/h3>\n<p data-start=\"1559\" data-end=\"1581\">Scoprirete :<\/p>\n<ul data-start=\"1582\" data-end=\"1946\">\n<li data-start=\"1582\" data-end=\"1664\">\n<p data-start=\"1584\" data-end=\"1664\">Gli elementi essenziali per <strong data-start=\"1612\" data-end=\"1643\">allestimento del primo apiario<\/strong> in totale sicurezza.<\/p>\n<\/li>\n<li data-start=\"1665\" data-end=\"1770\">\n<p data-start=\"1667\" data-end=\"1770\">Le <strong data-start=\"1670\" data-end=\"1699\">ciclo di vita dell'ape<\/strong>, il funzionamento del <strong data-start=\"1725\" data-end=\"1736\">colonia<\/strong> e il <strong data-start=\"1743\" data-end=\"1767\">ruolo di ogni casta<\/strong>.<\/p>\n<\/li>\n<li data-start=\"1771\" data-end=\"1858\">\n<p data-start=\"1773\" data-end=\"1858\">Consigli pratici per <strong data-start=\"1801\" data-end=\"1812\">alimentazione<\/strong>, <strong data-start=\"1814\" data-end=\"1826\">proteggere<\/strong> e <strong data-start=\"1830\" data-end=\"1844\">servizio<\/strong> i vostri alveari.<\/p>\n<\/li>\n<li data-start=\"1859\" data-end=\"1946\">\n<p data-start=\"1861\" data-end=\"1946\">Metodi chiari per <strong data-start=\"1887\" data-end=\"1907\">raccolta del miele<\/strong> senza danneggiare la sopravvivenza delle api.<\/p>\n<\/li>\n<\/ul>\n<p data-start=\"1948\" data-end=\"2202\">Ogni capitolo vi porta passo dopo passo da <strong data-start=\"1989\" data-end=\"2021\">scelta del sito di installazione<\/strong> fino al <strong data-start=\"2033\" data-end=\"2052\">raccolta del miele<\/strong>.<br data-start=\"2053\" data-end=\"2056\" \/><strong data-start=\"2056\" data-end=\"2067\">Inoltre<\/strong>, Il libro contiene illustrazioni ed esempi pratici per guidare i principianti nelle loro prime stagioni apistiche.<\/p>\n<hr data-start=\"2204\" data-end=\"2207\" \/>\n<h3 data-start=\"2209\" data-end=\"2274\">\ud83c\udf6f Apicoltura moderna e responsabile con il metodo RBC<\/h3>\n<p data-start=\"2276\" data-end=\"2647\">Grazie al <strong data-start=\"2287\" data-end=\"2315\">alveare a basso consumo energetico<\/strong>, Gli apicoltori principianti imparano come <strong data-start=\"2356\" data-end=\"2385\">lavorare con la natura<\/strong>, non contro di essa.<br data-start=\"2406\" data-end=\"2409\" \/>Questa tecnica promuove <strong data-start=\"2438\" data-end=\"2472\">migliore regolazione termica<\/strong>, a <strong data-start=\"2477\" data-end=\"2516\">sviluppo armonioso della nidiata<\/strong> e un <strong data-start=\"2524\" data-end=\"2554\">produzione sostenibile di miele<\/strong>.<br data-start=\"2555\" data-end=\"2558\" \/><strong data-start=\"2558\" data-end=\"2576\">Come risultato<\/strong>, Le colonie rimangono forti ed equilibrate per tutto l'anno.<\/p>\n<p data-start=\"2649\" data-end=\"2845\"><strong data-start=\"2649\" data-end=\"2665\">Inoltre<\/strong>, Questo metodo pu\u00f2 essere facilmente adattato agli apiari esistenti, senza bisogno di attrezzature complesse.<br data-start=\"2761\" data-end=\"2764\" \/>Rende l'apicoltura pi\u00f9 semplice, pi\u00f9 stabile e pi\u00f9 rispettosa degli esseri viventi.<\/p>\n<hr data-start=\"2847\" data-end=\"2850\" \/>\n<h3 data-start=\"2852\" data-end=\"2881\">\ud83d\udcd8 Ulteriori informazioni<\/h3>\n<p data-start=\"2883\" data-end=\"3199\">Scopri anche il libro complementare :<br data-start=\"2928\" data-end=\"2931\" \/>\ud83d\udc49 <a href=\"https:\/\/beevolutionx.com\/it\/negozio\/libri\/la-ruche-basse-consommation-rbc\/\"><strong data-start=\"2935\" data-end=\"3013\">L'arnia a basso consumo (LCH) - Un'innovazione apistica rivoluzionaria<\/strong><\/a><a class=\"decorated-link cursor-pointer\" target=\"_new\" rel=\"noopener\" data-start=\"2934\" data-end=\"3089\"><strong data-start=\"2935\" data-end=\"3013\"><br \/>\n<\/strong><\/a>Questo secondo libro approfondisce il metodo PIHP e i principi tecnici dell'arnia a basso consumo energetico.<\/p>","protected":false},"excerpt":{"rendered":"<div class=\"a-section a-spacing-small a-padding-base\">\n<h3>Biografia dell'autore<\/h3>\n<div class=\"a-section a-spacing-small a-padding-small\">\n<p><span class=\"a-text-bold\">Damien MERIT<\/span> \u00e8 un biologo proveniente da una famiglia di apicoltori e vive con le api fin dall'infanzia. Dal 2009 lavora con Marc Guillemain, pioniere della pratica dell'isolamento avanzato degli alveari. \u00c8 formatore e fondatore dell'Accademia di apicoltura BeevolutionX.<\/p>\n<p><span class=\"a-text-bold\">Jean RIONDET<\/span> \u00e8 un apicoltore amatoriale da oltre mezzo secolo ed \u00e8 autore di opere di riferimento sulle pratiche apistiche, oltre che di articoli sulla rivista <span class=\"a-text-italic\">L'Abeille de France<\/span>, un membro del comitato editoriale della rivista <span class=\"a-text-italic\">La salute dell'ape organo<\/span> della F\u00e9d\u00e9ration Nationale des Organisations Sanitaires Apicoles D\u00e9partementales. Creatore di uno strumento didattico basato sul web, \u00bbapiculture.beehoo.com\u00bb.\u00bb<\/p>\n<\/div>\n<\/div>","protected":false},"featured_media":246,"template":"","meta":{"_et_pb_use_builder":"","_et_pb_old_content":"","_et_gb_content_width":""},"product_brand":[],"product_cat":[21],"product_tag":[],"class_list":{"0":"post-240","1":"product","2":"type-product","3":"status-publish","4":"has-post-thumbnail","6":"product_cat-livres-apiculture","8":"first","9":"instock","10":"taxable","11":"shipping-taxable","12":"purchasable","13":"product-type-simple"},"yoast_head":"<!-- This site is optimized with the Yoast SEO plugin v27.4 - https:\/\/yoast.com\/product\/yoast-seo-wordpress\/ -->\n<title>Installer un premier rucher \u2013 Apiculture respectueuse RBC - BeevolutionX<\/title>\n<meta name=\"description\" content=\"Installer un premier rucher pas \u00e0 pas avec Jean Riondet et Damien Merit. D\u00e9couvrez la ruche basse consommation, une apiculture moderne et respectueuse.\" \/>\n<meta name=\"robots\" content=\"index, follow, max-snippet:-1, max-image-preview:large, max-video-preview:-1\" \/>\n<link rel=\"canonical\" href=\"https:\/\/beevolutionx.com\/it\/negozio\/livres-apiculture\/allestimento-del-primo-apiario-rbc\/\" \/>\n<meta property=\"og:locale\" content=\"it_IT\" \/>\n<meta property=\"og:type\" content=\"article\" \/>\n<meta property=\"og:title\" content=\"Installer un premier rucher \u2013 Apiculture respectueuse RBC - BeevolutionX\" \/>\n<meta property=\"og:description\" content=\"Installer un premier rucher pas \u00e0 pas avec Jean Riondet et Damien Merit. D\u00e9couvrez la ruche basse consommation, une apiculture moderne et respectueuse.\" \/>\n<meta property=\"og:url\" content=\"https:\/\/beevolutionx.com\/it\/negozio\/livres-apiculture\/allestimento-del-primo-apiario-rbc\/\" \/>\n<meta property=\"og:site_name\" content=\"BeevolutionX\" \/>\n<meta property=\"article:publisher\" content=\"https:\/\/www.facebook.com\/profile.php?id=61556152756378\" \/>\n<meta property=\"article:modified_time\" content=\"2026-04-17T05:05:46+00:00\" \/>\n<meta property=\"og:image\" content=\"https:\/\/beevolutionx.com\/wp-content\/uploads\/2025\/01\/RBC_couv_VBAT2-compresse.jpg\" \/>\n\t<meta property=\"og:image:width\" content=\"400\" \/>\n\t<meta property=\"og:image:height\" content=\"514\" \/>\n\t<meta property=\"og:image:type\" content=\"image\/jpeg\" \/>\n<meta name=\"twitter:card\" content=\"summary_large_image\" \/>\n<meta name=\"twitter:label1\" content=\"Tempo di lettura stimato\" \/>\n\t<meta name=\"twitter:data1\" content=\"3 minuti\" \/>\n<script type=\"application\/ld+json\" class=\"yoast-schema-graph\">{\"@context\":\"https:\\\/\\\/schema.org\",\"@graph\":[{\"@type\":\"WebPage\",\"@id\":\"https:\\\/\\\/beevolutionx.com\\\/boutique\\\/livres-apiculture\\\/installer-un-premier-rucher-apiculture-rbc\\\/\",\"url\":\"https:\\\/\\\/beevolutionx.com\\\/boutique\\\/livres-apiculture\\\/installer-un-premier-rucher-apiculture-rbc\\\/\",\"name\":\"Installer un premier rucher \u2013 Apiculture respectueuse RBC - BeevolutionX\",\"isPartOf\":{\"@id\":\"https:\\\/\\\/beevolutionx.com\\\/#website\"},\"primaryImageOfPage\":{\"@id\":\"https:\\\/\\\/beevolutionx.com\\\/boutique\\\/livres-apiculture\\\/installer-un-premier-rucher-apiculture-rbc\\\/#primaryimage\"},\"image\":{\"@id\":\"https:\\\/\\\/beevolutionx.com\\\/boutique\\\/livres-apiculture\\\/installer-un-premier-rucher-apiculture-rbc\\\/#primaryimage\"},\"thumbnailUrl\":\"https:\\\/\\\/i0.wp.com\\\/beevolutionx.com\\\/wp-content\\\/uploads\\\/2025\\\/01\\\/611sqa2naBL._SL1035_.jpg?fit=800%2C1035&ssl=1\",\"datePublished\":\"2025-01-28T09:31:06+00:00\",\"dateModified\":\"2026-04-17T05:05:46+00:00\",\"description\":\"Installer un premier rucher pas \u00e0 pas avec Jean Riondet et Damien Merit. D\u00e9couvrez la ruche basse consommation, une apiculture moderne et respectueuse.\",\"breadcrumb\":{\"@id\":\"https:\\\/\\\/beevolutionx.com\\\/boutique\\\/livres-apiculture\\\/installer-un-premier-rucher-apiculture-rbc\\\/#breadcrumb\"},\"inLanguage\":\"it-IT\",\"potentialAction\":[{\"@type\":\"ReadAction\",\"target\":[\"https:\\\/\\\/beevolutionx.com\\\/boutique\\\/livres-apiculture\\\/installer-un-premier-rucher-apiculture-rbc\\\/\"]}]},{\"@type\":\"ImageObject\",\"inLanguage\":\"it-IT\",\"@id\":\"https:\\\/\\\/beevolutionx.com\\\/boutique\\\/livres-apiculture\\\/installer-un-premier-rucher-apiculture-rbc\\\/#primaryimage\",\"url\":\"https:\\\/\\\/i0.wp.com\\\/beevolutionx.com\\\/wp-content\\\/uploads\\\/2025\\\/01\\\/611sqa2naBL._SL1035_.jpg?fit=800%2C1035&ssl=1\",\"contentUrl\":\"https:\\\/\\\/i0.wp.com\\\/beevolutionx.com\\\/wp-content\\\/uploads\\\/2025\\\/01\\\/611sqa2naBL._SL1035_.jpg?fit=800%2C1035&ssl=1\",\"width\":800,\"height\":1035,\"caption\":\"Installer un premier rucher \u2013 guide d\u2019apiculture pour d\u00e9butants avec la ruche basse consommation\"},{\"@type\":\"BreadcrumbList\",\"@id\":\"https:\\\/\\\/beevolutionx.com\\\/boutique\\\/livres-apiculture\\\/installer-un-premier-rucher-apiculture-rbc\\\/#breadcrumb\",\"itemListElement\":[{\"@type\":\"ListItem\",\"position\":1,\"name\":\"Accueil\",\"item\":\"https:\\\/\\\/beevolutionx.com\\\/\"},{\"@type\":\"ListItem\",\"position\":2,\"name\":\"Boutique\",\"item\":\"https:\\\/\\\/beevolutionx.com\\\/boutique\\\/\"},{\"@type\":\"ListItem\",\"position\":3,\"name\":\"Installer un premier rucher \u2013 Apiculture respectueuse RBC\"}]},{\"@type\":\"WebSite\",\"@id\":\"https:\\\/\\\/beevolutionx.com\\\/#website\",\"url\":\"https:\\\/\\\/beevolutionx.com\\\/\",\"name\":\"BeevolutionX\",\"description\":\"Le site officiel de la Ruche Basse Consommation\u00ae (RBC\u00ae)\",\"publisher\":{\"@id\":\"https:\\\/\\\/beevolutionx.com\\\/#organization\"},\"potentialAction\":[{\"@type\":\"SearchAction\",\"target\":{\"@type\":\"EntryPoint\",\"urlTemplate\":\"https:\\\/\\\/beevolutionx.com\\\/?s={search_term_string}\"},\"query-input\":{\"@type\":\"PropertyValueSpecification\",\"valueRequired\":true,\"valueName\":\"search_term_string\"}}],\"inLanguage\":\"it-IT\"},{\"@type\":\"Organization\",\"@id\":\"https:\\\/\\\/beevolutionx.com\\\/#organization\",\"name\":\"BeevolutionX\",\"url\":\"https:\\\/\\\/beevolutionx.com\\\/\",\"logo\":{\"@type\":\"ImageObject\",\"inLanguage\":\"it-IT\",\"@id\":\"https:\\\/\\\/beevolutionx.com\\\/#\\\/schema\\\/logo\\\/image\\\/\",\"url\":\"https:\\\/\\\/beevolutionx.com\\\/wp-content\\\/uploads\\\/2025\\\/01\\\/BEEVOLUTION-X-LOGO-FINAL-tech-bleu.png\",\"contentUrl\":\"https:\\\/\\\/beevolutionx.com\\\/wp-content\\\/uploads\\\/2025\\\/01\\\/BEEVOLUTION-X-LOGO-FINAL-tech-bleu.png\",\"width\":1114,\"height\":1080,\"caption\":\"BeevolutionX\"},\"image\":{\"@id\":\"https:\\\/\\\/beevolutionx.com\\\/#\\\/schema\\\/logo\\\/image\\\/\"},\"sameAs\":[\"https:\\\/\\\/www.facebook.com\\\/profile.php?id=61556152756378\",\"https:\\\/\\\/www.youtube.com\\\/results?search_query=beevolutionx\",\"https:\\\/\\\/www.instagram.com\\\/beevolutionx\\\/\",\"https:\\\/\\\/www.tiktok.com\\\/@beevolutionx\"]}]}<\/script>\n<!-- \/ Yoast SEO plugin. -->","yoast_head_json":{"title":"Allestimento del primo apiario - Apicoltura rispettosa RBC - BeevolutionX","description":"Create il vostro primo apiario passo dopo passo con Jean Riondet e Damien Merit. Scoprite l'arnia a basso consumo energetico, un metodo di apicoltura moderno e rispettoso.","robots":{"index":"index","follow":"follow","max-snippet":"max-snippet:-1","max-image-preview":"max-image-preview:large","max-video-preview":"max-video-preview:-1"},"canonical":"https:\/\/beevolutionx.com\/it\/negozio\/livres-apiculture\/allestimento-del-primo-apiario-rbc\/","og_locale":"it_IT","og_type":"article","og_title":"Installer un premier rucher \u2013 Apiculture respectueuse RBC - BeevolutionX","og_description":"Installer un premier rucher pas \u00e0 pas avec Jean Riondet et Damien Merit. D\u00e9couvrez la ruche basse consommation, une apiculture moderne et respectueuse.","og_url":"https:\/\/beevolutionx.com\/it\/negozio\/livres-apiculture\/allestimento-del-primo-apiario-rbc\/","og_site_name":"BeevolutionX","article_publisher":"https:\/\/www.facebook.com\/profile.php?id=61556152756378","article_modified_time":"2026-04-17T05:05:46+00:00","og_image":[{"width":400,"height":514,"url":"https:\/\/beevolutionx.com\/wp-content\/uploads\/2025\/01\/RBC_couv_VBAT2-compresse.jpg","type":"image\/jpeg"}],"twitter_card":"summary_large_image","twitter_misc":{"Tempo di lettura stimato":"3 minuti"},"schema":{"@context":"https:\/\/schema.org","@graph":[{"@type":"WebPage","@id":"https:\/\/beevolutionx.com\/boutique\/livres-apiculture\/installer-un-premier-rucher-apiculture-rbc\/","url":"https:\/\/beevolutionx.com\/boutique\/livres-apiculture\/installer-un-premier-rucher-apiculture-rbc\/","name":"Allestimento del primo apiario - Apicoltura rispettosa RBC - BeevolutionX","isPartOf":{"@id":"https:\/\/beevolutionx.com\/#website"},"primaryImageOfPage":{"@id":"https:\/\/beevolutionx.com\/boutique\/livres-apiculture\/installer-un-premier-rucher-apiculture-rbc\/#primaryimage"},"image":{"@id":"https:\/\/beevolutionx.com\/boutique\/livres-apiculture\/installer-un-premier-rucher-apiculture-rbc\/#primaryimage"},"thumbnailUrl":"https:\/\/i0.wp.com\/beevolutionx.com\/wp-content\/uploads\/2025\/01\/611sqa2naBL._SL1035_.jpg?fit=800%2C1035&ssl=1","datePublished":"2025-01-28T09:31:06+00:00","dateModified":"2026-04-17T05:05:46+00:00","description":"Create il vostro primo apiario passo dopo passo con Jean Riondet e Damien Merit. Scoprite l'arnia a basso consumo energetico, un metodo di apicoltura moderno e rispettoso.","breadcrumb":{"@id":"https:\/\/beevolutionx.com\/boutique\/livres-apiculture\/installer-un-premier-rucher-apiculture-rbc\/#breadcrumb"},"inLanguage":"it-IT","potentialAction":[{"@type":"ReadAction","target":["https:\/\/beevolutionx.com\/boutique\/livres-apiculture\/installer-un-premier-rucher-apiculture-rbc\/"]}]},{"@type":"ImageObject","inLanguage":"it-IT","@id":"https:\/\/beevolutionx.com\/boutique\/livres-apiculture\/installer-un-premier-rucher-apiculture-rbc\/#primaryimage","url":"https:\/\/i0.wp.com\/beevolutionx.com\/wp-content\/uploads\/2025\/01\/611sqa2naBL._SL1035_.jpg?fit=800%2C1035&ssl=1","contentUrl":"https:\/\/i0.wp.com\/beevolutionx.com\/wp-content\/uploads\/2025\/01\/611sqa2naBL._SL1035_.jpg?fit=800%2C1035&ssl=1","width":800,"height":1035,"caption":"Installer un premier rucher \u2013 guide d\u2019apiculture pour d\u00e9butants avec la ruche basse consommation"},{"@type":"BreadcrumbList","@id":"https:\/\/beevolutionx.com\/boutique\/livres-apiculture\/installer-un-premier-rucher-apiculture-rbc\/#breadcrumb","itemListElement":[{"@type":"ListItem","position":1,"name":"Accueil","item":"https:\/\/beevolutionx.com\/"},{"@type":"ListItem","position":2,"name":"Boutique","item":"https:\/\/beevolutionx.com\/boutique\/"},{"@type":"ListItem","position":3,"name":"Installer un premier rucher \u2013 Apiculture respectueuse RBC"}]},{"@type":"WebSite","@id":"https:\/\/beevolutionx.com\/#website","url":"https:\/\/beevolutionx.com\/","name":"BeevolutionX","description":"Le site officiel de la Ruche Basse Consommation\u00ae (RBC\u00ae)","publisher":{"@id":"https:\/\/beevolutionx.com\/#organization"},"potentialAction":[{"@type":"SearchAction","target":{"@type":"EntryPoint","urlTemplate":"https:\/\/beevolutionx.com\/?s={search_term_string}"},"query-input":{"@type":"PropertyValueSpecification","valueRequired":true,"valueName":"search_term_string"}}],"inLanguage":"it-IT"},{"@type":"Organization","@id":"https:\/\/beevolutionx.com\/#organization","name":"BeevolutionX","url":"https:\/\/beevolutionx.com\/","logo":{"@type":"ImageObject","inLanguage":"it-IT","@id":"https:\/\/beevolutionx.com\/#\/schema\/logo\/image\/","url":"https:\/\/beevolutionx.com\/wp-content\/uploads\/2025\/01\/BEEVOLUTION-X-LOGO-FINAL-tech-bleu.png","contentUrl":"https:\/\/beevolutionx.com\/wp-content\/uploads\/2025\/01\/BEEVOLUTION-X-LOGO-FINAL-tech-bleu.png","width":1114,"height":1080,"caption":"BeevolutionX"},"image":{"@id":"https:\/\/beevolutionx.com\/#\/schema\/logo\/image\/"},"sameAs":["https:\/\/www.facebook.com\/profile.php?id=61556152756378","https:\/\/www.youtube.com\/results?search_query=beevolutionx","https:\/\/www.instagram.com\/beevolutionx\/","https:\/\/www.tiktok.com\/@beevolutionx"]}]}},"jetpack_sharing_enabled":true,"_links":{"self":[{"href":"https:\/\/beevolutionx.com\/it\/wp-json\/wp\/v2\/product\/240","targetHints":{"allow":["GET"]}}],"collection":[{"href":"https:\/\/beevolutionx.com\/it\/wp-json\/wp\/v2\/product"}],"about":[{"href":"https:\/\/beevolutionx.com\/it\/wp-json\/wp\/v2\/types\/product"}],"wp:featuredmedia":[{"embeddable":true,"href":"https:\/\/beevolutionx.com\/it\/wp-json\/wp\/v2\/media\/246"}],"wp:attachment":[{"href":"https:\/\/beevolutionx.com\/it\/wp-json\/wp\/v2\/media?parent=240"}],"wp:term":[{"taxonomy":"product_brand","embeddable":true,"href":"https:\/\/beevolutionx.com\/it\/wp-json\/wp\/v2\/product_brand?post=240"},{"taxonomy":"product_cat","embeddable":true,"href":"https:\/\/beevolutionx.com\/it\/wp-json\/wp\/v2\/product_cat?post=240"},{"taxonomy":"product_tag","embeddable":true,"href":"https:\/\/beevolutionx.com\/it\/wp-json\/wp\/v2\/product_tag?post=240"}],"curies":[{"name":"wp","href":"https:\/\/api.w.org\/{rel}","templated":true}]}}