{"id":1392,"date":"2025-05-27T09:06:00","date_gmt":"2025-05-27T07:06:00","guid":{"rendered":"https:\/\/beevolutionx.com\/?post_type=product&#038;p=1392"},"modified":"2026-04-24T08:30:54","modified_gmt":"2026-04-24T06:30:54","slug":"fita-adesiva-reflectora-de-calor","status":"publish","type":"product","link":"https:\/\/beevolutionx.com\/pt\/boutique\/film-thermo-reflecteur-rbc\/ruban-adhesif-thermo-reflecteur\/","title":{"rendered":"Fita adesiva reflectora de calor BeevolutionX"},"content":{"rendered":"<h2 data-start=\"270\" data-end=\"322\">\ud83d\udc1d Fita adesiva termo-reflectora BeevolutionX<\/h2>\n<p data-start=\"324\" data-end=\"648\">Le <strong data-start=\"327\" data-end=\"375\">Fita adesiva reflectora de calor BeevolutionX<\/strong> \u00e9 a ferramenta ideal para <strong data-start=\"399\" data-end=\"434\">montar, reparar ou refor\u00e7ar<\/strong> os elementos isolantes de <strong data-start=\"461\" data-end=\"497\">urtic\u00e1ria de baixa energia (RBC\u00ae)<\/strong>.<br data-start=\"498\" data-end=\"501\" \/>Prev\u00ea <strong data-start=\"515\" data-end=\"536\">ajuste perfeito<\/strong> entre pel\u00edculas isolantes, envolt\u00f3rios e divis\u00f3rias, mantendo as suas propriedades de reflex\u00e3o do calor.<\/p>\n<p data-start=\"650\" data-end=\"994\">Gra\u00e7as \u00e0 sua <strong data-start=\"661\" data-end=\"683\">superf\u00edcie aluminizada<\/strong> e a sua <strong data-start=\"693\" data-end=\"724\">ades\u00e3o de alto desempenho<\/strong>, Permite-lhe <strong data-start=\"739\" data-end=\"763\">selar eficazmente<\/strong> sem alterar as suas propriedades reflectoras.<br data-start=\"822\" data-end=\"825\" \/>Esta fita tamb\u00e9m \u00e9 <strong data-start=\"844\" data-end=\"917\">resistente \u00e0 humidade, ao calor e \u00e0s varia\u00e7\u00f5es de temperatura<\/strong>, Isto garante um isolamento duradouro e homog\u00e9neo no interior da colmeia.<\/p>\n<hr data-start=\"996\" data-end=\"999\" \/>\n<h3 data-start=\"1001\" data-end=\"1056\">\u2699\ufe0f Carater\u00edsticas da fita adesiva reflectora de calor BeevolutionX<\/h3>\n<ul data-start=\"1058\" data-end=\"1304\">\n<li data-start=\"1058\" data-end=\"1080\">\n<p data-start=\"1060\" data-end=\"1080\"><strong data-start=\"1060\" data-end=\"1073\">Largura :<\/strong> 5 cm<\/p>\n<\/li>\n<li data-start=\"1081\" data-end=\"1104\">\n<p data-start=\"1083\" data-end=\"1104\"><strong data-start=\"1083\" data-end=\"1097\">Comprimento :<\/strong> 50 m<\/p>\n<\/li>\n<li data-start=\"1105\" data-end=\"1177\">\n<p data-start=\"1107\" data-end=\"1177\"><strong data-start=\"1107\" data-end=\"1121\">Material :<\/strong> suporte em PE aluminizado com adesivo acr\u00edlico de alta resist\u00eancia<\/p>\n<\/li>\n<li data-start=\"1178\" data-end=\"1220\">\n<p data-start=\"1180\" data-end=\"1220\"><strong data-start=\"1180\" data-end=\"1211\">Capacidade de reflex\u00e3o do calor :<\/strong> &gt; 85 %<\/p>\n<\/li>\n<li data-start=\"1221\" data-end=\"1304\">\n<p data-start=\"1223\" data-end=\"1304\"><strong data-start=\"1223\" data-end=\"1240\">Modo de utiliza\u00e7\u00e3o :<\/strong> interior ou exterior, compat\u00edvel com todos os produtos RBC<\/p>\n<\/li>\n<\/ul>\n<hr data-start=\"1306\" data-end=\"1309\" \/>\n<h3 data-start=\"1311\" data-end=\"1347\">Vantagens para o apicultor<\/h3>\n<ul data-start=\"1349\" data-end=\"1673\">\n<li data-start=\"1349\" data-end=\"1425\">\n<p data-start=\"1351\" data-end=\"1425\"><strong data-start=\"1351\" data-end=\"1374\">Garante a estanquidade \u00e0 \u00e1gua<\/strong> pel\u00edculas reflectoras de calor e len\u00e7os de hem\u00e1cias<\/p>\n<\/li>\n<li data-start=\"1426\" data-end=\"1481\">\n<p data-start=\"1428\" data-end=\"1481\"><strong data-start=\"1428\" data-end=\"1464\">Facilita as repara\u00e7\u00f5es r\u00e1pidas<\/strong> no terreno<\/p>\n<\/li>\n<li data-start=\"1482\" data-end=\"1538\">\n<p data-start=\"1484\" data-end=\"1538\"><strong data-start=\"1484\" data-end=\"1536\">Mant\u00e9m a continuidade do isolamento t\u00e9rmico<\/strong><\/p>\n<\/li>\n<li data-start=\"1539\" data-end=\"1600\">\n<p data-start=\"1541\" data-end=\"1600\"><strong data-start=\"1541\" data-end=\"1598\">Resistente ao manuseamento, \u00e0 pr\u00f3polis e \u00e0 cera<\/strong><\/p>\n<\/li>\n<\/ul>\n<hr data-start=\"1675\" data-end=\"1678\" \/>\n<h3 data-start=\"1680\" data-end=\"1711\">\ud83e\udded Instru\u00e7\u00f5es de utiliza\u00e7\u00e3o<\/h3>\n<p data-start=\"1713\" data-end=\"1969\">Aplicar <strong>Adesivo termo-refletor BeevolutionX<\/strong> sobre uma superf\u00edcie limpa e seca.<br data-start=\"1807\" data-end=\"1810\" \/>Alisar firmemente para garantir uma boa ader\u00eancia.<br data-start=\"1861\" data-end=\"1864\" \/><strong data-start=\"1864\" data-end=\"1873\">Assim<\/strong>, Desta forma, os seus elementos de isolamento conservam a sua efic\u00e1cia t\u00e9rmica e a sua resist\u00eancia ao longo do tempo.<\/p>\n<hr data-start=\"1971\" data-end=\"1974\" \/>\n<h3 data-start=\"1976\" data-end=\"2033\">Um acabamento profissional para as suas colmeias RBC<\/h3>\n<p data-start=\"2035\" data-end=\"2333\"><strong>Adesivo termo-refletor BeevolutionX<\/strong> \u00e9 o complemento perfeito para a gama de isolamento RBC:<br data-start=\"2135\" data-end=\"2138\" \/>pel\u00edculas, len\u00e7os de pesco\u00e7o, len\u00e7os de bolso e divis\u00f3rias isolantes.<br data-start=\"2189\" data-end=\"2192\" \/>Garante <strong data-start=\"2208\" data-end=\"2254\">aplica\u00e7\u00e3o limpa, sustent\u00e1vel e coerente<\/strong>, Isto \u00e9 essencial se quisermos tirar o m\u00e1ximo partido de <strong data-start=\"2302\" data-end=\"2330\">Colmeia de baixo consumo de energia<\/strong>.<\/p>\n<p>Este <strong>Adesivos<\/strong><strong data-start=\"2101\" data-end=\"2141\">\u00a0Refletor t\u00e9rmico BeevolutionX<\/strong> faz parte de uma abordagem moderna e sustent\u00e1vel da apicultura.<br data-start=\"2202\" data-end=\"2205\" \/>Ao combinar desempenho t\u00e9rmico e facilidade de utiliza\u00e7\u00e3o, garante o isolamento cont\u00ednuo da colmeia e contribui para a longevidade do equipamento ap\u00edcola.<\/p>\n<p>\ud83d\udd17 Descobrir tamb\u00e9m o <a href=\"https:\/\/beevolutionx.com\/pt\/loja\/film-thermoreflecteur-pour-ruche-basse-consommation\/pelicula-reflectora-de-calor-beevolutionx\/\"><strong data-start=\"1296\" data-end=\"1341\">Pel\u00edcula termo-reflectora BeevolutionX 47 cm<\/strong><\/a><\/p>","protected":false},"excerpt":{"rendered":"<p data-pm-slice=\"1 1 []\">Fita adesiva reflectora de calor 5 cm x 50 m. Ideal para fixar ou reparar o isolamento RBC. Muito adesiva, resistente e reflectora.<\/p>","protected":false},"featured_media":1930,"template":"","meta":{"_et_pb_use_builder":"","_et_pb_old_content":"","_et_gb_content_width":""},"product_brand":[32],"product_cat":[20],"product_tag":[],"class_list":{"0":"post-1392","1":"product","2":"type-product","3":"status-publish","4":"has-post-thumbnail","6":"product_brand-beevolutionx","7":"product_cat-film-thermo-reflecteur-rbc","9":"first","10":"instock","11":"featured","12":"taxable","13":"shipping-taxable","14":"purchasable","15":"product-type-simple"},"yoast_head":"<!-- This site is optimized with the Yoast SEO plugin v27.4 - https:\/\/yoast.com\/product\/yoast-seo-wordpress\/ -->\n<title>Ruban adh\u00e9sif thermo-r\u00e9flecteur BeevolutionX - BeevolutionX<\/title>\n<meta name=\"description\" content=\"Ruban adh\u00e9sif thermo-r\u00e9flecteur BeevolutionX. Largeur 5 cm \u00d7 50 m. Id\u00e9al pour fixer et sceller les films isolants des ruches basse consommation.\" \/>\n<meta name=\"robots\" content=\"index, follow, max-snippet:-1, max-image-preview:large, max-video-preview:-1\" \/>\n<link rel=\"canonical\" href=\"https:\/\/beevolutionx.com\/pt\/loja\/pelicula-termo-refletora-rbc\/fita-adesiva-reflectora-de-calor\/\" \/>\n<meta property=\"og:locale\" content=\"pt_PT\" \/>\n<meta property=\"og:type\" content=\"article\" \/>\n<meta property=\"og:title\" content=\"Ruban adh\u00e9sif thermo-r\u00e9flecteur BeevolutionX - BeevolutionX\" \/>\n<meta property=\"og:description\" content=\"Ruban adh\u00e9sif thermo-r\u00e9flecteur BeevolutionX. Largeur 5 cm \u00d7 50 m. Id\u00e9al pour fixer et sceller les films isolants des ruches basse consommation.\" \/>\n<meta property=\"og:url\" content=\"https:\/\/beevolutionx.com\/pt\/loja\/pelicula-termo-refletora-rbc\/fita-adesiva-reflectora-de-calor\/\" \/>\n<meta property=\"og:site_name\" content=\"BeevolutionX\" \/>\n<meta property=\"article:publisher\" content=\"https:\/\/www.facebook.com\/profile.php?id=61556152756378\" \/>\n<meta property=\"article:modified_time\" content=\"2026-04-24T06:30:54+00:00\" \/>\n<meta property=\"og:image\" content=\"https:\/\/beevolutionx.com\/wp-content\/uploads\/2025\/05\/rouleau-de-scotch-683x1024.png\" \/>\n\t<meta property=\"og:image:width\" content=\"683\" \/>\n\t<meta property=\"og:image:height\" content=\"1024\" \/>\n\t<meta property=\"og:image:type\" content=\"image\/png\" \/>\n<meta name=\"twitter:card\" content=\"summary_large_image\" \/>\n<meta name=\"twitter:label1\" content=\"Tempo estimado de leitura\" \/>\n\t<meta name=\"twitter:data1\" content=\"2 minutos\" \/>\n<script type=\"application\/ld+json\" class=\"yoast-schema-graph\">{\"@context\":\"https:\\\/\\\/schema.org\",\"@graph\":[{\"@type\":\"WebPage\",\"@id\":\"https:\\\/\\\/beevolutionx.com\\\/boutique\\\/film-thermo-reflecteur-rbc\\\/ruban-adhesif-thermo-reflecteur\\\/\",\"url\":\"https:\\\/\\\/beevolutionx.com\\\/boutique\\\/film-thermo-reflecteur-rbc\\\/ruban-adhesif-thermo-reflecteur\\\/\",\"name\":\"Ruban adh\u00e9sif thermo-r\u00e9flecteur BeevolutionX - BeevolutionX\",\"isPartOf\":{\"@id\":\"https:\\\/\\\/beevolutionx.com\\\/#website\"},\"primaryImageOfPage\":{\"@id\":\"https:\\\/\\\/beevolutionx.com\\\/boutique\\\/film-thermo-reflecteur-rbc\\\/ruban-adhesif-thermo-reflecteur\\\/#primaryimage\"},\"image\":{\"@id\":\"https:\\\/\\\/beevolutionx.com\\\/boutique\\\/film-thermo-reflecteur-rbc\\\/ruban-adhesif-thermo-reflecteur\\\/#primaryimage\"},\"thumbnailUrl\":\"https:\\\/\\\/i0.wp.com\\\/beevolutionx.com\\\/wp-content\\\/uploads\\\/2025\\\/05\\\/rouleau-de-scotch.png?fit=1024%2C1536&ssl=1\",\"datePublished\":\"2025-05-27T07:06:00+00:00\",\"dateModified\":\"2026-04-24T06:30:54+00:00\",\"description\":\"Ruban adh\u00e9sif thermo-r\u00e9flecteur BeevolutionX. Largeur 5 cm \u00d7 50 m. Id\u00e9al pour fixer et sceller les films isolants des ruches basse consommation.\",\"breadcrumb\":{\"@id\":\"https:\\\/\\\/beevolutionx.com\\\/boutique\\\/film-thermo-reflecteur-rbc\\\/ruban-adhesif-thermo-reflecteur\\\/#breadcrumb\"},\"inLanguage\":\"pt-PT\",\"potentialAction\":[{\"@type\":\"ReadAction\",\"target\":[\"https:\\\/\\\/beevolutionx.com\\\/boutique\\\/film-thermo-reflecteur-rbc\\\/ruban-adhesif-thermo-reflecteur\\\/\"]}]},{\"@type\":\"ImageObject\",\"inLanguage\":\"pt-PT\",\"@id\":\"https:\\\/\\\/beevolutionx.com\\\/boutique\\\/film-thermo-reflecteur-rbc\\\/ruban-adhesif-thermo-reflecteur\\\/#primaryimage\",\"url\":\"https:\\\/\\\/i0.wp.com\\\/beevolutionx.com\\\/wp-content\\\/uploads\\\/2025\\\/05\\\/rouleau-de-scotch.png?fit=1024%2C1536&ssl=1\",\"contentUrl\":\"https:\\\/\\\/i0.wp.com\\\/beevolutionx.com\\\/wp-content\\\/uploads\\\/2025\\\/05\\\/rouleau-de-scotch.png?fit=1024%2C1536&ssl=1\",\"width\":1024,\"height\":1536},{\"@type\":\"BreadcrumbList\",\"@id\":\"https:\\\/\\\/beevolutionx.com\\\/boutique\\\/film-thermo-reflecteur-rbc\\\/ruban-adhesif-thermo-reflecteur\\\/#breadcrumb\",\"itemListElement\":[{\"@type\":\"ListItem\",\"position\":1,\"name\":\"Accueil\",\"item\":\"https:\\\/\\\/beevolutionx.com\\\/\"},{\"@type\":\"ListItem\",\"position\":2,\"name\":\"Boutique\",\"item\":\"https:\\\/\\\/beevolutionx.com\\\/boutique\\\/\"},{\"@type\":\"ListItem\",\"position\":3,\"name\":\"Ruban adh\u00e9sif thermo-r\u00e9flecteur BeevolutionX\"}]},{\"@type\":\"WebSite\",\"@id\":\"https:\\\/\\\/beevolutionx.com\\\/#website\",\"url\":\"https:\\\/\\\/beevolutionx.com\\\/\",\"name\":\"BeevolutionX\",\"description\":\"Le site officiel de la Ruche Basse Consommation\u00ae (RBC\u00ae)\",\"publisher\":{\"@id\":\"https:\\\/\\\/beevolutionx.com\\\/#organization\"},\"potentialAction\":[{\"@type\":\"SearchAction\",\"target\":{\"@type\":\"EntryPoint\",\"urlTemplate\":\"https:\\\/\\\/beevolutionx.com\\\/?s={search_term_string}\"},\"query-input\":{\"@type\":\"PropertyValueSpecification\",\"valueRequired\":true,\"valueName\":\"search_term_string\"}}],\"inLanguage\":\"pt-PT\"},{\"@type\":\"Organization\",\"@id\":\"https:\\\/\\\/beevolutionx.com\\\/#organization\",\"name\":\"BeevolutionX\",\"url\":\"https:\\\/\\\/beevolutionx.com\\\/\",\"logo\":{\"@type\":\"ImageObject\",\"inLanguage\":\"pt-PT\",\"@id\":\"https:\\\/\\\/beevolutionx.com\\\/#\\\/schema\\\/logo\\\/image\\\/\",\"url\":\"https:\\\/\\\/beevolutionx.com\\\/wp-content\\\/uploads\\\/2025\\\/01\\\/BEEVOLUTION-X-LOGO-FINAL-tech-bleu.png\",\"contentUrl\":\"https:\\\/\\\/beevolutionx.com\\\/wp-content\\\/uploads\\\/2025\\\/01\\\/BEEVOLUTION-X-LOGO-FINAL-tech-bleu.png\",\"width\":1114,\"height\":1080,\"caption\":\"BeevolutionX\"},\"image\":{\"@id\":\"https:\\\/\\\/beevolutionx.com\\\/#\\\/schema\\\/logo\\\/image\\\/\"},\"sameAs\":[\"https:\\\/\\\/www.facebook.com\\\/profile.php?id=61556152756378\",\"https:\\\/\\\/www.youtube.com\\\/results?search_query=beevolutionx\",\"https:\\\/\\\/www.instagram.com\\\/beevolutionx\\\/\",\"https:\\\/\\\/www.tiktok.com\\\/@beevolutionx\"]}]}<\/script>\n<!-- \/ Yoast SEO plugin. -->","yoast_head_json":{"title":"Fita adesiva termo-reflectora BeevolutionX - BeevolutionX","description":"Fita adesiva reflectora de calor BeevolutionX. Largura 5 cm \u00d7 50 m. Ideal para fixar e selar pel\u00edculas isolantes para colmeias de baixo consumo de energia.","robots":{"index":"index","follow":"follow","max-snippet":"max-snippet:-1","max-image-preview":"max-image-preview:large","max-video-preview":"max-video-preview:-1"},"canonical":"https:\/\/beevolutionx.com\/pt\/loja\/pelicula-termo-refletora-rbc\/fita-adesiva-reflectora-de-calor\/","og_locale":"pt_PT","og_type":"article","og_title":"Ruban adh\u00e9sif thermo-r\u00e9flecteur BeevolutionX - BeevolutionX","og_description":"Ruban adh\u00e9sif thermo-r\u00e9flecteur BeevolutionX. Largeur 5 cm \u00d7 50 m. Id\u00e9al pour fixer et sceller les films isolants des ruches basse consommation.","og_url":"https:\/\/beevolutionx.com\/pt\/loja\/pelicula-termo-refletora-rbc\/fita-adesiva-reflectora-de-calor\/","og_site_name":"BeevolutionX","article_publisher":"https:\/\/www.facebook.com\/profile.php?id=61556152756378","article_modified_time":"2026-04-24T06:30:54+00:00","og_image":[{"width":683,"height":1024,"url":"https:\/\/beevolutionx.com\/wp-content\/uploads\/2025\/05\/rouleau-de-scotch-683x1024.png","type":"image\/png"}],"twitter_card":"summary_large_image","twitter_misc":{"Tempo estimado de leitura":"2 minutos"},"schema":{"@context":"https:\/\/schema.org","@graph":[{"@type":"WebPage","@id":"https:\/\/beevolutionx.com\/boutique\/film-thermo-reflecteur-rbc\/ruban-adhesif-thermo-reflecteur\/","url":"https:\/\/beevolutionx.com\/boutique\/film-thermo-reflecteur-rbc\/ruban-adhesif-thermo-reflecteur\/","name":"Fita adesiva termo-reflectora BeevolutionX - BeevolutionX","isPartOf":{"@id":"https:\/\/beevolutionx.com\/#website"},"primaryImageOfPage":{"@id":"https:\/\/beevolutionx.com\/boutique\/film-thermo-reflecteur-rbc\/ruban-adhesif-thermo-reflecteur\/#primaryimage"},"image":{"@id":"https:\/\/beevolutionx.com\/boutique\/film-thermo-reflecteur-rbc\/ruban-adhesif-thermo-reflecteur\/#primaryimage"},"thumbnailUrl":"https:\/\/i0.wp.com\/beevolutionx.com\/wp-content\/uploads\/2025\/05\/rouleau-de-scotch.png?fit=1024%2C1536&ssl=1","datePublished":"2025-05-27T07:06:00+00:00","dateModified":"2026-04-24T06:30:54+00:00","description":"Fita adesiva reflectora de calor BeevolutionX. Largura 5 cm \u00d7 50 m. Ideal para fixar e selar pel\u00edculas isolantes para colmeias de baixo consumo de energia.","breadcrumb":{"@id":"https:\/\/beevolutionx.com\/boutique\/film-thermo-reflecteur-rbc\/ruban-adhesif-thermo-reflecteur\/#breadcrumb"},"inLanguage":"pt-PT","potentialAction":[{"@type":"ReadAction","target":["https:\/\/beevolutionx.com\/boutique\/film-thermo-reflecteur-rbc\/ruban-adhesif-thermo-reflecteur\/"]}]},{"@type":"ImageObject","inLanguage":"pt-PT","@id":"https:\/\/beevolutionx.com\/boutique\/film-thermo-reflecteur-rbc\/ruban-adhesif-thermo-reflecteur\/#primaryimage","url":"https:\/\/i0.wp.com\/beevolutionx.com\/wp-content\/uploads\/2025\/05\/rouleau-de-scotch.png?fit=1024%2C1536&ssl=1","contentUrl":"https:\/\/i0.wp.com\/beevolutionx.com\/wp-content\/uploads\/2025\/05\/rouleau-de-scotch.png?fit=1024%2C1536&ssl=1","width":1024,"height":1536},{"@type":"BreadcrumbList","@id":"https:\/\/beevolutionx.com\/boutique\/film-thermo-reflecteur-rbc\/ruban-adhesif-thermo-reflecteur\/#breadcrumb","itemListElement":[{"@type":"ListItem","position":1,"name":"Accueil","item":"https:\/\/beevolutionx.com\/"},{"@type":"ListItem","position":2,"name":"Boutique","item":"https:\/\/beevolutionx.com\/boutique\/"},{"@type":"ListItem","position":3,"name":"Ruban adh\u00e9sif thermo-r\u00e9flecteur BeevolutionX"}]},{"@type":"WebSite","@id":"https:\/\/beevolutionx.com\/#website","url":"https:\/\/beevolutionx.com\/","name":"BeevolutionX","description":"O site oficial da Ruche Basse Consommation\u00ae (RBC\u00ae)","publisher":{"@id":"https:\/\/beevolutionx.com\/#organization"},"potentialAction":[{"@type":"SearchAction","target":{"@type":"EntryPoint","urlTemplate":"https:\/\/beevolutionx.com\/?s={search_term_string}"},"query-input":{"@type":"PropertyValueSpecification","valueRequired":true,"valueName":"search_term_string"}}],"inLanguage":"pt-PT"},{"@type":"Organization","@id":"https:\/\/beevolutionx.com\/#organization","name":"BeevolutionX","url":"https:\/\/beevolutionx.com\/","logo":{"@type":"ImageObject","inLanguage":"pt-PT","@id":"https:\/\/beevolutionx.com\/#\/schema\/logo\/image\/","url":"https:\/\/beevolutionx.com\/wp-content\/uploads\/2025\/01\/BEEVOLUTION-X-LOGO-FINAL-tech-bleu.png","contentUrl":"https:\/\/beevolutionx.com\/wp-content\/uploads\/2025\/01\/BEEVOLUTION-X-LOGO-FINAL-tech-bleu.png","width":1114,"height":1080,"caption":"BeevolutionX"},"image":{"@id":"https:\/\/beevolutionx.com\/#\/schema\/logo\/image\/"},"sameAs":["https:\/\/www.facebook.com\/profile.php?id=61556152756378","https:\/\/www.youtube.com\/results?search_query=beevolutionx","https:\/\/www.instagram.com\/beevolutionx\/","https:\/\/www.tiktok.com\/@beevolutionx"]}]}},"jetpack_sharing_enabled":true,"_links":{"self":[{"href":"https:\/\/beevolutionx.com\/pt\/wp-json\/wp\/v2\/product\/1392","targetHints":{"allow":["GET"]}}],"collection":[{"href":"https:\/\/beevolutionx.com\/pt\/wp-json\/wp\/v2\/product"}],"about":[{"href":"https:\/\/beevolutionx.com\/pt\/wp-json\/wp\/v2\/types\/product"}],"wp:featuredmedia":[{"embeddable":true,"href":"https:\/\/beevolutionx.com\/pt\/wp-json\/wp\/v2\/media\/1930"}],"wp:attachment":[{"href":"https:\/\/beevolutionx.com\/pt\/wp-json\/wp\/v2\/media?parent=1392"}],"wp:term":[{"taxonomy":"product_brand","embeddable":true,"href":"https:\/\/beevolutionx.com\/pt\/wp-json\/wp\/v2\/product_brand?post=1392"},{"taxonomy":"product_cat","embeddable":true,"href":"https:\/\/beevolutionx.com\/pt\/wp-json\/wp\/v2\/product_cat?post=1392"},{"taxonomy":"product_tag","embeddable":true,"href":"https:\/\/beevolutionx.com\/pt\/wp-json\/wp\/v2\/product_tag?post=1392"}],"curies":[{"name":"wp","href":"https:\/\/api.w.org\/{rel}","templated":true}]}}