{"id":1394,"date":"2025-05-27T09:38:16","date_gmt":"2025-05-27T07:38:16","guid":{"rendered":"https:\/\/beevolutionx.com\/?post_type=product&#038;p=1394"},"modified":"2026-04-23T13:56:27","modified_gmt":"2026-04-23T11:56:27","slug":"mouchoir-thermo-reflecteur-beevolutionx-au-metre","status":"publish","type":"product","link":"https:\/\/beevolutionx.com\/pt\/boutique\/film-thermo-reflecteur-rbc\/mouchoir-thermo-reflecteur-beevolutionx-au-metre\/","title":{"rendered":"Tecido refletor de calor BeevolutionX (a metro)"},"content":{"rendered":"<h2 data-start=\"209\" data-end=\"265\">\ud83d\udc1d Mouchoir thermo-r\u00e9flecteur BeevolutionX (au m\u00e8tre)<\/h2>\n<p data-start=\"267\" data-end=\"709\">Le <strong data-start=\"270\" data-end=\"322\">mouchoir thermo-r\u00e9flecteur BeevolutionX au m\u00e8tre<\/strong> foi concebido para <strong data-start=\"338\" data-end=\"386\">am\u00e9liorer l\u2019isolation et la thermor\u00e9gulation<\/strong> des <strong data-start=\"391\" data-end=\"427\">urtic\u00e1ria de baixa energia (RBC\u00ae)<\/strong>.<br data-start=\"428\" data-end=\"431\" \/>Il se place <strong data-start=\"443\" data-end=\"474\">entre le corps et la hausse<\/strong>, ou <strong data-start=\"479\" data-end=\"501\">entre deux hausses<\/strong>, afin de <strong data-start=\"511\" data-end=\"534\">renvoyer la chaleur<\/strong> vers le couvain et <strong data-start=\"554\" data-end=\"586\">reduzir as perdas de energia<\/strong>.<br data-start=\"587\" data-end=\"590\" \/>Sa <strong data-start=\"593\" data-end=\"623\">double face r\u00e9fl\u00e9chissante<\/strong> garantit une efficacit\u00e9 optimale, quelle que soit son orientation, \u00e9t\u00e9 comme hiver.<\/p>\n<hr data-start=\"711\" data-end=\"714\" \/>\n<h3 data-start=\"716\" data-end=\"784\">\u2699\ufe0f Caract\u00e9ristiques du mouchoir thermo-r\u00e9flecteur BeevolutionX<\/h3>\n<ul data-start=\"786\" data-end=\"1049\">\n<li data-start=\"786\" data-end=\"846\">\n<p data-start=\"788\" data-end=\"846\"><strong data-start=\"788\" data-end=\"804\">Dimens\u00f5es:<\/strong> largeur 31 cm \u2013 vendu au m\u00e8tre lin\u00e9aire<\/p>\n<\/li>\n<li data-start=\"847\" data-end=\"913\">\n<p data-start=\"849\" data-end=\"913\"><strong data-start=\"849\" data-end=\"863\">Material :<\/strong> PE aluminium souple, double face r\u00e9fl\u00e9chissante<\/p>\n<\/li>\n<li data-start=\"914\" data-end=\"956\">\n<p data-start=\"916\" data-end=\"956\"><strong data-start=\"916\" data-end=\"947\">Capacidade de reflex\u00e3o do calor :<\/strong> &gt; 85 %<\/p>\n<\/li>\n<li data-start=\"957\" data-end=\"999\">\n<p data-start=\"959\" data-end=\"999\"><strong data-start=\"959\" data-end=\"970\">Peso:<\/strong> l\u00e9ger, flexible et robuste<\/p>\n<\/li>\n<li data-start=\"1000\" data-end=\"1049\">\n<p data-start=\"1002\" data-end=\"1049\"><strong data-start=\"1002\" data-end=\"1015\">Corte :<\/strong> simples com um cortador ou uma tesoura<\/p>\n<\/li>\n<\/ul>\n<hr data-start=\"1051\" data-end=\"1054\" \/>\n<h3 data-start=\"1056\" data-end=\"1092\">Vantagens para o apicultor<\/h3>\n<ul data-start=\"1094\" data-end=\"1422\">\n<li data-start=\"1094\" data-end=\"1152\">\n<p data-start=\"1096\" data-end=\"1152\"><strong data-start=\"1096\" data-end=\"1129\">Isolation thermique renforc\u00e9e<\/strong> au niveau du couvain<\/p>\n<\/li>\n<li data-start=\"1153\" data-end=\"1219\">\n<p data-start=\"1155\" data-end=\"1219\"><strong data-start=\"1155\" data-end=\"1181\">Efficacit\u00e9 double face<\/strong> : renvoie la chaleur de chaque c\u00f4t\u00e9<\/p>\n<\/li>\n<li data-start=\"1220\" data-end=\"1283\">\n<p data-start=\"1222\" data-end=\"1283\"><strong data-start=\"1222\" data-end=\"1241\">Format au m\u00e8tre<\/strong> : ajustable selon les besoins du rucher<\/p>\n<\/li>\n<li data-start=\"1284\" data-end=\"1353\">\n<p data-start=\"1286\" data-end=\"1353\"><strong data-start=\"1286\" data-end=\"1324\">Adapt\u00e9 \u00e0 tous les formats de ruche<\/strong> : Dadant, Langstroth, etc.<\/p>\n<\/li>\n<li data-start=\"1354\" data-end=\"1422\">\n<p data-start=\"1356\" data-end=\"1422\"><strong data-start=\"1356\" data-end=\"1383\">Durable et r\u00e9utilisable<\/strong>, supporte les manipulations r\u00e9p\u00e9t\u00e9es<\/p>\n<\/li>\n<\/ul>\n<hr data-start=\"1424\" data-end=\"1427\" \/>\n<h3 data-start=\"1429\" data-end=\"1460\">\ud83e\udded Utiliza\u00e7\u00e3o recomendada<\/h3>\n<p data-start=\"1462\" data-end=\"1861\">Placez <strong>le mouchoir r\u00e9flecteur RBC<\/strong> directement sur le <strong data-start=\"1544\" data-end=\"1563\">haut des cadres<\/strong>, entre le <strong data-start=\"1574\" data-end=\"1583\">corps<\/strong> et la <strong data-start=\"1590\" data-end=\"1600\">hausse<\/strong>, ou entre <strong data-start=\"1611\" data-end=\"1628\">chaque hausse<\/strong>.<br data-start=\"1629\" data-end=\"1632\" \/>Pour un rendement maximal, associez-le \u00e0 une <strong data-start=\"1677\" data-end=\"1707\">\u00e9charpe thermo-r\u00e9flectrice<\/strong> et \u00e0 un <strong data-start=\"1716\" data-end=\"1731\">coussin RBC<\/strong>.<br data-start=\"1732\" data-end=\"1735\" \/>Ce dispositif am\u00e9liore la <strong data-start=\"1761\" data-end=\"1791\">thermor\u00e9gulation naturelle<\/strong> des abeilles, limitant les variations de temp\u00e9rature dans la ruche.<\/p>\n<hr data-start=\"1863\" data-end=\"1866\" \/>\n<h3 data-start=\"1868\" data-end=\"1922\">\ud83d\udc1d Un produit BeevolutionX durable et performant<\/h3>\n<p data-start=\"1924\" data-end=\"2245\">Le <strong data-start=\"1927\" data-end=\"1979\">film isolant BeevolutionX au m\u00e8tre<\/strong> \u00e9 um <strong data-start=\"1988\" data-end=\"2032\">solution pratique, \u00e9conomique et durable<\/strong> pour isoler les zones cl\u00e9s de la ruche.<br data-start=\"2072\" data-end=\"2075\" \/>Il s\u2019int\u00e8gre parfaitement au concept <strong data-start=\"2112\" data-end=\"2146\">RBC \u2013 Ruche Basse Consommation<\/strong>, garantissant <strong data-start=\"2161\" data-end=\"2198\">une meilleure stabilit\u00e9 thermique<\/strong> e <strong data-start=\"2202\" data-end=\"2224\">un confort optimal<\/strong> pour vos colonies.<\/p>\n<p data-start=\"2247\" data-end=\"2421\">\ud83d\udcc4 <a class=\"decorated-link\" href=\"https:\/\/beevolutionx.com\/wp-content\/uploads\/2025\/10\/Declaration_Conformite_Alimentaire_BeevolutionX-1.pdf\" target=\"_new\" rel=\"noopener\" data-start=\"2250\" data-end=\"2419\"><strong data-start=\"2251\" data-end=\"2311\">Descarregar o certificado alimentar BeevolutionX (PDF)<\/strong><\/a><\/p>\n<h3 data-start=\"391\" data-end=\"448\">\ud83d\uded1 <strong data-start=\"398\" data-end=\"446\">Aviso de utiliza\u00e7\u00e3o com tratamentos<\/strong><\/h3>\n<blockquote data-start=\"450\" data-end=\"854\">\n<p data-start=\"452\" data-end=\"707\">\u26a0\ufe0f <strong data-start=\"455\" data-end=\"470\">Aten\u00e7\u00e3o:<\/strong> em caso de utiliza\u00e7\u00e3o do tratamento <strong data-start=\"506\" data-end=\"520\">Formic Pro<\/strong>, <strong data-start=\"522\" data-end=\"593\">retire obrigatoriamente os elementos termorrefletores BeevolutionX<\/strong> Filmes, almofadas, cachec\u00f3is, PIHPgm\u2026.<br data-start=\"631\" data-end=\"634\" \/>Os vapores de \u00e1cido f\u00f3rmico podem danificar os filmes aluminizados.<\/p>\n<p data-start=\"714\" data-end=\"854\">\u2705 <strong data-start=\"716\" data-end=\"732\">Sem risco<\/strong> com os tratamentos <strong data-start=\"754\" data-end=\"766\">Varromed<\/strong> ou <strong data-start=\"770\" data-end=\"792\">ao \u00e1cido ox\u00e1lico<\/strong>, sob condi\u00e7\u00e3o de <strong data-start=\"809\" data-end=\"851\">respeitar os protocolos de aplica\u00e7\u00e3o<\/strong>.<\/p>\n<\/blockquote>\n<h3>\ud83c\udfa5 Mise en place du mouchoir thermo-r\u00e9flecteur RBC<\/h3>\n<div style=\"position: relative; width: 100%; max-width: 400px; margin: 20px auto;\">\n  <iframe src=\"https:\/\/www.youtube.com\/embed\/mpEVBcSAIak\"\n  style=\"width: 100%; height: 700px;\"\n  frameborder=\"0\" allowfullscreen><\/iframe>\n<\/div>","protected":false},"excerpt":{"rendered":"<div class=\"reapprovisionnement\">\u26a0\ufe0f Victime de son succ\u00e8s \u2013 R\u00e9approvisionnement pr\u00e9vu fin-avril.<\/div>\n<p data-pm-slice=\"1 1 []\">Mouchoir isolant 31cm BeevolutionX. Renforce l&rsquo;effet thermiques des ruches RBC. L\u00e9ger, d\u00e9coupable et tr\u00e8s efficace contre les pertes de chaleur.<\/p>\n<p class=\"reapprovisionnement\">\n<h3>\ud83c\udfa5 Mise en place du mouchoir thermo-r\u00e9flecteur RBC<\/h3>\n<div style=\"position: relative; width: 100%; max-width: 400px; margin: 20px auto;\">\n  <iframe src=\"https:\/\/www.youtube.com\/shorts\/hoRceyWEONw\"\n  style=\"width: 100%; height: 700px;\"\n  frameborder=\"0\" allowfullscreen><\/iframe>\n<\/div>","protected":false},"featured_media":1419,"template":"","meta":{"_et_pb_use_builder":"","_et_pb_old_content":"","_et_gb_content_width":""},"product_brand":[32],"product_cat":[20],"product_tag":[],"class_list":{"0":"post-1394","1":"product","2":"type-product","3":"status-publish","4":"has-post-thumbnail","6":"product_brand-beevolutionx","7":"product_cat-film-thermo-reflecteur-rbc","9":"first","10":"onbackorder","11":"taxable","12":"shipping-taxable","13":"purchasable","14":"product-type-simple"},"yoast_head":"<!-- This site is optimized with the Yoast SEO plugin v27.4 - https:\/\/yoast.com\/product\/yoast-seo-wordpress\/ -->\n<title>Mouchoir thermo-r\u00e9flecteur BeevolutionX (au m\u00e8tre) - BeevolutionX<\/title>\n<meta name=\"description\" content=\"Mouchoir thermo-r\u00e9flecteur BeevolutionX au m\u00e8tre. Largeur 31 cm, double face r\u00e9fl\u00e9chissante. Isolation durable et adaptable pour ruches RBC.\" \/>\n<meta name=\"robots\" content=\"index, follow, max-snippet:-1, max-image-preview:large, max-video-preview:-1\" \/>\n<link rel=\"canonical\" href=\"https:\/\/beevolutionx.com\/pt\/loja\/pelicula-termo-refletora-rbc\/mouchoir-thermo-reflecteur-beevolutionx-au-metre\/\" \/>\n<meta property=\"og:locale\" content=\"pt_PT\" \/>\n<meta property=\"og:type\" content=\"article\" \/>\n<meta property=\"og:title\" content=\"Mouchoir thermo-r\u00e9flecteur BeevolutionX (au m\u00e8tre) - BeevolutionX\" \/>\n<meta property=\"og:description\" content=\"Mouchoir thermo-r\u00e9flecteur BeevolutionX au m\u00e8tre. Largeur 31 cm, double face r\u00e9fl\u00e9chissante. Isolation durable et adaptable pour ruches RBC.\" \/>\n<meta property=\"og:url\" content=\"https:\/\/beevolutionx.com\/pt\/loja\/pelicula-termo-refletora-rbc\/mouchoir-thermo-reflecteur-beevolutionx-au-metre\/\" \/>\n<meta property=\"og:site_name\" content=\"BeevolutionX\" \/>\n<meta property=\"article:publisher\" content=\"https:\/\/www.facebook.com\/profile.php?id=61556152756378\" \/>\n<meta property=\"article:modified_time\" content=\"2026-04-23T11:56:27+00:00\" \/>\n<meta property=\"og:image\" content=\"https:\/\/beevolutionx.com\/wp-content\/uploads\/2025\/06\/mouchoir-modifier.jpg\" \/>\n\t<meta property=\"og:image:width\" content=\"1510\" \/>\n\t<meta property=\"og:image:height\" content=\"765\" \/>\n\t<meta property=\"og:image:type\" content=\"image\/jpeg\" \/>\n<meta name=\"twitter:card\" content=\"summary_large_image\" \/>\n<meta name=\"twitter:label1\" content=\"Tempo estimado de leitura\" \/>\n\t<meta name=\"twitter:data1\" content=\"2 minutos\" \/>\n<script type=\"application\/ld+json\" class=\"yoast-schema-graph\">{\"@context\":\"https:\\\/\\\/schema.org\",\"@graph\":[{\"@type\":\"WebPage\",\"@id\":\"https:\\\/\\\/beevolutionx.com\\\/boutique\\\/film-thermo-reflecteur-rbc\\\/mouchoir-thermo-reflecteur-beevolutionx-au-metre\\\/\",\"url\":\"https:\\\/\\\/beevolutionx.com\\\/boutique\\\/film-thermo-reflecteur-rbc\\\/mouchoir-thermo-reflecteur-beevolutionx-au-metre\\\/\",\"name\":\"Mouchoir thermo-r\u00e9flecteur BeevolutionX (au m\u00e8tre) - BeevolutionX\",\"isPartOf\":{\"@id\":\"https:\\\/\\\/beevolutionx.com\\\/#website\"},\"primaryImageOfPage\":{\"@id\":\"https:\\\/\\\/beevolutionx.com\\\/boutique\\\/film-thermo-reflecteur-rbc\\\/mouchoir-thermo-reflecteur-beevolutionx-au-metre\\\/#primaryimage\"},\"image\":{\"@id\":\"https:\\\/\\\/beevolutionx.com\\\/boutique\\\/film-thermo-reflecteur-rbc\\\/mouchoir-thermo-reflecteur-beevolutionx-au-metre\\\/#primaryimage\"},\"thumbnailUrl\":\"https:\\\/\\\/i0.wp.com\\\/beevolutionx.com\\\/wp-content\\\/uploads\\\/2025\\\/06\\\/mouchoir-modifier.jpg?fit=1510%2C765&ssl=1\",\"datePublished\":\"2025-05-27T07:38:16+00:00\",\"dateModified\":\"2026-04-23T11:56:27+00:00\",\"description\":\"Mouchoir thermo-r\u00e9flecteur BeevolutionX au m\u00e8tre. Largeur 31 cm, double face r\u00e9fl\u00e9chissante. Isolation durable et adaptable pour ruches RBC.\",\"breadcrumb\":{\"@id\":\"https:\\\/\\\/beevolutionx.com\\\/boutique\\\/film-thermo-reflecteur-rbc\\\/mouchoir-thermo-reflecteur-beevolutionx-au-metre\\\/#breadcrumb\"},\"inLanguage\":\"pt-PT\",\"potentialAction\":[{\"@type\":\"ReadAction\",\"target\":[\"https:\\\/\\\/beevolutionx.com\\\/boutique\\\/film-thermo-reflecteur-rbc\\\/mouchoir-thermo-reflecteur-beevolutionx-au-metre\\\/\"]}]},{\"@type\":\"ImageObject\",\"inLanguage\":\"pt-PT\",\"@id\":\"https:\\\/\\\/beevolutionx.com\\\/boutique\\\/film-thermo-reflecteur-rbc\\\/mouchoir-thermo-reflecteur-beevolutionx-au-metre\\\/#primaryimage\",\"url\":\"https:\\\/\\\/i0.wp.com\\\/beevolutionx.com\\\/wp-content\\\/uploads\\\/2025\\\/06\\\/mouchoir-modifier.jpg?fit=1510%2C765&ssl=1\",\"contentUrl\":\"https:\\\/\\\/i0.wp.com\\\/beevolutionx.com\\\/wp-content\\\/uploads\\\/2025\\\/06\\\/mouchoir-modifier.jpg?fit=1510%2C765&ssl=1\",\"width\":1510,\"height\":765},{\"@type\":\"BreadcrumbList\",\"@id\":\"https:\\\/\\\/beevolutionx.com\\\/boutique\\\/film-thermo-reflecteur-rbc\\\/mouchoir-thermo-reflecteur-beevolutionx-au-metre\\\/#breadcrumb\",\"itemListElement\":[{\"@type\":\"ListItem\",\"position\":1,\"name\":\"Accueil\",\"item\":\"https:\\\/\\\/beevolutionx.com\\\/\"},{\"@type\":\"ListItem\",\"position\":2,\"name\":\"Boutique\",\"item\":\"https:\\\/\\\/beevolutionx.com\\\/boutique\\\/\"},{\"@type\":\"ListItem\",\"position\":3,\"name\":\"Mouchoir thermo-r\u00e9flecteur BeevolutionX (au m\u00e8tre)\"}]},{\"@type\":\"WebSite\",\"@id\":\"https:\\\/\\\/beevolutionx.com\\\/#website\",\"url\":\"https:\\\/\\\/beevolutionx.com\\\/\",\"name\":\"BeevolutionX\",\"description\":\"Le site officiel de la Ruche Basse Consommation\u00ae (RBC\u00ae)\",\"publisher\":{\"@id\":\"https:\\\/\\\/beevolutionx.com\\\/#organization\"},\"potentialAction\":[{\"@type\":\"SearchAction\",\"target\":{\"@type\":\"EntryPoint\",\"urlTemplate\":\"https:\\\/\\\/beevolutionx.com\\\/?s={search_term_string}\"},\"query-input\":{\"@type\":\"PropertyValueSpecification\",\"valueRequired\":true,\"valueName\":\"search_term_string\"}}],\"inLanguage\":\"pt-PT\"},{\"@type\":\"Organization\",\"@id\":\"https:\\\/\\\/beevolutionx.com\\\/#organization\",\"name\":\"BeevolutionX\",\"url\":\"https:\\\/\\\/beevolutionx.com\\\/\",\"logo\":{\"@type\":\"ImageObject\",\"inLanguage\":\"pt-PT\",\"@id\":\"https:\\\/\\\/beevolutionx.com\\\/#\\\/schema\\\/logo\\\/image\\\/\",\"url\":\"https:\\\/\\\/beevolutionx.com\\\/wp-content\\\/uploads\\\/2025\\\/01\\\/BEEVOLUTION-X-LOGO-FINAL-tech-bleu.png\",\"contentUrl\":\"https:\\\/\\\/beevolutionx.com\\\/wp-content\\\/uploads\\\/2025\\\/01\\\/BEEVOLUTION-X-LOGO-FINAL-tech-bleu.png\",\"width\":1114,\"height\":1080,\"caption\":\"BeevolutionX\"},\"image\":{\"@id\":\"https:\\\/\\\/beevolutionx.com\\\/#\\\/schema\\\/logo\\\/image\\\/\"},\"sameAs\":[\"https:\\\/\\\/www.facebook.com\\\/profile.php?id=61556152756378\",\"https:\\\/\\\/www.youtube.com\\\/results?search_query=beevolutionx\",\"https:\\\/\\\/www.instagram.com\\\/beevolutionx\\\/\",\"https:\\\/\\\/www.tiktok.com\\\/@beevolutionx\"]}]}<\/script>\n<!-- \/ Yoast SEO plugin. -->","yoast_head_json":{"title":"Mouchoir thermo-r\u00e9flecteur BeevolutionX (au m\u00e8tre) - BeevolutionX","description":"Mouchoir thermo-r\u00e9flecteur BeevolutionX au m\u00e8tre. Largeur 31 cm, double face r\u00e9fl\u00e9chissante. Isolation durable et adaptable pour ruches RBC.","robots":{"index":"index","follow":"follow","max-snippet":"max-snippet:-1","max-image-preview":"max-image-preview:large","max-video-preview":"max-video-preview:-1"},"canonical":"https:\/\/beevolutionx.com\/pt\/loja\/pelicula-termo-refletora-rbc\/mouchoir-thermo-reflecteur-beevolutionx-au-metre\/","og_locale":"pt_PT","og_type":"article","og_title":"Mouchoir thermo-r\u00e9flecteur BeevolutionX (au m\u00e8tre) - BeevolutionX","og_description":"Mouchoir thermo-r\u00e9flecteur BeevolutionX au m\u00e8tre. Largeur 31 cm, double face r\u00e9fl\u00e9chissante. Isolation durable et adaptable pour ruches RBC.","og_url":"https:\/\/beevolutionx.com\/pt\/loja\/pelicula-termo-refletora-rbc\/mouchoir-thermo-reflecteur-beevolutionx-au-metre\/","og_site_name":"BeevolutionX","article_publisher":"https:\/\/www.facebook.com\/profile.php?id=61556152756378","article_modified_time":"2026-04-23T11:56:27+00:00","og_image":[{"width":1510,"height":765,"url":"https:\/\/beevolutionx.com\/wp-content\/uploads\/2025\/06\/mouchoir-modifier.jpg","type":"image\/jpeg"}],"twitter_card":"summary_large_image","twitter_misc":{"Tempo estimado de leitura":"2 minutos"},"schema":{"@context":"https:\/\/schema.org","@graph":[{"@type":"WebPage","@id":"https:\/\/beevolutionx.com\/boutique\/film-thermo-reflecteur-rbc\/mouchoir-thermo-reflecteur-beevolutionx-au-metre\/","url":"https:\/\/beevolutionx.com\/boutique\/film-thermo-reflecteur-rbc\/mouchoir-thermo-reflecteur-beevolutionx-au-metre\/","name":"Mouchoir thermo-r\u00e9flecteur BeevolutionX (au m\u00e8tre) - BeevolutionX","isPartOf":{"@id":"https:\/\/beevolutionx.com\/#website"},"primaryImageOfPage":{"@id":"https:\/\/beevolutionx.com\/boutique\/film-thermo-reflecteur-rbc\/mouchoir-thermo-reflecteur-beevolutionx-au-metre\/#primaryimage"},"image":{"@id":"https:\/\/beevolutionx.com\/boutique\/film-thermo-reflecteur-rbc\/mouchoir-thermo-reflecteur-beevolutionx-au-metre\/#primaryimage"},"thumbnailUrl":"https:\/\/i0.wp.com\/beevolutionx.com\/wp-content\/uploads\/2025\/06\/mouchoir-modifier.jpg?fit=1510%2C765&ssl=1","datePublished":"2025-05-27T07:38:16+00:00","dateModified":"2026-04-23T11:56:27+00:00","description":"Mouchoir thermo-r\u00e9flecteur BeevolutionX au m\u00e8tre. Largeur 31 cm, double face r\u00e9fl\u00e9chissante. Isolation durable et adaptable pour ruches RBC.","breadcrumb":{"@id":"https:\/\/beevolutionx.com\/boutique\/film-thermo-reflecteur-rbc\/mouchoir-thermo-reflecteur-beevolutionx-au-metre\/#breadcrumb"},"inLanguage":"pt-PT","potentialAction":[{"@type":"ReadAction","target":["https:\/\/beevolutionx.com\/boutique\/film-thermo-reflecteur-rbc\/mouchoir-thermo-reflecteur-beevolutionx-au-metre\/"]}]},{"@type":"ImageObject","inLanguage":"pt-PT","@id":"https:\/\/beevolutionx.com\/boutique\/film-thermo-reflecteur-rbc\/mouchoir-thermo-reflecteur-beevolutionx-au-metre\/#primaryimage","url":"https:\/\/i0.wp.com\/beevolutionx.com\/wp-content\/uploads\/2025\/06\/mouchoir-modifier.jpg?fit=1510%2C765&ssl=1","contentUrl":"https:\/\/i0.wp.com\/beevolutionx.com\/wp-content\/uploads\/2025\/06\/mouchoir-modifier.jpg?fit=1510%2C765&ssl=1","width":1510,"height":765},{"@type":"BreadcrumbList","@id":"https:\/\/beevolutionx.com\/boutique\/film-thermo-reflecteur-rbc\/mouchoir-thermo-reflecteur-beevolutionx-au-metre\/#breadcrumb","itemListElement":[{"@type":"ListItem","position":1,"name":"Accueil","item":"https:\/\/beevolutionx.com\/"},{"@type":"ListItem","position":2,"name":"Boutique","item":"https:\/\/beevolutionx.com\/boutique\/"},{"@type":"ListItem","position":3,"name":"Mouchoir thermo-r\u00e9flecteur BeevolutionX (au m\u00e8tre)"}]},{"@type":"WebSite","@id":"https:\/\/beevolutionx.com\/#website","url":"https:\/\/beevolutionx.com\/","name":"BeevolutionX","description":"O site oficial da Ruche Basse Consommation\u00ae (RBC\u00ae)","publisher":{"@id":"https:\/\/beevolutionx.com\/#organization"},"potentialAction":[{"@type":"SearchAction","target":{"@type":"EntryPoint","urlTemplate":"https:\/\/beevolutionx.com\/?s={search_term_string}"},"query-input":{"@type":"PropertyValueSpecification","valueRequired":true,"valueName":"search_term_string"}}],"inLanguage":"pt-PT"},{"@type":"Organization","@id":"https:\/\/beevolutionx.com\/#organization","name":"BeevolutionX","url":"https:\/\/beevolutionx.com\/","logo":{"@type":"ImageObject","inLanguage":"pt-PT","@id":"https:\/\/beevolutionx.com\/#\/schema\/logo\/image\/","url":"https:\/\/beevolutionx.com\/wp-content\/uploads\/2025\/01\/BEEVOLUTION-X-LOGO-FINAL-tech-bleu.png","contentUrl":"https:\/\/beevolutionx.com\/wp-content\/uploads\/2025\/01\/BEEVOLUTION-X-LOGO-FINAL-tech-bleu.png","width":1114,"height":1080,"caption":"BeevolutionX"},"image":{"@id":"https:\/\/beevolutionx.com\/#\/schema\/logo\/image\/"},"sameAs":["https:\/\/www.facebook.com\/profile.php?id=61556152756378","https:\/\/www.youtube.com\/results?search_query=beevolutionx","https:\/\/www.instagram.com\/beevolutionx\/","https:\/\/www.tiktok.com\/@beevolutionx"]}]}},"jetpack_sharing_enabled":true,"_links":{"self":[{"href":"https:\/\/beevolutionx.com\/pt\/wp-json\/wp\/v2\/product\/1394","targetHints":{"allow":["GET"]}}],"collection":[{"href":"https:\/\/beevolutionx.com\/pt\/wp-json\/wp\/v2\/product"}],"about":[{"href":"https:\/\/beevolutionx.com\/pt\/wp-json\/wp\/v2\/types\/product"}],"wp:featuredmedia":[{"embeddable":true,"href":"https:\/\/beevolutionx.com\/pt\/wp-json\/wp\/v2\/media\/1419"}],"wp:attachment":[{"href":"https:\/\/beevolutionx.com\/pt\/wp-json\/wp\/v2\/media?parent=1394"}],"wp:term":[{"taxonomy":"product_brand","embeddable":true,"href":"https:\/\/beevolutionx.com\/pt\/wp-json\/wp\/v2\/product_brand?post=1394"},{"taxonomy":"product_cat","embeddable":true,"href":"https:\/\/beevolutionx.com\/pt\/wp-json\/wp\/v2\/product_cat?post=1394"},{"taxonomy":"product_tag","embeddable":true,"href":"https:\/\/beevolutionx.com\/pt\/wp-json\/wp\/v2\/product_tag?post=1394"}],"curies":[{"name":"wp","href":"https:\/\/api.w.org\/{rel}","templated":true}]}}