{"id":1466,"date":"2025-06-07T22:30:36","date_gmt":"2025-06-07T20:30:36","guid":{"rendered":"https:\/\/beevolutionx.com\/?post_type=product&#038;p=1466"},"modified":"2026-04-23T08:06:54","modified_gmt":"2026-04-23T06:06:54","slug":"beevolutionx-37cm-pelicula-reflectora-de-calor-a-metro","status":"publish","type":"product","link":"https:\/\/beevolutionx.com\/pt\/boutique\/film-thermo-reflecteur-rbc\/film-thermo-reflecteur-beevolutionx-37cm-au-metre\/","title":{"rendered":"Pel\u00edcula reflectora de calor BeevolutionX 37,5 cm (por metro)"},"content":{"rendered":"<h2 data-start=\"276\" data-end=\"346\">Pel\u00edcula reflectora de calor BeevolutionX - largura 37,5 cm (por metro)<\/h2>\n<p data-start=\"348\" data-end=\"836\">Le <strong data-start=\"351\" data-end=\"409\">Pel\u00edcula reflectora de calor BeevolutionX 37,5 cm (por metro)<\/strong> permite <strong data-start=\"420\" data-end=\"481\">criar simplesmente colmeias de baixo consumo energ\u00e9tico (RBC\u00ae)<\/strong> e otimizar o isolamento interno das suas colmeias.<br data-start=\"531\" data-end=\"534\" \/>Com um <strong data-start=\"542\" data-end=\"593\">reflect\u00e2ncia t\u00e9rmica superior a 85 %<\/strong>, Esta pel\u00edcula reflecte o calor de volta para a cria\u00e7\u00e3o e melhora a <strong data-start=\"653\" data-end=\"674\">conforto t\u00e9rmico<\/strong> col\u00f3nias.<br data-start=\"688\" data-end=\"691\" \/>Fino, flex\u00edvel e s\u00f3lido, oferece <strong data-start=\"727\" data-end=\"782\">uma solu\u00e7\u00e3o eficaz para limitar as perdas de energia<\/strong> e apoiar a vitalidade das abelhas durante todo o ano.<\/p>\n<hr data-start=\"838\" data-end=\"841\" \/>\n<h3 data-start=\"843\" data-end=\"907\">\u2699\ufe0f Carater\u00edsticas da pel\u00edcula reflectora de calor BeevolutionX<\/h3>\n<ul data-start=\"909\" data-end=\"1155\">\n<li data-start=\"909\" data-end=\"934\">\n<p data-start=\"911\" data-end=\"934\"><strong data-start=\"911\" data-end=\"924\">Largura :<\/strong> 37,5 cm<\/p>\n<\/li>\n<li data-start=\"935\" data-end=\"968\">\n<p data-start=\"937\" data-end=\"968\"><strong data-start=\"937\" data-end=\"948\">Vendido por :<\/strong> por metro linear<\/p>\n<\/li>\n<li data-start=\"969\" data-end=\"1027\">\n<p data-start=\"971\" data-end=\"1027\"><strong data-start=\"971\" data-end=\"985\">Material :<\/strong> PE aluminizado (polietileno + alum\u00ednio)<\/p>\n<\/li>\n<li data-start=\"1028\" data-end=\"1070\">\n<p data-start=\"1030\" data-end=\"1070\"><strong data-start=\"1030\" data-end=\"1061\">Capacidade de reflex\u00e3o do calor :<\/strong> &gt; 85 %<\/p>\n<\/li>\n<li data-start=\"1071\" data-end=\"1105\">\n<p data-start=\"1073\" data-end=\"1105\"><strong data-start=\"1073\" data-end=\"1088\">Espessura :<\/strong> Aprox. 0,2 mm<\/p>\n<\/li>\n<li data-start=\"1106\" data-end=\"1155\">\n<p data-start=\"1108\" data-end=\"1155\"><strong data-start=\"1108\" data-end=\"1121\">Corte :<\/strong> simples com um cortador ou uma tesoura<\/p>\n<\/li>\n<\/ul>\n<hr data-start=\"1157\" data-end=\"1160\" \/>\n<h3 data-start=\"1162\" data-end=\"1198\">Vantagens para o apicultor<\/h3>\n<ul data-start=\"1200\" data-end=\"1591\">\n<li data-start=\"1200\" data-end=\"1293\">\n<p data-start=\"1202\" data-end=\"1293\"><strong data-start=\"1202\" data-end=\"1227\">Isolamento de alto desempenho<\/strong> para colmeias <strong data-start=\"1244\" data-end=\"1253\">Warr\u00e9<\/strong>, <strong data-start=\"1255\" data-end=\"1268\">colmeias<\/strong> ou <strong data-start=\"1272\" data-end=\"1291\">formatos mais pequenos<\/strong><\/p>\n<\/li>\n<li data-start=\"1294\" data-end=\"1362\">\n<p data-start=\"1296\" data-end=\"1362\"><strong data-start=\"1296\" data-end=\"1324\">Formato pr\u00e1tico a metro<\/strong> : adapta-se \u00e0s suas necessidades de corte<\/p>\n<\/li>\n<li data-start=\"1363\" data-end=\"1425\">\n<p data-start=\"1365\" data-end=\"1425\"><strong data-start=\"1365\" data-end=\"1385\">Elevada flexibilidade<\/strong> f\u00e1cil de manusear e posicionar<\/p>\n<\/li>\n<li data-start=\"1426\" data-end=\"1504\">\n<p data-start=\"1428\" data-end=\"1504\"><strong data-start=\"1428\" data-end=\"1449\">Alta resist\u00eancia<\/strong> com pr\u00f3polis e cera<\/p>\n<\/li>\n<li data-start=\"1505\" data-end=\"1591\">\n<p data-start=\"1507\" data-end=\"1591\"><strong data-start=\"1507\" data-end=\"1525\">Espessura fina<\/strong> n\u00e3o interfere com as abelhas e preserva a ventila\u00e7\u00e3o natural<\/p>\n<\/li>\n<\/ul>\n<hr data-start=\"1593\" data-end=\"1596\" \/>\n<h3 data-start=\"1598\" data-end=\"1629\">\ud83e\udded Utiliza\u00e7\u00e3o recomendada<\/h3>\n<p data-start=\"1631\" data-end=\"1981\">Cortar o comprimento desejado de <strong data-start=\"1665\" data-end=\"1712\">Pel\u00edcula reflectora de calor BeevolutionX 37,5 cm<\/strong> de acordo com as suas necessidades.<br data-start=\"1731\" data-end=\"1734\" \/>Utilize-o para criar <strong data-start=\"1761\" data-end=\"1773\">len\u00e7os<\/strong>, e <strong data-start=\"1779\" data-end=\"1803\">divis\u00f3rias de isolamento<\/strong> ou <strong data-start=\"1811\" data-end=\"1846\">prote\u00e7\u00e3o t\u00e9rmica interna<\/strong>.<br data-start=\"1847\" data-end=\"1850\" \/>Para um efeito \u00f3timo, combine-o com outros elementos <strong data-start=\"1908\" data-end=\"1928\">RBC BeevolutionX<\/strong> : <strong data-start=\"1931\" data-end=\"1943\">len\u00e7o<\/strong>, <strong data-start=\"1945\" data-end=\"1955\">PIHPgm<\/strong> ou <strong data-start=\"1959\" data-end=\"1978\">almofada de isolamento<\/strong>.<\/p>\n<hr data-start=\"1983\" data-end=\"1986\" \/>\n<h3 data-start=\"1988\" data-end=\"2038\">Uma solu\u00e7\u00e3o BeevolutionX duradoura e segura<\/h3>\n<p data-start=\"2040\" data-end=\"2375\">Le <strong data-start=\"2043\" data-end=\"2090\">Pel\u00edcula reflectora de calor BeevolutionX 37,5 cm<\/strong> \u00e9 um <strong data-start=\"2099\" data-end=\"2138\">uma solu\u00e7\u00e3o profissional e duradoura<\/strong>, certificado para <strong data-start=\"2158\" data-end=\"2181\">contacto com os alimentos<\/strong> e concebido para as exig\u00eancias da apicultura moderna.<br data-start=\"2235\" data-end=\"2238\" \/>Garante <strong data-start=\"2254\" data-end=\"2276\">isolamento uniforme<\/strong> e um <strong data-start=\"2284\" data-end=\"2320\">maior efici\u00eancia energ\u00e9tica<\/strong>, As abelhas e o ambiente s\u00e3o respeitados.<\/p>\n<p data-start=\"2377\" data-end=\"2551\">\ud83d\udcc4 <a class=\"decorated-link\" href=\"https:\/\/beevolutionx.com\/wp-content\/uploads\/2025\/10\/Declaration_Conformite_Alimentaire_BeevolutionX-1.pdf\" target=\"_new\" rel=\"noopener\" data-start=\"2380\" data-end=\"2549\"><strong data-start=\"2381\" data-end=\"2441\">Descarregar o certificado alimentar BeevolutionX (PDF)<\/strong><\/a><\/p>\n<h3 data-start=\"391\" data-end=\"448\">\ud83d\uded1 <strong data-start=\"398\" data-end=\"446\">Aviso de utiliza\u00e7\u00e3o com tratamentos<\/strong><\/h3>\n<blockquote data-start=\"450\" data-end=\"854\">\n<p data-start=\"452\" data-end=\"707\">\u26a0\ufe0f <strong data-start=\"455\" data-end=\"470\">Aten\u00e7\u00e3o:<\/strong> em caso de utiliza\u00e7\u00e3o do tratamento <strong data-start=\"506\" data-end=\"520\">Formic Pro<\/strong>, <strong data-start=\"522\" data-end=\"593\">retire obrigatoriamente os elementos termorrefletores BeevolutionX<\/strong> Filmes, almofadas, cachec\u00f3is, PIHPgm\u2026.<br data-start=\"631\" data-end=\"634\" \/>Os vapores de \u00e1cido f\u00f3rmico podem danificar os filmes aluminizados.<\/p>\n<p data-start=\"714\" data-end=\"854\">\u2705 <strong data-start=\"716\" data-end=\"732\">Sem risco<\/strong> com os tratamentos <strong data-start=\"754\" data-end=\"766\">Varromed<\/strong> ou <strong data-start=\"770\" data-end=\"792\">ao \u00e1cido ox\u00e1lico<\/strong>, sob condi\u00e7\u00e3o de <strong data-start=\"809\" data-end=\"851\">respeitar os protocolos de aplica\u00e7\u00e3o<\/strong><\/p>\n<\/blockquote>","protected":false},"excerpt":{"rendered":"<p data-pm-slice=\"1 1 []\">Pel\u00edcula reflectora de calor com 37,5 cm de largura. Ideal para colmeias e viveiros. Leve, resistente e com efeito refletor.<\/p>\n<p class=\"reapprovisionnement\">","protected":false},"featured_media":68,"template":"","meta":{"_et_pb_use_builder":"","_et_pb_old_content":"","_et_gb_content_width":""},"product_brand":[32],"product_cat":[20],"product_tag":[],"class_list":{"0":"post-1466","1":"product","2":"type-product","3":"status-publish","4":"has-post-thumbnail","6":"product_brand-beevolutionx","7":"product_cat-film-thermo-reflecteur-rbc","9":"first","10":"instock","11":"taxable","12":"shipping-taxable","13":"purchasable","14":"product-type-simple"},"yoast_head":"<!-- This site is optimized with the Yoast SEO plugin v27.4 - https:\/\/yoast.com\/product\/yoast-seo-wordpress\/ -->\n<title>Film thermo-r\u00e9flecteur BeevolutionX 37,5 cm (au m\u00e8tre) - BeevolutionX<\/title>\n<meta name=\"description\" content=\"Film thermo-r\u00e9flecteur BeevolutionX 37,5 cm au m\u00e8tre. Isolation fine et durable pour ruches Warr\u00e9 et ruchettes. Haute efficacit\u00e9 thermique.\" \/>\n<meta name=\"robots\" content=\"index, follow, max-snippet:-1, max-image-preview:large, max-video-preview:-1\" \/>\n<link rel=\"canonical\" href=\"https:\/\/beevolutionx.com\/pt\/loja\/pelicula-termo-refletora-rbc\/beevolutionx-37cm-pelicula-reflectora-de-calor-a-metro\/\" \/>\n<meta property=\"og:locale\" content=\"pt_PT\" \/>\n<meta property=\"og:type\" content=\"article\" \/>\n<meta property=\"og:title\" content=\"Film thermo-r\u00e9flecteur BeevolutionX 37,5 cm (au m\u00e8tre) - BeevolutionX\" \/>\n<meta property=\"og:description\" content=\"Film thermo-r\u00e9flecteur BeevolutionX 37,5 cm au m\u00e8tre. Isolation fine et durable pour ruches Warr\u00e9 et ruchettes. Haute efficacit\u00e9 thermique.\" \/>\n<meta property=\"og:url\" content=\"https:\/\/beevolutionx.com\/pt\/loja\/pelicula-termo-refletora-rbc\/beevolutionx-37cm-pelicula-reflectora-de-calor-a-metro\/\" \/>\n<meta property=\"og:site_name\" content=\"BeevolutionX\" \/>\n<meta property=\"article:publisher\" content=\"https:\/\/www.facebook.com\/profile.php?id=61556152756378\" \/>\n<meta property=\"article:modified_time\" content=\"2026-04-23T06:06:54+00:00\" \/>\n<meta property=\"og:image\" content=\"https:\/\/beevolutionx.com\/wp-content\/uploads\/2025\/01\/film-beevolutionx-modif.jpg\" \/>\n\t<meta property=\"og:image:width\" content=\"1427\" \/>\n\t<meta property=\"og:image:height\" content=\"887\" \/>\n\t<meta property=\"og:image:type\" content=\"image\/jpeg\" \/>\n<meta name=\"twitter:card\" content=\"summary_large_image\" \/>\n<meta name=\"twitter:label1\" content=\"Tempo estimado de leitura\" \/>\n\t<meta name=\"twitter:data1\" content=\"2 minutos\" \/>\n<script type=\"application\/ld+json\" class=\"yoast-schema-graph\">{\"@context\":\"https:\\\/\\\/schema.org\",\"@graph\":[{\"@type\":\"WebPage\",\"@id\":\"https:\\\/\\\/beevolutionx.com\\\/boutique\\\/film-thermo-reflecteur-rbc\\\/film-thermo-reflecteur-beevolutionx-37cm-au-metre\\\/\",\"url\":\"https:\\\/\\\/beevolutionx.com\\\/boutique\\\/film-thermo-reflecteur-rbc\\\/film-thermo-reflecteur-beevolutionx-37cm-au-metre\\\/\",\"name\":\"Film thermo-r\u00e9flecteur BeevolutionX 37,5 cm (au m\u00e8tre) - BeevolutionX\",\"isPartOf\":{\"@id\":\"https:\\\/\\\/beevolutionx.com\\\/#website\"},\"primaryImageOfPage\":{\"@id\":\"https:\\\/\\\/beevolutionx.com\\\/boutique\\\/film-thermo-reflecteur-rbc\\\/film-thermo-reflecteur-beevolutionx-37cm-au-metre\\\/#primaryimage\"},\"image\":{\"@id\":\"https:\\\/\\\/beevolutionx.com\\\/boutique\\\/film-thermo-reflecteur-rbc\\\/film-thermo-reflecteur-beevolutionx-37cm-au-metre\\\/#primaryimage\"},\"thumbnailUrl\":\"https:\\\/\\\/i0.wp.com\\\/beevolutionx.com\\\/wp-content\\\/uploads\\\/2025\\\/01\\\/film-beevolutionx-modif.jpg?fit=1427%2C887&ssl=1\",\"datePublished\":\"2025-06-07T20:30:36+00:00\",\"dateModified\":\"2026-04-23T06:06:54+00:00\",\"description\":\"Film thermo-r\u00e9flecteur BeevolutionX 37,5 cm au m\u00e8tre. Isolation fine et durable pour ruches Warr\u00e9 et ruchettes. Haute efficacit\u00e9 thermique.\",\"breadcrumb\":{\"@id\":\"https:\\\/\\\/beevolutionx.com\\\/boutique\\\/film-thermo-reflecteur-rbc\\\/film-thermo-reflecteur-beevolutionx-37cm-au-metre\\\/#breadcrumb\"},\"inLanguage\":\"pt-PT\",\"potentialAction\":[{\"@type\":\"ReadAction\",\"target\":[\"https:\\\/\\\/beevolutionx.com\\\/boutique\\\/film-thermo-reflecteur-rbc\\\/film-thermo-reflecteur-beevolutionx-37cm-au-metre\\\/\"]}]},{\"@type\":\"ImageObject\",\"inLanguage\":\"pt-PT\",\"@id\":\"https:\\\/\\\/beevolutionx.com\\\/boutique\\\/film-thermo-reflecteur-rbc\\\/film-thermo-reflecteur-beevolutionx-37cm-au-metre\\\/#primaryimage\",\"url\":\"https:\\\/\\\/i0.wp.com\\\/beevolutionx.com\\\/wp-content\\\/uploads\\\/2025\\\/01\\\/film-beevolutionx-modif.jpg?fit=1427%2C887&ssl=1\",\"contentUrl\":\"https:\\\/\\\/i0.wp.com\\\/beevolutionx.com\\\/wp-content\\\/uploads\\\/2025\\\/01\\\/film-beevolutionx-modif.jpg?fit=1427%2C887&ssl=1\",\"width\":1427,\"height\":887,\"caption\":\"Film thermo-r\u00e9flecteur pour ruche basse consommation BeevolutionX\"},{\"@type\":\"BreadcrumbList\",\"@id\":\"https:\\\/\\\/beevolutionx.com\\\/boutique\\\/film-thermo-reflecteur-rbc\\\/film-thermo-reflecteur-beevolutionx-37cm-au-metre\\\/#breadcrumb\",\"itemListElement\":[{\"@type\":\"ListItem\",\"position\":1,\"name\":\"Accueil\",\"item\":\"https:\\\/\\\/beevolutionx.com\\\/\"},{\"@type\":\"ListItem\",\"position\":2,\"name\":\"Boutique\",\"item\":\"https:\\\/\\\/beevolutionx.com\\\/boutique\\\/\"},{\"@type\":\"ListItem\",\"position\":3,\"name\":\"Film thermo-r\u00e9flecteur BeevolutionX 37,5 cm (au m\u00e8tre)\"}]},{\"@type\":\"WebSite\",\"@id\":\"https:\\\/\\\/beevolutionx.com\\\/#website\",\"url\":\"https:\\\/\\\/beevolutionx.com\\\/\",\"name\":\"BeevolutionX\",\"description\":\"Le site officiel de la Ruche Basse Consommation\u00ae (RBC\u00ae)\",\"publisher\":{\"@id\":\"https:\\\/\\\/beevolutionx.com\\\/#organization\"},\"potentialAction\":[{\"@type\":\"SearchAction\",\"target\":{\"@type\":\"EntryPoint\",\"urlTemplate\":\"https:\\\/\\\/beevolutionx.com\\\/?s={search_term_string}\"},\"query-input\":{\"@type\":\"PropertyValueSpecification\",\"valueRequired\":true,\"valueName\":\"search_term_string\"}}],\"inLanguage\":\"pt-PT\"},{\"@type\":\"Organization\",\"@id\":\"https:\\\/\\\/beevolutionx.com\\\/#organization\",\"name\":\"BeevolutionX\",\"url\":\"https:\\\/\\\/beevolutionx.com\\\/\",\"logo\":{\"@type\":\"ImageObject\",\"inLanguage\":\"pt-PT\",\"@id\":\"https:\\\/\\\/beevolutionx.com\\\/#\\\/schema\\\/logo\\\/image\\\/\",\"url\":\"https:\\\/\\\/beevolutionx.com\\\/wp-content\\\/uploads\\\/2025\\\/01\\\/BEEVOLUTION-X-LOGO-FINAL-tech-bleu.png\",\"contentUrl\":\"https:\\\/\\\/beevolutionx.com\\\/wp-content\\\/uploads\\\/2025\\\/01\\\/BEEVOLUTION-X-LOGO-FINAL-tech-bleu.png\",\"width\":1114,\"height\":1080,\"caption\":\"BeevolutionX\"},\"image\":{\"@id\":\"https:\\\/\\\/beevolutionx.com\\\/#\\\/schema\\\/logo\\\/image\\\/\"},\"sameAs\":[\"https:\\\/\\\/www.facebook.com\\\/profile.php?id=61556152756378\",\"https:\\\/\\\/www.youtube.com\\\/results?search_query=beevolutionx\",\"https:\\\/\\\/www.instagram.com\\\/beevolutionx\\\/\",\"https:\\\/\\\/www.tiktok.com\\\/@beevolutionx\"]}]}<\/script>\n<!-- \/ Yoast SEO plugin. -->","yoast_head_json":{"title":"Pel\u00edcula reflectora de calor BeevolutionX 37,5 cm (por metro) - BeevolutionX","description":"Pel\u00edcula reflectora de calor BeevolutionX 37,5 cm a metro. Isolamento fino e duradouro para colmeias e colmeias Warr\u00e9. Elevada efici\u00eancia t\u00e9rmica.","robots":{"index":"index","follow":"follow","max-snippet":"max-snippet:-1","max-image-preview":"max-image-preview:large","max-video-preview":"max-video-preview:-1"},"canonical":"https:\/\/beevolutionx.com\/pt\/loja\/pelicula-termo-refletora-rbc\/beevolutionx-37cm-pelicula-reflectora-de-calor-a-metro\/","og_locale":"pt_PT","og_type":"article","og_title":"Film thermo-r\u00e9flecteur BeevolutionX 37,5 cm (au m\u00e8tre) - BeevolutionX","og_description":"Film thermo-r\u00e9flecteur BeevolutionX 37,5 cm au m\u00e8tre. Isolation fine et durable pour ruches Warr\u00e9 et ruchettes. Haute efficacit\u00e9 thermique.","og_url":"https:\/\/beevolutionx.com\/pt\/loja\/pelicula-termo-refletora-rbc\/beevolutionx-37cm-pelicula-reflectora-de-calor-a-metro\/","og_site_name":"BeevolutionX","article_publisher":"https:\/\/www.facebook.com\/profile.php?id=61556152756378","article_modified_time":"2026-04-23T06:06:54+00:00","og_image":[{"width":1427,"height":887,"url":"https:\/\/beevolutionx.com\/wp-content\/uploads\/2025\/01\/film-beevolutionx-modif.jpg","type":"image\/jpeg"}],"twitter_card":"summary_large_image","twitter_misc":{"Tempo estimado de leitura":"2 minutos"},"schema":{"@context":"https:\/\/schema.org","@graph":[{"@type":"WebPage","@id":"https:\/\/beevolutionx.com\/boutique\/film-thermo-reflecteur-rbc\/film-thermo-reflecteur-beevolutionx-37cm-au-metre\/","url":"https:\/\/beevolutionx.com\/boutique\/film-thermo-reflecteur-rbc\/film-thermo-reflecteur-beevolutionx-37cm-au-metre\/","name":"Pel\u00edcula reflectora de calor BeevolutionX 37,5 cm (por metro) - BeevolutionX","isPartOf":{"@id":"https:\/\/beevolutionx.com\/#website"},"primaryImageOfPage":{"@id":"https:\/\/beevolutionx.com\/boutique\/film-thermo-reflecteur-rbc\/film-thermo-reflecteur-beevolutionx-37cm-au-metre\/#primaryimage"},"image":{"@id":"https:\/\/beevolutionx.com\/boutique\/film-thermo-reflecteur-rbc\/film-thermo-reflecteur-beevolutionx-37cm-au-metre\/#primaryimage"},"thumbnailUrl":"https:\/\/i0.wp.com\/beevolutionx.com\/wp-content\/uploads\/2025\/01\/film-beevolutionx-modif.jpg?fit=1427%2C887&ssl=1","datePublished":"2025-06-07T20:30:36+00:00","dateModified":"2026-04-23T06:06:54+00:00","description":"Pel\u00edcula reflectora de calor BeevolutionX 37,5 cm a metro. Isolamento fino e duradouro para colmeias e colmeias Warr\u00e9. Elevada efici\u00eancia t\u00e9rmica.","breadcrumb":{"@id":"https:\/\/beevolutionx.com\/boutique\/film-thermo-reflecteur-rbc\/film-thermo-reflecteur-beevolutionx-37cm-au-metre\/#breadcrumb"},"inLanguage":"pt-PT","potentialAction":[{"@type":"ReadAction","target":["https:\/\/beevolutionx.com\/boutique\/film-thermo-reflecteur-rbc\/film-thermo-reflecteur-beevolutionx-37cm-au-metre\/"]}]},{"@type":"ImageObject","inLanguage":"pt-PT","@id":"https:\/\/beevolutionx.com\/boutique\/film-thermo-reflecteur-rbc\/film-thermo-reflecteur-beevolutionx-37cm-au-metre\/#primaryimage","url":"https:\/\/i0.wp.com\/beevolutionx.com\/wp-content\/uploads\/2025\/01\/film-beevolutionx-modif.jpg?fit=1427%2C887&ssl=1","contentUrl":"https:\/\/i0.wp.com\/beevolutionx.com\/wp-content\/uploads\/2025\/01\/film-beevolutionx-modif.jpg?fit=1427%2C887&ssl=1","width":1427,"height":887,"caption":"Film thermo-r\u00e9flecteur pour ruche basse consommation BeevolutionX"},{"@type":"BreadcrumbList","@id":"https:\/\/beevolutionx.com\/boutique\/film-thermo-reflecteur-rbc\/film-thermo-reflecteur-beevolutionx-37cm-au-metre\/#breadcrumb","itemListElement":[{"@type":"ListItem","position":1,"name":"Accueil","item":"https:\/\/beevolutionx.com\/"},{"@type":"ListItem","position":2,"name":"Boutique","item":"https:\/\/beevolutionx.com\/boutique\/"},{"@type":"ListItem","position":3,"name":"Film thermo-r\u00e9flecteur BeevolutionX 37,5 cm (au m\u00e8tre)"}]},{"@type":"WebSite","@id":"https:\/\/beevolutionx.com\/#website","url":"https:\/\/beevolutionx.com\/","name":"BeevolutionX","description":"O site oficial da Ruche Basse Consommation\u00ae (RBC\u00ae)","publisher":{"@id":"https:\/\/beevolutionx.com\/#organization"},"potentialAction":[{"@type":"SearchAction","target":{"@type":"EntryPoint","urlTemplate":"https:\/\/beevolutionx.com\/?s={search_term_string}"},"query-input":{"@type":"PropertyValueSpecification","valueRequired":true,"valueName":"search_term_string"}}],"inLanguage":"pt-PT"},{"@type":"Organization","@id":"https:\/\/beevolutionx.com\/#organization","name":"BeevolutionX","url":"https:\/\/beevolutionx.com\/","logo":{"@type":"ImageObject","inLanguage":"pt-PT","@id":"https:\/\/beevolutionx.com\/#\/schema\/logo\/image\/","url":"https:\/\/beevolutionx.com\/wp-content\/uploads\/2025\/01\/BEEVOLUTION-X-LOGO-FINAL-tech-bleu.png","contentUrl":"https:\/\/beevolutionx.com\/wp-content\/uploads\/2025\/01\/BEEVOLUTION-X-LOGO-FINAL-tech-bleu.png","width":1114,"height":1080,"caption":"BeevolutionX"},"image":{"@id":"https:\/\/beevolutionx.com\/#\/schema\/logo\/image\/"},"sameAs":["https:\/\/www.facebook.com\/profile.php?id=61556152756378","https:\/\/www.youtube.com\/results?search_query=beevolutionx","https:\/\/www.instagram.com\/beevolutionx\/","https:\/\/www.tiktok.com\/@beevolutionx"]}]}},"jetpack_sharing_enabled":true,"_links":{"self":[{"href":"https:\/\/beevolutionx.com\/pt\/wp-json\/wp\/v2\/product\/1466","targetHints":{"allow":["GET"]}}],"collection":[{"href":"https:\/\/beevolutionx.com\/pt\/wp-json\/wp\/v2\/product"}],"about":[{"href":"https:\/\/beevolutionx.com\/pt\/wp-json\/wp\/v2\/types\/product"}],"wp:featuredmedia":[{"embeddable":true,"href":"https:\/\/beevolutionx.com\/pt\/wp-json\/wp\/v2\/media\/68"}],"wp:attachment":[{"href":"https:\/\/beevolutionx.com\/pt\/wp-json\/wp\/v2\/media?parent=1466"}],"wp:term":[{"taxonomy":"product_brand","embeddable":true,"href":"https:\/\/beevolutionx.com\/pt\/wp-json\/wp\/v2\/product_brand?post=1466"},{"taxonomy":"product_cat","embeddable":true,"href":"https:\/\/beevolutionx.com\/pt\/wp-json\/wp\/v2\/product_cat?post=1466"},{"taxonomy":"product_tag","embeddable":true,"href":"https:\/\/beevolutionx.com\/pt\/wp-json\/wp\/v2\/product_tag?post=1466"}],"curies":[{"name":"wp","href":"https:\/\/api.w.org\/{rel}","templated":true}]}}