{"id":2350,"date":"2026-03-04T13:58:55","date_gmt":"2026-03-04T12:58:55","guid":{"rendered":"https:\/\/beevolutionx.com\/?post_type=product&#038;p=2350"},"modified":"2026-04-08T23:28:04","modified_gmt":"2026-04-08T21:28:04","slug":"divisoria-isolante-de-alta-performance-para-colmeia-rbc","status":"publish","type":"product","link":"https:\/\/beevolutionx.com\/pt\/boutique\/isolation-rbc\/dadant\/partition-isolante-haute-performance-ruche-rbc\/","title":{"rendered":"Divis\u00f3ria isolante de alto desempenho \u2013 Dadant \u2013 PIHPgm\u00ae RBC\u00ae"},"content":{"rendered":"<h2 data-start=\"849\" data-end=\"912\">\ud83d\udc1d PIHPgm\u00ae \u2013 Painel isolante para colmeia de alto desempenho RBC\u00ae<\/h2>\n<p data-start=\"914\" data-end=\"1077\">La <strong data-start=\"917\" data-end=\"984\">PIHPgm\u00ae RBC\u00ae \u00e9 uma folha de isolamento de colmeia de alto desempenho<\/strong> concebida para melhorar a efic\u00e1cia t\u00e9rmica do sistema <strong data-start=\"1041\" data-end=\"1076\">Colmeia de Baixo Consumo (RBC\u00ae)<\/strong>.<\/p>\n<p data-start=\"1079\" data-end=\"1378\">Ao contr\u00e1rio das divis\u00f3rias cl\u00e1ssicas usadas na apicultura, a <strong data-start=\"1147\" data-end=\"1163\">PIHPgm\u00ae RBC\u00ae<\/strong> combinar um <strong data-start=\"1175\" data-end=\"1203\">isolante t\u00e9rmico r\u00edgido<\/strong> e um <strong data-start=\"1210\" data-end=\"1249\">pel\u00edcula termo-refletora BeevolutionX<\/strong>.<br data-start=\"1250\" data-end=\"1253\" \/>Esta associa\u00e7\u00e3o limita a perda de calor e devolve a energia produzida pelas abelhas para o interior da col\u00f3nia.<\/p>\n<p data-start=\"1380\" data-end=\"1564\">Instalado em <strong data-start=\"1398\" data-end=\"1416\">corpo de colmeia<\/strong>, esta parti\u00e7\u00e3o isolante de colmeia de alto desempenho contribui para estabilizar a temperatura interna e melhorar as condi\u00e7\u00f5es de vida da col\u00f3nia.<\/p>\n<p data-start=\"1566\" data-end=\"1759\">La <strong data-start=\"1569\" data-end=\"1580\">PIHPgm\u00ae<\/strong> faz parte dos elementos t\u00e9cnicos desenvolvidos para o sistema <strong data-start=\"1644\" data-end=\"1677\">Colmeia de Baixo Consumo RBC\u00ae<\/strong>, cujo objetivo \u00e9 otimizar o isolamento e a gest\u00e3o t\u00e9rmica da colmeia.<\/p>\n<hr data-start=\"1761\" data-end=\"1764\" \/>\n<h2 data-start=\"1766\" data-end=\"1837\">\u2699\ufe0f Caracter\u00edsticas da parti\u00e7\u00e3o isolante de colmeia de alto desempenho<\/h2>\n<ul data-start=\"1839\" data-end=\"2129\">\n<li data-start=\"1839\" data-end=\"1897\">\n<p data-start=\"1841\" data-end=\"1897\">Tipo: Parti\u00e7\u00e3o isolante de alto desempenho para colmeia<\/p>\n<\/li>\n<li data-start=\"1898\" data-end=\"1923\">\n<p data-start=\"1900\" data-end=\"1923\">Formato: Caixa Dadant<\/p>\n<\/li>\n<li data-start=\"1924\" data-end=\"1965\">\n<p data-start=\"1926\" data-end=\"1965\">Estrutura: isolante XPS de alta densidade<\/p>\n<\/li>\n<li data-start=\"1966\" data-end=\"2017\">\n<p data-start=\"1968\" data-end=\"2017\">Revestimento: filme termo-reflector BeevolutionX<\/p>\n<\/li>\n<li data-start=\"2018\" data-end=\"2073\">\n<p data-start=\"2020\" data-end=\"2073\">Utiliza\u00e7\u00e3o: melhoria do isolamento t\u00e9rmico<\/p>\n<\/li>\n<li data-start=\"2074\" data-end=\"2129\">\n<p data-start=\"2076\" data-end=\"2129\">Compatibilidade: Sistema de Colmeia de Baixo Consumo RBC\u00ae<\/p>\n<\/li>\n<\/ul>\n<hr data-start=\"2131\" data-end=\"2134\" \/>\n<h2 data-start=\"2136\" data-end=\"2170\">\ud83d\udca1 Vantagens da PIHPgm\u00ae RBC\u00ae<\/h2>\n<ul data-start=\"2172\" data-end=\"2354\">\n<li data-start=\"2172\" data-end=\"2205\">\n<p data-start=\"2174\" data-end=\"2205\">isolamento t\u00e9rmico refor\u00e7ado<\/p>\n<\/li>\n<li data-start=\"2206\" data-end=\"2256\">\n<p data-start=\"2208\" data-end=\"2256\">melhor estabilidade do microclima da colmeia<\/p>\n<\/li>\n<li data-start=\"2257\" data-end=\"2303\">\n<p data-start=\"2259\" data-end=\"2303\">instala\u00e7\u00e3o simples no corpo da colmeia<\/p>\n<\/li>\n<li data-start=\"2304\" data-end=\"2354\">\n<p data-start=\"2306\" data-end=\"2354\">compat\u00edvel com o conjunto dos elementos <strong data-start=\"2346\" data-end=\"2354\">RBC\u00ae<\/strong><\/p>\n<\/li>\n<\/ul>\n<hr data-start=\"2356\" data-end=\"2359\" \/>\n<h2 data-start=\"2361\" data-end=\"2378\">\ud83e\udded Utiliza\u00e7\u00e3o<\/h2>\n<p data-start=\"2380\" data-end=\"2448\">La <strong data-start=\"2383\" data-end=\"2399\">PIHPgm\u00ae RBC\u00ae<\/strong> se colocar diretamente no <strong data-start=\"2429\" data-end=\"2447\">corpo de colmeia<\/strong>.<\/p>\n<p data-start=\"2450\" data-end=\"2505\">A configura\u00e7\u00e3o mais comum consiste em utilizar:<\/p>\n<ul data-start=\"2507\" data-end=\"2569\">\n<li data-start=\"2507\" data-end=\"2535\">\n<p data-start=\"2509\" data-end=\"2535\"><strong data-start=\"2509\" data-end=\"2533\">2 divis\u00f5es em margem<\/strong><\/p>\n<\/li>\n<li data-start=\"2536\" data-end=\"2569\">\n<p data-start=\"2538\" data-end=\"2569\"><strong data-start=\"2538\" data-end=\"2569\">1 divis\u00f3ria central m\u00f3vel<\/strong><\/p>\n<\/li>\n<\/ul>\n<p data-start=\"2571\" data-end=\"2672\">A parti\u00e7\u00e3o localizada em <strong data-start=\"2594\" data-end=\"2607\">Quarto 2<\/strong> pode tamb\u00e9m ser substitu\u00edda por um <strong data-start=\"2645\" data-end=\"2671\">alimentador quadro RBC\u00ae<\/strong>.<\/p>\n<p data-start=\"2674\" data-end=\"2819\">\ud83d\udc49 Ver o <strong data-start=\"2685\" data-end=\"2717\">alimentador de madeira isolado RBC\u00ae<\/strong> :<br data-start=\"2719\" data-end=\"2722\" \/><a class=\"decorated-link\" href=\"https:\/\/beevolutionx.com\/pt\/loja\/isolamento-de-eritrocitos\/nourrisseur-cadre-en-bois-isole-beevolutionx-rbc\/\" target=\"_new\" rel=\"noopener\" data-start=\"2722\" data-end=\"2819\">https:\/\/beevolutionx.com\/boutique\/isolation-rbc\/nourrisseur-cadre-en-bois-isole-beevolutionx-rbc\/<\/a><\/p>\n<p data-start=\"2821\" data-end=\"2928\">Esta organiza\u00e7\u00e3o permite adaptar facilmente o volume da colmeia em fun\u00e7\u00e3o do tamanho do enxame.<\/p>\n<hr data-start=\"2930\" data-end=\"2933\" \/>\n<h2 data-start=\"2935\" data-end=\"2971\">Um elemento chave do sistema RBC\u00ae<\/h2>\n<p data-start=\"2973\" data-end=\"3092\">La <strong data-start=\"2976\" data-end=\"3030\">Painel isolante de alta performance PIHPgm\u00ae<\/strong> participe plenamente ao conceito <strong data-start=\"3063\" data-end=\"3091\">Colmeia de baixo consumo de energia<\/strong>.<\/p>\n<p data-start=\"3094\" data-end=\"3290\">Associada \u00e0\u2019<strong data-start=\"3107\" data-end=\"3137\">len\u00e7o termorrefletor<\/strong>, au <strong data-start=\"3142\" data-end=\"3161\">almofada de isolamento<\/strong> e ao <strong data-start=\"3168\" data-end=\"3198\">len\u00e7o termorrefletor<\/strong>, contribui para a melhoria da estabilidade t\u00e9rmica e do funcionamento global da colmeia.<\/p>","protected":false},"excerpt":{"rendered":"<p>PIHPgm\u00ae RBC \u2013 Divis\u00f3ria isolante de alta performance para colmeia Dadant.<br data-start=\"720\" data-end=\"723\" \/>Otimiza o isolamento t\u00e9rmico do corpo da colmeia e permite adaptar o volume ao tamanho da col\u00f3nia.<\/p>","protected":false},"featured_media":2352,"template":"","meta":{"_et_pb_use_builder":"","_et_pb_old_content":"","_et_gb_content_width":""},"product_brand":[],"product_cat":[41,34],"product_tag":[],"class_list":{"0":"post-2350","1":"product","2":"type-product","3":"status-publish","4":"has-post-thumbnail","6":"product_cat-dadant","7":"product_cat-isolation-rbc","8":"product_shipping_class-volumineux","10":"first","11":"outofstock","12":"taxable","13":"shipping-taxable","14":"purchasable","15":"product-type-simple"},"yoast_head":"<!-- This site is optimized with the Yoast SEO plugin v27.5 - https:\/\/yoast.com\/product\/yoast-seo-wordpress\/ -->\n<title>Partition isolante haute performance - Dadant - PIHPgm\u00ae RBC\u00ae - BeevolutionX<\/title>\n<meta name=\"description\" content=\"PIHPgm\u00ae RBC : partition isolante ruche haute performance. Combine isolant thermique et film thermo-r\u00e9flecteur pour stabiliser la temp\u00e9rature de la colonie.\" \/>\n<meta name=\"robots\" content=\"index, follow, max-snippet:-1, max-image-preview:large, max-video-preview:-1\" \/>\n<link rel=\"canonical\" href=\"https:\/\/beevolutionx.com\/pt\/loja\/isolamento-de-eritrocitos\/pai\/divisoria-isolante-de-alta-performance-para-colmeia-rbc\/\" \/>\n<meta property=\"og:locale\" content=\"pt_PT\" \/>\n<meta property=\"og:type\" content=\"article\" \/>\n<meta property=\"og:title\" content=\"Partition isolante haute performance - Dadant - PIHPgm\u00ae RBC\u00ae - BeevolutionX\" \/>\n<meta property=\"og:description\" content=\"PIHPgm\u00ae RBC : partition isolante ruche haute performance. Combine isolant thermique et film thermo-r\u00e9flecteur pour stabiliser la temp\u00e9rature de la colonie.\" \/>\n<meta property=\"og:url\" content=\"https:\/\/beevolutionx.com\/pt\/loja\/isolamento-de-eritrocitos\/pai\/divisoria-isolante-de-alta-performance-para-colmeia-rbc\/\" \/>\n<meta property=\"og:site_name\" content=\"BeevolutionX\" \/>\n<meta property=\"article:publisher\" content=\"https:\/\/www.facebook.com\/profile.php?id=61556152756378\" \/>\n<meta property=\"article:modified_time\" content=\"2026-04-08T21:28:04+00:00\" \/>\n<meta property=\"og:image\" content=\"https:\/\/beevolutionx.com\/wp-content\/uploads\/2026\/03\/20260228_145758.png\" \/>\n\t<meta property=\"og:image:width\" content=\"2041\" \/>\n\t<meta property=\"og:image:height\" content=\"1094\" \/>\n\t<meta property=\"og:image:type\" content=\"image\/png\" \/>\n<meta name=\"twitter:card\" content=\"summary_large_image\" \/>\n<meta name=\"twitter:label1\" content=\"Tempo estimado de leitura\" \/>\n\t<meta name=\"twitter:data1\" content=\"2 minutos\" \/>\n<script type=\"application\/ld+json\" class=\"yoast-schema-graph\">{\"@context\":\"https:\\\/\\\/schema.org\",\"@graph\":[{\"@type\":\"WebPage\",\"@id\":\"https:\\\/\\\/beevolutionx.com\\\/boutique\\\/isolation-rbc\\\/dadant\\\/partition-isolante-haute-performance-ruche-rbc\\\/\",\"url\":\"https:\\\/\\\/beevolutionx.com\\\/boutique\\\/isolation-rbc\\\/dadant\\\/partition-isolante-haute-performance-ruche-rbc\\\/\",\"name\":\"Partition isolante haute performance - Dadant - PIHPgm\u00ae RBC\u00ae - BeevolutionX\",\"isPartOf\":{\"@id\":\"https:\\\/\\\/beevolutionx.com\\\/#website\"},\"primaryImageOfPage\":{\"@id\":\"https:\\\/\\\/beevolutionx.com\\\/boutique\\\/isolation-rbc\\\/dadant\\\/partition-isolante-haute-performance-ruche-rbc\\\/#primaryimage\"},\"image\":{\"@id\":\"https:\\\/\\\/beevolutionx.com\\\/boutique\\\/isolation-rbc\\\/dadant\\\/partition-isolante-haute-performance-ruche-rbc\\\/#primaryimage\"},\"thumbnailUrl\":\"https:\\\/\\\/i0.wp.com\\\/beevolutionx.com\\\/wp-content\\\/uploads\\\/2026\\\/03\\\/20260228_145758.png?fit=2041%2C1094&ssl=1\",\"datePublished\":\"2026-03-04T12:58:55+00:00\",\"dateModified\":\"2026-04-08T21:28:04+00:00\",\"description\":\"PIHPgm\u00ae RBC : partition isolante ruche haute performance. Combine isolant thermique et film thermo-r\u00e9flecteur pour stabiliser la temp\u00e9rature de la colonie.\",\"breadcrumb\":{\"@id\":\"https:\\\/\\\/beevolutionx.com\\\/boutique\\\/isolation-rbc\\\/dadant\\\/partition-isolante-haute-performance-ruche-rbc\\\/#breadcrumb\"},\"inLanguage\":\"pt-PT\",\"potentialAction\":[{\"@type\":\"ReadAction\",\"target\":[\"https:\\\/\\\/beevolutionx.com\\\/boutique\\\/isolation-rbc\\\/dadant\\\/partition-isolante-haute-performance-ruche-rbc\\\/\"]}]},{\"@type\":\"ImageObject\",\"inLanguage\":\"pt-PT\",\"@id\":\"https:\\\/\\\/beevolutionx.com\\\/boutique\\\/isolation-rbc\\\/dadant\\\/partition-isolante-haute-performance-ruche-rbc\\\/#primaryimage\",\"url\":\"https:\\\/\\\/i0.wp.com\\\/beevolutionx.com\\\/wp-content\\\/uploads\\\/2026\\\/03\\\/20260228_145758.png?fit=2041%2C1094&ssl=1\",\"contentUrl\":\"https:\\\/\\\/i0.wp.com\\\/beevolutionx.com\\\/wp-content\\\/uploads\\\/2026\\\/03\\\/20260228_145758.png?fit=2041%2C1094&ssl=1\",\"width\":2041,\"height\":1094,\"caption\":\"PIHPgm\"},{\"@type\":\"BreadcrumbList\",\"@id\":\"https:\\\/\\\/beevolutionx.com\\\/boutique\\\/isolation-rbc\\\/dadant\\\/partition-isolante-haute-performance-ruche-rbc\\\/#breadcrumb\",\"itemListElement\":[{\"@type\":\"ListItem\",\"position\":1,\"name\":\"Accueil\",\"item\":\"https:\\\/\\\/beevolutionx.com\\\/\"},{\"@type\":\"ListItem\",\"position\":2,\"name\":\"Boutique\",\"item\":\"https:\\\/\\\/beevolutionx.com\\\/boutique\\\/\"},{\"@type\":\"ListItem\",\"position\":3,\"name\":\"Partition isolante haute performance &#8211; Dadant &#8211; PIHPgm\u00ae RBC\u00ae\"}]},{\"@type\":\"WebSite\",\"@id\":\"https:\\\/\\\/beevolutionx.com\\\/#website\",\"url\":\"https:\\\/\\\/beevolutionx.com\\\/\",\"name\":\"BeevolutionX\",\"description\":\"Le site officiel de la Ruche Basse Consommation\u00ae (RBC\u00ae)\",\"publisher\":{\"@id\":\"https:\\\/\\\/beevolutionx.com\\\/#organization\"},\"potentialAction\":[{\"@type\":\"SearchAction\",\"target\":{\"@type\":\"EntryPoint\",\"urlTemplate\":\"https:\\\/\\\/beevolutionx.com\\\/?s={search_term_string}\"},\"query-input\":{\"@type\":\"PropertyValueSpecification\",\"valueRequired\":true,\"valueName\":\"search_term_string\"}}],\"inLanguage\":\"pt-PT\"},{\"@type\":\"Organization\",\"@id\":\"https:\\\/\\\/beevolutionx.com\\\/#organization\",\"name\":\"BeevolutionX\",\"url\":\"https:\\\/\\\/beevolutionx.com\\\/\",\"logo\":{\"@type\":\"ImageObject\",\"inLanguage\":\"pt-PT\",\"@id\":\"https:\\\/\\\/beevolutionx.com\\\/#\\\/schema\\\/logo\\\/image\\\/\",\"url\":\"https:\\\/\\\/beevolutionx.com\\\/wp-content\\\/uploads\\\/2025\\\/01\\\/BEEVOLUTION-X-LOGO-FINAL-tech-bleu.png\",\"contentUrl\":\"https:\\\/\\\/beevolutionx.com\\\/wp-content\\\/uploads\\\/2025\\\/01\\\/BEEVOLUTION-X-LOGO-FINAL-tech-bleu.png\",\"width\":1114,\"height\":1080,\"caption\":\"BeevolutionX\"},\"image\":{\"@id\":\"https:\\\/\\\/beevolutionx.com\\\/#\\\/schema\\\/logo\\\/image\\\/\"},\"sameAs\":[\"https:\\\/\\\/www.facebook.com\\\/profile.php?id=61556152756378\",\"https:\\\/\\\/www.youtube.com\\\/results?search_query=beevolutionx\",\"https:\\\/\\\/www.instagram.com\\\/beevolutionx\\\/\",\"https:\\\/\\\/www.tiktok.com\\\/@beevolutionx\"]}]}<\/script>\n<!-- \/ Yoast SEO plugin. -->","yoast_head_json":{"title":"Divis\u00f3ria Isolante de Alto Desempenho - Dadant - PIHPgm\u00ae RBC\u00ae - BeevolutionX","description":"PIHPgm\u00ae RBC: divis\u00e3o isolante de colmeia de alto desempenho. Combina isolamento t\u00e9rmico e filme termorrefletor para estabilizar a temperatura da col\u00f3nia.","robots":{"index":"index","follow":"follow","max-snippet":"max-snippet:-1","max-image-preview":"max-image-preview:large","max-video-preview":"max-video-preview:-1"},"canonical":"https:\/\/beevolutionx.com\/pt\/loja\/isolamento-de-eritrocitos\/pai\/divisoria-isolante-de-alta-performance-para-colmeia-rbc\/","og_locale":"pt_PT","og_type":"article","og_title":"Partition isolante haute performance - Dadant - PIHPgm\u00ae RBC\u00ae - BeevolutionX","og_description":"PIHPgm\u00ae RBC : partition isolante ruche haute performance. Combine isolant thermique et film thermo-r\u00e9flecteur pour stabiliser la temp\u00e9rature de la colonie.","og_url":"https:\/\/beevolutionx.com\/pt\/loja\/isolamento-de-eritrocitos\/pai\/divisoria-isolante-de-alta-performance-para-colmeia-rbc\/","og_site_name":"BeevolutionX","article_publisher":"https:\/\/www.facebook.com\/profile.php?id=61556152756378","article_modified_time":"2026-04-08T21:28:04+00:00","og_image":[{"width":2041,"height":1094,"url":"https:\/\/beevolutionx.com\/wp-content\/uploads\/2026\/03\/20260228_145758.png","type":"image\/png"}],"twitter_card":"summary_large_image","twitter_misc":{"Tempo estimado de leitura":"2 minutos"},"schema":{"@context":"https:\/\/schema.org","@graph":[{"@type":"WebPage","@id":"https:\/\/beevolutionx.com\/boutique\/isolation-rbc\/dadant\/partition-isolante-haute-performance-ruche-rbc\/","url":"https:\/\/beevolutionx.com\/boutique\/isolation-rbc\/dadant\/partition-isolante-haute-performance-ruche-rbc\/","name":"Divis\u00f3ria Isolante de Alto Desempenho - Dadant - PIHPgm\u00ae RBC\u00ae - BeevolutionX","isPartOf":{"@id":"https:\/\/beevolutionx.com\/#website"},"primaryImageOfPage":{"@id":"https:\/\/beevolutionx.com\/boutique\/isolation-rbc\/dadant\/partition-isolante-haute-performance-ruche-rbc\/#primaryimage"},"image":{"@id":"https:\/\/beevolutionx.com\/boutique\/isolation-rbc\/dadant\/partition-isolante-haute-performance-ruche-rbc\/#primaryimage"},"thumbnailUrl":"https:\/\/i0.wp.com\/beevolutionx.com\/wp-content\/uploads\/2026\/03\/20260228_145758.png?fit=2041%2C1094&ssl=1","datePublished":"2026-03-04T12:58:55+00:00","dateModified":"2026-04-08T21:28:04+00:00","description":"PIHPgm\u00ae RBC: divis\u00e3o isolante de colmeia de alto desempenho. Combina isolamento t\u00e9rmico e filme termorrefletor para estabilizar a temperatura da col\u00f3nia.","breadcrumb":{"@id":"https:\/\/beevolutionx.com\/boutique\/isolation-rbc\/dadant\/partition-isolante-haute-performance-ruche-rbc\/#breadcrumb"},"inLanguage":"pt-PT","potentialAction":[{"@type":"ReadAction","target":["https:\/\/beevolutionx.com\/boutique\/isolation-rbc\/dadant\/partition-isolante-haute-performance-ruche-rbc\/"]}]},{"@type":"ImageObject","inLanguage":"pt-PT","@id":"https:\/\/beevolutionx.com\/boutique\/isolation-rbc\/dadant\/partition-isolante-haute-performance-ruche-rbc\/#primaryimage","url":"https:\/\/i0.wp.com\/beevolutionx.com\/wp-content\/uploads\/2026\/03\/20260228_145758.png?fit=2041%2C1094&ssl=1","contentUrl":"https:\/\/i0.wp.com\/beevolutionx.com\/wp-content\/uploads\/2026\/03\/20260228_145758.png?fit=2041%2C1094&ssl=1","width":2041,"height":1094,"caption":"PIHPgm"},{"@type":"BreadcrumbList","@id":"https:\/\/beevolutionx.com\/boutique\/isolation-rbc\/dadant\/partition-isolante-haute-performance-ruche-rbc\/#breadcrumb","itemListElement":[{"@type":"ListItem","position":1,"name":"Accueil","item":"https:\/\/beevolutionx.com\/"},{"@type":"ListItem","position":2,"name":"Boutique","item":"https:\/\/beevolutionx.com\/boutique\/"},{"@type":"ListItem","position":3,"name":"Partition isolante haute performance &#8211; Dadant &#8211; PIHPgm\u00ae RBC\u00ae"}]},{"@type":"WebSite","@id":"https:\/\/beevolutionx.com\/#website","url":"https:\/\/beevolutionx.com\/","name":"BeevolutionX","description":"O site oficial da Ruche Basse Consommation\u00ae (RBC\u00ae)","publisher":{"@id":"https:\/\/beevolutionx.com\/#organization"},"potentialAction":[{"@type":"SearchAction","target":{"@type":"EntryPoint","urlTemplate":"https:\/\/beevolutionx.com\/?s={search_term_string}"},"query-input":{"@type":"PropertyValueSpecification","valueRequired":true,"valueName":"search_term_string"}}],"inLanguage":"pt-PT"},{"@type":"Organization","@id":"https:\/\/beevolutionx.com\/#organization","name":"BeevolutionX","url":"https:\/\/beevolutionx.com\/","logo":{"@type":"ImageObject","inLanguage":"pt-PT","@id":"https:\/\/beevolutionx.com\/#\/schema\/logo\/image\/","url":"https:\/\/beevolutionx.com\/wp-content\/uploads\/2025\/01\/BEEVOLUTION-X-LOGO-FINAL-tech-bleu.png","contentUrl":"https:\/\/beevolutionx.com\/wp-content\/uploads\/2025\/01\/BEEVOLUTION-X-LOGO-FINAL-tech-bleu.png","width":1114,"height":1080,"caption":"BeevolutionX"},"image":{"@id":"https:\/\/beevolutionx.com\/#\/schema\/logo\/image\/"},"sameAs":["https:\/\/www.facebook.com\/profile.php?id=61556152756378","https:\/\/www.youtube.com\/results?search_query=beevolutionx","https:\/\/www.instagram.com\/beevolutionx\/","https:\/\/www.tiktok.com\/@beevolutionx"]}]}},"jetpack_sharing_enabled":true,"_links":{"self":[{"href":"https:\/\/beevolutionx.com\/pt\/wp-json\/wp\/v2\/product\/2350","targetHints":{"allow":["GET"]}}],"collection":[{"href":"https:\/\/beevolutionx.com\/pt\/wp-json\/wp\/v2\/product"}],"about":[{"href":"https:\/\/beevolutionx.com\/pt\/wp-json\/wp\/v2\/types\/product"}],"wp:featuredmedia":[{"embeddable":true,"href":"https:\/\/beevolutionx.com\/pt\/wp-json\/wp\/v2\/media\/2352"}],"wp:attachment":[{"href":"https:\/\/beevolutionx.com\/pt\/wp-json\/wp\/v2\/media?parent=2350"}],"wp:term":[{"taxonomy":"product_brand","embeddable":true,"href":"https:\/\/beevolutionx.com\/pt\/wp-json\/wp\/v2\/product_brand?post=2350"},{"taxonomy":"product_cat","embeddable":true,"href":"https:\/\/beevolutionx.com\/pt\/wp-json\/wp\/v2\/product_cat?post=2350"},{"taxonomy":"product_tag","embeddable":true,"href":"https:\/\/beevolutionx.com\/pt\/wp-json\/wp\/v2\/product_tag?post=2350"}],"curies":[{"name":"wp","href":"https:\/\/api.w.org\/{rel}","templated":true}]}}