{"id":667,"date":"2025-03-13T22:51:38","date_gmt":"2025-03-13T21:51:38","guid":{"rendered":"https:\/\/beevolutionx.com\/?post_type=product&#038;p=667"},"modified":"2026-01-02T00:46:04","modified_gmt":"2026-01-01T23:46:04","slug":"beevolutionx-metro-de-pelicula-reflectora-de-calor","status":"publish","type":"product","link":"https:\/\/beevolutionx.com\/pt\/boutique\/film-thermo-reflecteur-rbc\/film-thermo-reflecteur-beevolutionx-metre\/","title":{"rendered":"Pel\u00edcula reflectora de calor BeevolutionX 47cm (a metro)"},"content":{"rendered":"<h2 data-start=\"395\" data-end=\"459\">Pel\u00edcula reflectora de calor de qualidade alimentar BeevolutionX ao metro<\/h2>\n<p data-start=\"461\" data-end=\"886\">Le <strong data-start=\"464\" data-end=\"524\">Pel\u00edcula reflectora de calor de qualidade alimentar BeevolutionX ao metro<\/strong> foi concebido para <strong data-start=\"540\" data-end=\"601\">criar facilmente colmeias de baixo consumo energ\u00e9tico (RBC\u00ae)<\/strong>.<br data-start=\"602\" data-end=\"605\" \/>Este <strong data-start=\"608\" data-end=\"629\">material inovador<\/strong> oferece um <strong data-start=\"639\" data-end=\"690\">reflect\u00e2ncia t\u00e9rmica superior a 85 %<\/strong>, reflectindo o calor de volta para a ninhada.<br data-start=\"729\" data-end=\"732\" \/>Permite <strong data-start=\"745\" data-end=\"777\">reduzir as perdas de energia<\/strong>, de <strong data-start=\"782\" data-end=\"814\">estabiliza\u00e7\u00e3o do clima interno<\/strong> e <strong data-start=\"821\" data-end=\"859\">aumentar a vitalidade das abelhas<\/strong> ao longo do ano.<\/p>\n<hr data-start=\"888\" data-end=\"891\" \/>\n<h3 data-start=\"893\" data-end=\"954\">Uma pel\u00edcula reflectora de calor certificada e segura de qualidade alimentar<\/h3>\n<p data-start=\"956\" data-end=\"1309\">Le <strong data-start=\"959\" data-end=\"1019\">Pel\u00edcula reflectora de calor de qualidade alimentar BeevolutionX ao metro<\/strong> \u00e9 <strong data-start=\"1024\" data-end=\"1074\">certificado em conformidade com o Regulamento (UE) n.\u00ba 10\/2011<\/strong>, garantia <strong data-start=\"1093\" data-end=\"1113\">completamente seguro<\/strong> para uso ap\u00edcola.<br data-start=\"1136\" data-end=\"1139\" \/>Fabricado em <strong data-start=\"1160\" data-end=\"1196\">polietileno aluminizado (PE + Al)<\/strong>, n\u00e3o liberta <strong data-start=\"1211\" data-end=\"1238\">sem subst\u00e2ncias nocivas<\/strong> e pode ser utilizado <strong data-start=\"1260\" data-end=\"1306\">em total seguran\u00e7a dentro das colmeias<\/strong>.<\/p>\n<p data-start=\"1311\" data-end=\"1485\">\ud83d\udcc4 <a class=\"decorated-link\" href=\"https:\/\/beevolutionx.com\/wp-content\/uploads\/2025\/10\/Declaration_Conformite_Alimentaire_BeevolutionX-1.pdf\" target=\"_new\" rel=\"noopener\" data-start=\"1314\" data-end=\"1483\"><strong data-start=\"1315\" data-end=\"1375\">Descarregar o certificado alimentar BeevolutionX (PDF)<\/strong><\/a><\/p>\n<h3 data-start=\"1492\" data-end=\"1577\">\u2699\ufe0f Carater\u00edsticas da pel\u00edcula reflectora de calor de qualidade alimentar BeevolutionX a metro<\/h3>\n<ul data-start=\"1579\" data-end=\"1789\">\n<li data-start=\"1579\" data-end=\"1602\">\n<p data-start=\"1581\" data-end=\"1602\"><strong data-start=\"1581\" data-end=\"1592\">Largura<\/strong> Altura: 47 cm<\/p>\n<\/li>\n<li data-start=\"1603\" data-end=\"1639\">\n<p data-start=\"1605\" data-end=\"1639\"><strong data-start=\"1605\" data-end=\"1617\">Comprimento<\/strong> por metro linear<\/p>\n<\/li>\n<li data-start=\"1640\" data-end=\"1671\">\n<p data-start=\"1642\" data-end=\"1671\"><strong data-start=\"1642\" data-end=\"1654\">Material<\/strong> PE revestido a alum\u00ednio<\/p>\n<\/li>\n<li data-start=\"1672\" data-end=\"1714\">\n<p data-start=\"1674\" data-end=\"1714\"><strong data-start=\"1674\" data-end=\"1703\">Capacidade de reflex\u00e3o do calor<\/strong> : &gt; 85 %<\/p>\n<\/li>\n<li data-start=\"1715\" data-end=\"1789\">\n<p data-start=\"1717\" data-end=\"1789\"><strong data-start=\"1717\" data-end=\"1732\">Leve<\/strong> e <strong data-start=\"1736\" data-end=\"1756\">elevada flexibilidade<\/strong> para uma utiliza\u00e7\u00e3o r\u00e1pida e precisa<\/p>\n<\/li>\n<\/ul>\n<hr data-start=\"1791\" data-end=\"1794\" \/>\n<h3 data-start=\"1796\" data-end=\"1833\">\ud83c\udf21\ufe0f Benef\u00edcios para os apicultores<\/h3>\n<ul data-start=\"1835\" data-end=\"2228\">\n<li data-start=\"1835\" data-end=\"1909\">\n<p data-start=\"1837\" data-end=\"1909\"><strong data-start=\"1837\" data-end=\"1862\">Isolamento de alto desempenho<\/strong> para colmeias <strong data-start=\"1879\" data-end=\"1889\">Dadant<\/strong> e <strong data-start=\"1893\" data-end=\"1907\">Langstroth<\/strong><\/p>\n<\/li>\n<li data-start=\"1910\" data-end=\"1988\">\n<p data-start=\"1912\" data-end=\"1988\"><strong data-start=\"1912\" data-end=\"1930\">F\u00e1cil de cortar<\/strong> para criar o seu <strong data-start=\"1946\" data-end=\"1958\">len\u00e7os<\/strong>, <strong data-start=\"1960\" data-end=\"1970\">PIHPgm<\/strong> ou <strong data-start=\"1974\" data-end=\"1986\">PIHPette<\/strong><\/p>\n<\/li>\n<li data-start=\"1989\" data-end=\"2078\">\n<p data-start=\"1991\" data-end=\"2078\"><strong data-start=\"1991\" data-end=\"2011\">Alta resist\u00eancia<\/strong> em <strong data-start=\"2016\" data-end=\"2040\">eleva\u00e7\u00e3o da estrutura<\/strong>, a <strong data-start=\"2047\" data-end=\"2059\">pr\u00f3polis<\/strong> e <strong data-start=\"2068\" data-end=\"2076\">cera<\/strong><\/p>\n<\/li>\n<li data-start=\"2079\" data-end=\"2140\">\n<p data-start=\"2081\" data-end=\"2140\"><strong data-start=\"2081\" data-end=\"2103\">Espessura m\u00ednima<\/strong>, sem perda de espa\u00e7o na colmeia<\/p>\n<\/li>\n<li data-start=\"2141\" data-end=\"2228\">\n<p data-start=\"2143\" data-end=\"2228\"><strong data-start=\"2143\" data-end=\"2169\">Vida \u00fatil alargada<\/strong> : n\u00e3o se rasga e resiste ao stress do api\u00e1rio<\/p>\n<\/li>\n<\/ul>\n<hr data-start=\"2230\" data-end=\"2233\" \/>\n<h3 data-start=\"2235\" data-end=\"2284\">\ud83d\udc1d Uma solu\u00e7\u00e3o sustent\u00e1vel da BeevolutionX<\/h3>\n<p data-start=\"2286\" data-end=\"2575\">Selecionar o <strong data-start=\"2297\" data-end=\"2357\">Pel\u00edcula reflectora de calor de qualidade alimentar BeevolutionX ao metro<\/strong>, significa investir num <strong data-start=\"2382\" data-end=\"2423\">um produto sustent\u00e1vel, limpo e de elevado desempenho<\/strong>.<br data-start=\"2424\" data-end=\"2427\" \/>Ele <strong data-start=\"2430\" data-end=\"2463\">melhora o conforto t\u00e9rmico<\/strong> as suas colmeias, <strong data-start=\"2479\" data-end=\"2517\">reduz o consumo de energia<\/strong> e incentiva <strong data-start=\"2534\" data-end=\"2572\">apicultura respeitosa e moderna<\/strong>.<\/p>\n<p data-start=\"2577\" data-end=\"2792\">Combinando <strong data-start=\"2588\" data-end=\"2603\">tecnologia<\/strong>, <strong data-start=\"2605\" data-end=\"2619\">resist\u00eancia<\/strong> e <strong data-start=\"2623\" data-end=\"2647\">seguran\u00e7a alimentar<\/strong>, BeevolutionX oferece aos apicultores uma solu\u00e7\u00e3o fi\u00e1vel para <strong data-start=\"2711\" data-end=\"2740\">modernizar as suas col\u00f3nias<\/strong> e <strong data-start=\"2744\" data-end=\"2789\">melhorar o desempenho dos seus api\u00e1rios<\/strong>.<\/p>\n<h3 data-start=\"391\" data-end=\"448\">\ud83d\uded1 <strong data-start=\"398\" data-end=\"446\">Aviso de utiliza\u00e7\u00e3o com tratamentos<\/strong><\/h3>\n<blockquote data-start=\"450\" data-end=\"854\">\n<p data-start=\"452\" data-end=\"707\">\u26a0\ufe0f <strong data-start=\"455\" data-end=\"470\">Aten\u00e7\u00e3o:<\/strong> em caso de utiliza\u00e7\u00e3o do tratamento <strong data-start=\"506\" data-end=\"520\">Formic Pro<\/strong>, <strong data-start=\"522\" data-end=\"593\">retire obrigatoriamente os elementos termorrefletores BeevolutionX<\/strong> Filmes, almofadas, cachec\u00f3is, PIHPgm\u2026.<br data-start=\"631\" data-end=\"634\" \/>Os vapores de \u00e1cido f\u00f3rmico podem danificar os filmes aluminizados.<\/p>\n<p data-start=\"714\" data-end=\"854\">\u2705 <strong data-start=\"716\" data-end=\"732\">Sem risco<\/strong> com os tratamentos <strong data-start=\"754\" data-end=\"766\">Varromed<\/strong> ou <strong data-start=\"770\" data-end=\"792\">ao \u00e1cido ox\u00e1lico<\/strong>, sob condi\u00e7\u00e3o de <strong data-start=\"809\" data-end=\"851\">respeitar os protocolos de aplica\u00e7\u00e3o<\/strong>.<\/p>\n<\/blockquote>","protected":false},"excerpt":{"rendered":"<p><strong>Pel\u00edcula termo-reflectora BeevolutionX para colmeias de baixo consumo energ\u00e9tico<\/strong> \u00e9 ideal para as suas abelhas! Resistente e de alto desempenho, reflecte eficazmente o calor das abelhas para a cria\u00e7\u00e3o. Rolo de 47 cm x 1m, ideal para divis\u00f3rias isolantes Dadant, cachec\u00f3is e len\u00e7os.<\/p>\n<p class=\"reapprovisionnement\">","protected":false},"featured_media":68,"template":"","meta":{"_et_pb_use_builder":"","_et_pb_old_content":"","_et_gb_content_width":""},"product_brand":[32],"product_cat":[20],"product_tag":[],"class_list":{"0":"post-667","1":"product","2":"type-product","3":"status-publish","4":"has-post-thumbnail","6":"product_brand-beevolutionx","7":"product_cat-film-thermo-reflecteur-rbc","9":"first","10":"instock","11":"taxable","12":"shipping-taxable","13":"purchasable","14":"product-type-simple"},"yoast_head":"<!-- This site is optimized with the Yoast SEO plugin v27.4 - https:\/\/yoast.com\/product\/yoast-seo-wordpress\/ -->\n<title>Film thermo r\u00e9flecteur BeevolutionX 47cm (au m\u00e8tre) - BeevolutionX<\/title>\n<meta name=\"description\" content=\"Le film thermo-r\u00e9flecteur BeevolutionX, certifi\u00e9 pour le contact alimentaire, r\u00e9sistant et id\u00e9al pour vos ruches basse consommation.\" \/>\n<meta name=\"robots\" content=\"index, follow, max-snippet:-1, max-image-preview:large, max-video-preview:-1\" \/>\n<link rel=\"canonical\" href=\"https:\/\/beevolutionx.com\/pt\/loja\/pelicula-termo-refletora-rbc\/beevolutionx-metro-de-pelicula-reflectora-de-calor\/\" \/>\n<meta property=\"og:locale\" content=\"pt_PT\" \/>\n<meta property=\"og:type\" content=\"article\" \/>\n<meta property=\"og:title\" content=\"Film thermo r\u00e9flecteur BeevolutionX 47cm (au m\u00e8tre) - BeevolutionX\" \/>\n<meta property=\"og:description\" content=\"Le film thermo-r\u00e9flecteur BeevolutionX, certifi\u00e9 pour le contact alimentaire, r\u00e9sistant et id\u00e9al pour vos ruches basse consommation.\" \/>\n<meta property=\"og:url\" content=\"https:\/\/beevolutionx.com\/pt\/loja\/pelicula-termo-refletora-rbc\/beevolutionx-metro-de-pelicula-reflectora-de-calor\/\" \/>\n<meta property=\"og:site_name\" content=\"BeevolutionX\" \/>\n<meta property=\"article:publisher\" content=\"https:\/\/www.facebook.com\/profile.php?id=61556152756378\" \/>\n<meta property=\"article:modified_time\" content=\"2026-01-01T23:46:04+00:00\" \/>\n<meta property=\"og:image\" content=\"https:\/\/beevolutionx.com\/wp-content\/uploads\/2025\/01\/film-beevolutionx-modif.jpg\" \/>\n\t<meta property=\"og:image:width\" content=\"1427\" \/>\n\t<meta property=\"og:image:height\" content=\"887\" \/>\n\t<meta property=\"og:image:type\" content=\"image\/jpeg\" \/>\n<meta name=\"twitter:card\" content=\"summary_large_image\" \/>\n<meta name=\"twitter:label1\" content=\"Tempo estimado de leitura\" \/>\n\t<meta name=\"twitter:data1\" content=\"2 minutos\" \/>\n<script type=\"application\/ld+json\" class=\"yoast-schema-graph\">{\"@context\":\"https:\\\/\\\/schema.org\",\"@graph\":[{\"@type\":\"WebPage\",\"@id\":\"https:\\\/\\\/beevolutionx.com\\\/boutique\\\/film-thermo-reflecteur-rbc\\\/film-thermo-reflecteur-beevolutionx-metre\\\/\",\"url\":\"https:\\\/\\\/beevolutionx.com\\\/boutique\\\/film-thermo-reflecteur-rbc\\\/film-thermo-reflecteur-beevolutionx-metre\\\/\",\"name\":\"Film thermo r\u00e9flecteur BeevolutionX 47cm (au m\u00e8tre) - BeevolutionX\",\"isPartOf\":{\"@id\":\"https:\\\/\\\/beevolutionx.com\\\/#website\"},\"primaryImageOfPage\":{\"@id\":\"https:\\\/\\\/beevolutionx.com\\\/boutique\\\/film-thermo-reflecteur-rbc\\\/film-thermo-reflecteur-beevolutionx-metre\\\/#primaryimage\"},\"image\":{\"@id\":\"https:\\\/\\\/beevolutionx.com\\\/boutique\\\/film-thermo-reflecteur-rbc\\\/film-thermo-reflecteur-beevolutionx-metre\\\/#primaryimage\"},\"thumbnailUrl\":\"https:\\\/\\\/i0.wp.com\\\/beevolutionx.com\\\/wp-content\\\/uploads\\\/2025\\\/01\\\/film-beevolutionx-modif.jpg?fit=1427%2C887&ssl=1\",\"datePublished\":\"2025-03-13T21:51:38+00:00\",\"dateModified\":\"2026-01-01T23:46:04+00:00\",\"description\":\"Le film thermo-r\u00e9flecteur BeevolutionX, certifi\u00e9 pour le contact alimentaire, r\u00e9sistant et id\u00e9al pour vos ruches basse consommation.\",\"breadcrumb\":{\"@id\":\"https:\\\/\\\/beevolutionx.com\\\/boutique\\\/film-thermo-reflecteur-rbc\\\/film-thermo-reflecteur-beevolutionx-metre\\\/#breadcrumb\"},\"inLanguage\":\"pt-PT\",\"potentialAction\":[{\"@type\":\"ReadAction\",\"target\":[\"https:\\\/\\\/beevolutionx.com\\\/boutique\\\/film-thermo-reflecteur-rbc\\\/film-thermo-reflecteur-beevolutionx-metre\\\/\"]}]},{\"@type\":\"ImageObject\",\"inLanguage\":\"pt-PT\",\"@id\":\"https:\\\/\\\/beevolutionx.com\\\/boutique\\\/film-thermo-reflecteur-rbc\\\/film-thermo-reflecteur-beevolutionx-metre\\\/#primaryimage\",\"url\":\"https:\\\/\\\/i0.wp.com\\\/beevolutionx.com\\\/wp-content\\\/uploads\\\/2025\\\/01\\\/film-beevolutionx-modif.jpg?fit=1427%2C887&ssl=1\",\"contentUrl\":\"https:\\\/\\\/i0.wp.com\\\/beevolutionx.com\\\/wp-content\\\/uploads\\\/2025\\\/01\\\/film-beevolutionx-modif.jpg?fit=1427%2C887&ssl=1\",\"width\":1427,\"height\":887,\"caption\":\"Film thermo-r\u00e9flecteur pour ruche basse consommation BeevolutionX\"},{\"@type\":\"BreadcrumbList\",\"@id\":\"https:\\\/\\\/beevolutionx.com\\\/boutique\\\/film-thermo-reflecteur-rbc\\\/film-thermo-reflecteur-beevolutionx-metre\\\/#breadcrumb\",\"itemListElement\":[{\"@type\":\"ListItem\",\"position\":1,\"name\":\"Accueil\",\"item\":\"https:\\\/\\\/beevolutionx.com\\\/\"},{\"@type\":\"ListItem\",\"position\":2,\"name\":\"Boutique\",\"item\":\"https:\\\/\\\/beevolutionx.com\\\/boutique\\\/\"},{\"@type\":\"ListItem\",\"position\":3,\"name\":\"Film thermo r\u00e9flecteur BeevolutionX 47cm (au m\u00e8tre)\"}]},{\"@type\":\"WebSite\",\"@id\":\"https:\\\/\\\/beevolutionx.com\\\/#website\",\"url\":\"https:\\\/\\\/beevolutionx.com\\\/\",\"name\":\"BeevolutionX\",\"description\":\"Le site officiel de la Ruche Basse Consommation\u00ae (RBC\u00ae)\",\"publisher\":{\"@id\":\"https:\\\/\\\/beevolutionx.com\\\/#organization\"},\"potentialAction\":[{\"@type\":\"SearchAction\",\"target\":{\"@type\":\"EntryPoint\",\"urlTemplate\":\"https:\\\/\\\/beevolutionx.com\\\/?s={search_term_string}\"},\"query-input\":{\"@type\":\"PropertyValueSpecification\",\"valueRequired\":true,\"valueName\":\"search_term_string\"}}],\"inLanguage\":\"pt-PT\"},{\"@type\":\"Organization\",\"@id\":\"https:\\\/\\\/beevolutionx.com\\\/#organization\",\"name\":\"BeevolutionX\",\"url\":\"https:\\\/\\\/beevolutionx.com\\\/\",\"logo\":{\"@type\":\"ImageObject\",\"inLanguage\":\"pt-PT\",\"@id\":\"https:\\\/\\\/beevolutionx.com\\\/#\\\/schema\\\/logo\\\/image\\\/\",\"url\":\"https:\\\/\\\/beevolutionx.com\\\/wp-content\\\/uploads\\\/2025\\\/01\\\/BEEVOLUTION-X-LOGO-FINAL-tech-bleu.png\",\"contentUrl\":\"https:\\\/\\\/beevolutionx.com\\\/wp-content\\\/uploads\\\/2025\\\/01\\\/BEEVOLUTION-X-LOGO-FINAL-tech-bleu.png\",\"width\":1114,\"height\":1080,\"caption\":\"BeevolutionX\"},\"image\":{\"@id\":\"https:\\\/\\\/beevolutionx.com\\\/#\\\/schema\\\/logo\\\/image\\\/\"},\"sameAs\":[\"https:\\\/\\\/www.facebook.com\\\/profile.php?id=61556152756378\",\"https:\\\/\\\/www.youtube.com\\\/results?search_query=beevolutionx\",\"https:\\\/\\\/www.instagram.com\\\/beevolutionx\\\/\",\"https:\\\/\\\/www.tiktok.com\\\/@beevolutionx\"]}]}<\/script>\n<!-- \/ Yoast SEO plugin. -->","yoast_head_json":{"title":"BeevolutionX Pel\u00edcula reflectora de calor de 47 cm (por metro) - BeevolutionX","description":"Pel\u00edcula termo-reflectora BeevolutionX, certificada para contacto com alimentos, resistente e ideal para as suas colmeias de baixo consumo de energia.","robots":{"index":"index","follow":"follow","max-snippet":"max-snippet:-1","max-image-preview":"max-image-preview:large","max-video-preview":"max-video-preview:-1"},"canonical":"https:\/\/beevolutionx.com\/pt\/loja\/pelicula-termo-refletora-rbc\/beevolutionx-metro-de-pelicula-reflectora-de-calor\/","og_locale":"pt_PT","og_type":"article","og_title":"Film thermo r\u00e9flecteur BeevolutionX 47cm (au m\u00e8tre) - BeevolutionX","og_description":"Le film thermo-r\u00e9flecteur BeevolutionX, certifi\u00e9 pour le contact alimentaire, r\u00e9sistant et id\u00e9al pour vos ruches basse consommation.","og_url":"https:\/\/beevolutionx.com\/pt\/loja\/pelicula-termo-refletora-rbc\/beevolutionx-metro-de-pelicula-reflectora-de-calor\/","og_site_name":"BeevolutionX","article_publisher":"https:\/\/www.facebook.com\/profile.php?id=61556152756378","article_modified_time":"2026-01-01T23:46:04+00:00","og_image":[{"width":1427,"height":887,"url":"https:\/\/beevolutionx.com\/wp-content\/uploads\/2025\/01\/film-beevolutionx-modif.jpg","type":"image\/jpeg"}],"twitter_card":"summary_large_image","twitter_misc":{"Tempo estimado de leitura":"2 minutos"},"schema":{"@context":"https:\/\/schema.org","@graph":[{"@type":"WebPage","@id":"https:\/\/beevolutionx.com\/boutique\/film-thermo-reflecteur-rbc\/film-thermo-reflecteur-beevolutionx-metre\/","url":"https:\/\/beevolutionx.com\/boutique\/film-thermo-reflecteur-rbc\/film-thermo-reflecteur-beevolutionx-metre\/","name":"BeevolutionX Pel\u00edcula reflectora de calor de 47 cm (por metro) - BeevolutionX","isPartOf":{"@id":"https:\/\/beevolutionx.com\/#website"},"primaryImageOfPage":{"@id":"https:\/\/beevolutionx.com\/boutique\/film-thermo-reflecteur-rbc\/film-thermo-reflecteur-beevolutionx-metre\/#primaryimage"},"image":{"@id":"https:\/\/beevolutionx.com\/boutique\/film-thermo-reflecteur-rbc\/film-thermo-reflecteur-beevolutionx-metre\/#primaryimage"},"thumbnailUrl":"https:\/\/i0.wp.com\/beevolutionx.com\/wp-content\/uploads\/2025\/01\/film-beevolutionx-modif.jpg?fit=1427%2C887&ssl=1","datePublished":"2025-03-13T21:51:38+00:00","dateModified":"2026-01-01T23:46:04+00:00","description":"Pel\u00edcula termo-reflectora BeevolutionX, certificada para contacto com alimentos, resistente e ideal para as suas colmeias de baixo consumo de energia.","breadcrumb":{"@id":"https:\/\/beevolutionx.com\/boutique\/film-thermo-reflecteur-rbc\/film-thermo-reflecteur-beevolutionx-metre\/#breadcrumb"},"inLanguage":"pt-PT","potentialAction":[{"@type":"ReadAction","target":["https:\/\/beevolutionx.com\/boutique\/film-thermo-reflecteur-rbc\/film-thermo-reflecteur-beevolutionx-metre\/"]}]},{"@type":"ImageObject","inLanguage":"pt-PT","@id":"https:\/\/beevolutionx.com\/boutique\/film-thermo-reflecteur-rbc\/film-thermo-reflecteur-beevolutionx-metre\/#primaryimage","url":"https:\/\/i0.wp.com\/beevolutionx.com\/wp-content\/uploads\/2025\/01\/film-beevolutionx-modif.jpg?fit=1427%2C887&ssl=1","contentUrl":"https:\/\/i0.wp.com\/beevolutionx.com\/wp-content\/uploads\/2025\/01\/film-beevolutionx-modif.jpg?fit=1427%2C887&ssl=1","width":1427,"height":887,"caption":"Film thermo-r\u00e9flecteur pour ruche basse consommation BeevolutionX"},{"@type":"BreadcrumbList","@id":"https:\/\/beevolutionx.com\/boutique\/film-thermo-reflecteur-rbc\/film-thermo-reflecteur-beevolutionx-metre\/#breadcrumb","itemListElement":[{"@type":"ListItem","position":1,"name":"Accueil","item":"https:\/\/beevolutionx.com\/"},{"@type":"ListItem","position":2,"name":"Boutique","item":"https:\/\/beevolutionx.com\/boutique\/"},{"@type":"ListItem","position":3,"name":"Film thermo r\u00e9flecteur BeevolutionX 47cm (au m\u00e8tre)"}]},{"@type":"WebSite","@id":"https:\/\/beevolutionx.com\/#website","url":"https:\/\/beevolutionx.com\/","name":"BeevolutionX","description":"O site oficial da Ruche Basse Consommation\u00ae (RBC\u00ae)","publisher":{"@id":"https:\/\/beevolutionx.com\/#organization"},"potentialAction":[{"@type":"SearchAction","target":{"@type":"EntryPoint","urlTemplate":"https:\/\/beevolutionx.com\/?s={search_term_string}"},"query-input":{"@type":"PropertyValueSpecification","valueRequired":true,"valueName":"search_term_string"}}],"inLanguage":"pt-PT"},{"@type":"Organization","@id":"https:\/\/beevolutionx.com\/#organization","name":"BeevolutionX","url":"https:\/\/beevolutionx.com\/","logo":{"@type":"ImageObject","inLanguage":"pt-PT","@id":"https:\/\/beevolutionx.com\/#\/schema\/logo\/image\/","url":"https:\/\/beevolutionx.com\/wp-content\/uploads\/2025\/01\/BEEVOLUTION-X-LOGO-FINAL-tech-bleu.png","contentUrl":"https:\/\/beevolutionx.com\/wp-content\/uploads\/2025\/01\/BEEVOLUTION-X-LOGO-FINAL-tech-bleu.png","width":1114,"height":1080,"caption":"BeevolutionX"},"image":{"@id":"https:\/\/beevolutionx.com\/#\/schema\/logo\/image\/"},"sameAs":["https:\/\/www.facebook.com\/profile.php?id=61556152756378","https:\/\/www.youtube.com\/results?search_query=beevolutionx","https:\/\/www.instagram.com\/beevolutionx\/","https:\/\/www.tiktok.com\/@beevolutionx"]}]}},"jetpack_sharing_enabled":true,"_links":{"self":[{"href":"https:\/\/beevolutionx.com\/pt\/wp-json\/wp\/v2\/product\/667","targetHints":{"allow":["GET"]}}],"collection":[{"href":"https:\/\/beevolutionx.com\/pt\/wp-json\/wp\/v2\/product"}],"about":[{"href":"https:\/\/beevolutionx.com\/pt\/wp-json\/wp\/v2\/types\/product"}],"wp:featuredmedia":[{"embeddable":true,"href":"https:\/\/beevolutionx.com\/pt\/wp-json\/wp\/v2\/media\/68"}],"wp:attachment":[{"href":"https:\/\/beevolutionx.com\/pt\/wp-json\/wp\/v2\/media?parent=667"}],"wp:term":[{"taxonomy":"product_brand","embeddable":true,"href":"https:\/\/beevolutionx.com\/pt\/wp-json\/wp\/v2\/product_brand?post=667"},{"taxonomy":"product_cat","embeddable":true,"href":"https:\/\/beevolutionx.com\/pt\/wp-json\/wp\/v2\/product_cat?post=667"},{"taxonomy":"product_tag","embeddable":true,"href":"https:\/\/beevolutionx.com\/pt\/wp-json\/wp\/v2\/product_tag?post=667"}],"curies":[{"name":"wp","href":"https:\/\/api.w.org\/{rel}","templated":true}]}}